{"id":2683,"date":"2020-12-12T20:10:54","date_gmt":"2020-12-12T17:10:54","guid":{"rendered":"https:\/\/gsfsergi.ebyu.edu.tr\/?page_id=2683"},"modified":"2020-12-17T16:18:46","modified_gmt":"2020-12-17T13:18:46","slug":"osman-avci-hakkinda","status":"publish","type":"page","link":"https:\/\/gsfsergi.ebyu.edu.tr\/?page_id=2683","title":{"rendered":"Osman Avc\u0131 Hakk\u0131nda"},"content":{"rendered":"<p>[et_pb_section fb_built=&#8221;1&#8243; _builder_version=&#8221;4.7.5&#8243; _module_preset=&#8221;default&#8221; background_color=&#8221;#000000&#8243;][et_pb_row column_structure=&#8221;1_2,1_2&#8243; _builder_version=&#8221;4.7.5&#8243; _module_preset=&#8221;default&#8221; background_color=&#8221;#000000&#8243;][et_pb_column type=&#8221;1_2&#8243; _builder_version=&#8221;4.7.5&#8243; _module_preset=&#8221;default&#8221;][et_pb_button button_url=&#8221;@ET-DC@eyJkeW5hbWljIjp0cnVlLCJjb250ZW50IjoicG9zdF9saW5rX3VybF9wYWdlIiwic2V0dGluZ3MiOnsicG9zdF9pZCI6IjI1MTEifX0=@&#8221; button_text=&#8221;Mektup ve Esere Geri D\u00f6n&#8221; _builder_version=&#8221;4.7.6&#8243; _dynamic_attributes=&#8221;button_url&#8221; _module_preset=&#8221;default&#8221; custom_button=&#8221;on&#8221; button_bg_color=&#8221;#000000&#8243; button_border_color=&#8221;#000000&#8243; button_font=&#8221;Indie Flower||||||||&#8221; button_icon=&#8221;%%41%%&#8221; button_icon_color=&#8221;#ffffff&#8221; button_icon_placement=&#8221;left&#8221; button_on_hover=&#8221;off&#8221;][\/et_pb_button][et_pb_text _builder_version=&#8221;4.7.6&#8243; _module_preset=&#8221;default&#8221; background_color=&#8221;#000000&#8243;]<\/p>\n<p><span style=\"font-size: 18pt; color: #ffffff;\">Osman Avc\u0131,<\/span><\/p>\n<p><span style=\"color: #ffffff; font-size: 14pt;\">Osman Avc\u0131 1988 y\u0131l\u0131nda Erzincan\u2019da do\u011fdu. Atat\u00fcrk \u00dcniversitesi G\u00fczel Sanatlar Fak\u00fcltesi Prof. Mehmet Kavuk\u00e7u at\u00f6lyesinde lisans mezuniyetini tamamlad\u0131. Y\u00fcksek lisans\u0131n\u0131 2016 y\u0131l\u0131nda Atat\u00fcrk \u00dcniversitesi Sosyal Bilimler Enstit\u00fcs\u00fc \u00a0Resim Ana Sanat dal\u0131nda \u00a0tamamlad\u0131. Erzincan Binali Y\u0131ld\u0131r\u0131m \u00fcniversitesi Hac\u0131 Ali Ak\u0131n Meslek Y\u00fcksekokulu Mimari Dekoratif Sanatlar program\u0131nda 2019 y\u0131l\u0131nda \u00a0akademisyenlik g\u00f6revine ba\u015flad\u0131. Halen Erzincan Binali Y\u0131ld\u0131r\u0131m \u00dcniversitesi G\u00fczel Sanatlar Fak\u00fcltesinde \u00e7al\u0131\u015fmalar\u0131n\u0131 y\u00fcr\u00fctmektedir.<\/span><\/p>\n<p>&nbsp;<\/p>\n<p><span style=\"color: #ffffff; font-size: 14pt;\">\u00a0Baz\u0131 Sergi ve kat\u0131l\u0131mlar<\/span><\/p>\n<p>&nbsp;<\/p>\n<p><span style=\"color: #ffffff; font-size: 14pt;\">2008\u201cResimde \u00c7\u00f6z\u00fcmlemeler\u201d, Atat\u00fcrk \u00dcniversitesi G\u00fczel Sanatlar Fak\u00fcltesi Sergi Salonu, Erzurum<\/span><\/p>\n<p><span style=\"color: #ffffff; font-size: 14pt;\">2012 \u201cD\u00fcnya Sanat G\u00fcn\u00fc\u201d, Erzincan \u00dcniversitesi Rekt\u00f6rl\u00fck Sanat Galerisi, Erzincan<\/span><\/p>\n<p><span style=\"color: #ffffff; font-size: 14pt;\">2013 \u2018\u2019Y\u00fcksek Lisans Sergisi\u201d, Atat\u00fcrk \u00dcniversitesi K\u00fclt\u00fcr Merkezi Sergi Salonu, Erzurum<\/span><\/p>\n<p><span style=\"color: #ffffff; font-size: 14pt;\">2013 M. KAVUKCU Mevsimler Ve Bi\u00e7imler \u2013Alankurgu (\u00c7al\u0131\u015fma Ekibi)<\/span><\/p>\n<p><span style=\"color: #ffffff; font-size: 14pt;\">2014 M. KAVUKCU Sel\u00e7uklu-1 \u2013Alankurgu (\u00c7al\u0131\u015fma Ekibi)<\/span><\/p>\n<p><span style=\"color: #ffffff; font-size: 14pt;\">2015\u201cYa Kafan D\u0131\u015f\u0131ndaysa\u201d, Atat\u00fcrk \u00dcniversitesi G\u00fczel Sanatlar Fak\u00fcltesi Sergi Salonu, Erzurum<\/span><\/p>\n<p><span style=\"color: #ffffff; font-size: 14pt;\">2017 M. KAVUKCU \u015eiddeti D\u00fc\u015f\u00fcnmek-3 \u2013Alankurgu (\u00c7al\u0131\u015fma Ekibi)<\/span><\/p>\n<p><span style=\"color: #ffffff; font-size: 14pt;\">2017 M. KAVUKCU F\u0131rt\u0131nada Performans (\u00c7al\u0131\u015fma Ekibi)<\/span><\/p>\n<p>&nbsp;<\/p>\n<p>[\/et_pb_text][\/et_pb_column][et_pb_column type=&#8221;1_2&#8243; _builder_version=&#8221;4.7.5&#8243; _module_preset=&#8221;default&#8221;][et_pb_image src=&#8221;https:\/\/gsfsergi.ebyu.edu.tr\/wp-content\/uploads\/2020\/12\/AB6BA9E8B77B4655A449E94B5602E268.jpg&#8221; title_text=&#8221;AB6BA9E8B77B4655A449E94B5602E268&#8243; align=&#8221;center&#8221; _builder_version=&#8221;4.7.6&#8243; _module_preset=&#8221;default&#8221; hover_enabled=&#8221;0&#8243; sticky_enabled=&#8221;0&#8243;][\/et_pb_image][\/et_pb_column][\/et_pb_row][\/et_pb_section]<\/p>\n","protected":false},"excerpt":{"rendered":"<p>[et_pb_section fb_built=&#8221;1&#8243; _builder_version=&#8221;4.7.5&#8243; _module_preset=&#8221;default&#8221; background_color=&#8221;#000000&#8243;][et_pb_row column_structure=&#8221;1_2,1_2&#8243; _builder_version=&#8221;4.7.5&#8243; _module_preset=&#8221;default&#8221; background_color=&#8221;#000000&#8243;][et_pb_column type=&#8221;1_2&#8243; _builder_version=&#8221;4.7.5&#8243; _module_preset=&#8221;default&#8221;][et_pb_button button_url=&#8221;@ET-DC@eyJkeW5hbWljIjp0cnVlLCJjb250ZW50IjoicG9zdF9saW5rX3VybF9wYWdlIiwic2V0dGluZ3MiOnsicG9zdF9pZCI6IjI1MTEifX0=@&#8221; button_text=&#8221;Mektup ve Esere Geri D\u00f6n&#8221; _builder_version=&#8221;4.7.6&#8243; _dynamic_attributes=&#8221;button_url&#8221; _module_preset=&#8221;default&#8221; custom_button=&#8221;on&#8221; button_bg_color=&#8221;#000000&#8243; button_border_color=&#8221;#000000&#8243; button_font=&#8221;Indie Flower||||||||&#8221; button_icon=&#8221;%%41%%&#8221; button_icon_color=&#8221;#ffffff&#8221; button_icon_placement=&#8221;left&#8221; button_on_hover=&#8221;off&#8221;][\/et_pb_button][et_pb_text _builder_version=&#8221;4.7.6&#8243; _module_preset=&#8221;default&#8221; background_color=&#8221;#000000&#8243;] Osman Avc\u0131, Osman Avc\u0131 1988 y\u0131l\u0131nda Erzincan\u2019da do\u011fdu. Atat\u00fcrk \u00dcniversitesi G\u00fczel Sanatlar Fak\u00fcltesi Prof. Mehmet Kavuk\u00e7u at\u00f6lyesinde lisans mezuniyetini tamamlad\u0131. Y\u00fcksek lisans\u0131n\u0131 [&hellip;]<\/p>\n","protected":false},"author":9,"featured_media":0,"parent":0,"menu_order":0,"comment_status":"closed","ping_status":"closed","template":"","meta":{"_et_pb_use_builder":"on","_et_pb_old_content":"","_et_gb_content_width":"","spay_email":""},"jetpack_sharing_enabled":true,"jetpack_likes_enabled":true,"_links":{"self":[{"href":"https:\/\/gsfsergi.ebyu.edu.tr\/index.php?rest_route=\/wp\/v2\/pages\/2683"}],"collection":[{"href":"https:\/\/gsfsergi.ebyu.edu.tr\/index.php?rest_route=\/wp\/v2\/pages"}],"about":[{"href":"https:\/\/gsfsergi.ebyu.edu.tr\/index.php?rest_route=\/wp\/v2\/types\/page"}],"author":[{"embeddable":true,"href":"https:\/\/gsfsergi.ebyu.edu.tr\/index.php?rest_route=\/wp\/v2\/users\/9"}],"replies":[{"embeddable":true,"href":"https:\/\/gsfsergi.ebyu.edu.tr\/index.php?rest_route=%2Fwp%2Fv2%2Fcomments&post=2683"}],"version-history":[{"count":6,"href":"https:\/\/gsfsergi.ebyu.edu.tr\/index.php?rest_route=\/wp\/v2\/pages\/2683\/revisions"}],"predecessor-version":[{"id":3872,"href":"https:\/\/gsfsergi.ebyu.edu.tr\/index.php?rest_route=\/wp\/v2\/pages\/2683\/revisions\/3872"}],"wp:attachment":[{"href":"https:\/\/gsfsergi.ebyu.edu.tr\/index.php?rest_route=%2Fwp%2Fv2%2Fmedia&parent=2683"}],"curies":[{"name":"wp","href":"https:\/\/api.w.org\/{rel}","templated":true}]}}