{"id":2667,"date":"2020-12-12T20:06:01","date_gmt":"2020-12-12T17:06:01","guid":{"rendered":"https:\/\/gsfsergi.ebyu.edu.tr\/?page_id=2667"},"modified":"2020-12-17T15:50:43","modified_gmt":"2020-12-17T12:50:43","slug":"ayla-birinci-hakkinda","status":"publish","type":"page","link":"https:\/\/gsfsergi.ebyu.edu.tr\/?page_id=2667","title":{"rendered":"Ayla Birinci Hakk\u0131nda"},"content":{"rendered":"<p>[et_pb_section fb_built=&#8221;1&#8243; _builder_version=&#8221;4.7.5&#8243; _module_preset=&#8221;default&#8221; background_color=&#8221;#000000&#8243;][et_pb_row column_structure=&#8221;1_2,1_2&#8243; _builder_version=&#8221;4.7.5&#8243; _module_preset=&#8221;default&#8221; background_color=&#8221;#000000&#8243;][et_pb_column type=&#8221;1_2&#8243; _builder_version=&#8221;4.7.5&#8243; _module_preset=&#8221;default&#8221;][et_pb_button button_url=&#8221;@ET-DC@eyJkeW5hbWljIjp0cnVlLCJjb250ZW50IjoicG9zdF9saW5rX3VybF9wYWdlIiwic2V0dGluZ3MiOnsicG9zdF9pZCI6IjI0OTYifX0=@&#8221; button_text=&#8221;Mektup ve Esere Geri D\u00f6n&#8221; _builder_version=&#8221;4.7.6&#8243; _dynamic_attributes=&#8221;button_url&#8221; _module_preset=&#8221;default&#8221; custom_button=&#8221;on&#8221; button_bg_color=&#8221;#000000&#8243; button_border_color=&#8221;#000000&#8243; button_font=&#8221;Indie Flower||||||||&#8221; button_icon=&#8221;%%41%%&#8221; button_icon_color=&#8221;#ffffff&#8221; button_icon_placement=&#8221;left&#8221; button_on_hover=&#8221;off&#8221;][\/et_pb_button][et_pb_text _builder_version=&#8221;4.7.6&#8243; _module_preset=&#8221;default&#8221; background_color=&#8221;#000000&#8243;]<\/p>\n<p><span style=\"color: #ffffff; font-size: 18pt;\">Ayla Birinci,<\/span><\/p>\n<p><span style=\"color: #ffffff; font-size: 14pt;\">1983 y\u0131l\u0131nda Sakarya\u2019da do\u011fdu. 2010 y\u0131l\u0131nda Hacettepe \u00dcniversitesi, G\u00fczel Sanatlar Fak\u00fcltesi, Seramik B\u00f6l\u00fcm\u00fc\u2019nden birincilikle mezun oldu. 2010 y\u0131l\u0131 \u0130hsan Do\u011framac\u0131 \u00dcst\u00fcn Ba\u015far\u0131 \u00d6d\u00fcl\u00fcne lay\u0131k g\u00f6r\u00fcld\u00fc.2011- 2015 y\u0131llar\u0131 aras\u0131nda Nev\u015fehir Hac\u0131 Bekta\u015f Veli \u00dcniversitesi, G\u00fczel Sanatlar Fak\u00fcltesi, Seramik ve Cam B\u00f6l\u00fcm\u00fcnde Ara\u015ft\u0131rma G\u00f6revlisi olarak g\u00f6rev yapt\u0131.2015 y\u0131l\u0131nda Hacettepe \u00dcniversitesi G\u00fczel Sanatlar Enstit\u00fcs\u00fc, Seramik ve Cam Anasanat Dal\u0131nda Y\u00fcksek Lisans\u0131n\u0131 tamamlad\u0131. 2019 y\u0131l\u0131nda Hacettepe \u00dcniversitesi G\u00fczel Sanatlar Enstit\u00fcs\u00fc Seramik ve Cam Anasanat Dal\u0131nda Sanatta Yeterlik unvan\u0131 ald\u0131. Ulusal ve Uluslaras\u0131 bir\u00e7ok sergiye kat\u0131ld\u0131.2019 y\u0131l\u0131nda ilk ki\u015fisel cam sergisini a\u00e7t\u0131. 2020 y\u0131l\u0131nda g\u00f6reve ba\u015flad\u0131\u011f\u0131 Erzincan Binali Y\u0131ld\u0131r\u0131m \u00dcniversitesi, G\u00fczel Sanatlar Fak\u00fcltesi, Resim B\u00f6l\u00fcm\u00fcnde Dr. \u00d6\u011fr. \u00dcyesi Olarak \u00e7al\u0131\u015fmalar\u0131na devam etmektedir..<\/span><\/p>\n<p>[\/et_pb_text][\/et_pb_column][et_pb_column type=&#8221;1_2&#8243; _builder_version=&#8221;4.7.5&#8243; _module_preset=&#8221;default&#8221;][et_pb_image src=&#8221;https:\/\/gsfsergi.ebyu.edu.tr\/wp-content\/uploads\/2020\/12\/F28A74CF3D8347F4B4D1682F0A336B52.jpg&#8221; title_text=&#8221;F28A74CF3D8347F4B4D1682F0A336B52&#8243; align=&#8221;center&#8221; _builder_version=&#8221;4.7.6&#8243; _module_preset=&#8221;default&#8221; hover_enabled=&#8221;0&#8243; sticky_enabled=&#8221;0&#8243;][\/et_pb_image][\/et_pb_column][\/et_pb_row][\/et_pb_section]<\/p>\n","protected":false},"excerpt":{"rendered":"<p>[et_pb_section fb_built=&#8221;1&#8243; _builder_version=&#8221;4.7.5&#8243; _module_preset=&#8221;default&#8221; background_color=&#8221;#000000&#8243;][et_pb_row column_structure=&#8221;1_2,1_2&#8243; _builder_version=&#8221;4.7.5&#8243; _module_preset=&#8221;default&#8221; background_color=&#8221;#000000&#8243;][et_pb_column type=&#8221;1_2&#8243; _builder_version=&#8221;4.7.5&#8243; _module_preset=&#8221;default&#8221;][et_pb_button button_url=&#8221;@ET-DC@eyJkeW5hbWljIjp0cnVlLCJjb250ZW50IjoicG9zdF9saW5rX3VybF9wYWdlIiwic2V0dGluZ3MiOnsicG9zdF9pZCI6IjI0OTYifX0=@&#8221; button_text=&#8221;Mektup ve Esere Geri D\u00f6n&#8221; _builder_version=&#8221;4.7.6&#8243; _dynamic_attributes=&#8221;button_url&#8221; _module_preset=&#8221;default&#8221; custom_button=&#8221;on&#8221; button_bg_color=&#8221;#000000&#8243; button_border_color=&#8221;#000000&#8243; button_font=&#8221;Indie Flower||||||||&#8221; button_icon=&#8221;%%41%%&#8221; button_icon_color=&#8221;#ffffff&#8221; button_icon_placement=&#8221;left&#8221; button_on_hover=&#8221;off&#8221;][\/et_pb_button][et_pb_text _builder_version=&#8221;4.7.6&#8243; _module_preset=&#8221;default&#8221; background_color=&#8221;#000000&#8243;] Ayla Birinci, 1983 y\u0131l\u0131nda Sakarya\u2019da do\u011fdu. 2010 y\u0131l\u0131nda Hacettepe \u00dcniversitesi, G\u00fczel Sanatlar Fak\u00fcltesi, Seramik B\u00f6l\u00fcm\u00fc\u2019nden birincilikle mezun oldu. 2010 y\u0131l\u0131 \u0130hsan Do\u011framac\u0131 [&hellip;]<\/p>\n","protected":false},"author":9,"featured_media":0,"parent":0,"menu_order":0,"comment_status":"closed","ping_status":"closed","template":"","meta":{"_et_pb_use_builder":"on","_et_pb_old_content":"","_et_gb_content_width":"","spay_email":""},"jetpack_sharing_enabled":true,"jetpack_likes_enabled":true,"_links":{"self":[{"href":"https:\/\/gsfsergi.ebyu.edu.tr\/index.php?rest_route=\/wp\/v2\/pages\/2667"}],"collection":[{"href":"https:\/\/gsfsergi.ebyu.edu.tr\/index.php?rest_route=\/wp\/v2\/pages"}],"about":[{"href":"https:\/\/gsfsergi.ebyu.edu.tr\/index.php?rest_route=\/wp\/v2\/types\/page"}],"author":[{"embeddable":true,"href":"https:\/\/gsfsergi.ebyu.edu.tr\/index.php?rest_route=\/wp\/v2\/users\/9"}],"replies":[{"embeddable":true,"href":"https:\/\/gsfsergi.ebyu.edu.tr\/index.php?rest_route=%2Fwp%2Fv2%2Fcomments&post=2667"}],"version-history":[{"count":6,"href":"https:\/\/gsfsergi.ebyu.edu.tr\/index.php?rest_route=\/wp\/v2\/pages\/2667\/revisions"}],"predecessor-version":[{"id":3832,"href":"https:\/\/gsfsergi.ebyu.edu.tr\/index.php?rest_route=\/wp\/v2\/pages\/2667\/revisions\/3832"}],"wp:attachment":[{"href":"https:\/\/gsfsergi.ebyu.edu.tr\/index.php?rest_route=%2Fwp%2Fv2%2Fmedia&parent=2667"}],"curies":[{"name":"wp","href":"https:\/\/api.w.org\/{rel}","templated":true}]}}