{"id":2663,"date":"2020-12-12T20:04:39","date_gmt":"2020-12-12T17:04:39","guid":{"rendered":"https:\/\/gsfsergi.ebyu.edu.tr\/?page_id=2663"},"modified":"2020-12-17T15:51:54","modified_gmt":"2020-12-17T12:51:54","slug":"basri-genccelep-hakkinda","status":"publish","type":"page","link":"https:\/\/gsfsergi.ebyu.edu.tr\/?page_id=2663","title":{"rendered":"Basri Gen\u00e7celep Hakk\u0131nda"},"content":{"rendered":"<p>[et_pb_section fb_built=&#8221;1&#8243; _builder_version=&#8221;4.7.5&#8243; _module_preset=&#8221;default&#8221; background_color=&#8221;#000000&#8243;][et_pb_row column_structure=&#8221;1_2,1_2&#8243; _builder_version=&#8221;4.7.5&#8243; _module_preset=&#8221;default&#8221; background_color=&#8221;#000000&#8243;][et_pb_column type=&#8221;1_2&#8243; _builder_version=&#8221;4.7.5&#8243; _module_preset=&#8221;default&#8221;][et_pb_button button_url=&#8221;@ET-DC@eyJkeW5hbWljIjp0cnVlLCJjb250ZW50IjoicG9zdF9saW5rX3VybF9wYWdlIiwic2V0dGluZ3MiOnsicG9zdF9pZCI6IjI0OTMifX0=@&#8221; button_text=&#8221;Mektup ve Esere Geri D\u00f6n&#8221; _builder_version=&#8221;4.7.6&#8243; _dynamic_attributes=&#8221;button_url&#8221; _module_preset=&#8221;default&#8221; custom_button=&#8221;on&#8221; button_bg_color=&#8221;#000000&#8243; button_border_color=&#8221;#000000&#8243; button_font=&#8221;Indie Flower||||||||&#8221; button_icon=&#8221;%%41%%&#8221; button_icon_color=&#8221;#ffffff&#8221; button_icon_placement=&#8221;left&#8221; button_on_hover=&#8221;off&#8221;][\/et_pb_button][et_pb_text _builder_version=&#8221;4.7.6&#8243; _module_preset=&#8221;default&#8221; background_color=&#8221;#000000&#8243;]<\/p>\n<p><span style=\"color: #ffffff; font-size: 18pt;\">Basri Gen\u00e7celep,<\/span><\/p>\n<p><span style=\"color: #ffffff; font-size: 14pt;\">1981, Trabzon\u2019da do\u011fdu.<\/span><\/p>\n<p><span style=\"color: #ffffff; font-size: 14pt;\">2007\u2019de Atat\u00fcrk \u00dcniversitesi G\u00fczel Sanatlar Fak\u00fcltesi, Grafik B\u00f6l\u00fcm\u00fcn\u2019de Lisans \u00f6\u011frenimini tamamlad\u0131.<\/span><\/p>\n<p><span style=\"color: #ffffff; font-size: 14pt;\">2011\u2019de Atat\u00fcrk \u00dcniversitesi, Sosyal Bilimler Enstit\u00fcs\u00fc, Foto\u011fraf Anabilim Dal\u0131\u2019nda Y\u00fcksek Lisans \u00f6\u011frenimini tamamlad\u0131.<\/span><\/p>\n<p><span style=\"color: #ffffff; font-size: 14pt;\">2012 y\u0131l\u0131nda Atat\u00fcrk \u00dcniversitesi, G\u00fczel Sanatlar Fak\u00fcltesi, Grafik B\u00f6l\u00fcm\u00fcnde Ara\u015ft\u0131rma G\u00f6revlisi olarak g\u00f6rev yapt\u0131.<\/span><\/p>\n<p><span style=\"color: #ffffff; font-size: 14pt;\">2013-2018 y\u0131llar\u0131 aras\u0131nda Mimar Sinan G\u00fczel Sanatlar \u00dcniversitesi, G\u00fczel Sanatlar Fak\u00fcltesi, Foto\u011fraf B\u00f6l\u00fcm\u00fcnde Ara\u015ft\u0131rma G\u00f6revlisi olarak g\u00f6rev yapt\u0131.<\/span><\/p>\n<p><span style=\"color: #ffffff; font-size: 14pt;\">2017 y\u0131l\u0131nda Mimar Sinan G\u00fczel Sanatlar \u00dcniversitesi, G\u00fczel Sanatlar Enstit\u00fcs\u00fc, Foto\u011fraf Anasanat Dal\u0131\u2019nda Sanatta Yeterlik \u00f6\u011frenimini tamamlad\u0131.<\/span><\/p>\n<p><span style=\"color: #ffffff; font-size: 14pt;\">2018 y\u0131l\u0131 itibar\u0131yla Atat\u00fcrk \u00dcniversitesi, G\u00fczel Sanatlar Fak\u00fcltesi, Grafik B\u00f6l\u00fcm\u00fc\u2019nde Doktor \u00d6\u011fretim \u00dcyesi olarak ders vermeye ba\u015flam\u0131\u015ft\u0131r.<\/span><\/p>\n<p><span style=\"color: #ffffff; font-size: 14pt;\">Sanat\u00e7\u0131 ulusal ve uluslararas\u0131 etkinliklerde g\u00f6rev alm\u0131\u015f ve bir\u00e7ok ulusal ve uluslararas\u0131 sergilere kat\u0131lm\u0131\u015ft\u0131r.<\/span><\/p>\n<p>[\/et_pb_text][\/et_pb_column][et_pb_column type=&#8221;1_2&#8243; _builder_version=&#8221;4.7.5&#8243; _module_preset=&#8221;default&#8221;][et_pb_image src=&#8221;https:\/\/gsfsergi.ebyu.edu.tr\/wp-content\/uploads\/2020\/12\/C3F231EF68D34F60B3FFE0FD436F4EC7.jpg&#8221; title_text=&#8221;C3F231EF68D34F60B3FFE0FD436F4EC7&#8243; align=&#8221;center&#8221; _builder_version=&#8221;4.7.6&#8243; _module_preset=&#8221;default&#8221; hover_enabled=&#8221;0&#8243; sticky_enabled=&#8221;0&#8243;][\/et_pb_image][\/et_pb_column][\/et_pb_row][\/et_pb_section]<\/p>\n","protected":false},"excerpt":{"rendered":"<p>[et_pb_section fb_built=&#8221;1&#8243; _builder_version=&#8221;4.7.5&#8243; _module_preset=&#8221;default&#8221; background_color=&#8221;#000000&#8243;][et_pb_row column_structure=&#8221;1_2,1_2&#8243; _builder_version=&#8221;4.7.5&#8243; _module_preset=&#8221;default&#8221; background_color=&#8221;#000000&#8243;][et_pb_column type=&#8221;1_2&#8243; _builder_version=&#8221;4.7.5&#8243; _module_preset=&#8221;default&#8221;][et_pb_button button_url=&#8221;@ET-DC@eyJkeW5hbWljIjp0cnVlLCJjb250ZW50IjoicG9zdF9saW5rX3VybF9wYWdlIiwic2V0dGluZ3MiOnsicG9zdF9pZCI6IjI0OTMifX0=@&#8221; button_text=&#8221;Mektup ve Esere Geri D\u00f6n&#8221; _builder_version=&#8221;4.7.6&#8243; _dynamic_attributes=&#8221;button_url&#8221; _module_preset=&#8221;default&#8221; custom_button=&#8221;on&#8221; button_bg_color=&#8221;#000000&#8243; button_border_color=&#8221;#000000&#8243; button_font=&#8221;Indie Flower||||||||&#8221; button_icon=&#8221;%%41%%&#8221; button_icon_color=&#8221;#ffffff&#8221; button_icon_placement=&#8221;left&#8221; button_on_hover=&#8221;off&#8221;][\/et_pb_button][et_pb_text _builder_version=&#8221;4.7.6&#8243; _module_preset=&#8221;default&#8221; background_color=&#8221;#000000&#8243;] Basri Gen\u00e7celep, 1981, Trabzon\u2019da do\u011fdu. 2007\u2019de Atat\u00fcrk \u00dcniversitesi G\u00fczel Sanatlar Fak\u00fcltesi, Grafik B\u00f6l\u00fcm\u00fcn\u2019de Lisans \u00f6\u011frenimini tamamlad\u0131. 2011\u2019de Atat\u00fcrk \u00dcniversitesi, Sosyal Bilimler Enstit\u00fcs\u00fc, [&hellip;]<\/p>\n","protected":false},"author":9,"featured_media":0,"parent":0,"menu_order":0,"comment_status":"closed","ping_status":"closed","template":"","meta":{"_et_pb_use_builder":"on","_et_pb_old_content":"","_et_gb_content_width":"","spay_email":""},"jetpack_sharing_enabled":true,"jetpack_likes_enabled":true,"_links":{"self":[{"href":"https:\/\/gsfsergi.ebyu.edu.tr\/index.php?rest_route=\/wp\/v2\/pages\/2663"}],"collection":[{"href":"https:\/\/gsfsergi.ebyu.edu.tr\/index.php?rest_route=\/wp\/v2\/pages"}],"about":[{"href":"https:\/\/gsfsergi.ebyu.edu.tr\/index.php?rest_route=\/wp\/v2\/types\/page"}],"author":[{"embeddable":true,"href":"https:\/\/gsfsergi.ebyu.edu.tr\/index.php?rest_route=\/wp\/v2\/users\/9"}],"replies":[{"embeddable":true,"href":"https:\/\/gsfsergi.ebyu.edu.tr\/index.php?rest_route=%2Fwp%2Fv2%2Fcomments&post=2663"}],"version-history":[{"count":6,"href":"https:\/\/gsfsergi.ebyu.edu.tr\/index.php?rest_route=\/wp\/v2\/pages\/2663\/revisions"}],"predecessor-version":[{"id":3834,"href":"https:\/\/gsfsergi.ebyu.edu.tr\/index.php?rest_route=\/wp\/v2\/pages\/2663\/revisions\/3834"}],"wp:attachment":[{"href":"https:\/\/gsfsergi.ebyu.edu.tr\/index.php?rest_route=%2Fwp%2Fv2%2Fmedia&parent=2663"}],"curies":[{"name":"wp","href":"https:\/\/api.w.org\/{rel}","templated":true}]}}