{"id":2642,"date":"2020-12-12T19:53:41","date_gmt":"2020-12-12T16:53:41","guid":{"rendered":"https:\/\/gsfsergi.ebyu.edu.tr\/?page_id=2642"},"modified":"2020-12-17T16:18:04","modified_gmt":"2020-12-17T13:18:04","slug":"orhan-taskesen-hakkinda","status":"publish","type":"page","link":"https:\/\/gsfsergi.ebyu.edu.tr\/?page_id=2642","title":{"rendered":"Orhan Ta\u015fkesen Hakk\u0131nda"},"content":{"rendered":"<p>[et_pb_section fb_built=&#8221;1&#8243; _builder_version=&#8221;4.7.5&#8243; _module_preset=&#8221;default&#8221; background_color=&#8221;#000000&#8243;][et_pb_row column_structure=&#8221;1_2,1_2&#8243; _builder_version=&#8221;4.7.5&#8243; _module_preset=&#8221;default&#8221; background_color=&#8221;#000000&#8243;][et_pb_column type=&#8221;1_2&#8243; _builder_version=&#8221;4.7.5&#8243; _module_preset=&#8221;default&#8221;][et_pb_button button_url=&#8221;@ET-DC@eyJkeW5hbWljIjp0cnVlLCJjb250ZW50IjoicG9zdF9saW5rX3VybF9wYWdlIiwic2V0dGluZ3MiOnsicG9zdF9pZCI6IjI0NzQifX0=@&#8221; button_text=&#8221;Mektup ve Esere Geri D\u00f6n&#8221; _builder_version=&#8221;4.7.6&#8243; _dynamic_attributes=&#8221;button_url&#8221; _module_preset=&#8221;default&#8221; custom_button=&#8221;on&#8221; button_bg_color=&#8221;#000000&#8243; button_border_color=&#8221;#000000&#8243; button_font=&#8221;Indie Flower||||||||&#8221; button_icon=&#8221;%%41%%&#8221; button_icon_color=&#8221;#ffffff&#8221; button_icon_placement=&#8221;left&#8221; button_on_hover=&#8221;off&#8221;][\/et_pb_button][et_pb_text _builder_version=&#8221;4.7.6&#8243; _module_preset=&#8221;default&#8221; background_color=&#8221;#000000&#8243;]<\/p>\n<p><span style=\"color: #ffffff; font-size: 18pt;\">Orhan Ta\u015fkesen,<\/span><\/p>\n<p><span style=\"color: #ffffff; font-size: 14pt;\">1969 Erzincan do\u011fumlu Orhan TA\u015eKESEN lisans e\u011fitimini 1999 y\u0131l\u0131nda Atat\u00fcrk \u00dcniversitesi Kaz\u0131m Karabekir E\u011fitim Fak\u00fcltesi Resim B\u00f6l\u00fcm\u00fcnde tamamlam\u0131\u015ft\u0131r. 2005 &#8216;te Atat\u00fcrk \u00dcniversitesi Sosyal Bilimler Enstit\u00fcs\u00fc G\u00fczel Sanatlar E\u011fitimi Anabilim Dal\u0131nda \u201cGiotto&#8217;dan Picasso&#8217;ya Kurgusal De\u011fi\u015fimler\u201d ba\u015fl\u0131kl\u0131 tez \u00e7al\u0131\u015fmas\u0131yla Y\u00fcksek Lisans\u0131n\u0131, 2011&#8217; de Gazi \u00dcniversitesi E\u011fitim Bilimleri Enstit\u00fcs\u00fc G\u00fczel Sanatlar E\u011fitimi Anabilim Dal\u0131nda \u201c G\u00fczel Sanatlar Ve Spor Liselerinin Resim B\u00f6l\u00fcmleri \u0130le Genel Liselerde Verilen G\u00f6rsel Sanatlar E\u011fitiminin \u00d6\u011frencilerin \u015eiddete Y\u00f6nelik Davran\u0131\u015flar\u0131na Etkileri \u00dczerine Bir Ara\u015ft\u0131rma\u201d ba\u015fl\u0131kl\u0131 \u00e7al\u0131\u015fmas\u0131yla da doktora e\u011fitimini tamamlam\u0131\u015ft\u0131r.\u00a0<\/span><\/p>\n<p><span style=\"color: #ffffff; font-size: 14pt;\">2009-2011 y\u0131llar\u0131 aras\u0131nda Erzincan \u00dcniversitesi E\u011fitim Fak\u00fcltesi G\u00fczel Sanatlar E\u011fitimi B\u00f6l\u00fcm\u00fc Resim-\u0130\u015f E\u011fitimi Anabilim Dal\u0131nda \u00f6\u011fretim g\u00f6revlisi,\u00a0 2011-2015 y\u0131llar\u0131 aras\u0131nda ayn\u0131 fak\u00fcltede Yrd. Do\u00e7. Dr. olarak g\u00f6rev yapm\u0131\u015ft\u0131r. 2015&#8217;te Do\u00e7ent unvan\u0131n\u0131 ald\u0131. 2020 Y\u0131l\u0131nda \u00a0Profes\u00f6r unvan\u0131n\u0131 alan Ta\u015fkesen,\u00a0 2014 y\u0131l\u0131ndan beri Refahiye Meslek Y\u00fcksekokulu M\u00fcd\u00fcrl\u00fc\u011f\u00fc g\u00f6revini de y\u00fcr\u00fctmektedir.<\/span><\/p>\n<p>&nbsp;<\/p>\n<p>[\/et_pb_text][\/et_pb_column][et_pb_column type=&#8221;1_2&#8243; _builder_version=&#8221;4.7.5&#8243; _module_preset=&#8221;default&#8221;][et_pb_image src=&#8221;https:\/\/gsfsergi.ebyu.edu.tr\/wp-content\/uploads\/2020\/12\/A0841D858E304B9BA7AD95B9D283EFC9.jpg&#8221; title_text=&#8221;A0841D858E304B9BA7AD95B9D283EFC9&#8243; align=&#8221;center&#8221; _builder_version=&#8221;4.7.6&#8243; _module_preset=&#8221;default&#8221; hover_enabled=&#8221;0&#8243; sticky_enabled=&#8221;0&#8243;][\/et_pb_image][\/et_pb_column][\/et_pb_row][\/et_pb_section]<\/p>\n","protected":false},"excerpt":{"rendered":"<p>[et_pb_section fb_built=&#8221;1&#8243; _builder_version=&#8221;4.7.5&#8243; _module_preset=&#8221;default&#8221; background_color=&#8221;#000000&#8243;][et_pb_row column_structure=&#8221;1_2,1_2&#8243; _builder_version=&#8221;4.7.5&#8243; _module_preset=&#8221;default&#8221; background_color=&#8221;#000000&#8243;][et_pb_column type=&#8221;1_2&#8243; _builder_version=&#8221;4.7.5&#8243; _module_preset=&#8221;default&#8221;][et_pb_button button_url=&#8221;@ET-DC@eyJkeW5hbWljIjp0cnVlLCJjb250ZW50IjoicG9zdF9saW5rX3VybF9wYWdlIiwic2V0dGluZ3MiOnsicG9zdF9pZCI6IjI0NzQifX0=@&#8221; button_text=&#8221;Mektup ve Esere Geri D\u00f6n&#8221; _builder_version=&#8221;4.7.6&#8243; _dynamic_attributes=&#8221;button_url&#8221; _module_preset=&#8221;default&#8221; custom_button=&#8221;on&#8221; button_bg_color=&#8221;#000000&#8243; button_border_color=&#8221;#000000&#8243; button_font=&#8221;Indie Flower||||||||&#8221; button_icon=&#8221;%%41%%&#8221; button_icon_color=&#8221;#ffffff&#8221; button_icon_placement=&#8221;left&#8221; button_on_hover=&#8221;off&#8221;][\/et_pb_button][et_pb_text _builder_version=&#8221;4.7.6&#8243; _module_preset=&#8221;default&#8221; background_color=&#8221;#000000&#8243;] Orhan Ta\u015fkesen, 1969 Erzincan do\u011fumlu Orhan TA\u015eKESEN lisans e\u011fitimini 1999 y\u0131l\u0131nda Atat\u00fcrk \u00dcniversitesi Kaz\u0131m Karabekir E\u011fitim Fak\u00fcltesi Resim B\u00f6l\u00fcm\u00fcnde tamamlam\u0131\u015ft\u0131r. 2005 &#8216;te [&hellip;]<\/p>\n","protected":false},"author":9,"featured_media":0,"parent":0,"menu_order":0,"comment_status":"closed","ping_status":"closed","template":"","meta":{"_et_pb_use_builder":"on","_et_pb_old_content":"","_et_gb_content_width":"","spay_email":""},"jetpack_sharing_enabled":true,"jetpack_likes_enabled":true,"_links":{"self":[{"href":"https:\/\/gsfsergi.ebyu.edu.tr\/index.php?rest_route=\/wp\/v2\/pages\/2642"}],"collection":[{"href":"https:\/\/gsfsergi.ebyu.edu.tr\/index.php?rest_route=\/wp\/v2\/pages"}],"about":[{"href":"https:\/\/gsfsergi.ebyu.edu.tr\/index.php?rest_route=\/wp\/v2\/types\/page"}],"author":[{"embeddable":true,"href":"https:\/\/gsfsergi.ebyu.edu.tr\/index.php?rest_route=\/wp\/v2\/users\/9"}],"replies":[{"embeddable":true,"href":"https:\/\/gsfsergi.ebyu.edu.tr\/index.php?rest_route=%2Fwp%2Fv2%2Fcomments&post=2642"}],"version-history":[{"count":5,"href":"https:\/\/gsfsergi.ebyu.edu.tr\/index.php?rest_route=\/wp\/v2\/pages\/2642\/revisions"}],"predecessor-version":[{"id":3871,"href":"https:\/\/gsfsergi.ebyu.edu.tr\/index.php?rest_route=\/wp\/v2\/pages\/2642\/revisions\/3871"}],"wp:attachment":[{"href":"https:\/\/gsfsergi.ebyu.edu.tr\/index.php?rest_route=%2Fwp%2Fv2%2Fmedia&parent=2642"}],"curies":[{"name":"wp","href":"https:\/\/api.w.org\/{rel}","templated":true}]}}