{"id":2638,"date":"2020-12-12T19:52:45","date_gmt":"2020-12-12T16:52:45","guid":{"rendered":"https:\/\/gsfsergi.ebyu.edu.tr\/?page_id=2638"},"modified":"2020-12-17T22:43:06","modified_gmt":"2020-12-17T19:43:06","slug":"caner-yedikardes-2","status":"publish","type":"page","link":"https:\/\/gsfsergi.ebyu.edu.tr\/?page_id=2638","title":{"rendered":"Caner Yedikarde\u015f"},"content":{"rendered":"<p>[et_pb_section fb_built=&#8221;1&#8243; _builder_version=&#8221;4.7.5&#8243; _module_preset=&#8221;default&#8221; background_color=&#8221;#000000&#8243;][et_pb_row column_structure=&#8221;1_2,1_2&#8243; _builder_version=&#8221;4.7.5&#8243; _module_preset=&#8221;default&#8221; background_color=&#8221;#000000&#8243;][et_pb_column type=&#8221;1_2&#8243; _builder_version=&#8221;4.6.6&#8243; _module_preset=&#8221;default&#8221;][et_pb_text _builder_version=&#8221;4.7.6&#8243; _module_preset=&#8221;default&#8221;]<\/p>\n<p>&nbsp;<\/p>\n<p>&nbsp;<\/p>\n<p><span style=\"color: #ffffff; font-size: 14pt;\">Ankara, 23 Kas\u0131m 2020<\/span><\/p>\n<p><span style=\"color: #ffffff; font-size: 14pt;\">Merhaba yeni d\u00fcnya,<\/span><\/p>\n<p><span style=\"color: #ffffff; font-size: 14pt;\">Sevgili diye seslenmeyi \u00e7ok isterdim, ancak sevgili olana bu denli haks\u0131zl\u0131k edilemezdi elbette. \u00d6ncelikle ba\u011f\u0131\u015fla\u2026 Ba\u015flarda k\u00fcresel \u0131s\u0131nma, iklim de\u011fi\u015fikleri gibi adland\u0131rmalarla do\u011fa yasalar\u0131na hunharca y\u00f6neltti\u011fimiz tahribat\u0131n orta\u011f\u0131yken su\u00e7 bast\u0131rd\u0131k; \u201c\u00e7evreyi kirlettik, iklimi bozduk, t\u00fcm dengeleri alt\u00fcst ettik\u201d diyemedik. T\u00fcm eski d\u00fcnya hepimiz, emperyal ekonomiye, \u00e7a\u011fd\u0131\u015f\u0131 politik erke ram ettik usul usul\u2026<\/span><\/p>\n<p><span style=\"color: #ffffff; font-size: 14pt;\">Bu tahribatlar\u0131 g\u00f6rmezden gelme eyleminin sonunda, ne yery\u00fcz\u00fcn\u00fcn ne g\u00f6ky\u00fcz\u00fcn\u00fcn b\u0131rakt\u0131klar\u0131 bo\u015flukta toz zerresi kadar dahi g\u00f6r\u00fcnmez, duyulmaz, kokusu al\u0131nmaz ad\u0131 covid-19 olan bir vir\u00fcsle\u00a0 sava\u015f\u0131m vermeye ba\u015flad\u0131k\u2026 Hen\u00fcz kimi, nerede, nas\u0131l yaklayaca\u011f\u0131 bir bilinmez adeta. Erk taraf\u0131ndan belirlenmi\u015f olan kurallar, yasaklar ve bireysel \u00f6nlemlerle diren\u00e7 g\u00f6sterilse de covid-19 hepimizin ensesinde boza pi\u015firiyor.<\/span><\/p>\n<p><span style=\"color: #ffffff; font-size: 14pt;\">Biliyorum, onca olan bitenin, bunca ac\u0131mas\u0131z talan\u0131n bir maliyeti olmal\u0131yd\u0131 g\u00fcn\u00fcn sonunda. Bir d\u00f6ng\u00fcsel ger\u00e7eklik olarak \u201cyeni\u201dlenmenin, ar\u0131nman\u0131n belki de bir ilk ad\u0131m\u0131 olsa gerek. Zira sundu\u011fun ya\u015fam olanaklar\u0131n\u0131n de\u011fersizle\u015ftirilmesi s\u00fcre\u011fen bir bi\u00e7imi asla haketmiyor da. Sar\u0131lmay\u0131, kucakla\u015fmay\u0131, \u00f6p\u00fc\u015fmeyi, sevi\u015fmeyi elimizden alan bu virusle biz insalara mesafeyi adapte ettin, do\u011faya b\u00fct\u00fcn\u00fcyle; \u201chavas\u0131na, suyuna, ta\u015f\u0131na, topra\u011f\u0131na\u2026\u201d art\u0131k dokunurken de \u201cc\u0131s\u201d dedin t\u00fcm hakk\u0131nla. Eskisine olan \u00f6zlemi insan\u0131n insana duyaca\u011f\u0131 \u00f6zlemle s\u0131n\u0131yorsun. Ya\u015fam\u0131, yitimleri g\u00f6stererek y\u00fcceltiyorsun. Ve hakl\u0131s\u0131n da bir bak\u0131ma\u2026 Yoklukla terbiyeye al\u0131\u015fm\u0131\u015f bir canl\u0131ya ba\u015fka bir se\u00e7enek sunmak da zor, varl\u0131\u011f\u0131n k\u0131ymetine dair.<\/span><\/p>\n<p><span style=\"color: #ffffff; font-size: 14pt;\">\u00a0Yine bulu\u015fmak \u00fczere, sa\u011fl\u0131kla, umutla\u2026<\/span><\/p>\n<p><span style=\"color: #ffffff; font-size: 14pt;\">Caner Yedikarde\u015f<\/span><\/p>\n<p>[\/et_pb_text][\/et_pb_column][et_pb_column type=&#8221;1_2&#8243; _builder_version=&#8221;4.6.6&#8243; _module_preset=&#8221;default&#8221;][et_pb_image src=&#8221;https:\/\/gsfsergi.ebyu.edu.tr\/wp-content\/uploads\/2020\/12\/CanerYedikardes.jpg&#8221; title_text=&#8221;CanerYedikarde\u015f&#8221; show_in_lightbox=&#8221;on&#8221; _builder_version=&#8221;4.7.6&#8243; _module_preset=&#8221;default&#8221; custom_padding=&#8221;81px|||||&#8221;][\/et_pb_image][et_pb_text _builder_version=&#8221;4.7.6&#8243; _module_preset=&#8221;default&#8221; hover_enabled=&#8221;0&#8243; sticky_enabled=&#8221;0&#8243;]<\/p>\n<p><span style=\"color: #ffffff;\">Caner Yedikarde\u015f<\/span><br \/><span style=\"color: #ffffff;\"> \u201cD\u00f6ng\u00fcsel Ger\u00e7eklik\u201d<\/span><br \/><span style=\"color: #ffffff;\"> 2020<\/span><br \/><span style=\"color: #ffffff;\"> 30 cm x 30 cm x 15 cm<\/span><br \/><span style=\"color: #ffffff;\">\u0130zolat\u00f6r Porselen 1280 \u00b0C.<\/span><\/p>\n<p>[\/et_pb_text][et_pb_button button_url=&#8221;@ET-DC@eyJkeW5hbWljIjp0cnVlLCJjb250ZW50IjoicG9zdF9saW5rX3VybF9wYWdlIiwic2V0dGluZ3MiOnsicG9zdF9pZCI6IjI0NzAifX0=@&#8221; button_text=&#8221;Caner Yedikarde\u015f Hakk\u0131nda&#8221; button_alignment=&#8221;left&#8221; _builder_version=&#8221;4.7.6&#8243; _dynamic_attributes=&#8221;button_url&#8221; _module_preset=&#8221;default&#8221; custom_button=&#8221;on&#8221; button_text_size=&#8221;24px&#8221; button_text_color=&#8221;#ffffff&#8221; button_bg_color=&#8221;#000000&#8243; button_border_width=&#8221;4px&#8221; button_border_color=&#8221;#000000&#8243; button_font=&#8221;Indie Flower||||||||&#8221; button_icon=&#8221;%%258%%&#8221; button_icon_color=&#8221;#ffffff&#8221; button_icon_placement=&#8221;left&#8221; button_on_hover=&#8221;off&#8221; custom_margin=&#8221;||-2px|||&#8221;][\/et_pb_button][et_pb_button button_url=&#8221;@ET-DC@eyJkeW5hbWljIjp0cnVlLCJjb250ZW50IjoicG9zdF9saW5rX3VybF9wYWdlIiwic2V0dGluZ3MiOnsicG9zdF9pZCI6IjYwNSJ9fQ==@&#8221; button_text=&#8221;Sergiye Geri D\u00f6n&#8221; button_alignment=&#8221;left&#8221; _builder_version=&#8221;4.7.5&#8243; _dynamic_attributes=&#8221;button_url&#8221; _module_preset=&#8221;default&#8221; custom_button=&#8221;on&#8221; button_text_size=&#8221;24px&#8221; button_text_color=&#8221;#ffffff&#8221; button_bg_color=&#8221;#000000&#8243; button_border_width=&#8221;4px&#8221; button_border_color=&#8221;#000000&#8243; button_font=&#8221;Indie Flower||||||||&#8221; button_icon=&#8221;%%41%%&#8221; button_icon_color=&#8221;#ffffff&#8221; button_icon_placement=&#8221;left&#8221; button_on_hover=&#8221;off&#8221;][\/et_pb_button][\/et_pb_column][\/et_pb_row][\/et_pb_section]<\/p>\n","protected":false},"excerpt":{"rendered":"<p>[et_pb_section fb_built=&#8221;1&#8243; _builder_version=&#8221;4.7.5&#8243; _module_preset=&#8221;default&#8221; background_color=&#8221;#000000&#8243;][et_pb_row column_structure=&#8221;1_2,1_2&#8243; _builder_version=&#8221;4.7.5&#8243; _module_preset=&#8221;default&#8221; background_color=&#8221;#000000&#8243;][et_pb_column type=&#8221;1_2&#8243; _builder_version=&#8221;4.6.6&#8243; _module_preset=&#8221;default&#8221;][et_pb_text _builder_version=&#8221;4.7.6&#8243; _module_preset=&#8221;default&#8221;] &nbsp; &nbsp; Ankara, 23 Kas\u0131m 2020 Merhaba yeni d\u00fcnya, Sevgili diye seslenmeyi \u00e7ok isterdim, ancak sevgili olana bu denli haks\u0131zl\u0131k edilemezdi elbette. \u00d6ncelikle ba\u011f\u0131\u015fla\u2026 Ba\u015flarda k\u00fcresel \u0131s\u0131nma, iklim de\u011fi\u015fikleri gibi adland\u0131rmalarla do\u011fa yasalar\u0131na hunharca y\u00f6neltti\u011fimiz tahribat\u0131n orta\u011f\u0131yken su\u00e7 bast\u0131rd\u0131k; \u201c\u00e7evreyi kirlettik, [&hellip;]<\/p>\n","protected":false},"author":9,"featured_media":0,"parent":0,"menu_order":0,"comment_status":"closed","ping_status":"closed","template":"","meta":{"_et_pb_use_builder":"on","_et_pb_old_content":"","_et_gb_content_width":"","spay_email":""},"jetpack_sharing_enabled":true,"jetpack_likes_enabled":true,"_links":{"self":[{"href":"https:\/\/gsfsergi.ebyu.edu.tr\/index.php?rest_route=\/wp\/v2\/pages\/2638"}],"collection":[{"href":"https:\/\/gsfsergi.ebyu.edu.tr\/index.php?rest_route=\/wp\/v2\/pages"}],"about":[{"href":"https:\/\/gsfsergi.ebyu.edu.tr\/index.php?rest_route=\/wp\/v2\/types\/page"}],"author":[{"embeddable":true,"href":"https:\/\/gsfsergi.ebyu.edu.tr\/index.php?rest_route=\/wp\/v2\/users\/9"}],"replies":[{"embeddable":true,"href":"https:\/\/gsfsergi.ebyu.edu.tr\/index.php?rest_route=%2Fwp%2Fv2%2Fcomments&post=2638"}],"version-history":[{"count":9,"href":"https:\/\/gsfsergi.ebyu.edu.tr\/index.php?rest_route=\/wp\/v2\/pages\/2638\/revisions"}],"predecessor-version":[{"id":3928,"href":"https:\/\/gsfsergi.ebyu.edu.tr\/index.php?rest_route=\/wp\/v2\/pages\/2638\/revisions\/3928"}],"wp:attachment":[{"href":"https:\/\/gsfsergi.ebyu.edu.tr\/index.php?rest_route=%2Fwp%2Fv2%2Fmedia&parent=2638"}],"curies":[{"name":"wp","href":"https:\/\/api.w.org\/{rel}","templated":true}]}}