{"id":2626,"date":"2020-12-12T19:44:24","date_gmt":"2020-12-12T16:44:24","guid":{"rendered":"https:\/\/gsfsergi.ebyu.edu.tr\/?page_id=2626"},"modified":"2020-12-17T17:54:01","modified_gmt":"2020-12-17T14:54:01","slug":"murat-mete-agyar-hakkinda","status":"publish","type":"page","link":"https:\/\/gsfsergi.ebyu.edu.tr\/?page_id=2626","title":{"rendered":"Murat Mete A\u011fyar Hakk\u0131nda"},"content":{"rendered":"<p>[et_pb_section fb_built=&#8221;1&#8243; _builder_version=&#8221;4.7.5&#8243; _module_preset=&#8221;default&#8221; background_color=&#8221;#000000&#8243;][et_pb_row column_structure=&#8221;1_2,1_2&#8243; _builder_version=&#8221;4.7.5&#8243; _module_preset=&#8221;default&#8221; background_color=&#8221;#000000&#8243;][et_pb_column type=&#8221;1_2&#8243; _builder_version=&#8221;4.7.5&#8243; _module_preset=&#8221;default&#8221;][et_pb_button button_url=&#8221;@ET-DC@eyJkeW5hbWljIjp0cnVlLCJjb250ZW50IjoicG9zdF9saW5rX3VybF9wYWdlIiwic2V0dGluZ3MiOnsicG9zdF9pZCI6IjI0NTgifX0=@&#8221; button_text=&#8221;Mektup ve Esere Geri D\u00f6n&#8221; _builder_version=&#8221;4.7.6&#8243; _dynamic_attributes=&#8221;button_url&#8221; _module_preset=&#8221;default&#8221; custom_button=&#8221;on&#8221; button_bg_color=&#8221;#000000&#8243; button_border_color=&#8221;#000000&#8243; button_font=&#8221;Indie Flower||||||||&#8221; button_icon=&#8221;%%41%%&#8221; button_icon_color=&#8221;#ffffff&#8221; button_icon_placement=&#8221;left&#8221; button_on_hover=&#8221;off&#8221; hover_enabled=&#8221;0&#8243; sticky_enabled=&#8221;0&#8243;][\/et_pb_button][et_pb_text _builder_version=&#8221;4.7.6&#8243; _module_preset=&#8221;default&#8221; background_color=&#8221;#000000&#8243; hover_enabled=&#8221;0&#8243; sticky_enabled=&#8221;0&#8243;]<\/p>\n<p><span style=\"color: #ffffff; font-size: 18pt;\">Murat Mete A\u011fyar,<\/span><\/p>\n<p><span style=\"color: #ffffff; font-size: 14pt;\">(K\u0131r\u015fehir, 1959)<\/span><\/p>\n<p><span style=\"color: #ffffff; font-size: 14pt;\">1984\u2019te Marmara \u00dcniversitesi Atat\u00fcrk E\u011fitim Fak\u00fcltesi Resim-\u0130\u015f E\u011fitimi B\u00f6l\u00fcm\u00fcn\u00fc bitirdi. 1986\u2019da, MS\u00dcGSF Resim B\u00f6l\u00fcm\u00fcnde y\u00fcksek lisans yapt\u0131. 1989\u2019da, Almanya\u2019n\u0131n Bielefeld kentinde mesleki ara\u015ft\u0131rmalarda bulundu. 1990\u2019da, \u0130ngiltere\u2019de Bournemouth Sanat Akademisinde resim \u00e7al\u0131\u015fmalar\u0131 yapt\u0131. 1995\u2019te MS\u00dcGSF\u2019de sanatta yeterlilik program\u0131n\u0131 tamamlad\u0131.<\/span><\/p>\n<p><span style=\"color: #ffffff; font-size: 14pt;\">\u0130lk ki\u015fisel sergisini 1986\u2019da, \u0130stanbul\u2019da d\u00fczenledi. 1983\u2019ten ba\u015flayarak karma sergilere kat\u0131ld\u0131. Halen MS\u00dcGSF\u2019de Resim B\u00f6l\u00fcm\u00fcnde \u00f6\u011fretim g\u00f6revlisi olarak \u00e7al\u0131\u015fmaktad\u0131r.<\/span><\/p>\n<p><span style=\"color: #ffffff; font-size: 14pt;\">Mavi ve K\u0131rm\u0131z\u0131 tonlar\u0131n egemen oldu\u011fu soyut-geometrik anlay\u0131\u015fa ba\u011fl\u0131d\u0131r.<\/span><\/p>\n<p>&nbsp;<\/p>\n<p>[\/et_pb_text][\/et_pb_column][et_pb_column type=&#8221;1_2&#8243; _builder_version=&#8221;4.7.5&#8243; _module_preset=&#8221;default&#8221;][et_pb_image src=&#8221;https:\/\/gsfsergi.ebyu.edu.tr\/wp-content\/uploads\/2020\/12\/B4245B716DC440CAA171ACAAD95A8376.jpg&#8221; title_text=&#8221;B4245B716DC440CAA171ACAAD95A8376&#8243; align=&#8221;center&#8221; _builder_version=&#8221;4.7.6&#8243; _module_preset=&#8221;default&#8221;][\/et_pb_image][\/et_pb_column][\/et_pb_row][\/et_pb_section]<\/p>\n","protected":false},"excerpt":{"rendered":"<p>[et_pb_section fb_built=&#8221;1&#8243; _builder_version=&#8221;4.7.5&#8243; _module_preset=&#8221;default&#8221; background_color=&#8221;#000000&#8243;][et_pb_row column_structure=&#8221;1_2,1_2&#8243; _builder_version=&#8221;4.7.5&#8243; _module_preset=&#8221;default&#8221; background_color=&#8221;#000000&#8243;][et_pb_column type=&#8221;1_2&#8243; _builder_version=&#8221;4.7.5&#8243; _module_preset=&#8221;default&#8221;][et_pb_button button_url=&#8221;@ET-DC@eyJkeW5hbWljIjp0cnVlLCJjb250ZW50IjoicG9zdF9saW5rX3VybF9wYWdlIiwic2V0dGluZ3MiOnsicG9zdF9pZCI6IjI0NTgifX0=@&#8221; button_text=&#8221;Mektup ve Esere Geri D\u00f6n&#8221; _builder_version=&#8221;4.7.6&#8243; _dynamic_attributes=&#8221;button_url&#8221; _module_preset=&#8221;default&#8221; custom_button=&#8221;on&#8221; button_bg_color=&#8221;#000000&#8243; button_border_color=&#8221;#000000&#8243; button_font=&#8221;Indie Flower||||||||&#8221; button_icon=&#8221;%%41%%&#8221; button_icon_color=&#8221;#ffffff&#8221; button_icon_placement=&#8221;left&#8221; button_on_hover=&#8221;off&#8221; hover_enabled=&#8221;0&#8243; sticky_enabled=&#8221;0&#8243;][\/et_pb_button][et_pb_text _builder_version=&#8221;4.7.6&#8243; _module_preset=&#8221;default&#8221; background_color=&#8221;#000000&#8243; hover_enabled=&#8221;0&#8243; sticky_enabled=&#8221;0&#8243;] Murat Mete A\u011fyar, (K\u0131r\u015fehir, 1959) 1984\u2019te Marmara \u00dcniversitesi Atat\u00fcrk E\u011fitim Fak\u00fcltesi Resim-\u0130\u015f E\u011fitimi B\u00f6l\u00fcm\u00fcn\u00fc bitirdi. 1986\u2019da, MS\u00dcGSF Resim [&hellip;]<\/p>\n","protected":false},"author":9,"featured_media":0,"parent":0,"menu_order":0,"comment_status":"closed","ping_status":"closed","template":"","meta":{"_et_pb_use_builder":"on","_et_pb_old_content":"","_et_gb_content_width":"","spay_email":""},"jetpack_sharing_enabled":true,"jetpack_likes_enabled":true,"_links":{"self":[{"href":"https:\/\/gsfsergi.ebyu.edu.tr\/index.php?rest_route=\/wp\/v2\/pages\/2626"}],"collection":[{"href":"https:\/\/gsfsergi.ebyu.edu.tr\/index.php?rest_route=\/wp\/v2\/pages"}],"about":[{"href":"https:\/\/gsfsergi.ebyu.edu.tr\/index.php?rest_route=\/wp\/v2\/types\/page"}],"author":[{"embeddable":true,"href":"https:\/\/gsfsergi.ebyu.edu.tr\/index.php?rest_route=\/wp\/v2\/users\/9"}],"replies":[{"embeddable":true,"href":"https:\/\/gsfsergi.ebyu.edu.tr\/index.php?rest_route=%2Fwp%2Fv2%2Fcomments&post=2626"}],"version-history":[{"count":7,"href":"https:\/\/gsfsergi.ebyu.edu.tr\/index.php?rest_route=\/wp\/v2\/pages\/2626\/revisions"}],"predecessor-version":[{"id":3895,"href":"https:\/\/gsfsergi.ebyu.edu.tr\/index.php?rest_route=\/wp\/v2\/pages\/2626\/revisions\/3895"}],"wp:attachment":[{"href":"https:\/\/gsfsergi.ebyu.edu.tr\/index.php?rest_route=%2Fwp%2Fv2%2Fmedia&parent=2626"}],"curies":[{"name":"wp","href":"https:\/\/api.w.org\/{rel}","templated":true}]}}