{"id":2614,"date":"2020-12-12T19:41:09","date_gmt":"2020-12-12T16:41:09","guid":{"rendered":"https:\/\/gsfsergi.ebyu.edu.tr\/?page_id=2614"},"modified":"2020-12-17T16:25:26","modified_gmt":"2020-12-17T13:25:26","slug":"tugba-oztopcu-2","status":"publish","type":"page","link":"https:\/\/gsfsergi.ebyu.edu.tr\/?page_id=2614","title":{"rendered":"Tu\u011fba \u00d6ztop\u00e7u Hakk\u0131nda"},"content":{"rendered":"<p>[et_pb_section fb_built=&#8221;1&#8243; _builder_version=&#8221;4.7.5&#8243; _module_preset=&#8221;default&#8221; background_color=&#8221;#000000&#8243;][et_pb_row column_structure=&#8221;1_2,1_2&#8243; _builder_version=&#8221;4.7.5&#8243; _module_preset=&#8221;default&#8221; background_color=&#8221;#000000&#8243;][et_pb_column type=&#8221;1_2&#8243; _builder_version=&#8221;4.7.5&#8243; _module_preset=&#8221;default&#8221;][et_pb_button button_url=&#8221;@ET-DC@eyJkeW5hbWljIjp0cnVlLCJjb250ZW50IjoicG9zdF9saW5rX3VybF9wYWdlIiwic2V0dGluZ3MiOnsicG9zdF9pZCI6IjI0NTEifX0=@&#8221; button_text=&#8221;Mektup ve Esere Geri D\u00f6n&#8221; _builder_version=&#8221;4.7.6&#8243; _dynamic_attributes=&#8221;button_url&#8221; _module_preset=&#8221;default&#8221; custom_button=&#8221;on&#8221; button_bg_color=&#8221;#000000&#8243; button_border_color=&#8221;#000000&#8243; button_font=&#8221;Indie Flower||||||||&#8221; button_icon=&#8221;%%41%%&#8221; button_icon_color=&#8221;#ffffff&#8221; button_icon_placement=&#8221;left&#8221; button_on_hover=&#8221;off&#8221;][\/et_pb_button][et_pb_text _builder_version=&#8221;4.7.6&#8243; _module_preset=&#8221;default&#8221; background_color=&#8221;#000000&#8243;]<\/p>\n<p><span style=\"color: #ffffff; font-size: 18pt;\">Tu\u011fba \u00d6ztop\u00e7u,<\/span><\/p>\n<p><span style=\"color: #ffffff; font-size: 14pt;\"><strong>1979\u00a0\u00a0<\/strong>\u0130stanbul<a style=\"color: #ffffff;\" href=\"http:\/\/www.avnioztopcu.com\/erzincan\/index.html\">&#8216;<\/a>da do\u011fdu.<strong><br \/>1999-2003\u00a0\u00a0<\/strong>Marmara \u00dcniversitesi Atat\u00fcrk E\u011fitim Fak\u00fcltesi Resim-i\u015f E\u011fitimi B\u00f6l\u00fcm\u00fc&#8217;nde\u00a0 Lisans;<strong><br \/><\/strong>Halen\u00a0Marmara \u00dcniversitesi Atat\u00fcrk E\u011fitim Fak\u00fcltesi G\u00fczel Sanatlar E\u011fitimi B\u00f6l\u00fcm\u00fcnde Y\u00fcksek Lisans yapmaktad\u0131r.\u00a0<\/span><\/p>\n<p><span style=\"color: #ffffff; font-size: 14pt;\"><strong><em>ki\u015fisel\u00a0sergiler<\/em><\/strong><\/span><\/p>\n<p><span style=\"color: #ffffff; font-size: 14pt;\"><strong>2015<\/strong>\u00a0\u00a0\u00a0\u0130stanbul Od\u2019A-Ouvroir d\u2019Art\u00a0&#8220;Kimsecik&#8221; Ki\u015fisel Sergi<\/span><\/p>\n<p><span style=\"color: #ffffff; font-size: 14pt;\"><strong>2012<\/strong>\u00a0\u00a0 Paris DAODC &#8220;The Bus&#8221; Ki\u015fisel Sergi<strong>\u00a0<\/strong><\/span><\/p>\n<p><span style=\"color: #ffffff; font-size: 14pt;\"><strong><em>kat\u0131ld\u0131\u011f\u0131 sergiler<\/em><\/strong><\/span><\/p>\n<p><span style=\"color: #ffffff; font-size: 14pt;\"><strong>2020\u00a0<\/strong>\u00a0\u00a0\u00a0Fransa, Esox Lucius &#8220;YAW&#8221; \u00a0Karma sergi<strong>2017\u00a0<\/strong>\u00a0\u00a0 Bel\u00e7ika \u2018Collectiv National\u2019 \u00a0Karma sergi<\/span><br \/><span style=\"color: #ffffff; font-size: 14pt;\"> <strong>2016\u00a0\u00a0\u00a0 <\/strong>Almanya-Staatliches,Augsburg, Bocholt, Mannheim, Selb ve Solingen M\u00fczeleri Karma Sergi.<strong><br \/>2015\u00a0\u00a0\u00a0<\/strong>\u00a0\u0130stanbul \u2018Od\u2019A-Ouvroir d\u2019Ar\u2019 Karma Sergi<strong><br \/>2014\u00a0\u00a0 \u00a0<\/strong>Be\u015fikta\u015f Uluslararas\u0131 Foto\u011fraf Festivali Sergi<strong><br \/>2012\u00a0\u00a0\u00a0\u00a0<\/strong>Bursa Uluslararas\u0131 Foto\u011fraf Festivali Sergi<\/span><\/p>\n<p>[\/et_pb_text][\/et_pb_column][et_pb_column type=&#8221;1_2&#8243; _builder_version=&#8221;4.7.5&#8243; _module_preset=&#8221;default&#8221;][et_pb_image src=&#8221;https:\/\/gsfsergi.ebyu.edu.tr\/wp-content\/uploads\/2020\/12\/B6139C6E819040A1A8CA9088EC739121.jpg&#8221; title_text=&#8221;B6139C6E819040A1A8CA9088EC739121&#8243; align=&#8221;center&#8221; _builder_version=&#8221;4.7.6&#8243; _module_preset=&#8221;default&#8221; hover_enabled=&#8221;0&#8243; sticky_enabled=&#8221;0&#8243;][\/et_pb_image][\/et_pb_column][\/et_pb_row][\/et_pb_section]<\/p>\n","protected":false},"excerpt":{"rendered":"<p>[et_pb_section fb_built=&#8221;1&#8243; _builder_version=&#8221;4.7.5&#8243; _module_preset=&#8221;default&#8221; background_color=&#8221;#000000&#8243;][et_pb_row column_structure=&#8221;1_2,1_2&#8243; _builder_version=&#8221;4.7.5&#8243; _module_preset=&#8221;default&#8221; background_color=&#8221;#000000&#8243;][et_pb_column type=&#8221;1_2&#8243; _builder_version=&#8221;4.7.5&#8243; _module_preset=&#8221;default&#8221;][et_pb_button button_url=&#8221;@ET-DC@eyJkeW5hbWljIjp0cnVlLCJjb250ZW50IjoicG9zdF9saW5rX3VybF9wYWdlIiwic2V0dGluZ3MiOnsicG9zdF9pZCI6IjI0NTEifX0=@&#8221; button_text=&#8221;Mektup ve Esere Geri D\u00f6n&#8221; _builder_version=&#8221;4.7.6&#8243; _dynamic_attributes=&#8221;button_url&#8221; _module_preset=&#8221;default&#8221; custom_button=&#8221;on&#8221; button_bg_color=&#8221;#000000&#8243; button_border_color=&#8221;#000000&#8243; button_font=&#8221;Indie Flower||||||||&#8221; button_icon=&#8221;%%41%%&#8221; button_icon_color=&#8221;#ffffff&#8221; button_icon_placement=&#8221;left&#8221; button_on_hover=&#8221;off&#8221;][\/et_pb_button][et_pb_text _builder_version=&#8221;4.7.6&#8243; _module_preset=&#8221;default&#8221; background_color=&#8221;#000000&#8243;] Tu\u011fba \u00d6ztop\u00e7u, 1979\u00a0\u00a0\u0130stanbul&#8216;da do\u011fdu.1999-2003\u00a0\u00a0Marmara \u00dcniversitesi Atat\u00fcrk E\u011fitim Fak\u00fcltesi Resim-i\u015f E\u011fitimi B\u00f6l\u00fcm\u00fc&#8217;nde\u00a0 Lisans;Halen\u00a0Marmara \u00dcniversitesi Atat\u00fcrk E\u011fitim Fak\u00fcltesi G\u00fczel Sanatlar E\u011fitimi B\u00f6l\u00fcm\u00fcnde Y\u00fcksek Lisans [&hellip;]<\/p>\n","protected":false},"author":9,"featured_media":0,"parent":0,"menu_order":0,"comment_status":"closed","ping_status":"closed","template":"","meta":{"_et_pb_use_builder":"on","_et_pb_old_content":"","_et_gb_content_width":"","spay_email":""},"jetpack_sharing_enabled":true,"jetpack_likes_enabled":true,"_links":{"self":[{"href":"https:\/\/gsfsergi.ebyu.edu.tr\/index.php?rest_route=\/wp\/v2\/pages\/2614"}],"collection":[{"href":"https:\/\/gsfsergi.ebyu.edu.tr\/index.php?rest_route=\/wp\/v2\/pages"}],"about":[{"href":"https:\/\/gsfsergi.ebyu.edu.tr\/index.php?rest_route=\/wp\/v2\/types\/page"}],"author":[{"embeddable":true,"href":"https:\/\/gsfsergi.ebyu.edu.tr\/index.php?rest_route=\/wp\/v2\/users\/9"}],"replies":[{"embeddable":true,"href":"https:\/\/gsfsergi.ebyu.edu.tr\/index.php?rest_route=%2Fwp%2Fv2%2Fcomments&post=2614"}],"version-history":[{"count":8,"href":"https:\/\/gsfsergi.ebyu.edu.tr\/index.php?rest_route=\/wp\/v2\/pages\/2614\/revisions"}],"predecessor-version":[{"id":3880,"href":"https:\/\/gsfsergi.ebyu.edu.tr\/index.php?rest_route=\/wp\/v2\/pages\/2614\/revisions\/3880"}],"wp:attachment":[{"href":"https:\/\/gsfsergi.ebyu.edu.tr\/index.php?rest_route=%2Fwp%2Fv2%2Fmedia&parent=2614"}],"curies":[{"name":"wp","href":"https:\/\/api.w.org\/{rel}","templated":true}]}}