{"id":2607,"date":"2020-12-12T19:38:20","date_gmt":"2020-12-12T16:38:20","guid":{"rendered":"https:\/\/gsfsergi.ebyu.edu.tr\/?page_id=2607"},"modified":"2020-12-17T16:06:42","modified_gmt":"2020-12-17T13:06:42","slug":"genco-gulan-hakkinda","status":"publish","type":"page","link":"https:\/\/gsfsergi.ebyu.edu.tr\/?page_id=2607","title":{"rendered":"Genco G\u00fclan Hakk\u0131nda"},"content":{"rendered":"<p>[et_pb_section fb_built=&#8221;1&#8243; _builder_version=&#8221;4.7.5&#8243; _module_preset=&#8221;default&#8221; background_color=&#8221;#000000&#8243;][et_pb_row column_structure=&#8221;1_2,1_2&#8243; _builder_version=&#8221;4.7.5&#8243; _module_preset=&#8221;default&#8221; background_color=&#8221;#000000&#8243;][et_pb_column type=&#8221;1_2&#8243; _builder_version=&#8221;4.7.5&#8243; _module_preset=&#8221;default&#8221;][et_pb_button button_url=&#8221;@ET-DC@eyJkeW5hbWljIjp0cnVlLCJjb250ZW50IjoicG9zdF9saW5rX3VybF9wYWdlIiwic2V0dGluZ3MiOnsicG9zdF9pZCI6IjI0NDQifX0=@&#8221; button_text=&#8221;Mektup ve Esere Geri D\u00f6n&#8221; _builder_version=&#8221;4.7.6&#8243; _dynamic_attributes=&#8221;button_url&#8221; _module_preset=&#8221;default&#8221; custom_button=&#8221;on&#8221; button_bg_color=&#8221;#000000&#8243; button_border_color=&#8221;#000000&#8243; button_font=&#8221;Indie Flower||||||||&#8221; button_icon=&#8221;%%41%%&#8221; button_icon_color=&#8221;#ffffff&#8221; button_icon_placement=&#8221;left&#8221; button_on_hover=&#8221;off&#8221;][\/et_pb_button][et_pb_text _builder_version=&#8221;4.7.6&#8243; _module_preset=&#8221;default&#8221; background_color=&#8221;#000000&#8243;]<\/p>\n<p><span style=\"color: #ffffff; font-size: 18pt;\">Genco G\u00fclan,<\/span><\/p>\n<p><span style=\"color: #ffffff; font-size: 14pt;\">Resim, heykel, foto\u011fraf\u00a0 ve video kavramsal \u00e7a\u011fda\u015f sanat yap\u0131tlar\u0131n\u0131n t\u00fcm\u00fcn\u00fc \u2018fikir sanat\u0131\u2019 olarak tarif eden bir sanat\u00e7\u0131 ve teorisyendir. 1969 y\u0131l\u0131nda \u0130stanbul\u2019da do\u011fdu. \u0130lk \u00f6d\u00fcl\u00fcn\u00fc 1993\u2019te BP\u2019den alan G\u00fclan, 2000 y\u0131l\u0131nda New School bursunu ald\u0131 ve 2005 EMAF \u00f6d\u00fcl\u00fcn\u00fc alan ekipte yer ald\u0131. 2011 Sovereign Avrupa Sanat \u00f6d\u00fcl\u00fcnde finalist se\u00e7ilen sanat\u00e7\u0131 2015\u00a0 Ege Art Usta Sanat\u00e7\u0131 ve 2019 Heykelde Yeni Ke\u015fifler, Milliyet Sanat \u00f6d\u00fcllerine lay\u0131k g\u00f6r\u00fcld\u00fc. \u0130stanbul, \u0130zmir, Bodrum, Berlin, New York, Zagrep ve Seul\u2019de solo sergiler a\u00e7t\u0131. Yap\u0131tlar\u0131 Paris Centre Pompidou, ZKM Karlsruhe, Pera Istanbul, MAM Rio de Janeiro, Troya \u00c7anakkale ve La Triennale Milano gibi \u00f6nemli m\u00fcze ve kurumlarda sergilendi. G\u00fclan Steirishes Herbst, Ars Electronica, Mediaterra, prog-me, Accente, Balkan Art, Gezici Tahran ve Bonn Bienaline kat\u0131lm\u0131\u015ft\u0131r. Performanslar\u0131 ve kat\u0131ld\u0131\u011f\u0131 projeler \u0130KSV Tiyatro, Xchange PAP Tel Aviv, Wunderbar New Castle, Fringe New York, Moving Silence Atina ve Accente Duisbug gibi \u00f6nemli festivallerde sergilenmi\u015ftir. Sanat\u00e7\u0131 Yale, SVA, Bilgi, New York Institute of Technology, Incheon ve K\u00f6ln \u00dcniversitelerinde konferanslar vermi\u015ftir. Yap\u0131tlar\u0131 Rhizome.org at the New Museum, \u0130stanbul Modern, Museum Oswald, Davis Museum, Elgiz, Baks\u0131, Selanik Devlet \u00c7a\u011fda\u015f Sanat M\u00fczesi ve\u00a0 Imago Mundi Luciano Benetton\u00a0 daimi koleksiyonlar\u0131na girmi\u015ftir. Eserleri City University, U.C. Santa Barbara, Teksas Rice ve Hamburg \u00dcniversitelerinde derslerde okutulmu\u015f ve halen okutulmaktad\u0131r. Sanat\u00e7\u0131 P\u0131nar, Turgut Pura, Odea Bank ve Bat\u0131 Anadolu sanat yar\u0131\u015fmalar\u0131 j\u00fcrilerinde g\u00f6rev yapm\u0131\u015ft\u0131r. Web Bienali\u2019nin kurucusu olan Genco G\u00fclan, Balkan Bienali\u2019nin dan\u0131\u015fma kurulunda, ISEA Singapur Uluslararas\u0131 program komitesinde yer alm\u0131\u015ft\u0131r. G\u00fclan\u2019\u0131n kamusal yap\u0131tlar\u0131 \u0130stanbul\u2019un Be\u015fikta\u015f il\u00e7esindeki, Arnavutk\u00f6y, Ortak\u00f6y ve Levent gibi alt\u0131 fakl\u0131 noktada bulunmaktad\u0131r. Sanat\u00e7\u0131 Mimar Sinan, Bo\u011fazi\u00e7i ve Yeditepe \u00dcniversite\u2019lerinde ders vermi\u015ftir. Halen \u0130stanbul ve \u0130zmir\u2019de ya\u015famakta ve \u00e7al\u0131\u015fmaktad\u0131r.<\/span><\/p>\n<p>&nbsp;<\/p>\n<p>[\/et_pb_text][\/et_pb_column][et_pb_column type=&#8221;1_2&#8243; _builder_version=&#8221;4.7.5&#8243; _module_preset=&#8221;default&#8221;][et_pb_image src=&#8221;https:\/\/gsfsergi.ebyu.edu.tr\/wp-content\/uploads\/2020\/12\/3BC6123175D14FD3AE1A70DD436CC0E1.jpg&#8221; title_text=&#8221;3BC6123175D14FD3AE1A70DD436CC0E1&#8243; align=&#8221;center&#8221; _builder_version=&#8221;4.7.6&#8243; _module_preset=&#8221;default&#8221; hover_enabled=&#8221;0&#8243; sticky_enabled=&#8221;0&#8243;][\/et_pb_image][\/et_pb_column][\/et_pb_row][\/et_pb_section]<\/p>\n","protected":false},"excerpt":{"rendered":"<p>[et_pb_section fb_built=&#8221;1&#8243; _builder_version=&#8221;4.7.5&#8243; _module_preset=&#8221;default&#8221; background_color=&#8221;#000000&#8243;][et_pb_row column_structure=&#8221;1_2,1_2&#8243; _builder_version=&#8221;4.7.5&#8243; _module_preset=&#8221;default&#8221; background_color=&#8221;#000000&#8243;][et_pb_column type=&#8221;1_2&#8243; _builder_version=&#8221;4.7.5&#8243; _module_preset=&#8221;default&#8221;][et_pb_button button_url=&#8221;@ET-DC@eyJkeW5hbWljIjp0cnVlLCJjb250ZW50IjoicG9zdF9saW5rX3VybF9wYWdlIiwic2V0dGluZ3MiOnsicG9zdF9pZCI6IjI0NDQifX0=@&#8221; button_text=&#8221;Mektup ve Esere Geri D\u00f6n&#8221; _builder_version=&#8221;4.7.6&#8243; _dynamic_attributes=&#8221;button_url&#8221; _module_preset=&#8221;default&#8221; custom_button=&#8221;on&#8221; button_bg_color=&#8221;#000000&#8243; button_border_color=&#8221;#000000&#8243; button_font=&#8221;Indie Flower||||||||&#8221; button_icon=&#8221;%%41%%&#8221; button_icon_color=&#8221;#ffffff&#8221; button_icon_placement=&#8221;left&#8221; button_on_hover=&#8221;off&#8221;][\/et_pb_button][et_pb_text _builder_version=&#8221;4.7.6&#8243; _module_preset=&#8221;default&#8221; background_color=&#8221;#000000&#8243;] Genco G\u00fclan, Resim, heykel, foto\u011fraf\u00a0 ve video kavramsal \u00e7a\u011fda\u015f sanat yap\u0131tlar\u0131n\u0131n t\u00fcm\u00fcn\u00fc \u2018fikir sanat\u0131\u2019 olarak tarif eden bir sanat\u00e7\u0131 ve teorisyendir. 1969 [&hellip;]<\/p>\n","protected":false},"author":9,"featured_media":0,"parent":0,"menu_order":0,"comment_status":"closed","ping_status":"closed","template":"","meta":{"_et_pb_use_builder":"on","_et_pb_old_content":"","_et_gb_content_width":"","spay_email":""},"jetpack_sharing_enabled":true,"jetpack_likes_enabled":true,"_links":{"self":[{"href":"https:\/\/gsfsergi.ebyu.edu.tr\/index.php?rest_route=\/wp\/v2\/pages\/2607"}],"collection":[{"href":"https:\/\/gsfsergi.ebyu.edu.tr\/index.php?rest_route=\/wp\/v2\/pages"}],"about":[{"href":"https:\/\/gsfsergi.ebyu.edu.tr\/index.php?rest_route=\/wp\/v2\/types\/page"}],"author":[{"embeddable":true,"href":"https:\/\/gsfsergi.ebyu.edu.tr\/index.php?rest_route=\/wp\/v2\/users\/9"}],"replies":[{"embeddable":true,"href":"https:\/\/gsfsergi.ebyu.edu.tr\/index.php?rest_route=%2Fwp%2Fv2%2Fcomments&post=2607"}],"version-history":[{"count":5,"href":"https:\/\/gsfsergi.ebyu.edu.tr\/index.php?rest_route=\/wp\/v2\/pages\/2607\/revisions"}],"predecessor-version":[{"id":3850,"href":"https:\/\/gsfsergi.ebyu.edu.tr\/index.php?rest_route=\/wp\/v2\/pages\/2607\/revisions\/3850"}],"wp:attachment":[{"href":"https:\/\/gsfsergi.ebyu.edu.tr\/index.php?rest_route=%2Fwp%2Fv2%2Fmedia&parent=2607"}],"curies":[{"name":"wp","href":"https:\/\/api.w.org\/{rel}","templated":true}]}}