{"id":2571,"date":"2020-12-12T19:25:59","date_gmt":"2020-12-12T16:25:59","guid":{"rendered":"https:\/\/gsfsergi.ebyu.edu.tr\/?page_id=2571"},"modified":"2020-12-17T15:56:12","modified_gmt":"2020-12-17T12:56:12","slug":"ebru-arslan-2","status":"publish","type":"page","link":"https:\/\/gsfsergi.ebyu.edu.tr\/?page_id=2571","title":{"rendered":"Ebru Arslan Hakk\u0131nda"},"content":{"rendered":"<p>[et_pb_section fb_built=&#8221;1&#8243; _builder_version=&#8221;4.7.5&#8243; _module_preset=&#8221;default&#8221; background_color=&#8221;#000000&#8243;][et_pb_row column_structure=&#8221;1_2,1_2&#8243; _builder_version=&#8221;4.7.5&#8243; _module_preset=&#8221;default&#8221; background_color=&#8221;#000000&#8243;][et_pb_column type=&#8221;1_2&#8243; _builder_version=&#8221;4.7.5&#8243; _module_preset=&#8221;default&#8221;][et_pb_button button_url=&#8221;@ET-DC@eyJkeW5hbWljIjp0cnVlLCJjb250ZW50IjoicG9zdF9saW5rX3VybF9wYWdlIiwic2V0dGluZ3MiOnsicG9zdF9pZCI6IjI0MTcifX0=@&#8221; button_text=&#8221;Mektup ve Esere Geri D\u00f6n&#8221; _builder_version=&#8221;4.7.6&#8243; _dynamic_attributes=&#8221;button_url&#8221; _module_preset=&#8221;default&#8221; custom_button=&#8221;on&#8221; button_bg_color=&#8221;#000000&#8243; button_border_color=&#8221;#000000&#8243; button_font=&#8221;Indie Flower||||||||&#8221; button_icon=&#8221;%%41%%&#8221; button_icon_color=&#8221;#ffffff&#8221; button_icon_placement=&#8221;left&#8221; button_on_hover=&#8221;off&#8221;][\/et_pb_button][et_pb_text _builder_version=&#8221;4.7.6&#8243; _module_preset=&#8221;default&#8221; background_color=&#8221;#000000&#8243;]<\/p>\n<p><span style=\"color: #ffffff; font-size: 18pt;\">Ebru Arslan,<\/span><\/p>\n<p><span style=\"color: #ffffff; font-size: 14pt;\">1997\u2019de Erzurum\u2019da d\u00fcnyaya geldi. 2015- 2019 y\u0131llar\u0131 aras\u0131nda Atat\u00fcrk \u00dcniversitesi, G\u00fczel Sanatlar Fak\u00fcltesini ikincilikle, Resim b\u00f6l\u00fcm\u00fc (\u00d6.\u00d6) birincilikle tamamlad\u0131. Atat\u00fcrk \u00dcniversitesi G\u00fczel Sanatlar Enstit\u00fcs\u00fc, Resim Ana Sanat Dal\u0131\u2019nda 2019\u2019da Y\u00fcksek Lisans e\u011fitimine ba\u015flad\u0131 ve hala devam ediyor.<\/span><\/p>\n<p><span style=\"color: #ffffff; font-size: 14pt;\"><strong>\u00a0<\/strong><\/span><\/p>\n<p><span style=\"color: #ffffff; font-size: 14pt;\"><strong>Sergiler<\/strong><\/span><\/p>\n<p><span style=\"color: #ffffff; font-size: 14pt;\">2013-\u00a0 \u201cT\u00fcrkiye Okuyor\u201d kampanyas\u0131 \u00e7er\u00e7evesinde yap\u0131lan \u201cKitap\u201d konulu Karma Resim Sergisi, Erzurum<\/span><\/p>\n<p><span style=\"color: #ffffff; font-size: 14pt;\">2017- 15 Temmuz Bask\u0131-Resim Sergisi, Karma Sergi<\/span><\/p>\n<p><span style=\"color: #ffffff; font-size: 14pt;\">2019- Atat\u00fcrk \u00dcniversitesi G\u00fczel Sanatlar Fak\u00fcltesi Mezuniyet Sergisi, Karma Sergi<\/span><\/p>\n<p>[\/et_pb_text][\/et_pb_column][et_pb_column type=&#8221;1_2&#8243; _builder_version=&#8221;4.7.5&#8243; _module_preset=&#8221;default&#8221;][et_pb_image src=&#8221;https:\/\/gsfsergi.ebyu.edu.tr\/wp-content\/uploads\/2020\/12\/071C3DC7742B438A87DD0C9838DE54A2.jpg&#8221; title_text=&#8221;071C3DC7742B438A87DD0C9838DE54A2&#8243; align=&#8221;center&#8221; _builder_version=&#8221;4.7.6&#8243; _module_preset=&#8221;default&#8221; hover_enabled=&#8221;0&#8243; sticky_enabled=&#8221;0&#8243;][\/et_pb_image][\/et_pb_column][\/et_pb_row][\/et_pb_section]<\/p>\n","protected":false},"excerpt":{"rendered":"<p>[et_pb_section fb_built=&#8221;1&#8243; _builder_version=&#8221;4.7.5&#8243; _module_preset=&#8221;default&#8221; background_color=&#8221;#000000&#8243;][et_pb_row column_structure=&#8221;1_2,1_2&#8243; _builder_version=&#8221;4.7.5&#8243; _module_preset=&#8221;default&#8221; background_color=&#8221;#000000&#8243;][et_pb_column type=&#8221;1_2&#8243; _builder_version=&#8221;4.7.5&#8243; _module_preset=&#8221;default&#8221;][et_pb_button button_url=&#8221;@ET-DC@eyJkeW5hbWljIjp0cnVlLCJjb250ZW50IjoicG9zdF9saW5rX3VybF9wYWdlIiwic2V0dGluZ3MiOnsicG9zdF9pZCI6IjI0MTcifX0=@&#8221; button_text=&#8221;Mektup ve Esere Geri D\u00f6n&#8221; _builder_version=&#8221;4.7.6&#8243; _dynamic_attributes=&#8221;button_url&#8221; _module_preset=&#8221;default&#8221; custom_button=&#8221;on&#8221; button_bg_color=&#8221;#000000&#8243; button_border_color=&#8221;#000000&#8243; button_font=&#8221;Indie Flower||||||||&#8221; button_icon=&#8221;%%41%%&#8221; button_icon_color=&#8221;#ffffff&#8221; button_icon_placement=&#8221;left&#8221; button_on_hover=&#8221;off&#8221;][\/et_pb_button][et_pb_text _builder_version=&#8221;4.7.6&#8243; _module_preset=&#8221;default&#8221; background_color=&#8221;#000000&#8243;] Ebru Arslan, 1997\u2019de Erzurum\u2019da d\u00fcnyaya geldi. 2015- 2019 y\u0131llar\u0131 aras\u0131nda Atat\u00fcrk \u00dcniversitesi, G\u00fczel Sanatlar Fak\u00fcltesini ikincilikle, Resim b\u00f6l\u00fcm\u00fc (\u00d6.\u00d6) birincilikle tamamlad\u0131. Atat\u00fcrk [&hellip;]<\/p>\n","protected":false},"author":9,"featured_media":0,"parent":0,"menu_order":0,"comment_status":"closed","ping_status":"closed","template":"","meta":{"_et_pb_use_builder":"on","_et_pb_old_content":"","_et_gb_content_width":"","spay_email":""},"jetpack_sharing_enabled":true,"jetpack_likes_enabled":true,"_links":{"self":[{"href":"https:\/\/gsfsergi.ebyu.edu.tr\/index.php?rest_route=\/wp\/v2\/pages\/2571"}],"collection":[{"href":"https:\/\/gsfsergi.ebyu.edu.tr\/index.php?rest_route=\/wp\/v2\/pages"}],"about":[{"href":"https:\/\/gsfsergi.ebyu.edu.tr\/index.php?rest_route=\/wp\/v2\/types\/page"}],"author":[{"embeddable":true,"href":"https:\/\/gsfsergi.ebyu.edu.tr\/index.php?rest_route=\/wp\/v2\/users\/9"}],"replies":[{"embeddable":true,"href":"https:\/\/gsfsergi.ebyu.edu.tr\/index.php?rest_route=%2Fwp%2Fv2%2Fcomments&post=2571"}],"version-history":[{"count":6,"href":"https:\/\/gsfsergi.ebyu.edu.tr\/index.php?rest_route=\/wp\/v2\/pages\/2571\/revisions"}],"predecessor-version":[{"id":3840,"href":"https:\/\/gsfsergi.ebyu.edu.tr\/index.php?rest_route=\/wp\/v2\/pages\/2571\/revisions\/3840"}],"wp:attachment":[{"href":"https:\/\/gsfsergi.ebyu.edu.tr\/index.php?rest_route=%2Fwp%2Fv2%2Fmedia&parent=2571"}],"curies":[{"name":"wp","href":"https:\/\/api.w.org\/{rel}","templated":true}]}}