{"id":2556,"date":"2020-12-12T19:21:42","date_gmt":"2020-12-12T16:21:42","guid":{"rendered":"https:\/\/gsfsergi.ebyu.edu.tr\/?page_id=2556"},"modified":"2020-12-17T15:59:45","modified_gmt":"2020-12-17T12:59:45","slug":"evren-kavukcu-hakkinda","status":"publish","type":"page","link":"https:\/\/gsfsergi.ebyu.edu.tr\/?page_id=2556","title":{"rendered":"Evren Kavukcu Hakk\u0131nda"},"content":{"rendered":"<p>[et_pb_section fb_built=&#8221;1&#8243; _builder_version=&#8221;4.7.5&#8243; _module_preset=&#8221;default&#8221; background_color=&#8221;#000000&#8243;][et_pb_row column_structure=&#8221;1_2,1_2&#8243; _builder_version=&#8221;4.7.5&#8243; _module_preset=&#8221;default&#8221; background_color=&#8221;#000000&#8243;][et_pb_column type=&#8221;1_2&#8243; _builder_version=&#8221;4.7.5&#8243; _module_preset=&#8221;default&#8221;][et_pb_button button_url=&#8221;@ET-DC@eyJkeW5hbWljIjp0cnVlLCJjb250ZW50IjoicG9zdF9saW5rX3VybF9wYWdlIiwic2V0dGluZ3MiOnsicG9zdF9pZCI6IjI0MDAifX0=@&#8221; button_text=&#8221;Mektup ve Esere Geri D\u00f6n&#8221; _builder_version=&#8221;4.7.6&#8243; _dynamic_attributes=&#8221;button_url&#8221; _module_preset=&#8221;default&#8221; custom_button=&#8221;on&#8221; button_bg_color=&#8221;#000000&#8243; button_border_color=&#8221;#000000&#8243; button_font=&#8221;Indie Flower||||||||&#8221; button_icon=&#8221;%%41%%&#8221; button_icon_color=&#8221;#ffffff&#8221; button_icon_placement=&#8221;left&#8221; button_on_hover=&#8221;off&#8221;][\/et_pb_button][et_pb_text _builder_version=&#8221;4.7.6&#8243; _module_preset=&#8221;default&#8221; background_color=&#8221;#000000&#8243;]<\/p>\n<p><span style=\"color: #ffffff; font-size: 18pt;\">Evren Kavukcu,<\/span><\/p>\n<p><span style=\"color: #ffffff; font-size: 14pt;\">Evren Kavukcu, 1977\u2019de \u0130zmir\u2019de do\u011fdu. 1999-2003 y\u0131llar\u0131 aras\u0131nda Atat\u00fcrk \u00dcniversitesi,<\/span><br \/><span style=\"color: #ffffff; font-size: 14pt;\"> G\u00fczel Sanatlar Fak\u00fcltesini \u00fc\u00e7\u00fcnc\u00fcl\u00fckle, Resim (i.\u00f6) b\u00f6l\u00fcm\u00fcn\u00fc birincilikle tamamlad\u0131. Atat\u00fcrk<\/span><br \/><span style=\"color: #ffffff; font-size: 14pt;\"> \u00dcniversitesi, Sosyal Bilimler Enstit\u00fcs\u00fc, Resim Ana Sanat Dal\u0131nda 2003\u2019de y\u00fcksek Lisans e\u011fitimini,<\/span><br \/><span style=\"color: #ffffff; font-size: 14pt;\"> 2009 y\u0131l\u0131nda ise Sanatta Yeterlili\u011fini ald\u0131. Atat\u00fcrk \u00dcniversitesi G\u00fczel Sanatlar Fak\u00fcltesi Resim<\/span><br \/><span style=\"color: #ffffff; font-size: 14pt;\"> B\u00f6l\u00fcm\u00fcne 2005 y\u0131l\u0131nda Ara\u015ft\u0131rma G\u00f6revlisi olarak g\u00f6reve ba\u015flayan Kavukcu, 2013\u2019de Dr. \u00d6\u011fr.<\/span><br \/><span style=\"color: #ffffff; font-size: 14pt;\"> \u00dcyeli\u011fine, 2017\u2019de Do\u00e7ent unvan\u0131n\u0131 ald\u0131. Kavukcu ulusal ve uluslararas\u0131 bir\u00e7ok ki\u015fisel sergi ve \u00e7ok<\/span><br \/><span style=\"color: #ffffff; font-size: 14pt;\"> say\u0131da grup etkinliklerinde yer alm\u0131\u015f, Atat\u00fcrk \u00dcniversitesi, G\u00fczel Sanatlar Fak\u00fcltesi, Resim<\/span><br \/><span style=\"color: #ffffff; font-size: 14pt;\"> B\u00f6l\u00fcm\u00fcnde Do\u00e7ent olarak \u00e7al\u0131\u015fmalar\u0131na devam etmektedir. \u00c7al\u0131\u015fmalar\u0131ndan;<\/span><br \/><span style=\"color: #ffffff; font-size: 14pt;\"> Ki\u015fisel Sergiler<\/span><br \/><span style=\"color: #ffffff; font-size: 14pt;\"> 2006 &#8211; \u201cEvrensel Boyut\u201d Atat\u00fcrk \u00dcniversitesi Sanat Galerisi, Erzurum<\/span><br \/><span style=\"color: #ffffff; font-size: 14pt;\"> 2014 &#8211; \u201cEvrensell\u0131\u0307k\u201d, Girne Amerikan \u00dcniversitesi Sergi Salonu, Girne, K\u0131br\u0131s<\/span><br \/><span style=\"color: #ffffff; font-size: 14pt;\"> 2016 &#8211; \u201cBen kimin? Ne istiyorum? Ne yapmal\u0131y\u0131m\u201d, Ortak\u00f6y K\u00fclt\u00fcr Merkezi Sanat Galerisi, \u0130stanbul<\/span><br \/><span style=\"color: #ffffff; font-size: 14pt;\"> 2016 &#8211; \u201cBen kimin? Ne istiyorum? Ne yapmal\u0131y\u0131m\u201d, Atat\u00fcrk \u00dcniversitesi G\u00fczel Sanatlar Fak\u00fcltesi<\/span><br \/><span style=\"color: #ffffff; font-size: 14pt;\"> Sergi Salonu, Erzurum<\/span><br \/><span style=\"color: #ffffff; font-size: 14pt;\"> 2017 &#8211; Artvin \u00c7oruh \u00dcniversitesi Tasar\u0131m Toplulu\u011fu, Artvin \u00c7oruh \u00dcniversitesi Orman Fak\u00fcltesi<\/span><br \/><span style=\"color: #ffffff; font-size: 14pt;\"> Peyzaj Mimarl\u0131\u011f\u0131 B\u00f6l\u00fcm\u00fc Sergi Salonu, Artvin<\/span><br \/><span style=\"color: #ffffff; font-size: 14pt;\"> Karma Sergiler<\/span><br \/><span style=\"color: #ffffff; font-size: 14pt;\"> 2003 &#8211; \u201c\u0130ster Bulu\u015fma I\u201d, Devlet G\u00fczel Sanatlar Galerisi, \u0130stanbul<\/span><br \/><span style=\"color: #ffffff; font-size: 14pt;\"> 2003 &#8211; \u201c\u0130ster Bulu\u015fma II\u201d, Alkent Actual Sanat Galerisi, \u0130stanbul<\/span><br \/><span style=\"color: #ffffff; font-size: 14pt;\"> 2003 &#8211; \u201c\u0130ster Bulu\u015fma III\u201d, Atat\u00fcrk \u00dcniversitesi Sanat Galerisi, Erzurum<\/span><br \/><span style=\"color: #ffffff; font-size: 14pt;\"> 2006 &#8211; \u201c\u00d6yp \u00dcniversiteleri III. Karma Sergisi\u201d, Kayseri<\/span><br \/><span style=\"color: #ffffff; font-size: 14pt;\"> 2007 &#8211; \u201cB\u00f6lge \u00dcniversiteleri \u00d6\u011fretim Elemanlar\u0131 Karma Resim Sergisi\u201d, Atat\u00fcrk \u00dcniversitesi G\u00fczel<\/span><br \/><span style=\"color: #ffffff; font-size: 14pt;\"> Sanatlar Fak\u00fcltesi, Erzurum<\/span><br \/><span style=\"color: #ffffff; font-size: 14pt;\"> 2007 &#8211; \u201cYol Sergisi \u00dc\u00e7\u201d Cumhuriyet \u00dcniversitesi Kamp\u00fcs\u00fc Sergi Salonu, Sivas<\/span><br \/><span style=\"color: #ffffff; font-size: 14pt;\"> 2007 &#8211; \u201cYol Sergisi \u00dc\u00e7\u201d T. C. K\u00fclt\u00fcr ve Turizm Bakanl\u0131\u011f\u0131 Devlet G\u00fczel Sanatlar Galerisi, Erzurum<\/span><br \/><span style=\"color: #ffffff; font-size: 14pt;\"> 2013 &#8211; \u201c\u00d6zg\u00fcr ve 90, T.C \u201c, Berlin B\u00fcy\u00fckel\u00e7ili\u011fi, Berlin, Almanya<\/span><br \/><span style=\"color: #ffffff; font-size: 14pt;\"> 2014 &#8211; \u201cUsta-\u00c7\u0131rak\u201d, Girne Amerikan \u00dcniversitesi Sergi Salonu, Girne<\/span><br \/><span style=\"color: #ffffff; font-size: 14pt;\"> 2015 &#8211; \u201cKad\u0131n Eli Yine Hayata Dokunuyor\u201d, Recep Tayyip Erdo\u011fan \u00dcniversitesi K\u00fclt\u00fcr Merkezi,<\/span><br \/><span style=\"color: #ffffff; font-size: 14pt;\"> Rize<\/span><br \/><span style=\"color: #ffffff; font-size: 14pt;\"> 2016 &#8211; \u201c\u00d6\u011fretim Elemanlar\u0131 Sergisi\u201d, Atat\u00fcrk \u00dcniversitesi G\u00fczel Sanatlar Fak\u00fcltesi Sergi Salonu,<\/span><br \/><span style=\"color: #ffffff; font-size: 14pt;\"> Erzurum<\/span><br \/><span style=\"color: #ffffff; font-size: 14pt;\"> 2018 &#8211; \u201c2.Uluslararas\u0131 D\u00fcnya Sanat G\u00fcn\u00fc \u00c7al\u0131\u015ftay\u0131 ve Sergi\u201d, Ardahan \u00dcniversitesi, Ardahan<\/span><\/p>\n<p>[\/et_pb_text][\/et_pb_column][et_pb_column type=&#8221;1_2&#8243; _builder_version=&#8221;4.7.5&#8243; _module_preset=&#8221;default&#8221;][et_pb_image src=&#8221;https:\/\/gsfsergi.ebyu.edu.tr\/wp-content\/uploads\/2020\/12\/230810ECBF8A437A9F66242C4EBDF9D1.jpg&#8221; title_text=&#8221;230810ECBF8A437A9F66242C4EBDF9D1&#8243; align=&#8221;center&#8221; _builder_version=&#8221;4.7.6&#8243; _module_preset=&#8221;default&#8221; hover_enabled=&#8221;0&#8243; sticky_enabled=&#8221;0&#8243;][\/et_pb_image][\/et_pb_column][\/et_pb_row][\/et_pb_section]<\/p>\n","protected":false},"excerpt":{"rendered":"<p>[et_pb_section fb_built=&#8221;1&#8243; _builder_version=&#8221;4.7.5&#8243; _module_preset=&#8221;default&#8221; background_color=&#8221;#000000&#8243;][et_pb_row column_structure=&#8221;1_2,1_2&#8243; _builder_version=&#8221;4.7.5&#8243; _module_preset=&#8221;default&#8221; background_color=&#8221;#000000&#8243;][et_pb_column type=&#8221;1_2&#8243; _builder_version=&#8221;4.7.5&#8243; _module_preset=&#8221;default&#8221;][et_pb_button button_url=&#8221;@ET-DC@eyJkeW5hbWljIjp0cnVlLCJjb250ZW50IjoicG9zdF9saW5rX3VybF9wYWdlIiwic2V0dGluZ3MiOnsicG9zdF9pZCI6IjI0MDAifX0=@&#8221; button_text=&#8221;Mektup ve Esere Geri D\u00f6n&#8221; _builder_version=&#8221;4.7.6&#8243; _dynamic_attributes=&#8221;button_url&#8221; _module_preset=&#8221;default&#8221; custom_button=&#8221;on&#8221; button_bg_color=&#8221;#000000&#8243; button_border_color=&#8221;#000000&#8243; button_font=&#8221;Indie Flower||||||||&#8221; button_icon=&#8221;%%41%%&#8221; button_icon_color=&#8221;#ffffff&#8221; button_icon_placement=&#8221;left&#8221; button_on_hover=&#8221;off&#8221;][\/et_pb_button][et_pb_text _builder_version=&#8221;4.7.6&#8243; _module_preset=&#8221;default&#8221; background_color=&#8221;#000000&#8243;] Evren Kavukcu, Evren Kavukcu, 1977\u2019de \u0130zmir\u2019de do\u011fdu. 1999-2003 y\u0131llar\u0131 aras\u0131nda Atat\u00fcrk \u00dcniversitesi, G\u00fczel Sanatlar Fak\u00fcltesini \u00fc\u00e7\u00fcnc\u00fcl\u00fckle, Resim (i.\u00f6) b\u00f6l\u00fcm\u00fcn\u00fc birincilikle tamamlad\u0131. Atat\u00fcrk [&hellip;]<\/p>\n","protected":false},"author":9,"featured_media":0,"parent":0,"menu_order":0,"comment_status":"closed","ping_status":"closed","template":"","meta":{"_et_pb_use_builder":"on","_et_pb_old_content":"","_et_gb_content_width":"","spay_email":""},"jetpack_sharing_enabled":true,"jetpack_likes_enabled":true,"_links":{"self":[{"href":"https:\/\/gsfsergi.ebyu.edu.tr\/index.php?rest_route=\/wp\/v2\/pages\/2556"}],"collection":[{"href":"https:\/\/gsfsergi.ebyu.edu.tr\/index.php?rest_route=\/wp\/v2\/pages"}],"about":[{"href":"https:\/\/gsfsergi.ebyu.edu.tr\/index.php?rest_route=\/wp\/v2\/types\/page"}],"author":[{"embeddable":true,"href":"https:\/\/gsfsergi.ebyu.edu.tr\/index.php?rest_route=\/wp\/v2\/users\/9"}],"replies":[{"embeddable":true,"href":"https:\/\/gsfsergi.ebyu.edu.tr\/index.php?rest_route=%2Fwp%2Fv2%2Fcomments&post=2556"}],"version-history":[{"count":9,"href":"https:\/\/gsfsergi.ebyu.edu.tr\/index.php?rest_route=\/wp\/v2\/pages\/2556\/revisions"}],"predecessor-version":[{"id":3843,"href":"https:\/\/gsfsergi.ebyu.edu.tr\/index.php?rest_route=\/wp\/v2\/pages\/2556\/revisions\/3843"}],"wp:attachment":[{"href":"https:\/\/gsfsergi.ebyu.edu.tr\/index.php?rest_route=%2Fwp%2Fv2%2Fmedia&parent=2556"}],"curies":[{"name":"wp","href":"https:\/\/api.w.org\/{rel}","templated":true}]}}