{"id":2548,"date":"2020-12-12T19:12:06","date_gmt":"2020-12-12T16:12:06","guid":{"rendered":"https:\/\/gsfsergi.ebyu.edu.tr\/?page_id=2548"},"modified":"2020-12-16T11:46:53","modified_gmt":"2020-12-16T08:46:53","slug":"muhammet-tatar","status":"publish","type":"page","link":"https:\/\/gsfsergi.ebyu.edu.tr\/?page_id=2548","title":{"rendered":"Muhammet Tatar"},"content":{"rendered":"<p>[et_pb_section fb_built=&#8221;1&#8243; _builder_version=&#8221;4.7.5&#8243; _module_preset=&#8221;default&#8221; background_color=&#8221;#000000&#8243;][et_pb_row column_structure=&#8221;1_2,1_2&#8243; _builder_version=&#8221;4.7.5&#8243; _module_preset=&#8221;default&#8221; background_color=&#8221;#000000&#8243;][et_pb_column type=&#8221;1_2&#8243; _builder_version=&#8221;4.6.6&#8243; _module_preset=&#8221;default&#8221;][et_pb_text _builder_version=&#8221;4.7.6&#8243; _module_preset=&#8221;default&#8221; hover_enabled=&#8221;0&#8243; sticky_enabled=&#8221;0&#8243;]<\/p>\n<p>&nbsp;<\/p>\n<p>&nbsp;<\/p>\n<p style=\"text-align: center;\"><span style=\"font-size: 14pt; color: #ffffff;\"><strong>YEN\u0130 NORMAL!<\/strong><\/span><\/p>\n<p><span style=\"font-size: 14pt; color: #ffffff;\"><strong>\u00a0<\/strong>\u00d6l\u00fcm ya\u015fam\u0131n asla de\u011fi\u015fmeyen bir par\u00e7as\u0131 olarak \u00f6ylece orada durmakta. Zaman\u0131 ve \u015fekli de\u011fi\u015fkenlik g\u00f6stermesine ra\u011fmen meydana geliyor olmas\u0131 ve bu durumun insan tekinde meydana getirdi\u011fi korku de\u011fi\u015fmeden devam etmekte. Felaketler, salg\u0131lar, sava\u015flar insano\u011flu var olal\u0131 beri form de\u011fi\u015ftirerek ancak \u00f6zde y\u0131k\u0131m olarak aram\u0131zda dola\u015fmakta. Kadim medeniyetlerin mitlerinde, kutsal kitaplarda b\u00fcy\u00fck tufan ayn\u0131 \u015fekilde betimlenir. Salg\u0131nlar ve sava\u015flar benzer k\u0131y\u0131mlara sebep olur ve toplum b\u00fct\u00fcn bunlar\u0131n korkusuyla zapturapt alt\u0131na al\u0131n\u0131r. \u00c7a\u011f\u0131m\u0131z \u00f6zellikle postmodernite ile birlikte an\u0131lan k\u00fcreselle\u015fme, bilginin metala\u015ft\u0131r\u0131lmas\u0131, kapitalizmin vah\u015fi y\u00f6n\u00fcn\u00fcn toplumun b\u00fct\u00fcn bireyleri taraf\u0131ndan iliklerine kadar hissedilmesi ve daha da \u00f6nemlisi medeniyet kurumunun kurumsalla\u015ft\u0131rd\u0131\u011f\u0131 geleneksel yap\u0131lar\u0131n k\u00fcreselle\u015fme u\u011fruna yerle bir edilmesiyle bizlere yeni bir ya\u015fam kavram\u0131 sunmaya ba\u015flad\u0131. Baudrillard\u2019\u0131n \u201csim\u00fclasyon\u201d evresi olarak tan\u0131mlad\u0131\u011f\u0131 postmodern evre \u00f6zellikle bas\u0131n yay\u0131n organlar\u0131n\u0131n ve g\u00fcn\u00fcm\u00fczde de sosyal medyan\u0131n toplumlar\u0131n b\u00fcy\u00fck \u00e7o\u011funlu\u011funa ula\u015fmas\u0131 ve toplumlar\u0131 manip\u00fcle etme (y\u00f6nlendirme) arac\u0131 olarak kullan\u0131lmas\u0131 bu yeni durumun en belirleyici unsuru olarak kar\u015f\u0131m\u0131za \u00e7\u0131kmakta.<\/span><\/p>\n<p><span style=\"font-size: 14pt; color: #ffffff;\">Korku insan\u0131 ve toplumlar\u0131 idare etmenin ya da y\u00f6nlendirmenin en kestirme yolu olarak binlerce y\u0131ld\u0131r kullan\u0131lan bir enstr\u00fcman, Orta\u00e7a\u011fda cad\u0131lar ya da tanr\u0131 ile insanlar\u0131 yola getiren! otorite g\u00fcn\u00fcm\u00fczde bunu bilgi\/bilim, ter\u00f6rizm ve sa\u011fl\u0131k gibi unsurlarla ger\u00e7ekle\u015ftirmekte.<\/span><\/p>\n<p><span style=\"font-size: 14pt; color: #ffffff;\">\u00a0\u00a0\u00a0\u00a0\u00a0\u00a0\u00a0\u00a0\u00a0\u00a0\u00a0 Oysa hayat temel unsurlar\u0131yla ayn\u0131 \u00e7izgi \u00fczerinde s\u00fcr\u00fcp gitmekte. Korkular\u0131m\u0131z, kayg\u0131lar\u0131m\u0131z ve ihtiya\u00e7lar\u0131m\u0131z de\u011fi\u015fkenlik arz etse de temel insani duru\u015fumuz de\u011fi\u015fkenlik g\u00f6stermemekte ve hayat korku imparatorluklar\u0131 alt\u0131nda ezilemeyecek kadar k\u0131ymetli. B\u00fct\u00fcn bu nedenlerden dolay\u0131 korkular\u0131n toplumsal belle\u011fi yok etmesine izin vermeden <strong><em>gelen-ekler<\/em><\/strong> \u00fczerine daha korumac\u0131 bir tutumla varl\u0131\u011f\u0131n kayna\u011f\u0131na dair ger\u00e7eklikleri kaybetmeden \u00fcst\u00fcne de\u011ferler in\u015fa emek gerekiyor.<\/span><\/p>\n<p><span style=\"font-size: 14pt; color: #ffffff;\">\u00a0\u00a0\u00a0\u00a0\u00a0\u00a0\u00a0\u00a0\u00a0\u00a0\u00a0 D\u00fcnya halen ayn\u0131 h\u0131zda d\u00f6n\u00fcyor, y\u0131l halen 365 g\u00fcn ve g\u00fcn 24 saat, de\u011fi\u015fen \u00e7ok bir \u015fey yok, YEN\u0130 NORMAL ise sadece bir sim\u00fclasyon.<\/span><\/p>\n<p>&nbsp;<\/p>\n<p><span style=\"font-size: 14pt; color: #ffffff;\">\u00a0\u00a0\u00a0\u00a0\u00a0\u00a0\u00a0\u00a0\u00a0\u00a0\u00a0\u00a0\u00a0\u00a0\u00a0\u00a0\u00a0\u00a0\u00a0\u00a0\u00a0\u00a0\u00a0\u00a0\u00a0\u00a0\u00a0\u00a0\u00a0\u00a0\u00a0\u00a0\u00a0\u00a0\u00a0\u00a0\u00a0\u00a0\u00a0\u00a0\u00a0\u00a0\u00a0\u00a0\u00a0\u00a0\u00a0\u00a0\u00a0\u00a0\u00a0\u00a0\u00a0\u00a0\u00a0\u00a0\u00a0\u00a0\u00a0\u00a0\u00a0\u00a0\u00a0\u00a0\u00a0\u00a0\u00a0\u00a0\u00a0\u00a0\u00a0\u00a0\u00a0\u00a0\u00a0\u00a0\u00a0\u00a0\u00a0\u00a0\u00a0\u00a0\u00a0\u00a0\u00a0\u00a0\u00a0\u00a0\u00a0\u00a0\u00a0\u00a0\u00a0\u00a0\u00a0\u00a0\u00a0\u00a0\u00a0\u00a0\u00a0\u00a0\u00a0\u00a0\u00a0\u00a0\u00a0\u00a0\u00a0\u00a0\u00a0\u00a0\u00a0\u00a0\u00a0\u00a0\u00a0 Muhammet Tatar<\/span><\/p>\n<p>[\/et_pb_text][\/et_pb_column][et_pb_column type=&#8221;1_2&#8243; _builder_version=&#8221;4.6.6&#8243; _module_preset=&#8221;default&#8221;][et_pb_image src=&#8221;https:\/\/gsfsergi.ebyu.edu.tr\/wp-content\/uploads\/2020\/12\/Muhammet-Tatar-1&#215;11-mg-4.jpg&#8221; title_text=&#8221;Muhammet Tatar 1&#215;1=1 mg 4&#8243; show_in_lightbox=&#8221;on&#8221; _builder_version=&#8221;4.7.6&#8243; _module_preset=&#8221;default&#8221; custom_padding=&#8221;81px|||||&#8221;][\/et_pb_image][et_pb_text _builder_version=&#8221;4.7.6&#8243; _module_preset=&#8221;default&#8221;]<\/p>\n<p><span style=\"color: #ffffff;\">Muhammet Tatar<\/span><br \/><span style=\"color: #ffffff;\"> \u201c1&#215;1=1 mg 4\u201d<\/span><br \/><span style=\"color: #ffffff;\">Tuval \u00fczerine akrilik.<\/span><\/p>\n<p>[\/et_pb_text][et_pb_button button_url=&#8221;@ET-DC@eyJkeW5hbWljIjp0cnVlLCJjb250ZW50IjoicG9zdF9saW5rX3VybF9wYWdlIiwic2V0dGluZ3MiOnsicG9zdF9pZCI6IjI3MjUifX0=@&#8221; button_text=&#8221;Muhammet Tatar Hakk\u0131nda&#8221; button_alignment=&#8221;left&#8221; _builder_version=&#8221;4.7.6&#8243; _dynamic_attributes=&#8221;button_url&#8221; _module_preset=&#8221;default&#8221; custom_button=&#8221;on&#8221; button_text_size=&#8221;24px&#8221; button_text_color=&#8221;#ffffff&#8221; button_bg_color=&#8221;#000000&#8243; button_border_width=&#8221;4px&#8221; button_border_color=&#8221;#000000&#8243; button_font=&#8221;Indie Flower||||||||&#8221; button_icon=&#8221;%%258%%&#8221; button_icon_color=&#8221;#ffffff&#8221; button_icon_placement=&#8221;left&#8221; button_on_hover=&#8221;off&#8221; custom_margin=&#8221;||-2px|||&#8221;][\/et_pb_button][et_pb_button button_url=&#8221;@ET-DC@eyJkeW5hbWljIjp0cnVlLCJjb250ZW50IjoicG9zdF9saW5rX3VybF9wYWdlIiwic2V0dGluZ3MiOnsicG9zdF9pZCI6IjYwNSJ9fQ==@&#8221; button_text=&#8221;Sergiye Geri D\u00f6n&#8221; button_alignment=&#8221;left&#8221; _builder_version=&#8221;4.7.5&#8243; _dynamic_attributes=&#8221;button_url&#8221; _module_preset=&#8221;default&#8221; custom_button=&#8221;on&#8221; button_text_size=&#8221;24px&#8221; button_text_color=&#8221;#ffffff&#8221; button_bg_color=&#8221;#000000&#8243; button_border_width=&#8221;4px&#8221; button_border_color=&#8221;#000000&#8243; button_font=&#8221;Indie Flower||||||||&#8221; button_icon=&#8221;%%41%%&#8221; button_icon_color=&#8221;#ffffff&#8221; button_icon_placement=&#8221;left&#8221; button_on_hover=&#8221;off&#8221;][\/et_pb_button][\/et_pb_column][\/et_pb_row][\/et_pb_section]<\/p>\n","protected":false},"excerpt":{"rendered":"<p>[et_pb_section fb_built=&#8221;1&#8243; _builder_version=&#8221;4.7.5&#8243; _module_preset=&#8221;default&#8221; background_color=&#8221;#000000&#8243;][et_pb_row column_structure=&#8221;1_2,1_2&#8243; _builder_version=&#8221;4.7.5&#8243; _module_preset=&#8221;default&#8221; background_color=&#8221;#000000&#8243;][et_pb_column type=&#8221;1_2&#8243; _builder_version=&#8221;4.6.6&#8243; _module_preset=&#8221;default&#8221;][et_pb_text _builder_version=&#8221;4.7.6&#8243; _module_preset=&#8221;default&#8221; hover_enabled=&#8221;0&#8243; sticky_enabled=&#8221;0&#8243;] &nbsp; &nbsp; YEN\u0130 NORMAL! \u00a0\u00d6l\u00fcm ya\u015fam\u0131n asla de\u011fi\u015fmeyen bir par\u00e7as\u0131 olarak \u00f6ylece orada durmakta. Zaman\u0131 ve \u015fekli de\u011fi\u015fkenlik g\u00f6stermesine ra\u011fmen meydana geliyor olmas\u0131 ve bu durumun insan tekinde meydana getirdi\u011fi korku de\u011fi\u015fmeden devam etmekte. Felaketler, salg\u0131lar, sava\u015flar insano\u011flu var [&hellip;]<\/p>\n","protected":false},"author":9,"featured_media":0,"parent":0,"menu_order":0,"comment_status":"closed","ping_status":"closed","template":"","meta":{"_et_pb_use_builder":"on","_et_pb_old_content":"","_et_gb_content_width":"","spay_email":""},"jetpack_sharing_enabled":true,"jetpack_likes_enabled":true,"_links":{"self":[{"href":"https:\/\/gsfsergi.ebyu.edu.tr\/index.php?rest_route=\/wp\/v2\/pages\/2548"}],"collection":[{"href":"https:\/\/gsfsergi.ebyu.edu.tr\/index.php?rest_route=\/wp\/v2\/pages"}],"about":[{"href":"https:\/\/gsfsergi.ebyu.edu.tr\/index.php?rest_route=\/wp\/v2\/types\/page"}],"author":[{"embeddable":true,"href":"https:\/\/gsfsergi.ebyu.edu.tr\/index.php?rest_route=\/wp\/v2\/users\/9"}],"replies":[{"embeddable":true,"href":"https:\/\/gsfsergi.ebyu.edu.tr\/index.php?rest_route=%2Fwp%2Fv2%2Fcomments&post=2548"}],"version-history":[{"count":5,"href":"https:\/\/gsfsergi.ebyu.edu.tr\/index.php?rest_route=\/wp\/v2\/pages\/2548\/revisions"}],"predecessor-version":[{"id":3542,"href":"https:\/\/gsfsergi.ebyu.edu.tr\/index.php?rest_route=\/wp\/v2\/pages\/2548\/revisions\/3542"}],"wp:attachment":[{"href":"https:\/\/gsfsergi.ebyu.edu.tr\/index.php?rest_route=%2Fwp%2Fv2%2Fmedia&parent=2548"}],"curies":[{"name":"wp","href":"https:\/\/api.w.org\/{rel}","templated":true}]}}