{"id":2544,"date":"2020-12-12T19:11:17","date_gmt":"2020-12-12T16:11:17","guid":{"rendered":"https:\/\/gsfsergi.ebyu.edu.tr\/?page_id=2544"},"modified":"2020-12-15T12:27:03","modified_gmt":"2020-12-15T09:27:03","slug":"nedret-yasar","status":"publish","type":"page","link":"https:\/\/gsfsergi.ebyu.edu.tr\/?page_id=2544","title":{"rendered":"Nedret Ya\u015far"},"content":{"rendered":"<p>[et_pb_section fb_built=&#8221;1&#8243; _builder_version=&#8221;4.7.5&#8243; _module_preset=&#8221;default&#8221; background_color=&#8221;#000000&#8243;][et_pb_row column_structure=&#8221;1_2,1_2&#8243; _builder_version=&#8221;4.7.5&#8243; _module_preset=&#8221;default&#8221; background_color=&#8221;#000000&#8243;][et_pb_column type=&#8221;1_2&#8243; _builder_version=&#8221;4.6.6&#8243; _module_preset=&#8221;default&#8221;][et_pb_text _builder_version=&#8221;4.7.6&#8243; _module_preset=&#8221;default&#8221; hover_enabled=&#8221;0&#8243; sticky_enabled=&#8221;0&#8243;]<\/p>\n<p>&nbsp;<\/p>\n<p>&nbsp;<\/p>\n<p><span style=\"color: #ffffff; font-size: 14pt;\">\u2018Yeni D\u00fcnya\u2019ya\u2019 \u2026.<\/span><br \/><span style=\"color: #ffffff; font-size: 14pt;\"> \u201cD\u00fc\u015flenen imge, hayal ya da \u2018d\u00fc\u015f\u2019 olarak adland\u0131r\u0131lmas\u0131ndan \u00e7ok \u00f6nce sevgi, korku ve bilinmezlik gibi ruhsal hallerin aras\u0131nda yer alarak bunlarla yak\u0131n ili\u015fki i\u00e7inde varl\u0131k g\u00f6stermi\u015f, sanat\u0131n t\u00fcm \u00fcretim s\u00fcre\u00e7lerinde g\u00fc\u00e7l\u00fc bir unsur olagelmi\u015ftir. <\/span><br \/><span style=\"color: #ffffff; font-size: 14pt;\"> Plastik dilin imk\u00e2nlar\u0131yla belirginle\u015ftirilen fig\u00fcrlerin ruhsal h\u00e2llerinin ve ger\u00e7ek ile d\u00fc\u015f\u00fcn ayk\u0131r\u0131 yap\u0131lar\u0131 olarak tasarlanan sahnelerin konu edildi\u011fi resimlerimde izleyici, tan\u0131y\u0131p \u00f6zde\u015fle\u015fece\u011fi bir ortamla, d\u00fc\u015flenen bir d\u00fcnyayla kar\u015f\u0131la\u015facakt\u0131r. <\/span><br \/><span style=\"color: #ffffff;\"><span style=\"font-size: 14pt;\">Sanata \u00f6zg\u00fc yaratma edimi ile ger\u00e7e\u011fin d\u00fc\u015fe, d\u00fc\u015f\u00fcn de ger\u00e7e\u011fe d\u00f6n\u00fc\u015fmesi, g\u00fcn\u00fcm\u00fcz ya\u015fam\u0131n\u0131n i\u00e7indeki uyumsuzlu\u011fa n\u00fcfuz eden nefret, korku ve bilinmezlik d\u00fc\u015f\u00fcnceleri ile b\u00fct\u00fcnle\u015fmektedir.\u201d<\/span> <\/span><\/p>\n<p>[\/et_pb_text][\/et_pb_column][et_pb_column type=&#8221;1_2&#8243; _builder_version=&#8221;4.6.6&#8243; _module_preset=&#8221;default&#8221;][et_pb_image src=&#8221;https:\/\/gsfsergi.ebyu.edu.tr\/wp-content\/uploads\/2020\/12\/NedretYas\u0327ar-scaled.jpg&#8221; title_text=&#8221;NedretYas\u0327ar&#8221; show_in_lightbox=&#8221;on&#8221; _builder_version=&#8221;4.7.6&#8243; _module_preset=&#8221;default&#8221; custom_padding=&#8221;81px|||||&#8221;][\/et_pb_image][et_pb_text _builder_version=&#8221;4.7.6&#8243; _module_preset=&#8221;default&#8221; hover_enabled=&#8221;0&#8243; sticky_enabled=&#8221;0&#8243;]<\/p>\n<p><span style=\"color: #ffffff;\">Nedret Ya\u015far<\/span><br \/><span style=\"color: #ffffff;\"> \u201cGelece\u011fe Notlar\u201d<\/span><br \/><span style=\"color: #ffffff;\"> 2020<\/span><br \/><span style=\"color: #ffffff;\"> 50 cm x 20 cm<\/span><br \/><span style=\"color: #ffffff;\"> Tuval \u00fczerine Ya\u011fl\u0131boya.<\/span><\/p>\n<p>[\/et_pb_text][et_pb_button button_url=&#8221;@ET-DC@eyJkeW5hbWljIjp0cnVlLCJjb250ZW50IjoicG9zdF9saW5rX3VybF9wYWdlIiwic2V0dGluZ3MiOnsicG9zdF9pZCI6IjI3MjEifX0=@&#8221; button_text=&#8221;Nedret Ya\u015far Hakk\u0131nda&#8221; button_alignment=&#8221;left&#8221; _builder_version=&#8221;4.7.6&#8243; _dynamic_attributes=&#8221;button_url&#8221; _module_preset=&#8221;default&#8221; custom_button=&#8221;on&#8221; button_text_size=&#8221;24px&#8221; button_text_color=&#8221;#ffffff&#8221; button_bg_color=&#8221;#000000&#8243; button_border_width=&#8221;4px&#8221; button_border_color=&#8221;#000000&#8243; button_font=&#8221;Indie Flower||||||||&#8221; button_icon=&#8221;%%258%%&#8221; button_icon_color=&#8221;#ffffff&#8221; button_icon_placement=&#8221;left&#8221; button_on_hover=&#8221;off&#8221; custom_margin=&#8221;||-2px|||&#8221;][\/et_pb_button][et_pb_button button_url=&#8221;@ET-DC@eyJkeW5hbWljIjp0cnVlLCJjb250ZW50IjoicG9zdF9saW5rX3VybF9wYWdlIiwic2V0dGluZ3MiOnsicG9zdF9pZCI6IjYwNSJ9fQ==@&#8221; button_text=&#8221;Sergiye Geri D\u00f6n&#8221; button_alignment=&#8221;left&#8221; _builder_version=&#8221;4.7.5&#8243; _dynamic_attributes=&#8221;button_url&#8221; _module_preset=&#8221;default&#8221; custom_button=&#8221;on&#8221; button_text_size=&#8221;24px&#8221; button_text_color=&#8221;#ffffff&#8221; button_bg_color=&#8221;#000000&#8243; button_border_width=&#8221;4px&#8221; button_border_color=&#8221;#000000&#8243; button_font=&#8221;Indie Flower||||||||&#8221; button_icon=&#8221;%%41%%&#8221; button_icon_color=&#8221;#ffffff&#8221; button_icon_placement=&#8221;left&#8221; button_on_hover=&#8221;off&#8221;][\/et_pb_button][\/et_pb_column][\/et_pb_row][\/et_pb_section]<\/p>\n","protected":false},"excerpt":{"rendered":"<p>[et_pb_section fb_built=&#8221;1&#8243; _builder_version=&#8221;4.7.5&#8243; _module_preset=&#8221;default&#8221; background_color=&#8221;#000000&#8243;][et_pb_row column_structure=&#8221;1_2,1_2&#8243; _builder_version=&#8221;4.7.5&#8243; _module_preset=&#8221;default&#8221; background_color=&#8221;#000000&#8243;][et_pb_column type=&#8221;1_2&#8243; _builder_version=&#8221;4.6.6&#8243; _module_preset=&#8221;default&#8221;][et_pb_text _builder_version=&#8221;4.7.6&#8243; _module_preset=&#8221;default&#8221; hover_enabled=&#8221;0&#8243; sticky_enabled=&#8221;0&#8243;] &nbsp; &nbsp; \u2018Yeni D\u00fcnya\u2019ya\u2019 \u2026. \u201cD\u00fc\u015flenen imge, hayal ya da \u2018d\u00fc\u015f\u2019 olarak adland\u0131r\u0131lmas\u0131ndan \u00e7ok \u00f6nce sevgi, korku ve bilinmezlik gibi ruhsal hallerin aras\u0131nda yer alarak bunlarla yak\u0131n ili\u015fki i\u00e7inde varl\u0131k g\u00f6stermi\u015f, sanat\u0131n t\u00fcm \u00fcretim s\u00fcre\u00e7lerinde g\u00fc\u00e7l\u00fc bir unsur olagelmi\u015ftir. [&hellip;]<\/p>\n","protected":false},"author":9,"featured_media":0,"parent":0,"menu_order":0,"comment_status":"closed","ping_status":"closed","template":"","meta":{"_et_pb_use_builder":"on","_et_pb_old_content":"","_et_gb_content_width":"","spay_email":""},"jetpack_sharing_enabled":true,"jetpack_likes_enabled":true,"_links":{"self":[{"href":"https:\/\/gsfsergi.ebyu.edu.tr\/index.php?rest_route=\/wp\/v2\/pages\/2544"}],"collection":[{"href":"https:\/\/gsfsergi.ebyu.edu.tr\/index.php?rest_route=\/wp\/v2\/pages"}],"about":[{"href":"https:\/\/gsfsergi.ebyu.edu.tr\/index.php?rest_route=\/wp\/v2\/types\/page"}],"author":[{"embeddable":true,"href":"https:\/\/gsfsergi.ebyu.edu.tr\/index.php?rest_route=\/wp\/v2\/users\/9"}],"replies":[{"embeddable":true,"href":"https:\/\/gsfsergi.ebyu.edu.tr\/index.php?rest_route=%2Fwp%2Fv2%2Fcomments&post=2544"}],"version-history":[{"count":6,"href":"https:\/\/gsfsergi.ebyu.edu.tr\/index.php?rest_route=\/wp\/v2\/pages\/2544\/revisions"}],"predecessor-version":[{"id":3395,"href":"https:\/\/gsfsergi.ebyu.edu.tr\/index.php?rest_route=\/wp\/v2\/pages\/2544\/revisions\/3395"}],"wp:attachment":[{"href":"https:\/\/gsfsergi.ebyu.edu.tr\/index.php?rest_route=%2Fwp%2Fv2%2Fmedia&parent=2544"}],"curies":[{"name":"wp","href":"https:\/\/api.w.org\/{rel}","templated":true}]}}