{"id":2540,"date":"2020-12-12T19:10:34","date_gmt":"2020-12-12T16:10:34","guid":{"rendered":"https:\/\/gsfsergi.ebyu.edu.tr\/?page_id=2540"},"modified":"2020-12-15T12:24:57","modified_gmt":"2020-12-15T09:24:57","slug":"mustafa-orkun-muftuoglu-2","status":"publish","type":"page","link":"https:\/\/gsfsergi.ebyu.edu.tr\/?page_id=2540","title":{"rendered":"Mustafa Orkun M\u00fcft\u00fco\u011flu"},"content":{"rendered":"<p>[et_pb_section fb_built=&#8221;1&#8243; _builder_version=&#8221;4.7.5&#8243; _module_preset=&#8221;default&#8221; background_color=&#8221;#000000&#8243;][et_pb_row column_structure=&#8221;1_2,1_2&#8243; _builder_version=&#8221;4.7.5&#8243; _module_preset=&#8221;default&#8221; background_color=&#8221;#000000&#8243;][et_pb_column type=&#8221;1_2&#8243; _builder_version=&#8221;4.6.6&#8243; _module_preset=&#8221;default&#8221;][et_pb_text _builder_version=&#8221;4.7.6&#8243; _module_preset=&#8221;default&#8221; hover_enabled=&#8221;0&#8243; sticky_enabled=&#8221;0&#8243;]<\/p>\n<p>&nbsp;<\/p>\n<p>&nbsp;<\/p>\n<p><span style=\"color: #ffffff; font-size: 14pt;\">Devam ediyor&#8230; <\/span><br \/><span style=\"color: #ffffff; font-size: 14pt;\"> Sanat ve eser olu\u015fturmada en \u00f6nemli etkenlerden biri s\u00fcre\u00e7 olgusudur. Olu\u015fturmadaki anlar\u0131n toplam\u0131 eserin yekun formunu olu\u015fturmakla beraber sonu\u00e7 eserin anlam\u0131n\u0131, esas\u0131n\u0131 yani ifadesini kapsar. T\u00fcm olu\u015fturma s\u00fcre\u00e7lerinin ya\u015famdan ba\u011f\u0131ms\u0131z alg\u0131lanmas\u0131 ya da<\/span><br \/><span style=\"color: #ffffff; font-size: 14pt;\"> eserin ba\u011flam\u0131ndan kopuk olmas\u0131 de\u011ferlendirilemez.<\/span><br \/><span style=\"color: #ffffff; font-size: 14pt;\"> Ve ayn\u0131 zamanda da ya\u015fam ve ki\u015filik \u00f6zellikleri ya da etkileri eserde tamamen ya da belli oranda nesnelle\u015fir. Ya\u015fam ve ki\u015filik \u00f6zellikleri, olu\u015fturma s\u00fcrecini ve eserin b\u00fct\u00fcn\u00fcn\u00fc etkilemesiyle beraber olumlu ya da olumsuz olgu ve olaylar\u0131n bir yans\u0131mas\u0131n\u0131 da ifade eder.<\/span><br \/><span style=\"color: #ffffff; font-size: 14pt;\"> An, s\u00fcre\u00e7, ya\u015fam, ki\u015filik, bug\u00fcn, yar\u0131n, eser&#8230;<\/span><\/p>\n<p><span style=\"color: #ffffff; font-size: 14pt;\">Mustafa Orkun M\u00fcft\u00fco\u011flu 2020<\/span><\/p>\n<p>[\/et_pb_text][\/et_pb_column][et_pb_column type=&#8221;1_2&#8243; _builder_version=&#8221;4.6.6&#8243; _module_preset=&#8221;default&#8221;][et_pb_image src=&#8221;https:\/\/gsfsergi.ebyu.edu.tr\/wp-content\/uploads\/2020\/12\/MustafaOrkunMu\u0308ftu\u0308og\u0306lu-scaled.jpg&#8221; title_text=&#8221;MustafaOrkunMu\u0308ftu\u0308og\u0306lu&#8221; show_in_lightbox=&#8221;on&#8221; _builder_version=&#8221;4.7.6&#8243; _module_preset=&#8221;default&#8221; custom_padding=&#8221;81px|||||&#8221;][\/et_pb_image][et_pb_text _builder_version=&#8221;4.7.6&#8243; _module_preset=&#8221;default&#8221;]<\/p>\n<p><span style=\"color: #ffffff;\">Mustafa Orkun M\u00fcft\u00fco\u011flu<\/span><br \/><span style=\"color: #ffffff;\">\u201cDevam Ediyor\u201d<\/span><br \/><span style=\"color: #ffffff;\">\u201cIn Progress\u201d<\/span><br \/><span style=\"color: #ffffff;\">2020<\/span><br \/><span style=\"color: #ffffff;\">100 cm x 120 cm<\/span><br \/><span style=\"color: #ffffff;\">Tuval \u00fczerine ya\u011fl\u0131boya, Oil on Canvas.<\/span><\/p>\n<p>[\/et_pb_text][et_pb_button button_url=&#8221;@ET-DC@eyJkeW5hbWljIjp0cnVlLCJjb250ZW50IjoicG9zdF9saW5rX3VybF9wYWdlIiwic2V0dGluZ3MiOnsicG9zdF9pZCI6IjI3MTUifX0=@&#8221; button_text=&#8221;M. Orkun M\u00fcft\u00fco\u011flu Hakk\u0131nda&#8221; button_alignment=&#8221;left&#8221; _builder_version=&#8221;4.7.6&#8243; _dynamic_attributes=&#8221;button_url&#8221; _module_preset=&#8221;default&#8221; custom_button=&#8221;on&#8221; button_text_size=&#8221;24px&#8221; button_text_color=&#8221;#ffffff&#8221; button_bg_color=&#8221;#000000&#8243; button_border_width=&#8221;4px&#8221; button_border_color=&#8221;#000000&#8243; button_font=&#8221;Indie Flower||||||||&#8221; button_icon=&#8221;%%258%%&#8221; button_icon_color=&#8221;#ffffff&#8221; button_icon_placement=&#8221;left&#8221; button_on_hover=&#8221;off&#8221; custom_margin=&#8221;||-2px|||&#8221;][\/et_pb_button][et_pb_button button_url=&#8221;@ET-DC@eyJkeW5hbWljIjp0cnVlLCJjb250ZW50IjoicG9zdF9saW5rX3VybF9wYWdlIiwic2V0dGluZ3MiOnsicG9zdF9pZCI6IjYwNSJ9fQ==@&#8221; button_text=&#8221;Sergiye Geri D\u00f6n&#8221; button_alignment=&#8221;left&#8221; _builder_version=&#8221;4.7.5&#8243; _dynamic_attributes=&#8221;button_url&#8221; _module_preset=&#8221;default&#8221; custom_button=&#8221;on&#8221; button_text_size=&#8221;24px&#8221; button_text_color=&#8221;#ffffff&#8221; button_bg_color=&#8221;#000000&#8243; button_border_width=&#8221;4px&#8221; button_border_color=&#8221;#000000&#8243; button_font=&#8221;Indie Flower||||||||&#8221; button_icon=&#8221;%%41%%&#8221; button_icon_color=&#8221;#ffffff&#8221; button_icon_placement=&#8221;left&#8221; button_on_hover=&#8221;off&#8221;][\/et_pb_button][\/et_pb_column][\/et_pb_row][\/et_pb_section]<\/p>\n","protected":false},"excerpt":{"rendered":"<p>[et_pb_section fb_built=&#8221;1&#8243; _builder_version=&#8221;4.7.5&#8243; _module_preset=&#8221;default&#8221; background_color=&#8221;#000000&#8243;][et_pb_row column_structure=&#8221;1_2,1_2&#8243; _builder_version=&#8221;4.7.5&#8243; _module_preset=&#8221;default&#8221; background_color=&#8221;#000000&#8243;][et_pb_column type=&#8221;1_2&#8243; _builder_version=&#8221;4.6.6&#8243; _module_preset=&#8221;default&#8221;][et_pb_text _builder_version=&#8221;4.7.6&#8243; _module_preset=&#8221;default&#8221; hover_enabled=&#8221;0&#8243; sticky_enabled=&#8221;0&#8243;] &nbsp; &nbsp; Devam ediyor&#8230; Sanat ve eser olu\u015fturmada en \u00f6nemli etkenlerden biri s\u00fcre\u00e7 olgusudur. Olu\u015fturmadaki anlar\u0131n toplam\u0131 eserin yekun formunu olu\u015fturmakla beraber sonu\u00e7 eserin anlam\u0131n\u0131, esas\u0131n\u0131 yani ifadesini kapsar. T\u00fcm olu\u015fturma s\u00fcre\u00e7lerinin ya\u015famdan ba\u011f\u0131ms\u0131z alg\u0131lanmas\u0131 ya da eserin ba\u011flam\u0131ndan [&hellip;]<\/p>\n","protected":false},"author":9,"featured_media":0,"parent":0,"menu_order":0,"comment_status":"closed","ping_status":"closed","template":"","meta":{"_et_pb_use_builder":"on","_et_pb_old_content":"","_et_gb_content_width":"","spay_email":""},"jetpack_sharing_enabled":true,"jetpack_likes_enabled":true,"_links":{"self":[{"href":"https:\/\/gsfsergi.ebyu.edu.tr\/index.php?rest_route=\/wp\/v2\/pages\/2540"}],"collection":[{"href":"https:\/\/gsfsergi.ebyu.edu.tr\/index.php?rest_route=\/wp\/v2\/pages"}],"about":[{"href":"https:\/\/gsfsergi.ebyu.edu.tr\/index.php?rest_route=\/wp\/v2\/types\/page"}],"author":[{"embeddable":true,"href":"https:\/\/gsfsergi.ebyu.edu.tr\/index.php?rest_route=\/wp\/v2\/users\/9"}],"replies":[{"embeddable":true,"href":"https:\/\/gsfsergi.ebyu.edu.tr\/index.php?rest_route=%2Fwp%2Fv2%2Fcomments&post=2540"}],"version-history":[{"count":4,"href":"https:\/\/gsfsergi.ebyu.edu.tr\/index.php?rest_route=\/wp\/v2\/pages\/2540\/revisions"}],"predecessor-version":[{"id":3391,"href":"https:\/\/gsfsergi.ebyu.edu.tr\/index.php?rest_route=\/wp\/v2\/pages\/2540\/revisions\/3391"}],"wp:attachment":[{"href":"https:\/\/gsfsergi.ebyu.edu.tr\/index.php?rest_route=%2Fwp%2Fv2%2Fmedia&parent=2540"}],"curies":[{"name":"wp","href":"https:\/\/api.w.org\/{rel}","templated":true}]}}