{"id":2536,"date":"2020-12-12T19:09:11","date_gmt":"2020-12-12T16:09:11","guid":{"rendered":"https:\/\/gsfsergi.ebyu.edu.tr\/?page_id=2536"},"modified":"2020-12-17T11:44:40","modified_gmt":"2020-12-17T08:44:40","slug":"safiye-basar","status":"publish","type":"page","link":"https:\/\/gsfsergi.ebyu.edu.tr\/?page_id=2536","title":{"rendered":"Safiye Ba\u015far"},"content":{"rendered":"<p>[et_pb_section fb_built=&#8221;1&#8243; _builder_version=&#8221;4.7.5&#8243; _module_preset=&#8221;default&#8221; background_color=&#8221;#000000&#8243;][et_pb_row column_structure=&#8221;1_2,1_2&#8243; _builder_version=&#8221;4.7.5&#8243; _module_preset=&#8221;default&#8221; background_color=&#8221;#000000&#8243;][et_pb_column type=&#8221;1_2&#8243; _builder_version=&#8221;4.6.6&#8243; _module_preset=&#8221;default&#8221;][et_pb_text _builder_version=&#8221;4.7.6&#8243; _module_preset=&#8221;default&#8221; hover_enabled=&#8221;0&#8243; sticky_enabled=&#8221;0&#8243;]<\/p>\n<p>&nbsp;<\/p>\n<p>&nbsp;<\/p>\n<p><span style=\"font-size: 14pt; color: #ffffff;\"><strong><em>Yapabiliyorum: Bug\u00fcnde Ya\u015f\u0131yorum.<\/em><\/strong><\/span><\/p>\n<p><span style=\"font-size: 14pt; color: #ffffff;\"><em>\u00a0<\/em><\/span><\/p>\n<p><span style=\"font-size: 14pt; color: #ffffff;\"><em>T\u00fcm uzuvlar\u0131m\u0131 yitirdim. <\/em><\/span><\/p>\n<p><span style=\"font-size: 14pt; color: #ffffff;\"><em>T\u00fcm bildiklerimi unuttum. <\/em><\/span><\/p>\n<p><span style=\"font-size: 14pt; color: #ffffff;\"><em>Safiye Ba\u015far A\u011fustos 2020<\/em><\/span><\/p>\n<p><span style=\"font-size: 14pt; color: #ffffff;\">\u0130nsan\u0131n ya\u015fam\u0131 anlamland\u0131rma \u00e7abas\u0131 olan sanat, bir d\u00fc\u015f\u00fcncenin, manan\u0131n\u00a0 cisimle\u015fmesi olarak tan\u0131mlanabilir. 20. Y\u00fczy\u0131l\u0131n ba\u015flar\u0131nda Marcel Duchamp\u2019\u0131n sanat\u00e7\u0131 ve sanat yap\u0131t\u0131n\u0131n kutsiyetine indirdi\u011fi darbeye de\u011fin, sanat salt teknik beceri ve yetene\u011fe dayal\u0131 bir edim olarak kabul edilmi\u015ftir. Ancak, Duchamp\u2019\u0131n\u00a0 \u201c\u00c7e\u015fme\u201dsi beceri ve yetene\u011fi sanat\u0131n birincil ko\u015fulu olmaktan \u00e7\u0131kararak, sanat tarihinde derin bir k\u0131r\u0131lma yaratm\u0131\u015ft\u0131r. Bu k\u0131r\u0131lman\u0131n, kavramsal \u00e7al\u0131\u015fmalarla birlikte geni\u015fleyerek, d\u00fc\u015f\u00fcncenin, s\u00fcrecin, g\u00fcnl\u00fck s\u0131radan nesnenin i\u015fin i\u00e7ine dahil edildi\u011fi ve en son noktada nesnesizle\u015fen\u00a0 sanata do\u011fru evrildi\u011fi izlenmektedir.<\/span><\/p>\n<p><span style=\"font-size: 14pt; color: #ffffff;\">Sanatsal ifade diline ili\u015fkin bu k\u0131r\u0131lmalar\u0131n ve d\u00f6n\u00fc\u015f\u00fcmlerin ge\u00e7ti\u011fimiz y\u00fczy\u0131lda ya\u015fanan toplumsal travmalar\u0131n, ekonomik ve siyasal d\u00f6n\u00fc\u015f\u00fcmlerin bir yans\u0131mas\u0131 oldu\u011funu s\u00f6ylemek yanl\u0131\u015f olmayacakt\u0131r. Peki bug\u00fcn t\u00fcm d\u00fcnyay\u0131 etkisi alt\u0131na alan salg\u0131n\u0131n, pandeminin sanattaki yans\u0131mas\u0131 nedir? S\u00fcrecin i\u00e7inden ge\u00e7erken bu sorusunun cevab\u0131n\u0131 tam olarak vermek, olgulara ili\u015fkin do\u011fru bir okuma yapmak m\u00fcmk\u00fcn olmayabilir. Gelecekte bu g\u00fcnlere dair bir de\u011ferlendirme yapmaya \u0131\u015f\u0131k tutacaksa e\u011fer \u015fu soru cevaplanmal\u0131d\u0131r: Kaosun ortas\u0131nda bizi \u00fcretmeye iten nedir?<\/span><\/p>\n<p><span style=\"font-size: 14pt; color: #ffffff;\">\u00dcretmek ya\u015fam\u0131n bilinmezli\u011fi ve anlams\u0131zl\u0131\u011f\u0131 kar\u015f\u0131s\u0131nda bir ba\u015fkald\u0131r\u0131d\u0131r. \u00dcretmek ya\u015fama cesareti g\u00f6stermek, ya\u015f\u0131yorum diyebilmektir. Rastlant\u0131lar ve \u00d6ng\u00f6r\u00fclemeyen Olas\u0131l\u0131klar serisi, i\u015fte i\u00e7inden ge\u00e7ti\u011fimiz bu kaotik d\u00f6nemde ortaya \u00e7\u0131km\u0131\u015ft\u0131r. \u00a0Bir anlamda ba\u015fkald\u0131r\u0131d\u0131r. Her iki seride de kavramsal yakla\u015f\u0131mdan ziyade duyusal deneyimin \u00f6nceledi\u011fi formalist bir tav\u0131r \u00f6ne \u00e7\u0131kmaktad\u0131r. Seramik malzeme temelli \u00e7al\u0131\u015fmalarda, yapma\/yapabilme becerisine dayal\u0131 bir \u00fcretim ve in\u015fa s\u00fcreci izlenmektedir. Bu ilk anda sanat\u0131n beceriye dayal\u0131 \u00fcretim gelene\u011fine geri d\u00f6n\u00fc\u015f olarak de\u011ferlendirilebilir. Ancak buna pandemi s\u00fcrecinde eve kapanan, d\u0131\u015f d\u00fcnyadan yal\u0131t\u0131lm\u0131\u015f insan\u0131n duygusal yoksunlu\u011funun sonucu olarak yakla\u015fmak daha do\u011fru olacakt\u0131r.<\/span><\/p>\n<p>&nbsp;<\/p>\n<p><span style=\"font-size: 14pt; color: #ffffff;\">Pandemiyle birlikte kesintiye u\u011frayan g\u00fcnl\u00fck ya\u015fam\u0131m\u0131zda, pandemi \u00f6ncesi g\u00fcnler uzak ge\u00e7mi\u015f olarak belleklere kaz\u0131n\u0131rken, ge\u00e7mi\u015fte kazan\u0131lan her beceri yitirilmi\u015f; her bilgi adeta unutulup kaybolmu\u015ftu. Tamda bu endi\u015feyle sanat\u00e7\u0131 at\u00f6lyesine y\u00f6neldi. \u00a0<\/span><\/p>\n<p><span style=\"font-size: 14pt; color: #ffffff;\"><em>\u201cT\u0131pk\u0131 kabustan uyanan insan\u0131n yitirdi\u011fini sand\u0131\u011f\u0131 uzuvlar\u0131n\u0131 kontrol emesi gibi, tek tek denedim yar\u0131m y\u00fczy\u0131ld\u0131r y\u0131ld\u0131r \u00f6\u011frendiklerimi. \u00dcrkek parmaklar\u0131mla dokundum \u00e7amura ve yava\u015f\u00e7a s\u0131k\u0131\u015ft\u0131rd\u0131m avu\u00e7lar\u0131mda. \u00dcst \u00fcste y\u0131\u011fd\u0131m.\u00a0 Yapabiliyorum: Bug\u00fcnde ya\u015f\u0131yorum.\u201d<\/em><\/span><\/p>\n<p>[\/et_pb_text][\/et_pb_column][et_pb_column type=&#8221;1_2&#8243; _builder_version=&#8221;4.6.6&#8243; _module_preset=&#8221;default&#8221;][et_pb_image src=&#8221;https:\/\/gsfsergi.ebyu.edu.tr\/wp-content\/uploads\/2020\/12\/Safiye-Basar-Ongorulemeyen-kirilma-2.jpg&#8221; title_text=&#8221;Safiye Ba\u015far \u00d6ng\u00f6r\u00fclemeyen k\u0131r\u0131lma 2&#8243; show_in_lightbox=&#8221;on&#8221; _builder_version=&#8221;4.7.6&#8243; _module_preset=&#8221;default&#8221; custom_padding=&#8221;81px|||||&#8221;][\/et_pb_image][et_pb_text _builder_version=&#8221;4.7.6&#8243; _module_preset=&#8221;default&#8221;]<\/p>\n<p><span style=\"color: #ffffff;\">Safiye Ba\u015far<\/span><br \/><span style=\"color: #ffffff;\">\u201c\u00d6ng\u00f6r\u00fclemeyen K\u0131r\u0131lma-II\u201d<\/span><br \/><span style=\"color: #ffffff;\">2020<\/span><br \/><span style=\"color: #ffffff;\">Elle \u015fekillendirme, Seramik..<\/span><\/p>\n<p>[\/et_pb_text][et_pb_button button_url=&#8221;@ET-DC@eyJkeW5hbWljIjp0cnVlLCJjb250ZW50IjoicG9zdF9saW5rX3VybF9wYWdlIiwic2V0dGluZ3MiOnsicG9zdF9pZCI6IjI3MTEifX0=@&#8221; button_text=&#8221;Safiye Ba\u015far Hakk\u0131nda&#8221; button_alignment=&#8221;left&#8221; _builder_version=&#8221;4.7.6&#8243; _dynamic_attributes=&#8221;button_url&#8221; _module_preset=&#8221;default&#8221; custom_button=&#8221;on&#8221; button_text_size=&#8221;24px&#8221; button_text_color=&#8221;#ffffff&#8221; button_bg_color=&#8221;#000000&#8243; button_border_width=&#8221;4px&#8221; button_border_color=&#8221;#000000&#8243; button_font=&#8221;Indie Flower||||||||&#8221; button_icon=&#8221;%%258%%&#8221; button_icon_color=&#8221;#ffffff&#8221; button_icon_placement=&#8221;left&#8221; button_on_hover=&#8221;off&#8221; custom_margin=&#8221;||-2px|||&#8221;][\/et_pb_button][et_pb_button button_url=&#8221;@ET-DC@eyJkeW5hbWljIjp0cnVlLCJjb250ZW50IjoicG9zdF9saW5rX3VybF9wYWdlIiwic2V0dGluZ3MiOnsicG9zdF9pZCI6IjYwNSJ9fQ==@&#8221; button_text=&#8221;Sergiye Geri D\u00f6n&#8221; button_alignment=&#8221;left&#8221; _builder_version=&#8221;4.7.5&#8243; _dynamic_attributes=&#8221;button_url&#8221; _module_preset=&#8221;default&#8221; custom_button=&#8221;on&#8221; button_text_size=&#8221;24px&#8221; button_text_color=&#8221;#ffffff&#8221; button_bg_color=&#8221;#000000&#8243; button_border_width=&#8221;4px&#8221; button_border_color=&#8221;#000000&#8243; button_font=&#8221;Indie Flower||||||||&#8221; button_icon=&#8221;%%41%%&#8221; button_icon_color=&#8221;#ffffff&#8221; button_icon_placement=&#8221;left&#8221; button_on_hover=&#8221;off&#8221;][\/et_pb_button][\/et_pb_column][\/et_pb_row][\/et_pb_section]<\/p>\n","protected":false},"excerpt":{"rendered":"<p>[et_pb_section fb_built=&#8221;1&#8243; _builder_version=&#8221;4.7.5&#8243; _module_preset=&#8221;default&#8221; background_color=&#8221;#000000&#8243;][et_pb_row column_structure=&#8221;1_2,1_2&#8243; _builder_version=&#8221;4.7.5&#8243; _module_preset=&#8221;default&#8221; background_color=&#8221;#000000&#8243;][et_pb_column type=&#8221;1_2&#8243; _builder_version=&#8221;4.6.6&#8243; _module_preset=&#8221;default&#8221;][et_pb_text _builder_version=&#8221;4.7.6&#8243; _module_preset=&#8221;default&#8221; hover_enabled=&#8221;0&#8243; sticky_enabled=&#8221;0&#8243;] &nbsp; &nbsp; Yapabiliyorum: Bug\u00fcnde Ya\u015f\u0131yorum. \u00a0 T\u00fcm uzuvlar\u0131m\u0131 yitirdim. T\u00fcm bildiklerimi unuttum. Safiye Ba\u015far A\u011fustos 2020 \u0130nsan\u0131n ya\u015fam\u0131 anlamland\u0131rma \u00e7abas\u0131 olan sanat, bir d\u00fc\u015f\u00fcncenin, manan\u0131n\u00a0 cisimle\u015fmesi olarak tan\u0131mlanabilir. 20. Y\u00fczy\u0131l\u0131n ba\u015flar\u0131nda Marcel Duchamp\u2019\u0131n sanat\u00e7\u0131 ve sanat yap\u0131t\u0131n\u0131n kutsiyetine indirdi\u011fi [&hellip;]<\/p>\n","protected":false},"author":9,"featured_media":0,"parent":0,"menu_order":0,"comment_status":"closed","ping_status":"closed","template":"","meta":{"_et_pb_use_builder":"on","_et_pb_old_content":"","_et_gb_content_width":"","spay_email":""},"jetpack_sharing_enabled":true,"jetpack_likes_enabled":true,"_links":{"self":[{"href":"https:\/\/gsfsergi.ebyu.edu.tr\/index.php?rest_route=\/wp\/v2\/pages\/2536"}],"collection":[{"href":"https:\/\/gsfsergi.ebyu.edu.tr\/index.php?rest_route=\/wp\/v2\/pages"}],"about":[{"href":"https:\/\/gsfsergi.ebyu.edu.tr\/index.php?rest_route=\/wp\/v2\/types\/page"}],"author":[{"embeddable":true,"href":"https:\/\/gsfsergi.ebyu.edu.tr\/index.php?rest_route=\/wp\/v2\/users\/9"}],"replies":[{"embeddable":true,"href":"https:\/\/gsfsergi.ebyu.edu.tr\/index.php?rest_route=%2Fwp%2Fv2%2Fcomments&post=2536"}],"version-history":[{"count":4,"href":"https:\/\/gsfsergi.ebyu.edu.tr\/index.php?rest_route=\/wp\/v2\/pages\/2536\/revisions"}],"predecessor-version":[{"id":3605,"href":"https:\/\/gsfsergi.ebyu.edu.tr\/index.php?rest_route=\/wp\/v2\/pages\/2536\/revisions\/3605"}],"wp:attachment":[{"href":"https:\/\/gsfsergi.ebyu.edu.tr\/index.php?rest_route=%2Fwp%2Fv2%2Fmedia&parent=2536"}],"curies":[{"name":"wp","href":"https:\/\/api.w.org\/{rel}","templated":true}]}}