{"id":2532,"date":"2020-12-12T19:08:19","date_gmt":"2020-12-12T16:08:19","guid":{"rendered":"https:\/\/gsfsergi.ebyu.edu.tr\/?page_id=2532"},"modified":"2020-12-16T11:27:08","modified_gmt":"2020-12-16T08:27:08","slug":"resat-basar","status":"publish","type":"page","link":"https:\/\/gsfsergi.ebyu.edu.tr\/?page_id=2532","title":{"rendered":"Re\u015fat Ba\u015far"},"content":{"rendered":"<p>[et_pb_section fb_built=&#8221;1&#8243; _builder_version=&#8221;4.7.5&#8243; _module_preset=&#8221;default&#8221; background_color=&#8221;#000000&#8243;][et_pb_row column_structure=&#8221;1_2,1_2&#8243; _builder_version=&#8221;4.7.5&#8243; _module_preset=&#8221;default&#8221; background_color=&#8221;#000000&#8243;][et_pb_column type=&#8221;1_2&#8243; _builder_version=&#8221;4.6.6&#8243; _module_preset=&#8221;default&#8221;][et_pb_text _builder_version=&#8221;4.7.6&#8243; _module_preset=&#8221;default&#8221; hover_enabled=&#8221;0&#8243; sticky_enabled=&#8221;0&#8243;]<\/p>\n<p>&nbsp;<\/p>\n<p>&nbsp;<\/p>\n<p><span style=\"font-size: 14pt; color: #ffffff;\"><strong>Kay\u0131p \u0130konalar, Kaybolan Kentler, Kapal\u0131 Yap\u0131tlar<\/strong><\/span><\/p>\n<p><span style=\"font-size: 14pt; color: #ffffff;\">Kentler, bir zamanlar\u0131n idolleriyle doldu art\u0131k. Kiremit \u00e7at\u0131l\u0131 \u00fc\u00e7, bilemedin be\u015f katl\u0131 apartmanlar yerlerini onlarca katl\u0131 g\u00f6kdelenlere b\u0131rakt\u0131. \u00dc\u00e7 be\u015f birikimle, di\u015f t\u0131rnak art\u0131klar\u0131yla dikilen apartmanlar insanl\u0131\u011f\u0131n yeni mabetleri olarak bu kocaman yap\u0131lar\u0131n alt\u0131nda, birer tevazu abidesi olarak direniyorlar hala. \u0130nsan i\u00e7in, insana g\u00f6re yap\u0131ld\u0131\u011f\u0131 iddia edilen, sonsuzlu\u011fa i\u015faret eden bu beton y\u0131\u011f\u0131nlar\u0131n\u0131n ileti\u015fimsizli\u011fe hizmet etti\u011fi uzun s\u00fcredir tart\u0131\u015f\u0131lmas\u0131na kar\u015f\u0131n, \u00f6n\u00fcne ge\u00e7ilemeyen bir sahip olma g\u00fcd\u00fcs\u00fcn\u00fc i\u00e7imizde b\u00fcy\u00fct\u00fcyoruz hepimiz. Kapal\u0131 devre bir ya\u015famdan ba\u015fka bir \u015fey vadetmeyen bu yeni kent olgusunun, \u00e7evrim i\u00e7i bir ya\u015fam\u0131 haz\u0131rlad\u0131\u011f\u0131n\u0131n fark\u0131nda olamad\u0131k hi\u00e7birimiz.<\/span><\/p>\n<p><span style=\"font-size: 14pt; color: #ffffff;\">Bu yap\u0131lar i\u00e7inde yarat\u0131lan h\u00fccrelerde ya\u015famak zorunda b\u0131rak\u0131lan, y\u00fcksek g\u00fcvenlik paranoyas\u0131yla g\u00f6z g\u00f6ze gelmekten korkan, ya\u015fad\u0131\u011f\u0131 ortamdan \u00e7\u0131kmadan i\u015fini ve al\u0131\u015fveri\u015fini yapmay\u0131 ayr\u0131cal\u0131k g\u00f6ren bu yeni nesil kent insan\u0131n\u0131 kendi d\u00fcnyas\u0131na hapsetmek hi\u00e7 zor olmad\u0131. Dijital d\u00fcnyay\u0131 ger\u00e7ek sanan, ancak t\u00fcketti\u011fi markalarla ileti\u015fim kurabilen, sanal arkada\u015fl\u0131klar kurup sokakta bu arkada\u015flar\u0131n\u0131 tan\u0131mayan, selamlamayan bu yeni ku\u015fak art\u0131k tek ba\u015f\u0131na b\u0131rak\u0131labilir, kolayl\u0131kla ayr\u0131\u015ft\u0131r\u0131labilirdi.<\/span><\/p>\n<p><span style=\"font-size: 14pt; color: #ffffff;\">Kendi benli\u011finden bile ayr\u0131 d\u00fc\u015f\u00fcr\u00fclm\u00fc\u015f y\u0131\u011f\u0131nlar\u0131n ger\u00e7ek yaln\u0131zl\u0131kla y\u00fczle\u015ftirilmeleri, art\u0131k k\u0131r\u0131nt\u0131s\u0131 kalm\u0131\u015f eski al\u0131\u015fkanl\u0131klar\u0131 da yok edip yeni bir d\u00fczenin, yeni bir ya\u015fam bi\u00e7iminin perdesini a\u00e7t\u0131 hepimize: Online\/\u00e7evrim i\u00e7i, yani uzaktan hayat. Art\u0131k kimse kimseyi ger\u00e7ekten g\u00f6remeyecek, ger\u00e7ekten sohbet edemeyecek, ger\u00e7ekten sar\u0131lamayacakt\u0131. Hatta birbiriyle tokala\u015famayacakt\u0131 bile. \u015eimdi herkes ger\u00e7ek \u201cbirey\u201d olmu\u015ftu, kendi ba\u015f\u0131na, kendi halinde ge\u00e7ek \u201cbirey\u201d. Art\u0131k yeni bir \u201cpost\u201da dair c\u00fcmleler kurulabilir, yeni \u201cm\u00fchendislik\u201d alanlar\u0131 geli\u015ftirilebilirdi. \u0130\u015fte tam burada yeni \u201csanat\u201dtan da s\u00f6z a\u00e7mak yeni d\u00fczenin sa\u011flad\u0131\u011f\u0131 avantajlardan biriydi.<\/span><\/p>\n<p><span style=\"font-size: 14pt; color: #ffffff;\">Post-covid d\u00f6nemde sanat, ayr\u0131\u015ft\u0131r\u0131lan bireylerin sanal mekanlarda payla\u015f\u0131ma a\u00e7t\u0131\u011f\u0131, kay\u0131p salonlarda dola\u015f\u0131ma soktu\u011fu yap\u0131tlardan olu\u015fuyor art\u0131k. Sanat\u00e7\u0131, sanat yap\u0131t\u0131 ve izleyici \u00fc\u00e7lemesinin bir aya\u011f\u0131 eksilerek, denge bozuldu. Sanat\u00e7\u0131 ve sanat yap\u0131t\u0131, izleyiciden ve mek\u00e2ndan uzak, kendi ba\u015flar\u0131na var olmak durumunda bu yeni d\u00f6nemde. Kent ya\u015fam\u0131 gibi k\u00fclt\u00fcrel ya\u015fam\u0131n sanat merkezleri de kapand\u0131. Sanat, ancak sanal alemlerin ara y\u00fczlerinde izlenebilir oldu. Bir var olma m\u00fccadelesi ve paranoyas\u0131n\u0131n h\u00e2kim oldu\u011fu post-covid d\u00f6nem, sanatta da payla\u015fmaya dair ne varsa al\u0131p g\u00f6t\u00fcrd\u00fc. G\u00f6rkemli g\u00f6kdelenlerin bo\u015f idollere d\u00f6n\u00fc\u015ft\u00fc\u011f\u00fc bu yeni d\u00f6nem, sanat\u0131n sacaya\u011f\u0131n\u0131 y\u0131karak, ba\u011flam\u0131ndan kopuk \u201ckapal\u0131 yap\u0131t\u201d kavram\u0131na gebe bir durum yaratt\u0131. \u0130zleyici yap\u0131tla bulu\u015fam\u0131yorsa \u201ca\u00e7\u0131k yap\u0131t\u201d da var olamazd\u0131 bu saatten sonra. Tarih yazar gibi g\u00fcn\u00fcm\u00fcz\u00fc ya\u015fad\u0131\u011f\u0131m\u0131z bu d\u00f6nemde sanat\u0131n ne olaca\u011f\u0131 da \u00e7ok a\u00e7\u0131k: Kentler gibi, sokaklar gibi, parklar gibi sanat da kapat\u0131yor kendini.<\/span><\/p>\n<p><span style=\"font-size: 14pt; color: #ffffff;\">M. Re\u015fat Ba\u015far<\/span><\/p>\n<p>[\/et_pb_text][\/et_pb_column][et_pb_column type=&#8221;1_2&#8243; _builder_version=&#8221;4.6.6&#8243; _module_preset=&#8221;default&#8221;][et_pb_image src=&#8221;https:\/\/gsfsergi.ebyu.edu.tr\/wp-content\/uploads\/2020\/12\/ResatBasar.jpg&#8221; title_text=&#8221;Re\u015fatBa\u015far&#8221; show_in_lightbox=&#8221;on&#8221; _builder_version=&#8221;4.7.6&#8243; _module_preset=&#8221;default&#8221; custom_padding=&#8221;81px|||||&#8221;][\/et_pb_image][et_pb_text _builder_version=&#8221;4.7.6&#8243; _module_preset=&#8221;default&#8221; hover_enabled=&#8221;0&#8243; sticky_enabled=&#8221;0&#8243;]<\/p>\n<p><span style=\"color: #ffffff;\">M. Re\u015fat Ba\u015far<\/span><br \/><span style=\"color: #ffffff;\"> \u201cKent \u0130konas\u0131\u201d<\/span><br \/><span style=\"color: #ffffff;\"> 70 cm x 100 cm<\/span><br \/><span style=\"color: #ffffff;\"> Tuval \u00fczerine akrilik.<\/span><\/p>\n<p>[\/et_pb_text][et_pb_button button_url=&#8221;@ET-DC@eyJkeW5hbWljIjp0cnVlLCJjb250ZW50IjoicG9zdF9saW5rX3VybF9wYWdlIiwic2V0dGluZ3MiOnsicG9zdF9pZCI6IjI3MDgifX0=@&#8221; button_text=&#8221;M. Re\u015fat Ba\u015far Hakk\u0131nda&#8221; button_alignment=&#8221;left&#8221; _builder_version=&#8221;4.7.6&#8243; _dynamic_attributes=&#8221;button_url&#8221; _module_preset=&#8221;default&#8221; custom_button=&#8221;on&#8221; button_text_size=&#8221;24px&#8221; button_text_color=&#8221;#ffffff&#8221; button_bg_color=&#8221;#000000&#8243; button_border_width=&#8221;4px&#8221; button_border_color=&#8221;#000000&#8243; button_font=&#8221;Indie Flower||||||||&#8221; button_icon=&#8221;%%258%%&#8221; button_icon_color=&#8221;#ffffff&#8221; button_icon_placement=&#8221;left&#8221; button_on_hover=&#8221;off&#8221; custom_margin=&#8221;||-2px|||&#8221;][\/et_pb_button][et_pb_button button_url=&#8221;@ET-DC@eyJkeW5hbWljIjp0cnVlLCJjb250ZW50IjoicG9zdF9saW5rX3VybF9wYWdlIiwic2V0dGluZ3MiOnsicG9zdF9pZCI6IjYwNSJ9fQ==@&#8221; button_text=&#8221;Sergiye Geri D\u00f6n&#8221; button_alignment=&#8221;left&#8221; _builder_version=&#8221;4.7.5&#8243; _dynamic_attributes=&#8221;button_url&#8221; _module_preset=&#8221;default&#8221; custom_button=&#8221;on&#8221; button_text_size=&#8221;24px&#8221; button_text_color=&#8221;#ffffff&#8221; button_bg_color=&#8221;#000000&#8243; button_border_width=&#8221;4px&#8221; button_border_color=&#8221;#000000&#8243; button_font=&#8221;Indie Flower||||||||&#8221; button_icon=&#8221;%%41%%&#8221; button_icon_color=&#8221;#ffffff&#8221; button_icon_placement=&#8221;left&#8221; button_on_hover=&#8221;off&#8221;][\/et_pb_button][\/et_pb_column][\/et_pb_row][\/et_pb_section]<\/p>\n","protected":false},"excerpt":{"rendered":"<p>[et_pb_section fb_built=&#8221;1&#8243; _builder_version=&#8221;4.7.5&#8243; _module_preset=&#8221;default&#8221; background_color=&#8221;#000000&#8243;][et_pb_row column_structure=&#8221;1_2,1_2&#8243; _builder_version=&#8221;4.7.5&#8243; _module_preset=&#8221;default&#8221; background_color=&#8221;#000000&#8243;][et_pb_column type=&#8221;1_2&#8243; _builder_version=&#8221;4.6.6&#8243; _module_preset=&#8221;default&#8221;][et_pb_text _builder_version=&#8221;4.7.6&#8243; _module_preset=&#8221;default&#8221; hover_enabled=&#8221;0&#8243; sticky_enabled=&#8221;0&#8243;] &nbsp; &nbsp; Kay\u0131p \u0130konalar, Kaybolan Kentler, Kapal\u0131 Yap\u0131tlar Kentler, bir zamanlar\u0131n idolleriyle doldu art\u0131k. Kiremit \u00e7at\u0131l\u0131 \u00fc\u00e7, bilemedin be\u015f katl\u0131 apartmanlar yerlerini onlarca katl\u0131 g\u00f6kdelenlere b\u0131rakt\u0131. \u00dc\u00e7 be\u015f birikimle, di\u015f t\u0131rnak art\u0131klar\u0131yla dikilen apartmanlar insanl\u0131\u011f\u0131n yeni mabetleri olarak bu [&hellip;]<\/p>\n","protected":false},"author":9,"featured_media":0,"parent":0,"menu_order":0,"comment_status":"closed","ping_status":"closed","template":"","meta":{"_et_pb_use_builder":"on","_et_pb_old_content":"","_et_gb_content_width":"","spay_email":""},"jetpack_sharing_enabled":true,"jetpack_likes_enabled":true,"_links":{"self":[{"href":"https:\/\/gsfsergi.ebyu.edu.tr\/index.php?rest_route=\/wp\/v2\/pages\/2532"}],"collection":[{"href":"https:\/\/gsfsergi.ebyu.edu.tr\/index.php?rest_route=\/wp\/v2\/pages"}],"about":[{"href":"https:\/\/gsfsergi.ebyu.edu.tr\/index.php?rest_route=\/wp\/v2\/types\/page"}],"author":[{"embeddable":true,"href":"https:\/\/gsfsergi.ebyu.edu.tr\/index.php?rest_route=\/wp\/v2\/users\/9"}],"replies":[{"embeddable":true,"href":"https:\/\/gsfsergi.ebyu.edu.tr\/index.php?rest_route=%2Fwp%2Fv2%2Fcomments&post=2532"}],"version-history":[{"count":4,"href":"https:\/\/gsfsergi.ebyu.edu.tr\/index.php?rest_route=\/wp\/v2\/pages\/2532\/revisions"}],"predecessor-version":[{"id":3521,"href":"https:\/\/gsfsergi.ebyu.edu.tr\/index.php?rest_route=\/wp\/v2\/pages\/2532\/revisions\/3521"}],"wp:attachment":[{"href":"https:\/\/gsfsergi.ebyu.edu.tr\/index.php?rest_route=%2Fwp%2Fv2%2Fmedia&parent=2532"}],"curies":[{"name":"wp","href":"https:\/\/api.w.org\/{rel}","templated":true}]}}