{"id":2525,"date":"2020-12-12T19:06:05","date_gmt":"2020-12-12T16:06:05","guid":{"rendered":"https:\/\/gsfsergi.ebyu.edu.tr\/?page_id=2525"},"modified":"2020-12-17T20:48:56","modified_gmt":"2020-12-17T17:48:56","slug":"mustafa-karyagdi-2","status":"publish","type":"page","link":"https:\/\/gsfsergi.ebyu.edu.tr\/?page_id=2525","title":{"rendered":"Mustafa Karya\u011fd\u0131"},"content":{"rendered":"<p>[et_pb_section fb_built=&#8221;1&#8243; _builder_version=&#8221;4.7.5&#8243; _module_preset=&#8221;default&#8221; background_color=&#8221;#000000&#8243;][et_pb_row column_structure=&#8221;1_2,1_2&#8243; _builder_version=&#8221;4.7.5&#8243; _module_preset=&#8221;default&#8221; background_color=&#8221;#000000&#8243;][et_pb_column type=&#8221;1_2&#8243; _builder_version=&#8221;4.6.6&#8243; _module_preset=&#8221;default&#8221;][et_pb_text _builder_version=&#8221;4.7.6&#8243; _module_preset=&#8221;default&#8221; hover_enabled=&#8221;0&#8243; sticky_enabled=&#8221;0&#8243;]<\/p>\n<p><span style=\"color: #ffffff; font-size: 14pt;\">Uzun Pandemi G\u00fcnlerinde Kar\u0131\u015f\u0131k Notlar<\/span><br \/><span style=\"color: #ffffff; font-size: 14pt;\">D\u00fc\u015f\u00fcncelerin aktar\u0131lmas\u0131ndan daha \u00e7ok hayat\u0131n g\u00f6sterebilmesi daha tercih edilesi bir durumdur.<\/span><br \/><span style=\"color: #ffffff; font-size: 14pt;\">S\u00fcrekli bir anlam ararsan\u0131z ger\u00e7ekle\u015fmekte olan her \u015feyi \u0131skalars\u0131n\u0131z.<\/span><br \/><span style=\"color: #ffffff; font-size: 14pt;\">Ki\u015fi kendisini ba\u015fkalar\u0131na kan\u0131tlamaya \u00e7al\u0131\u015f\u0131r, gerek yok buna. Siz kendinizden eminseniz yaln\u0131z kalmaktan korkmay\u0131n. Sanat\u00e7\u0131lar yaln\u0131z kalmay\u0131, kendi ba\u015f\u0131na ya\u015famay\u0131 \u00f6\u011frenmeliler. <\/span><br \/><span style=\"color: #ffffff; font-size: 14pt;\">Vitrine \u00e7\u0131km\u0131\u015f fenomenlerin g\u00fcr\u00fclt\u00fcs\u00fcne kap\u0131lm\u0131\u015f olan g\u00f6steri toplumunun bir ferdi olmak \u00e7ok can ac\u0131t\u0131c\u0131d\u0131r. Olu\u015fan k\u00fclt\u00fcrel \u00e7\u00f6l vasatl\u0131\u011f\u0131nda size kalan \u00f6teki olmaya dayanmakt\u0131r.<\/span><br \/><span style=\"color: #ffffff; font-size: 14pt;\">Nostalji dost edinememenin, (insanlarla) bir ileti\u015fim kuramaman\u0131n ac\u0131s\u0131d\u0131r. D\u00fcnyan\u0131n sefaleti kar\u015f\u0131s\u0131nda mutlu olamazs\u0131n\u0131z, sefaleti \u00fczerinize al\u0131rs\u0131n\u0131z ama modern ya\u015famla aran\u0131za mesafe girer. Buradaki sorun merhametten kaynaklan\u0131r. Merhamet duygusunun canl\u0131 \u00f6rne\u011fi olmay\u0131 ba\u015faramaz ve ac\u0131 \u00e7ekersiniz. <\/span><br \/><span style=\"color: #ffffff; font-size: 14pt;\">Do\u011fru ya da yanl\u0131\u015f\u0131n iyi veya k\u00f6t\u00fcn\u00fcn belirlenmesinde daha \u00fcst d\u00fczeyde bir ba\u015fka dile ihtiya\u00e7 vard\u0131r. Yani s\u00f6ylenemez olan\u0131n g\u00f6sterilebilir olan bir dile. <\/span><br \/><span style=\"color: #ffffff; font-size: 14pt;\">Sanat elbette entelekt\u00fcel bir alt yap\u0131y\u0131 gerektirir ama en \u00e7ok duyguya ve y\u00fcre\u011fe hitap etmelidir. Zamana \u015fekil verilebilir veya \u2018\u2019zaman\u2019\u2019 yontulabilir.<\/span><br \/><span style=\"color: #ffffff; font-size: 14pt;\">Sanat tevazu g\u00f6sterdi\u011finiz i\u00e7in yapt\u0131\u011f\u0131n\u0131z bir \u015feydir. \u0130\u00e7inizde bir yerlerde usulca sanata tutunursunuz. G\u00f6ze sokmaya, \u00e7\u0131\u011f\u0131rtkanl\u0131k yapmaya zorlanmak can ac\u0131t\u0131c\u0131d\u0131r. Sustuklar\u0131n\u0131zdan yontup sanat yapt\u0131\u011f\u0131n\u0131z\u0131, i\u015finizin iyi ya da k\u00f6t\u00fc olmas\u0131ndan ba\u011f\u0131ms\u0131z \u00e7okluk g\u00f6ren olmaz. Kendin kald\u0131\u011f\u0131n i\u00e7in g\u00f6r\u00fcn\u00fcr olmamakla cezaland\u0131r\u0131l\u0131rs\u0131n. <\/span><br \/><span style=\"color: #ffffff; font-size: 14pt;\">Resimleri ka\u00e7 ki\u015fi g\u00f6rd\u00fcyse o kadar say\u0131dad\u0131r.<\/span><br \/><span style=\"color: #ffffff; font-size: 14pt;\">Renkler g\u00fcndelik hayatta pek fark edilmezler, renkler sanat i\u00e7in fazla g\u00fczel.<\/span><br \/><span style=\"color: #ffffff; font-size: 14pt;\">Sanat\u00e7\u0131 g\u00fcndelik ya\u015famda h\u0131zla t\u00fcketilen imgeleri i\u015faretleyen, her t\u00fcrl\u00fc ba\u011flamdan soyutlayarak \u00e7ekip ald\u0131\u011f\u0131 tekil imgelerin ard\u0131ndaki \u00f6yk\u00fcleri, belle\u011fe kaz\u0131nm\u0131\u015f suretin endi\u015fesinin kayna\u011f\u0131n\u0131 merak ettirendir. <\/span><\/p>\n<p><span style=\"color: #ffffff; font-size: 14pt;\">Mustafa Karya\u011fd\u0131, Aral\u0131k 2020<\/span><\/p>\n<p>[\/et_pb_text][\/et_pb_column][et_pb_column type=&#8221;1_2&#8243; _builder_version=&#8221;4.6.6&#8243; _module_preset=&#8221;default&#8221;][et_pb_gallery gallery_ids=&#8221;3189,3190,3191&#8243; fullwidth=&#8221;on&#8221; _builder_version=&#8221;4.7.6&#8243; _module_preset=&#8221;default&#8221; background_color=&#8221;#000000&#8243;][\/et_pb_gallery][et_pb_text _builder_version=&#8221;4.7.6&#8243; _module_preset=&#8221;default&#8221;]<\/p>\n<p><span style=\"color: #ffffff;\">Mustafa Karya\u011fd\u0131<\/span><br \/><span style=\"color: #ffffff;\">&#8220;\u0130simsiz&#8221;<\/span><br \/><span style=\"color: #ffffff;\">65 cm x 65 cm x 15 cm<\/span><br \/><span style=\"color: #ffffff;\">Kar\u0131\u015f\u0131k Teknik (pleksi, led \u0131\u015f\u0131k, saydam boya)<\/span><\/p>\n<p>[\/et_pb_text][et_pb_gallery gallery_ids=&#8221;3192,3193,3194&#8243; fullwidth=&#8221;on&#8221; _builder_version=&#8221;4.7.6&#8243; _module_preset=&#8221;default&#8221; background_color=&#8221;#000000&#8243;][\/et_pb_gallery][et_pb_text _builder_version=&#8221;4.7.6&#8243; _module_preset=&#8221;default&#8221;]<\/p>\n<p><span style=\"color: #ffffff;\">Mustafa Karya\u011fd\u0131<\/span><br \/><span style=\"color: #ffffff;\">&#8221; Merdiven \u0130nen Duchamp &#8220;<\/span><br \/><span style=\"color: #ffffff;\">65 cm x 65 cm x 15 cm<\/span><br \/><span style=\"color: #ffffff;\">Kar\u0131\u015f\u0131k Teknik (pleksi, led \u0131\u015f\u0131k, saydam boya)<\/span><\/p>\n<p>[\/et_pb_text][et_pb_button button_url=&#8221;@ET-DC@eyJkeW5hbWljIjp0cnVlLCJjb250ZW50IjoicG9zdF9saW5rX3VybF9wYWdlIiwic2V0dGluZ3MiOnsicG9zdF9pZCI6IjI3MDAifX0=@&#8221; button_text=&#8221;Mustafa Karya\u011fd\u0131 Hakk\u0131nda&#8221; button_alignment=&#8221;left&#8221; _builder_version=&#8221;4.7.6&#8243; _dynamic_attributes=&#8221;button_url&#8221; _module_preset=&#8221;default&#8221; custom_button=&#8221;on&#8221; button_text_size=&#8221;24px&#8221; button_text_color=&#8221;#ffffff&#8221; button_bg_color=&#8221;#000000&#8243; button_border_width=&#8221;4px&#8221; button_border_color=&#8221;#000000&#8243; button_font=&#8221;Indie Flower||||||||&#8221; button_icon=&#8221;%%258%%&#8221; button_icon_color=&#8221;#ffffff&#8221; button_icon_placement=&#8221;left&#8221; button_on_hover=&#8221;off&#8221; custom_margin=&#8221;||-2px|||&#8221;][\/et_pb_button][et_pb_button button_url=&#8221;@ET-DC@eyJkeW5hbWljIjp0cnVlLCJjb250ZW50IjoicG9zdF9saW5rX3VybF9wYWdlIiwic2V0dGluZ3MiOnsicG9zdF9pZCI6IjYwNSJ9fQ==@&#8221; button_text=&#8221;Sergiye Geri D\u00f6n&#8221; button_alignment=&#8221;left&#8221; _builder_version=&#8221;4.7.5&#8243; _dynamic_attributes=&#8221;button_url&#8221; _module_preset=&#8221;default&#8221; custom_button=&#8221;on&#8221; button_text_size=&#8221;24px&#8221; button_text_color=&#8221;#ffffff&#8221; button_bg_color=&#8221;#000000&#8243; button_border_width=&#8221;4px&#8221; button_border_color=&#8221;#000000&#8243; button_font=&#8221;Indie Flower||||||||&#8221; button_icon=&#8221;%%41%%&#8221; button_icon_color=&#8221;#ffffff&#8221; button_icon_placement=&#8221;left&#8221; button_on_hover=&#8221;off&#8221;][\/et_pb_button][\/et_pb_column][\/et_pb_row][\/et_pb_section]<\/p>\n","protected":false},"excerpt":{"rendered":"<p>[et_pb_section fb_built=&#8221;1&#8243; _builder_version=&#8221;4.7.5&#8243; _module_preset=&#8221;default&#8221; background_color=&#8221;#000000&#8243;][et_pb_row column_structure=&#8221;1_2,1_2&#8243; _builder_version=&#8221;4.7.5&#8243; _module_preset=&#8221;default&#8221; background_color=&#8221;#000000&#8243;][et_pb_column type=&#8221;1_2&#8243; _builder_version=&#8221;4.6.6&#8243; _module_preset=&#8221;default&#8221;][et_pb_text _builder_version=&#8221;4.7.6&#8243; _module_preset=&#8221;default&#8221; hover_enabled=&#8221;0&#8243; sticky_enabled=&#8221;0&#8243;] Uzun Pandemi G\u00fcnlerinde Kar\u0131\u015f\u0131k NotlarD\u00fc\u015f\u00fcncelerin aktar\u0131lmas\u0131ndan daha \u00e7ok hayat\u0131n g\u00f6sterebilmesi daha tercih edilesi bir durumdur.S\u00fcrekli bir anlam ararsan\u0131z ger\u00e7ekle\u015fmekte olan her \u015feyi \u0131skalars\u0131n\u0131z.Ki\u015fi kendisini ba\u015fkalar\u0131na kan\u0131tlamaya \u00e7al\u0131\u015f\u0131r, gerek yok buna. Siz kendinizden eminseniz yaln\u0131z kalmaktan korkmay\u0131n. Sanat\u00e7\u0131lar yaln\u0131z kalmay\u0131, [&hellip;]<\/p>\n","protected":false},"author":9,"featured_media":0,"parent":0,"menu_order":0,"comment_status":"closed","ping_status":"closed","template":"","meta":{"_et_pb_use_builder":"on","_et_pb_old_content":"","_et_gb_content_width":"","spay_email":""},"jetpack_sharing_enabled":true,"jetpack_likes_enabled":true,"_links":{"self":[{"href":"https:\/\/gsfsergi.ebyu.edu.tr\/index.php?rest_route=\/wp\/v2\/pages\/2525"}],"collection":[{"href":"https:\/\/gsfsergi.ebyu.edu.tr\/index.php?rest_route=\/wp\/v2\/pages"}],"about":[{"href":"https:\/\/gsfsergi.ebyu.edu.tr\/index.php?rest_route=\/wp\/v2\/types\/page"}],"author":[{"embeddable":true,"href":"https:\/\/gsfsergi.ebyu.edu.tr\/index.php?rest_route=\/wp\/v2\/users\/9"}],"replies":[{"embeddable":true,"href":"https:\/\/gsfsergi.ebyu.edu.tr\/index.php?rest_route=%2Fwp%2Fv2%2Fcomments&post=2525"}],"version-history":[{"count":9,"href":"https:\/\/gsfsergi.ebyu.edu.tr\/index.php?rest_route=\/wp\/v2\/pages\/2525\/revisions"}],"predecessor-version":[{"id":3902,"href":"https:\/\/gsfsergi.ebyu.edu.tr\/index.php?rest_route=\/wp\/v2\/pages\/2525\/revisions\/3902"}],"wp:attachment":[{"href":"https:\/\/gsfsergi.ebyu.edu.tr\/index.php?rest_route=%2Fwp%2Fv2%2Fmedia&parent=2525"}],"curies":[{"name":"wp","href":"https:\/\/api.w.org\/{rel}","templated":true}]}}