{"id":2521,"date":"2020-12-12T19:04:55","date_gmt":"2020-12-12T16:04:55","guid":{"rendered":"https:\/\/gsfsergi.ebyu.edu.tr\/?page_id=2521"},"modified":"2020-12-15T11:53:41","modified_gmt":"2020-12-15T08:53:41","slug":"hasan-murat-cetin","status":"publish","type":"page","link":"https:\/\/gsfsergi.ebyu.edu.tr\/?page_id=2521","title":{"rendered":"Hasan Murat \u00c7etin"},"content":{"rendered":"<p>[et_pb_section fb_built=&#8221;1&#8243; _builder_version=&#8221;4.7.5&#8243; _module_preset=&#8221;default&#8221; background_color=&#8221;#000000&#8243;][et_pb_row column_structure=&#8221;1_2,1_2&#8243; _builder_version=&#8221;4.7.5&#8243; _module_preset=&#8221;default&#8221; background_color=&#8221;#000000&#8243;][et_pb_column type=&#8221;1_2&#8243; _builder_version=&#8221;4.6.6&#8243; _module_preset=&#8221;default&#8221;][et_pb_text _builder_version=&#8221;4.7.6&#8243; _module_preset=&#8221;default&#8221; hover_enabled=&#8221;0&#8243; sticky_enabled=&#8221;0&#8243;]<\/p>\n<p>&nbsp;<\/p>\n<p>&nbsp;<\/p>\n<p><span style=\"font-size: 14pt; color: #ffffff;\">SALGIN\/M\u0130MAR\u0130<\/span><\/p>\n<p><span style=\"font-size: 14pt; color: #ffffff;\">\u0130nsan, ya\u015fam\u0131n\u0131 s\u00fcrd\u00fcrd\u00fc\u011f\u00fc, davran\u0131\u015f bi\u00e7imlerini sergiledi\u011fi ve kendini \u00e7evreden izin verdi\u011fi \u00f6l\u00e7\u00fcde ay\u0131ran veya birle\u015ftiren ya\u015fam alanlar\u0131n\u0131 tayin etti\u011fi bo\u015fluk i\u00e7erisinde varl\u0131\u011f\u0131n\u0131 s\u00fcrd\u00fcr\u00fcr. S\u0131n\u0131rlar\u0131n alg\u0131lanabildi\u011fi bir uzay par\u00e7as\u0131ndan\/mekandan s\u00f6z ediyoruz.<\/span><\/p>\n<p><span style=\"font-size: 14pt; color: #ffffff;\">Korunmak, g\u00fcvende olmak, kendi \u00f6zelinde ve\u00a0 genelde eylemlerini s\u00fcrd\u00fcrebilmek i\u00e7in mekan tasarlan\u0131r ve in\u015fa edilir. \u00a0Mekanlar bir \u00e7ok ama\u00e7 i\u00e7in tasarlanabildi\u011fi gibi E\u011fitim-\u00d6\u011fretimi s\u00fcrd\u00fcrebilmek ad\u0131na da kurgulanm\u0131\u015ft\u0131r. E\u011fitim ama\u00e7l\u0131 mekanlar, insan\u0131n gelece\u011fini kurdu\u011fu, nitelikli ya\u015fam\u0131 alg\u0131lama bi\u00e7imlerini geli\u015ftirdi\u011fi ve temelde g\u00fcven duygusuna dayal\u0131 alanlard\u0131r.<\/span><\/p>\n<p><span style=\"font-size: 14pt; color: #ffffff;\">\u0130nsano\u011flu e\u011fitim \u00f6\u011fretime ba\u015flad\u0131\u011f\u0131ndan beri kimi zaman sava\u015flar, kimi zaman afetler ve hastal\u0131klar bilim yuvalar\u0131n\u0131 sarsm\u0131\u015f veya kullan\u0131lamaz hale getirmi\u015ftir. Bug\u00fcnlerde ise ya\u015fanan vir\u00fcs salg\u0131n\u0131 e\u011fitimi k\u00f6kten etkilemi\u015f, onun mecras\u0131n\u0131 de\u011fi\u015ftirmi\u015f ve ge\u00e7ici de olsa y\u00f6ntemini ba\u015fkala\u015ft\u0131rm\u0131\u015ft\u0131r.<\/span><\/p>\n<p><span style=\"font-size: 14pt; color: #ffffff;\">Korona vir\u00fcs\u00fcn t\u00fcm ya\u015fam alanlar\u0131nda oldu\u011fu gibi formel ve informel \u00f6\u011frenme mekanlar\u0131nda sald\u0131\u011f\u0131 endi\u015fe ve \u00f6l\u00fcm korkusu, y\u00fcz y\u00fcze e\u011fitime engel olmaktad\u0131r. Bundan sonra, e\u011fitim binalar\u0131n\u0131n bu t\u00fcr salg\u0131n ve benzeri durumlara kar\u015f\u0131 sa\u011fl\u0131k-mimari ili\u015fkisinde ger\u00e7ekle\u015ftirilmesinin \u00f6nemi a\u00e7\u0131kt\u0131r.<\/span><\/p>\n<p><span style=\"font-size: 14pt; color: #ffffff;\">\u00a0\u00a0\u00a0\u00a0\u00a0\u00a0\u00a0\u00a0\u00a0\u00a0\u00a0 Art\u0131k mimari yap\u0131lar, sadece do\u011fal felaketlere kar\u015f\u0131 al\u0131nan \u00f6nlemler \u00fczerine de\u011fil ayn\u0131 zamanda sa\u011fl\u0131k-mimari ili\u015fkisinde de gelece\u011fe \u201cYeni D\u00fcnya\u2019n\u0131n\u201d gereksinimleri \u00fczerine planlanm\u0131\u015f yap\u0131lara d\u00f6n\u00fc\u015ft\u00fcrebilmesi bir gereksinimdir. Mimari yap\u0131lar\u0131n bi\u00e7imsel ve i\u015flevsel \u00f6zellikleri yeni hayat bilgisinde, yeni formlar\/bi\u00e7imlerle tasar\u0131m ve planlanmas\u0131n\u0131n yap\u0131laca\u011f\u0131 g\u00f6r\u00fcnen bir ger\u00e7ektir.<\/span><\/p>\n<p><span style=\"font-size: 14pt; color: #ffffff;\">\u00a0H.Murat \u00c7ET\u0130N 2020<\/span><\/p>\n<p>[\/et_pb_text][\/et_pb_column][et_pb_column type=&#8221;1_2&#8243; _builder_version=&#8221;4.6.6&#8243; _module_preset=&#8221;default&#8221;][et_pb_image src=&#8221;https:\/\/gsfsergi.ebyu.edu.tr\/wp-content\/uploads\/2020\/12\/HasanMuratCetin2.png&#8221; title_text=&#8221;HasanMurat\u00c7etin2&#8243; show_in_lightbox=&#8221;on&#8221; _builder_version=&#8221;4.7.6&#8243; _module_preset=&#8221;default&#8221; custom_padding=&#8221;81px|||||&#8221;][\/et_pb_image][et_pb_text _builder_version=&#8221;4.7.6&#8243; _module_preset=&#8221;default&#8221;]<\/p>\n<p><span style=\"color: #ffffff;\">Hasan Murat \u00c7etin<\/span><br \/><span style=\"color: #ffffff;\">\u201cisimsiz\u201d<\/span><br \/><span style=\"color: #ffffff;\">2020<\/span><br \/><span style=\"color: #ffffff;\">40 cm x 100 cm<\/span><br \/><span style=\"color: #ffffff;\">Dijital Bask\u0131.<\/span><\/p>\n<p>[\/et_pb_text][et_pb_button button_url=&#8221;@ET-DC@eyJkeW5hbWljIjp0cnVlLCJjb250ZW50IjoicG9zdF9saW5rX3VybF9wYWdlIiwic2V0dGluZ3MiOnsicG9zdF9pZCI6IjI2OTYifX0=@&#8221; button_text=&#8221;H. Murat \u00c7etin Hakk\u0131nda&#8221; button_alignment=&#8221;left&#8221; _builder_version=&#8221;4.7.6&#8243; _dynamic_attributes=&#8221;button_url&#8221; _module_preset=&#8221;default&#8221; custom_button=&#8221;on&#8221; button_text_size=&#8221;24px&#8221; button_text_color=&#8221;#ffffff&#8221; button_bg_color=&#8221;#000000&#8243; button_border_width=&#8221;4px&#8221; button_border_color=&#8221;#000000&#8243; button_font=&#8221;Indie Flower||||||||&#8221; button_icon=&#8221;%%258%%&#8221; button_icon_color=&#8221;#ffffff&#8221; button_icon_placement=&#8221;left&#8221; button_on_hover=&#8221;off&#8221; custom_margin=&#8221;||-2px|||&#8221;][\/et_pb_button][et_pb_button button_url=&#8221;@ET-DC@eyJkeW5hbWljIjp0cnVlLCJjb250ZW50IjoicG9zdF9saW5rX3VybF9wYWdlIiwic2V0dGluZ3MiOnsicG9zdF9pZCI6IjYwNSJ9fQ==@&#8221; button_text=&#8221;Sergiye Geri D\u00f6n&#8221; button_alignment=&#8221;left&#8221; _builder_version=&#8221;4.7.5&#8243; _dynamic_attributes=&#8221;button_url&#8221; _module_preset=&#8221;default&#8221; custom_button=&#8221;on&#8221; button_text_size=&#8221;24px&#8221; button_text_color=&#8221;#ffffff&#8221; button_bg_color=&#8221;#000000&#8243; button_border_width=&#8221;4px&#8221; button_border_color=&#8221;#000000&#8243; button_font=&#8221;Indie Flower||||||||&#8221; button_icon=&#8221;%%41%%&#8221; button_icon_color=&#8221;#ffffff&#8221; button_icon_placement=&#8221;left&#8221; button_on_hover=&#8221;off&#8221;][\/et_pb_button][\/et_pb_column][\/et_pb_row][\/et_pb_section]<\/p>\n","protected":false},"excerpt":{"rendered":"<p>[et_pb_section fb_built=&#8221;1&#8243; _builder_version=&#8221;4.7.5&#8243; _module_preset=&#8221;default&#8221; background_color=&#8221;#000000&#8243;][et_pb_row column_structure=&#8221;1_2,1_2&#8243; _builder_version=&#8221;4.7.5&#8243; _module_preset=&#8221;default&#8221; background_color=&#8221;#000000&#8243;][et_pb_column type=&#8221;1_2&#8243; _builder_version=&#8221;4.6.6&#8243; _module_preset=&#8221;default&#8221;][et_pb_text _builder_version=&#8221;4.7.6&#8243; _module_preset=&#8221;default&#8221; hover_enabled=&#8221;0&#8243; sticky_enabled=&#8221;0&#8243;] &nbsp; &nbsp; SALGIN\/M\u0130MAR\u0130 \u0130nsan, ya\u015fam\u0131n\u0131 s\u00fcrd\u00fcrd\u00fc\u011f\u00fc, davran\u0131\u015f bi\u00e7imlerini sergiledi\u011fi ve kendini \u00e7evreden izin verdi\u011fi \u00f6l\u00e7\u00fcde ay\u0131ran veya birle\u015ftiren ya\u015fam alanlar\u0131n\u0131 tayin etti\u011fi bo\u015fluk i\u00e7erisinde varl\u0131\u011f\u0131n\u0131 s\u00fcrd\u00fcr\u00fcr. S\u0131n\u0131rlar\u0131n alg\u0131lanabildi\u011fi bir uzay par\u00e7as\u0131ndan\/mekandan s\u00f6z ediyoruz. Korunmak, g\u00fcvende olmak, kendi \u00f6zelinde ve\u00a0 [&hellip;]<\/p>\n","protected":false},"author":9,"featured_media":0,"parent":0,"menu_order":0,"comment_status":"closed","ping_status":"closed","template":"","meta":{"_et_pb_use_builder":"on","_et_pb_old_content":"","_et_gb_content_width":"","spay_email":""},"jetpack_sharing_enabled":true,"jetpack_likes_enabled":true,"_links":{"self":[{"href":"https:\/\/gsfsergi.ebyu.edu.tr\/index.php?rest_route=\/wp\/v2\/pages\/2521"}],"collection":[{"href":"https:\/\/gsfsergi.ebyu.edu.tr\/index.php?rest_route=\/wp\/v2\/pages"}],"about":[{"href":"https:\/\/gsfsergi.ebyu.edu.tr\/index.php?rest_route=\/wp\/v2\/types\/page"}],"author":[{"embeddable":true,"href":"https:\/\/gsfsergi.ebyu.edu.tr\/index.php?rest_route=\/wp\/v2\/users\/9"}],"replies":[{"embeddable":true,"href":"https:\/\/gsfsergi.ebyu.edu.tr\/index.php?rest_route=%2Fwp%2Fv2%2Fcomments&post=2521"}],"version-history":[{"count":4,"href":"https:\/\/gsfsergi.ebyu.edu.tr\/index.php?rest_route=\/wp\/v2\/pages\/2521\/revisions"}],"predecessor-version":[{"id":3355,"href":"https:\/\/gsfsergi.ebyu.edu.tr\/index.php?rest_route=\/wp\/v2\/pages\/2521\/revisions\/3355"}],"wp:attachment":[{"href":"https:\/\/gsfsergi.ebyu.edu.tr\/index.php?rest_route=%2Fwp%2Fv2%2Fmedia&parent=2521"}],"curies":[{"name":"wp","href":"https:\/\/api.w.org\/{rel}","templated":true}]}}