{"id":2514,"date":"2020-12-12T19:03:10","date_gmt":"2020-12-12T16:03:10","guid":{"rendered":"https:\/\/gsfsergi.ebyu.edu.tr\/?page_id=2514"},"modified":"2020-12-15T11:55:35","modified_gmt":"2020-12-15T08:55:35","slug":"harun-yazici","status":"publish","type":"page","link":"https:\/\/gsfsergi.ebyu.edu.tr\/?page_id=2514","title":{"rendered":"Harun Yaz\u0131c\u0131"},"content":{"rendered":"<p>[et_pb_section fb_built=&#8221;1&#8243; _builder_version=&#8221;4.7.5&#8243; _module_preset=&#8221;default&#8221; background_color=&#8221;#000000&#8243;][et_pb_row column_structure=&#8221;1_2,1_2&#8243; _builder_version=&#8221;4.7.5&#8243; _module_preset=&#8221;default&#8221; background_color=&#8221;#000000&#8243;][et_pb_column type=&#8221;1_2&#8243; _builder_version=&#8221;4.6.6&#8243; _module_preset=&#8221;default&#8221;][et_pb_text _builder_version=&#8221;4.7.6&#8243; _module_preset=&#8221;default&#8221; hover_enabled=&#8221;0&#8243; sticky_enabled=&#8221;0&#8243;]<\/p>\n<p>&nbsp;<\/p>\n<p>&nbsp;<\/p>\n<p><span style=\"color: #ffffff; font-size: 14pt;\">Kendini yenilemek zorunda hisseden, i\u00e7e daha fazla d\u00f6nen ve eski halini silen ve bundan y\u0131lan bir ben var art\u0131k\u2026 D\u00fczenleyen bir ben ile bireyselden toplumsall\u0131\u011fa do\u011fru giden evrensel yakla\u015f\u0131mlarla biz olman\u0131n umudunu ise yitirmedim.<\/span><\/p>\n<p><span style=\"color: #ffffff; font-size: 14pt;\">Hassas bir d\u00f6ng\u00fc i\u00e7erisinde k\u00fcreselle\u015fmeye uyum sa\u011flayan d\u00fcnya ve modern d\u00fc\u015f\u00fcnceyle birlikte birey vurgusunun bir\u00e7ok alanda geni\u015fleme sa\u011flad\u0131\u011f\u0131n\u0131 g\u00f6r\u00fcyorum. S\u0131n\u0131rs\u0131zl\u0131\u011f\u0131 \u00f6ncelikli de\u011fer olarak belirleyen d\u00fcnyam\u0131z\u0131n bu de\u011fi\u015fime a\u00e7\u0131k oldu\u011fu da ortada.<\/span><\/p>\n<p><span style=\"color: #ffffff; font-size: 14pt;\">Bu de\u011ferlerde ki de\u011fi\u015fimin, ge\u00e7mi\u015fte oldu\u011fu gibi, sanat olgusunun tan\u0131m\u0131n\u0131 de\u011fi\u015fime u\u011frat\u0131p anlam\u0131na \u00e7e\u015fitlilik kazand\u0131raca\u011f\u0131n\u0131 ancak i\u015flevi bak\u0131m\u0131ndan farkl\u0131l\u0131k g\u00f6stermeye devam edece\u011fine inan\u0131yorum. Bu inan\u00e7la Yeni D\u00fcnya\u2019da sanat\u00e7\u0131 ve sanatseverlerin \u00e7a\u011f\u0131n\u0131n ger\u00e7eklik anlay\u0131\u015f\u0131na uygun olarak evirilmeye devam edece\u011fini umuyorum.<\/span><\/p>\n<p><span style=\"color: #ffffff; font-size: 14pt;\">Harun YAZICI 2020.<\/span><\/p>\n<p>&nbsp;<\/p>\n<p>[\/et_pb_text][\/et_pb_column][et_pb_column type=&#8221;1_2&#8243; _builder_version=&#8221;4.6.6&#8243; _module_preset=&#8221;default&#8221;][et_pb_image src=&#8221;https:\/\/gsfsergi.ebyu.edu.tr\/wp-content\/uploads\/2020\/12\/HarunYazici-scaled.jpg&#8221; title_text=&#8221;HarunYaz\u0131c\u0131&#8221; show_in_lightbox=&#8221;on&#8221; _builder_version=&#8221;4.7.6&#8243; _module_preset=&#8221;default&#8221; custom_padding=&#8221;81px|||||&#8221;][\/et_pb_image][et_pb_text _builder_version=&#8221;4.7.6&#8243; _module_preset=&#8221;default&#8221;]<\/p>\n<p><span style=\"color: #ffffff;\">Harun Yaz\u0131c\u0131<\/span><br \/><span style=\"color: #ffffff;\">\u201cMonokrom &#8211; C\u201d<\/span><br \/><span style=\"color: #ffffff;\">\u201cMonochrome &#8211; C\u201d<\/span><br \/><span style=\"color: #ffffff;\">2020<\/span><br \/><span style=\"color: #ffffff;\">136 cm x 96 cm<\/span><br \/><span style=\"color: #ffffff;\">Dijital Bask\u0131.<\/span><\/p>\n<p>[\/et_pb_text][et_pb_button button_url=&#8221;@ET-DC@eyJkeW5hbWljIjp0cnVlLCJjb250ZW50IjoicG9zdF9saW5rX3VybF9wYWdlIiwic2V0dGluZ3MiOnsicG9zdF9pZCI6IjI2ODcifX0=@&#8221; button_text=&#8221;Harun Yaz\u0131c\u0131 Hakk\u0131nda&#8221; button_alignment=&#8221;left&#8221; _builder_version=&#8221;4.7.6&#8243; _dynamic_attributes=&#8221;button_url&#8221; _module_preset=&#8221;default&#8221; custom_button=&#8221;on&#8221; button_text_size=&#8221;24px&#8221; button_text_color=&#8221;#ffffff&#8221; button_bg_color=&#8221;#000000&#8243; button_border_width=&#8221;4px&#8221; button_border_color=&#8221;#000000&#8243; button_font=&#8221;Indie Flower||||||||&#8221; button_icon=&#8221;%%258%%&#8221; button_icon_color=&#8221;#ffffff&#8221; button_icon_placement=&#8221;left&#8221; button_on_hover=&#8221;off&#8221; custom_margin=&#8221;||-2px|||&#8221;][\/et_pb_button][et_pb_button button_url=&#8221;@ET-DC@eyJkeW5hbWljIjp0cnVlLCJjb250ZW50IjoicG9zdF9saW5rX3VybF9wYWdlIiwic2V0dGluZ3MiOnsicG9zdF9pZCI6IjYwNSJ9fQ==@&#8221; button_text=&#8221;Sergiye Geri D\u00f6n&#8221; button_alignment=&#8221;left&#8221; _builder_version=&#8221;4.7.5&#8243; _dynamic_attributes=&#8221;button_url&#8221; _module_preset=&#8221;default&#8221; custom_button=&#8221;on&#8221; button_text_size=&#8221;24px&#8221; button_text_color=&#8221;#ffffff&#8221; button_bg_color=&#8221;#000000&#8243; button_border_width=&#8221;4px&#8221; button_border_color=&#8221;#000000&#8243; button_font=&#8221;Indie Flower||||||||&#8221; button_icon=&#8221;%%41%%&#8221; button_icon_color=&#8221;#ffffff&#8221; button_icon_placement=&#8221;left&#8221; button_on_hover=&#8221;off&#8221;][\/et_pb_button][\/et_pb_column][\/et_pb_row][\/et_pb_section]<\/p>\n","protected":false},"excerpt":{"rendered":"<p>[et_pb_section fb_built=&#8221;1&#8243; _builder_version=&#8221;4.7.5&#8243; _module_preset=&#8221;default&#8221; background_color=&#8221;#000000&#8243;][et_pb_row column_structure=&#8221;1_2,1_2&#8243; _builder_version=&#8221;4.7.5&#8243; _module_preset=&#8221;default&#8221; background_color=&#8221;#000000&#8243;][et_pb_column type=&#8221;1_2&#8243; _builder_version=&#8221;4.6.6&#8243; _module_preset=&#8221;default&#8221;][et_pb_text _builder_version=&#8221;4.7.6&#8243; _module_preset=&#8221;default&#8221; hover_enabled=&#8221;0&#8243; sticky_enabled=&#8221;0&#8243;] &nbsp; &nbsp; Kendini yenilemek zorunda hisseden, i\u00e7e daha fazla d\u00f6nen ve eski halini silen ve bundan y\u0131lan bir ben var art\u0131k\u2026 D\u00fczenleyen bir ben ile bireyselden toplumsall\u0131\u011fa do\u011fru giden evrensel yakla\u015f\u0131mlarla biz olman\u0131n umudunu ise yitirmedim. Hassas bir d\u00f6ng\u00fc [&hellip;]<\/p>\n","protected":false},"author":9,"featured_media":0,"parent":0,"menu_order":0,"comment_status":"closed","ping_status":"closed","template":"","meta":{"_et_pb_use_builder":"on","_et_pb_old_content":"","_et_gb_content_width":"","spay_email":""},"jetpack_sharing_enabled":true,"jetpack_likes_enabled":true,"_links":{"self":[{"href":"https:\/\/gsfsergi.ebyu.edu.tr\/index.php?rest_route=\/wp\/v2\/pages\/2514"}],"collection":[{"href":"https:\/\/gsfsergi.ebyu.edu.tr\/index.php?rest_route=\/wp\/v2\/pages"}],"about":[{"href":"https:\/\/gsfsergi.ebyu.edu.tr\/index.php?rest_route=\/wp\/v2\/types\/page"}],"author":[{"embeddable":true,"href":"https:\/\/gsfsergi.ebyu.edu.tr\/index.php?rest_route=\/wp\/v2\/users\/9"}],"replies":[{"embeddable":true,"href":"https:\/\/gsfsergi.ebyu.edu.tr\/index.php?rest_route=%2Fwp%2Fv2%2Fcomments&post=2514"}],"version-history":[{"count":5,"href":"https:\/\/gsfsergi.ebyu.edu.tr\/index.php?rest_route=\/wp\/v2\/pages\/2514\/revisions"}],"predecessor-version":[{"id":3359,"href":"https:\/\/gsfsergi.ebyu.edu.tr\/index.php?rest_route=\/wp\/v2\/pages\/2514\/revisions\/3359"}],"wp:attachment":[{"href":"https:\/\/gsfsergi.ebyu.edu.tr\/index.php?rest_route=%2Fwp%2Fv2%2Fmedia&parent=2514"}],"curies":[{"name":"wp","href":"https:\/\/api.w.org\/{rel}","templated":true}]}}