{"id":2511,"date":"2020-12-12T19:02:15","date_gmt":"2020-12-12T16:02:15","guid":{"rendered":"https:\/\/gsfsergi.ebyu.edu.tr\/?page_id=2511"},"modified":"2020-12-15T12:37:06","modified_gmt":"2020-12-15T09:37:06","slug":"osman-avci","status":"publish","type":"page","link":"https:\/\/gsfsergi.ebyu.edu.tr\/?page_id=2511","title":{"rendered":"Osman Avc\u0131"},"content":{"rendered":"<p>[et_pb_section fb_built=&#8221;1&#8243; _builder_version=&#8221;4.7.5&#8243; _module_preset=&#8221;default&#8221; background_color=&#8221;#000000&#8243;][et_pb_row column_structure=&#8221;1_2,1_2&#8243; _builder_version=&#8221;4.7.5&#8243; _module_preset=&#8221;default&#8221; background_color=&#8221;#000000&#8243;][et_pb_column type=&#8221;1_2&#8243; _builder_version=&#8221;4.6.6&#8243; _module_preset=&#8221;default&#8221;][et_pb_text _builder_version=&#8221;4.7.6&#8243; _module_preset=&#8221;default&#8221; custom_padding=&#8221;70px|||||&#8221; hover_enabled=&#8221;0&#8243; sticky_enabled=&#8221;0&#8243;]<\/p>\n<p><span style=\"color: #ffffff; font-size: 14pt;\">Merhaba Yeni D\u00fcnya ,sana olan bak\u0131\u015f a\u00e7\u0131m\u0131 g\u00fcncel durumumuzla birlikte d\u00fc\u015f\u00fcnd\u00fc\u011f\u00fcmde gelece\u011fe y\u00f6nelik de\u011fi\u015fimin art\u0131k zorunlu bir hale geldi\u011fini fark ediyorum. D\u00fcnyan\u0131n, kaotik ve zamanla yar\u0131\u015f i\u00e7inde oldu\u011fumuz bu d\u00f6neminde, Covid 19 salg\u0131n\u0131 bize al\u0131\u015fkanl\u0131klar\u0131m\u0131z\u0131, do\u011faya verdi\u011fimiz tahribat\u0131 ve ba\u015fkalar\u0131na kar\u015f\u0131 tutumlar\u0131m\u0131z\u0131 sorgulamay\u0131 ihmal etti\u011fimizi g\u00f6sterdi. T\u00fcm farkl\u0131l\u0131klar\u0131m\u0131za ra\u011fmen d\u00fcnyadaki t\u00fcm insanlar\u0131n ayn\u0131 sorunlar\u0131 ya\u015fayabilece\u011fini \u00f6\u011frendik. Bu sebeple, nereden geliyor olursak olal\u0131m ortak paydada bulu\u015fmam\u0131z\u0131n gerekli oldu\u011funu ve sanat\u0131n hem ki\u015fisel hem de evrensel bar\u0131\u015f i\u00e7in \u00f6nemli bir ara\u00e7 oldu\u011funu d\u00fc\u015f\u00fcn\u00fcyorum\u2026 Ve Yeni D\u00fcnya, Kendi ad\u0131ma, daha bilin\u00e7li ya\u015fayaca\u011f\u0131ma, \u00e7evremdekilere bu durum konusunda bilgilerimi aktaraca\u011f\u0131ma, do\u011faya kar\u015f\u0131 daha hassas davranaca\u011f\u0131ma ve iyili\u011fin yan\u0131nda olaca\u011f\u0131ma s\u00f6z veriyorum.<\/span><\/p>\n<p>[\/et_pb_text][\/et_pb_column][et_pb_column type=&#8221;1_2&#8243; _builder_version=&#8221;4.6.6&#8243; _module_preset=&#8221;default&#8221;][et_pb_image src=&#8221;https:\/\/gsfsergi.ebyu.edu.tr\/wp-content\/uploads\/2020\/12\/OsmanAvci-scaled.jpg&#8221; title_text=&#8221;OsmanAvc\u0131&#8221; show_in_lightbox=&#8221;on&#8221; _builder_version=&#8221;4.7.6&#8243; _module_preset=&#8221;default&#8221; custom_padding=&#8221;70px|||||&#8221;][\/et_pb_image][et_pb_text _builder_version=&#8221;4.7.6&#8243; _module_preset=&#8221;default&#8221;]<\/p>\n<p><span style=\"color: #ffffff;\">Osman Avc\u0131<\/span><br \/><span style=\"color: #ffffff;\">\u201c\u0130simsiz\u201d<\/span><br \/><span style=\"color: #ffffff;\">\u201cNoname\u201d<\/span><br \/><span style=\"color: #ffffff;\">2020<\/span><br \/><span style=\"color: #ffffff;\">140 cm x 50 cm x 25 cm<\/span><br \/><span style=\"color: #ffffff;\">Al\u00e7\u0131, Sarg\u0131 Bezi, Maske.<\/span><\/p>\n<p>[\/et_pb_text][et_pb_button button_url=&#8221;@ET-DC@eyJkeW5hbWljIjp0cnVlLCJjb250ZW50IjoicG9zdF9saW5rX3VybF9wYWdlIiwic2V0dGluZ3MiOnsicG9zdF9pZCI6IjI2ODMifX0=@&#8221; button_text=&#8221;Osman Avc\u0131 Hakk\u0131nda&#8221; button_alignment=&#8221;left&#8221; _builder_version=&#8221;4.7.6&#8243; _dynamic_attributes=&#8221;button_url&#8221; _module_preset=&#8221;default&#8221; custom_button=&#8221;on&#8221; button_text_size=&#8221;24px&#8221; button_text_color=&#8221;#ffffff&#8221; button_bg_color=&#8221;#000000&#8243; button_border_width=&#8221;4px&#8221; button_border_color=&#8221;#000000&#8243; button_font=&#8221;Indie Flower||||||||&#8221; button_icon=&#8221;%%258%%&#8221; button_icon_color=&#8221;#ffffff&#8221; button_icon_placement=&#8221;left&#8221; button_on_hover=&#8221;off&#8221; custom_margin=&#8221;||-2px|||&#8221;][\/et_pb_button][et_pb_button button_url=&#8221;@ET-DC@eyJkeW5hbWljIjp0cnVlLCJjb250ZW50IjoicG9zdF9saW5rX3VybF9wYWdlIiwic2V0dGluZ3MiOnsicG9zdF9pZCI6IjYwNSJ9fQ==@&#8221; button_text=&#8221;Sergiye Geri D\u00f6n&#8221; button_alignment=&#8221;left&#8221; _builder_version=&#8221;4.7.5&#8243; _dynamic_attributes=&#8221;button_url&#8221; _module_preset=&#8221;default&#8221; custom_button=&#8221;on&#8221; button_text_size=&#8221;24px&#8221; button_text_color=&#8221;#ffffff&#8221; button_bg_color=&#8221;#000000&#8243; button_border_width=&#8221;4px&#8221; button_border_color=&#8221;#000000&#8243; button_font=&#8221;Indie Flower||||||||&#8221; button_icon=&#8221;%%41%%&#8221; button_icon_color=&#8221;#ffffff&#8221; button_icon_placement=&#8221;left&#8221; button_on_hover=&#8221;off&#8221;][\/et_pb_button][\/et_pb_column][\/et_pb_row][\/et_pb_section]<\/p>\n","protected":false},"excerpt":{"rendered":"<p>[et_pb_section fb_built=&#8221;1&#8243; _builder_version=&#8221;4.7.5&#8243; _module_preset=&#8221;default&#8221; background_color=&#8221;#000000&#8243;][et_pb_row column_structure=&#8221;1_2,1_2&#8243; _builder_version=&#8221;4.7.5&#8243; _module_preset=&#8221;default&#8221; background_color=&#8221;#000000&#8243;][et_pb_column type=&#8221;1_2&#8243; _builder_version=&#8221;4.6.6&#8243; _module_preset=&#8221;default&#8221;][et_pb_text _builder_version=&#8221;4.7.6&#8243; _module_preset=&#8221;default&#8221; custom_padding=&#8221;70px|||||&#8221; hover_enabled=&#8221;0&#8243; sticky_enabled=&#8221;0&#8243;] Merhaba Yeni D\u00fcnya ,sana olan bak\u0131\u015f a\u00e7\u0131m\u0131 g\u00fcncel durumumuzla birlikte d\u00fc\u015f\u00fcnd\u00fc\u011f\u00fcmde gelece\u011fe y\u00f6nelik de\u011fi\u015fimin art\u0131k zorunlu bir hale geldi\u011fini fark ediyorum. D\u00fcnyan\u0131n, kaotik ve zamanla yar\u0131\u015f i\u00e7inde oldu\u011fumuz bu d\u00f6neminde, Covid 19 salg\u0131n\u0131 bize al\u0131\u015fkanl\u0131klar\u0131m\u0131z\u0131, do\u011faya verdi\u011fimiz tahribat\u0131 [&hellip;]<\/p>\n","protected":false},"author":9,"featured_media":0,"parent":0,"menu_order":0,"comment_status":"closed","ping_status":"closed","template":"","meta":{"_et_pb_use_builder":"on","_et_pb_old_content":"","_et_gb_content_width":"","spay_email":""},"jetpack_sharing_enabled":true,"jetpack_likes_enabled":true,"_links":{"self":[{"href":"https:\/\/gsfsergi.ebyu.edu.tr\/index.php?rest_route=\/wp\/v2\/pages\/2511"}],"collection":[{"href":"https:\/\/gsfsergi.ebyu.edu.tr\/index.php?rest_route=\/wp\/v2\/pages"}],"about":[{"href":"https:\/\/gsfsergi.ebyu.edu.tr\/index.php?rest_route=\/wp\/v2\/types\/page"}],"author":[{"embeddable":true,"href":"https:\/\/gsfsergi.ebyu.edu.tr\/index.php?rest_route=\/wp\/v2\/users\/9"}],"replies":[{"embeddable":true,"href":"https:\/\/gsfsergi.ebyu.edu.tr\/index.php?rest_route=%2Fwp%2Fv2%2Fcomments&post=2511"}],"version-history":[{"count":9,"href":"https:\/\/gsfsergi.ebyu.edu.tr\/index.php?rest_route=\/wp\/v2\/pages\/2511\/revisions"}],"predecessor-version":[{"id":3411,"href":"https:\/\/gsfsergi.ebyu.edu.tr\/index.php?rest_route=\/wp\/v2\/pages\/2511\/revisions\/3411"}],"wp:attachment":[{"href":"https:\/\/gsfsergi.ebyu.edu.tr\/index.php?rest_route=%2Fwp%2Fv2%2Fmedia&parent=2511"}],"curies":[{"name":"wp","href":"https:\/\/api.w.org\/{rel}","templated":true}]}}