{"id":2496,"date":"2020-12-12T18:58:57","date_gmt":"2020-12-12T15:58:57","guid":{"rendered":"https:\/\/gsfsergi.ebyu.edu.tr\/?page_id=2496"},"modified":"2020-12-15T11:24:05","modified_gmt":"2020-12-15T08:24:05","slug":"ayla-birinci","status":"publish","type":"page","link":"https:\/\/gsfsergi.ebyu.edu.tr\/?page_id=2496","title":{"rendered":"Ayla Birinci"},"content":{"rendered":"<p>[et_pb_section fb_built=&#8221;1&#8243; _builder_version=&#8221;4.7.5&#8243; _module_preset=&#8221;default&#8221; background_color=&#8221;#000000&#8243;][et_pb_row column_structure=&#8221;1_2,1_2&#8243; _builder_version=&#8221;4.7.5&#8243; _module_preset=&#8221;default&#8221; background_color=&#8221;#000000&#8243;][et_pb_column type=&#8221;1_2&#8243; _builder_version=&#8221;4.6.6&#8243; _module_preset=&#8221;default&#8221;][et_pb_text _builder_version=&#8221;4.7.6&#8243; _module_preset=&#8221;default&#8221;]<\/p>\n<p>&nbsp;<\/p>\n<p>&nbsp;<\/p>\n<p><span style=\"color: #ffffff; font-size: 14pt;\">\u201c\u0130nsanlar,\u201d dedi k\u00fc\u00e7\u00fck prens, \u201cne arad\u0131klar\u0131n\u0131 bilmeden h\u0131zl\u0131 trenlere dolu\u015fuyorlar. Endi\u015fe ve tela\u015fla, ayn\u0131 yerde d\u00f6n\u00fcp duruyorlar.\u201d Bir an duraklad\u0131ktan sonra ekledi: \u201c\u00c7ektikleri s\u0131k\u0131nt\u0131ya de\u011fmez bu.\u201d<\/span><\/p>\n<p><span style=\"color: #ffffff; font-size: 14pt;\">\u201cNe kadar garip\u201d dedim k\u00fc\u00e7\u00fck prense, \u201cher \u015fey haz\u0131r durumda. Makara, kova, ip, hepsi haz\u0131r.\u201d G\u00fcld\u00fc. Makaray\u0131 \u00e7evirmeye koyuldu. Uzun s\u00fcredir \u00e7al\u0131\u015fmamaktan paslanm\u0131\u015f olan makara, inlemeye ba\u015flad\u0131.<\/span><br \/><span style=\"color: #ffffff; font-size: 14pt;\"> \u201cDuyuyor musun?\u201d dedi k\u00fc\u00e7\u00fck prens. \u201cKuyuyu uyand\u0131rd\u0131k. O da \u015fark\u0131 s\u00f6ylemeye ba\u015flad\u0131\u2026\u201d<\/span><br \/><span style=\"color: #ffffff; font-size: 14pt;\"> K\u00fc\u00e7\u00fck Prens<\/span><\/p>\n<p><span style=\"color: #ffffff; font-size: 14pt;\">\u0130nsanl\u0131k arad\u0131\u011f\u0131, ko\u015fu\u015fturdu\u011fu, diretti\u011fi, t\u00fcketti\u011fi, bozdu\u011fu t\u00fcm sistemin verdi\u011fi cevab\u0131 dinliyor. Bekliyor. Birle\u015fiyor. Ayr\u0131\u015f\u0131yor. Yeninin t\u00fcm zorlay\u0131c\u0131l\u0131\u011f\u0131nda, umut ediyor ve onun \u015fark\u0131s\u0131n\u0131 dinliyor \u2026<\/span><\/p>\n<p><span style=\"color: #ffffff; font-size: 14pt;\">AYLA B\u0130R\u0130NC\u0130<\/span><\/p>\n<p>[\/et_pb_text][\/et_pb_column][et_pb_column type=&#8221;1_2&#8243; _builder_version=&#8221;4.6.6&#8243; _module_preset=&#8221;default&#8221;][et_pb_image src=&#8221;https:\/\/gsfsergi.ebyu.edu.tr\/wp-content\/uploads\/2020\/12\/AylaBirinci.jpg&#8221; title_text=&#8221;AylaBirinci&#8221; show_in_lightbox=&#8221;on&#8221; _builder_version=&#8221;4.7.6&#8243; _module_preset=&#8221;default&#8221; custom_padding=&#8221;81px|||||&#8221;][\/et_pb_image][et_pb_text _builder_version=&#8221;4.7.6&#8243; _module_preset=&#8221;default&#8221;]<\/p>\n<p><span style=\"color: #ffffff;\">Ayla Birinci<\/span><br \/><span style=\"color: #ffffff;\">\u201cBirle\u015fme\u201d<\/span><br \/><span style=\"color: #ffffff;\">2019<\/span><br \/><span style=\"color: #ffffff;\">25 cm x 15 cm x 6 cm<\/span><br \/><span style=\"color: #ffffff;\">Cam F\u00fczyon Tekni\u011fi.<\/span><\/p>\n<p>[\/et_pb_text][et_pb_button button_url=&#8221;@ET-DC@eyJkeW5hbWljIjp0cnVlLCJjb250ZW50IjoicG9zdF9saW5rX3VybF9wYWdlIiwic2V0dGluZ3MiOnsicG9zdF9pZCI6IjI2NjcifX0=@&#8221; button_text=&#8221;Ayla Birinci Hakk\u0131nda&#8221; button_alignment=&#8221;left&#8221; _builder_version=&#8221;4.7.6&#8243; _dynamic_attributes=&#8221;button_url&#8221; _module_preset=&#8221;default&#8221; custom_button=&#8221;on&#8221; button_text_size=&#8221;24px&#8221; button_text_color=&#8221;#ffffff&#8221; button_bg_color=&#8221;#000000&#8243; button_border_width=&#8221;4px&#8221; button_border_color=&#8221;#000000&#8243; button_font=&#8221;Indie Flower||||||||&#8221; button_icon=&#8221;%%258%%&#8221; button_icon_color=&#8221;#ffffff&#8221; button_icon_placement=&#8221;left&#8221; button_on_hover=&#8221;off&#8221; custom_margin=&#8221;||-2px|||&#8221;][\/et_pb_button][et_pb_button button_url=&#8221;@ET-DC@eyJkeW5hbWljIjp0cnVlLCJjb250ZW50IjoicG9zdF9saW5rX3VybF9wYWdlIiwic2V0dGluZ3MiOnsicG9zdF9pZCI6IjYwNSJ9fQ==@&#8221; button_text=&#8221;Sergiye Geri D\u00f6n&#8221; button_alignment=&#8221;left&#8221; _builder_version=&#8221;4.7.5&#8243; _dynamic_attributes=&#8221;button_url&#8221; _module_preset=&#8221;default&#8221; custom_button=&#8221;on&#8221; button_text_size=&#8221;24px&#8221; button_text_color=&#8221;#ffffff&#8221; button_bg_color=&#8221;#000000&#8243; button_border_width=&#8221;4px&#8221; button_border_color=&#8221;#000000&#8243; button_font=&#8221;Indie Flower||||||||&#8221; button_icon=&#8221;%%41%%&#8221; button_icon_color=&#8221;#ffffff&#8221; button_icon_placement=&#8221;left&#8221; button_on_hover=&#8221;off&#8221;][\/et_pb_button][\/et_pb_column][\/et_pb_row][\/et_pb_section]<\/p>\n","protected":false},"excerpt":{"rendered":"<p>[et_pb_section fb_built=&#8221;1&#8243; _builder_version=&#8221;4.7.5&#8243; _module_preset=&#8221;default&#8221; background_color=&#8221;#000000&#8243;][et_pb_row column_structure=&#8221;1_2,1_2&#8243; _builder_version=&#8221;4.7.5&#8243; _module_preset=&#8221;default&#8221; background_color=&#8221;#000000&#8243;][et_pb_column type=&#8221;1_2&#8243; _builder_version=&#8221;4.6.6&#8243; _module_preset=&#8221;default&#8221;][et_pb_text _builder_version=&#8221;4.7.6&#8243; _module_preset=&#8221;default&#8221;] &nbsp; &nbsp; \u201c\u0130nsanlar,\u201d dedi k\u00fc\u00e7\u00fck prens, \u201cne arad\u0131klar\u0131n\u0131 bilmeden h\u0131zl\u0131 trenlere dolu\u015fuyorlar. Endi\u015fe ve tela\u015fla, ayn\u0131 yerde d\u00f6n\u00fcp duruyorlar.\u201d Bir an duraklad\u0131ktan sonra ekledi: \u201c\u00c7ektikleri s\u0131k\u0131nt\u0131ya de\u011fmez bu.\u201d \u201cNe kadar garip\u201d dedim k\u00fc\u00e7\u00fck prense, \u201cher \u015fey haz\u0131r durumda. Makara, kova, ip, [&hellip;]<\/p>\n","protected":false},"author":9,"featured_media":0,"parent":0,"menu_order":0,"comment_status":"closed","ping_status":"closed","template":"","meta":{"_et_pb_use_builder":"on","_et_pb_old_content":"","_et_gb_content_width":"","spay_email":""},"jetpack_sharing_enabled":true,"jetpack_likes_enabled":true,"_links":{"self":[{"href":"https:\/\/gsfsergi.ebyu.edu.tr\/index.php?rest_route=\/wp\/v2\/pages\/2496"}],"collection":[{"href":"https:\/\/gsfsergi.ebyu.edu.tr\/index.php?rest_route=\/wp\/v2\/pages"}],"about":[{"href":"https:\/\/gsfsergi.ebyu.edu.tr\/index.php?rest_route=\/wp\/v2\/types\/page"}],"author":[{"embeddable":true,"href":"https:\/\/gsfsergi.ebyu.edu.tr\/index.php?rest_route=\/wp\/v2\/users\/9"}],"replies":[{"embeddable":true,"href":"https:\/\/gsfsergi.ebyu.edu.tr\/index.php?rest_route=%2Fwp%2Fv2%2Fcomments&post=2496"}],"version-history":[{"count":5,"href":"https:\/\/gsfsergi.ebyu.edu.tr\/index.php?rest_route=\/wp\/v2\/pages\/2496\/revisions"}],"predecessor-version":[{"id":3303,"href":"https:\/\/gsfsergi.ebyu.edu.tr\/index.php?rest_route=\/wp\/v2\/pages\/2496\/revisions\/3303"}],"wp:attachment":[{"href":"https:\/\/gsfsergi.ebyu.edu.tr\/index.php?rest_route=%2Fwp%2Fv2%2Fmedia&parent=2496"}],"curies":[{"name":"wp","href":"https:\/\/api.w.org\/{rel}","templated":true}]}}