{"id":2493,"date":"2020-12-12T18:57:57","date_gmt":"2020-12-12T15:57:57","guid":{"rendered":"https:\/\/gsfsergi.ebyu.edu.tr\/?page_id=2493"},"modified":"2020-12-15T11:30:38","modified_gmt":"2020-12-15T08:30:38","slug":"basri-geccelep","status":"publish","type":"page","link":"https:\/\/gsfsergi.ebyu.edu.tr\/?page_id=2493","title":{"rendered":"Basri Gen\u00e7celep"},"content":{"rendered":"<p>[et_pb_section fb_built=&#8221;1&#8243; _builder_version=&#8221;4.7.5&#8243; _module_preset=&#8221;default&#8221; background_color=&#8221;#000000&#8243;][et_pb_row column_structure=&#8221;1_2,1_2&#8243; _builder_version=&#8221;4.7.5&#8243; _module_preset=&#8221;default&#8221; background_color=&#8221;#000000&#8243;][et_pb_column type=&#8221;1_2&#8243; _builder_version=&#8221;4.6.6&#8243; _module_preset=&#8221;default&#8221;][et_pb_text _builder_version=&#8221;4.7.6&#8243; _module_preset=&#8221;default&#8221;]<\/p>\n<p>&nbsp;<\/p>\n<p>&nbsp;<\/p>\n<p><span style=\"color: #ffffff; font-size: 14pt;\">Ho\u015f gelmeyen yeni d\u00fcnya;<\/span><br \/><span style=\"color: #ffffff; font-size: 14pt;\"> Eski d\u00fcnyaya hasret birisinden sana kocaman bir ho\u015f gelmedin. Senin k\u0131ymetini bilemeyen, eski ve yeni diye ay\u0131ran, seni yaratan bizlerden sana kocaman bir ho\u015f gelmedin. <\/span><br \/><span style=\"color: #ffffff; font-size: 14pt;\"> B\u00fcy\u00fcklerimiz kendilerinden \u00f6nceki nesillerden k\u00f6t\u00fc olarak emanet ald\u0131klar\u0131 eski seni, kendilerinden sonraki bizlere, daha da k\u00f6t\u00fc bir \u015fekilde emanet verdi. Senin g\u00fczelli\u011finin bizim g\u00fczelli\u011fimiz oldu\u011funu hi\u00e7bir zaman anlayamad\u0131k. Ke\u015fke bunun bir oyun olmad\u0131\u011f\u0131n\u0131, senin de bir oyuncak olmad\u0131\u011f\u0131n\u0131 bizlere anlatabilselerdi. San\u0131r\u0131m bizler de \u00e7ocuklar\u0131m\u0131za senin ne kadar ger\u00e7ek, kat\u0131 ve ac\u0131mas\u0131z oldu\u011funu, bunun bir oyun olmad\u0131\u011f\u0131n\u0131 anlatam\u0131yoruz. K\u00f6rebe oynayan \u00e7ocuklar\u0131m\u0131za maskeyi g\u00f6z\u00fcne de\u011fil de a\u011fz\u0131na takmas\u0131 gerekti\u011fini anlatamad\u0131\u011f\u0131m\u0131z gibi.<\/span><br \/><span style=\"color: #ffffff; font-size: 14pt;\"> Vaktinde anlayamad\u0131\u011f\u0131m\u0131z bu oyunun kurallar\u0131n\u0131 ge\u00e7 olmadan \u00e7ocuklar\u0131m\u0131za anlatabilmemiz \u00fcmidiyle\u2026 <\/span><\/p>\n<p><span style=\"color: #ffffff; font-size: 14pt;\">Basri Gen\u00e7celep<\/span><\/p>\n<p>&nbsp;<\/p>\n<p>[\/et_pb_text][\/et_pb_column][et_pb_column type=&#8221;1_2&#8243; _builder_version=&#8221;4.6.6&#8243; _module_preset=&#8221;default&#8221;][et_pb_image src=&#8221;https:\/\/gsfsergi.ebyu.edu.tr\/wp-content\/uploads\/2020\/12\/BasriGenc\u0327celep-scaled.jpg&#8221; title_text=&#8221;BasriGenc\u0327celep&#8221; show_in_lightbox=&#8221;on&#8221; _builder_version=&#8221;4.7.6&#8243; _module_preset=&#8221;default&#8221; custom_padding=&#8221;81px|||||&#8221;][\/et_pb_image][et_pb_text _builder_version=&#8221;4.7.6&#8243; _module_preset=&#8221;default&#8221;]<\/p>\n<p><span style=\"color: #ffffff;\">Basri Gen\u00e7celep<\/span><br \/><span style=\"color: #ffffff;\">\u201cK\u00f6rebe\u201d<\/span><br \/><span style=\"color: #ffffff;\">2020<\/span><br \/><span style=\"color: #ffffff;\">Dijital Foto\u011fraf.<\/span><\/p>\n<p>[\/et_pb_text][et_pb_button button_url=&#8221;@ET-DC@eyJkeW5hbWljIjp0cnVlLCJjb250ZW50IjoicG9zdF9saW5rX3VybF9wYWdlIiwic2V0dGluZ3MiOnsicG9zdF9pZCI6IjI2NjMifX0=@&#8221; button_text=&#8221;Basri Gen\u00e7celep Hakk\u0131nda&#8221; button_alignment=&#8221;left&#8221; _builder_version=&#8221;4.7.6&#8243; _dynamic_attributes=&#8221;button_url&#8221; _module_preset=&#8221;default&#8221; custom_button=&#8221;on&#8221; button_text_size=&#8221;24px&#8221; button_text_color=&#8221;#ffffff&#8221; button_bg_color=&#8221;#000000&#8243; button_border_width=&#8221;4px&#8221; button_border_color=&#8221;#000000&#8243; button_font=&#8221;Indie Flower||||||||&#8221; button_icon=&#8221;%%258%%&#8221; button_icon_color=&#8221;#ffffff&#8221; button_icon_placement=&#8221;left&#8221; button_on_hover=&#8221;off&#8221; custom_margin=&#8221;||-2px|||&#8221;][\/et_pb_button][et_pb_button button_url=&#8221;@ET-DC@eyJkeW5hbWljIjp0cnVlLCJjb250ZW50IjoicG9zdF9saW5rX3VybF9wYWdlIiwic2V0dGluZ3MiOnsicG9zdF9pZCI6IjYwNSJ9fQ==@&#8221; button_text=&#8221;Sergiye Geri D\u00f6n&#8221; button_alignment=&#8221;left&#8221; _builder_version=&#8221;4.7.5&#8243; _dynamic_attributes=&#8221;button_url&#8221; _module_preset=&#8221;default&#8221; custom_button=&#8221;on&#8221; button_text_size=&#8221;24px&#8221; button_text_color=&#8221;#ffffff&#8221; button_bg_color=&#8221;#000000&#8243; button_border_width=&#8221;4px&#8221; button_border_color=&#8221;#000000&#8243; button_font=&#8221;Indie Flower||||||||&#8221; button_icon=&#8221;%%41%%&#8221; button_icon_color=&#8221;#ffffff&#8221; button_icon_placement=&#8221;left&#8221; button_on_hover=&#8221;off&#8221;][\/et_pb_button][\/et_pb_column][\/et_pb_row][\/et_pb_section]<\/p>\n","protected":false},"excerpt":{"rendered":"<p>[et_pb_section fb_built=&#8221;1&#8243; _builder_version=&#8221;4.7.5&#8243; _module_preset=&#8221;default&#8221; background_color=&#8221;#000000&#8243;][et_pb_row column_structure=&#8221;1_2,1_2&#8243; _builder_version=&#8221;4.7.5&#8243; _module_preset=&#8221;default&#8221; background_color=&#8221;#000000&#8243;][et_pb_column type=&#8221;1_2&#8243; _builder_version=&#8221;4.6.6&#8243; _module_preset=&#8221;default&#8221;][et_pb_text _builder_version=&#8221;4.7.6&#8243; _module_preset=&#8221;default&#8221;] &nbsp; &nbsp; Ho\u015f gelmeyen yeni d\u00fcnya; Eski d\u00fcnyaya hasret birisinden sana kocaman bir ho\u015f gelmedin. Senin k\u0131ymetini bilemeyen, eski ve yeni diye ay\u0131ran, seni yaratan bizlerden sana kocaman bir ho\u015f gelmedin. B\u00fcy\u00fcklerimiz kendilerinden \u00f6nceki nesillerden k\u00f6t\u00fc olarak emanet ald\u0131klar\u0131 eski seni, [&hellip;]<\/p>\n","protected":false},"author":9,"featured_media":0,"parent":0,"menu_order":0,"comment_status":"closed","ping_status":"closed","template":"","meta":{"_et_pb_use_builder":"on","_et_pb_old_content":"","_et_gb_content_width":"","spay_email":""},"jetpack_sharing_enabled":true,"jetpack_likes_enabled":true,"_links":{"self":[{"href":"https:\/\/gsfsergi.ebyu.edu.tr\/index.php?rest_route=\/wp\/v2\/pages\/2493"}],"collection":[{"href":"https:\/\/gsfsergi.ebyu.edu.tr\/index.php?rest_route=\/wp\/v2\/pages"}],"about":[{"href":"https:\/\/gsfsergi.ebyu.edu.tr\/index.php?rest_route=\/wp\/v2\/types\/page"}],"author":[{"embeddable":true,"href":"https:\/\/gsfsergi.ebyu.edu.tr\/index.php?rest_route=\/wp\/v2\/users\/9"}],"replies":[{"embeddable":true,"href":"https:\/\/gsfsergi.ebyu.edu.tr\/index.php?rest_route=%2Fwp%2Fv2%2Fcomments&post=2493"}],"version-history":[{"count":7,"href":"https:\/\/gsfsergi.ebyu.edu.tr\/index.php?rest_route=\/wp\/v2\/pages\/2493\/revisions"}],"predecessor-version":[{"id":3316,"href":"https:\/\/gsfsergi.ebyu.edu.tr\/index.php?rest_route=\/wp\/v2\/pages\/2493\/revisions\/3316"}],"wp:attachment":[{"href":"https:\/\/gsfsergi.ebyu.edu.tr\/index.php?rest_route=%2Fwp%2Fv2%2Fmedia&parent=2493"}],"curies":[{"name":"wp","href":"https:\/\/api.w.org\/{rel}","templated":true}]}}