{"id":2485,"date":"2020-12-12T18:54:50","date_gmt":"2020-12-12T15:54:50","guid":{"rendered":"https:\/\/gsfsergi.ebyu.edu.tr\/?page_id=2485"},"modified":"2020-12-15T12:45:44","modified_gmt":"2020-12-15T09:45:44","slug":"ramazan-belge","status":"publish","type":"page","link":"https:\/\/gsfsergi.ebyu.edu.tr\/?page_id=2485","title":{"rendered":"Ramazan Belge"},"content":{"rendered":"<p>[et_pb_section fb_built=&#8221;1&#8243; _builder_version=&#8221;4.7.5&#8243; _module_preset=&#8221;default&#8221; background_color=&#8221;#000000&#8243;][et_pb_row column_structure=&#8221;1_2,1_2&#8243; _builder_version=&#8221;4.7.5&#8243; _module_preset=&#8221;default&#8221; background_color=&#8221;#000000&#8243;][et_pb_column type=&#8221;1_2&#8243; _builder_version=&#8221;4.6.6&#8243; _module_preset=&#8221;default&#8221;][et_pb_text _builder_version=&#8221;4.7.6&#8243; _module_preset=&#8221;default&#8221; hover_enabled=&#8221;0&#8243; sticky_enabled=&#8221;0&#8243;]<\/p>\n<p>&nbsp;<\/p>\n<p>&nbsp;<\/p>\n<p><span style=\"color: #ffffff; font-size: 14pt;\">Erzurum 2 Aral\u0131k 2020<\/span><\/p>\n<p><span style=\"color: #ffffff; font-size: 14pt;\">Yeni D\u00fcnyaya\u2026<\/span><br \/><span style=\"color: #ffffff; font-size: 14pt;\"> Ya\u015fad\u0131\u011f\u0131m\u0131z d\u00fcnyadan Yeni D\u00fcnyaya ge\u00e7i\u015fi maalesef istenilen bir \u015fekilde ger\u00e7ekle\u015fmemi\u015ftir. G\u00fcn\u00fcm\u00fczde meydana gelen \u2018Covid 19\u2019 ad\u0131yla an\u0131lan Coronavir\u00fcs salg\u0131n\u0131 ge\u00e7mi\u015fte de meydana gelmi\u015f ve hatta tarih boyunca bula\u015f\u0131c\u0131 hastal\u0131lar olarak s\u00fcrekli ortaya \u00e7\u0131km\u0131\u015f ve d\u00fcnyaya yay\u0131lm\u0131\u015ft\u0131r. Bulundu\u011fumuz \u00e7a\u011fda ortaya \u00e7\u0131kan bu hastal\u0131k ilerlemi\u015f teknoloji olmas\u0131na ra\u011fmen bu hastal\u0131\u011f\u0131n uzun bir s\u00fcre tedavisi bulunamamas\u0131, s\u00f6ylenilen teknoloji \u00e7a\u011f\u0131na bir \u00e7eli\u015fki durumuna girmi\u015ftir.<\/span><br \/><span style=\"color: #ffffff; font-size: 14pt;\"> Yeni d\u00fcnyada geli\u015fen ve yayg\u0131nla\u015fan olumsuz etkilerden dolay\u0131 toplum bireyselli\u011fe ad\u0131m atm\u0131\u015f ve bu y\u00fczden \u2018ben\u2019 i\u00e7 ve d\u0131\u015f olarak yeni d\u00fcnya ile etkile\u015fim sonucunda yeni bir ben anlay\u0131\u015f\u0131 ve yeni bir ya\u015fam bi\u00e7imine girmi\u015ftir. Dolay\u0131s\u0131yla \u2018biz\u2019 anlay\u0131\u015f\u0131 da de\u011fi\u015fime u\u011fram\u0131\u015f ve hatta s\u0131n\u0131rs\u0131z anlam ta\u015f\u0131yan bu kelimeye yeni d\u00fcnyada s\u0131n\u0131rl\u0131 hale gelmi\u015f ve \u00f6znelle\u015fmi\u015ftir. Art\u0131k yeni d\u00fcnyada \u2018biz\u2019; evimiz, yerimiz, mahallemiz gibi s\u0131n\u0131rl\u0131 bir \u00e7ekirdek grubu olarak yal\u0131nla\u015fm\u0131\u015ft\u0131r.<\/span><br \/><span style=\"color: #ffffff; font-size: 14pt;\"> Tarihte M.\u00d6 (milattan \u00f6nce) ve M.S (milattan sonra) oldu\u011fu gibi \u2018yeni d\u00fcnyada d\u00fcnya\u2019 pandemi \u00f6ncesi ve pandemi sonras\u0131 olarak \u00e7\u0131km\u0131\u015f ve \u2018yeni d\u00fcnyada d\u00fcnyam\u0131z\u2019 da de\u011fi\u015fmi\u015ftir. Ger\u00e7ekle\u015fen yeni d\u00fcnyada hem sanat\u00e7\u0131y\u0131 hem de sanat\u0131 etki alan\u0131na al\u0131nm\u0131\u015f ve sanat ser\u00fcvenine bir ba\u015fka boyuta ta\u015f\u0131mas\u0131na sebep olmu\u015ftur. Dolay\u0131s\u0131yla sanat\u00e7\u0131n\u0131n ifade bi\u00e7imi de\u011fi\u015fmi\u015ftir.<\/span><\/p>\n<p><span style=\"color: #ffffff; font-size: 14pt;\">Ramazan BELGE<\/span><\/p>\n<p>[\/et_pb_text][\/et_pb_column][et_pb_column type=&#8221;1_2&#8243; _builder_version=&#8221;4.6.6&#8243; _module_preset=&#8221;default&#8221;][et_pb_image src=&#8221;https:\/\/gsfsergi.ebyu.edu.tr\/wp-content\/uploads\/2020\/12\/RamazanBelge.jpg&#8221; title_text=&#8221;RamazanBelge&#8221; show_in_lightbox=&#8221;on&#8221; _builder_version=&#8221;4.7.6&#8243; _module_preset=&#8221;default&#8221; custom_padding=&#8221;81px|||||&#8221;][\/et_pb_image][et_pb_text _builder_version=&#8221;4.7.6&#8243; _module_preset=&#8221;default&#8221;]<\/p>\n<p><span style=\"color: #ffffff;\">Ramazan Belge<\/span><br \/><span style=\"color: #ffffff;\">\u201cSocial Distance\u201d<\/span><br \/><span style=\"color: #ffffff;\">2020<\/span><br \/><span style=\"color: #ffffff;\">&#8230;.. cm x &#8230;. cm<\/span><br \/><span style=\"color: #ffffff;\">9\/15 CMYK Bask\u0131<\/span><\/p>\n<p>[\/et_pb_text][et_pb_button button_url=&#8221;@ET-DC@eyJkeW5hbWljIjp0cnVlLCJjb250ZW50IjoicG9zdF9saW5rX3VybF9wYWdlIiwic2V0dGluZ3MiOnsicG9zdF9pZCI6IjI2NTUifX0=@&#8221; button_text=&#8221;Ramazan Belge Hakk\u0131nda&#8221; button_alignment=&#8221;left&#8221; _builder_version=&#8221;4.7.6&#8243; _dynamic_attributes=&#8221;button_url&#8221; _module_preset=&#8221;default&#8221; custom_button=&#8221;on&#8221; button_text_size=&#8221;24px&#8221; button_text_color=&#8221;#ffffff&#8221; button_bg_color=&#8221;#000000&#8243; button_border_width=&#8221;4px&#8221; button_border_color=&#8221;#000000&#8243; button_font=&#8221;Indie Flower||||||||&#8221; button_icon=&#8221;%%258%%&#8221; button_icon_color=&#8221;#ffffff&#8221; button_icon_placement=&#8221;left&#8221; button_on_hover=&#8221;off&#8221; custom_margin=&#8221;||-2px|||&#8221;][\/et_pb_button][et_pb_button button_url=&#8221;@ET-DC@eyJkeW5hbWljIjp0cnVlLCJjb250ZW50IjoicG9zdF9saW5rX3VybF9wYWdlIiwic2V0dGluZ3MiOnsicG9zdF9pZCI6IjYwNSJ9fQ==@&#8221; button_text=&#8221;Sergiye Geri D\u00f6n&#8221; button_alignment=&#8221;left&#8221; _builder_version=&#8221;4.7.5&#8243; _dynamic_attributes=&#8221;button_url&#8221; _module_preset=&#8221;default&#8221; custom_button=&#8221;on&#8221; button_text_size=&#8221;24px&#8221; button_text_color=&#8221;#ffffff&#8221; button_bg_color=&#8221;#000000&#8243; button_border_width=&#8221;4px&#8221; button_border_color=&#8221;#000000&#8243; button_font=&#8221;Indie Flower||||||||&#8221; button_icon=&#8221;%%41%%&#8221; button_icon_color=&#8221;#ffffff&#8221; button_icon_placement=&#8221;left&#8221; button_on_hover=&#8221;off&#8221;][\/et_pb_button][\/et_pb_column][\/et_pb_row][\/et_pb_section]<\/p>\n","protected":false},"excerpt":{"rendered":"<p>[et_pb_section fb_built=&#8221;1&#8243; _builder_version=&#8221;4.7.5&#8243; _module_preset=&#8221;default&#8221; background_color=&#8221;#000000&#8243;][et_pb_row column_structure=&#8221;1_2,1_2&#8243; _builder_version=&#8221;4.7.5&#8243; _module_preset=&#8221;default&#8221; background_color=&#8221;#000000&#8243;][et_pb_column type=&#8221;1_2&#8243; _builder_version=&#8221;4.6.6&#8243; _module_preset=&#8221;default&#8221;][et_pb_text _builder_version=&#8221;4.7.6&#8243; _module_preset=&#8221;default&#8221; hover_enabled=&#8221;0&#8243; sticky_enabled=&#8221;0&#8243;] &nbsp; &nbsp; Erzurum 2 Aral\u0131k 2020 Yeni D\u00fcnyaya\u2026 Ya\u015fad\u0131\u011f\u0131m\u0131z d\u00fcnyadan Yeni D\u00fcnyaya ge\u00e7i\u015fi maalesef istenilen bir \u015fekilde ger\u00e7ekle\u015fmemi\u015ftir. G\u00fcn\u00fcm\u00fczde meydana gelen \u2018Covid 19\u2019 ad\u0131yla an\u0131lan Coronavir\u00fcs salg\u0131n\u0131 ge\u00e7mi\u015fte de meydana gelmi\u015f ve hatta tarih boyunca bula\u015f\u0131c\u0131 hastal\u0131lar olarak s\u00fcrekli [&hellip;]<\/p>\n","protected":false},"author":9,"featured_media":0,"parent":0,"menu_order":0,"comment_status":"closed","ping_status":"closed","template":"","meta":{"_et_pb_use_builder":"on","_et_pb_old_content":"","_et_gb_content_width":"","spay_email":""},"jetpack_sharing_enabled":true,"jetpack_likes_enabled":true,"_links":{"self":[{"href":"https:\/\/gsfsergi.ebyu.edu.tr\/index.php?rest_route=\/wp\/v2\/pages\/2485"}],"collection":[{"href":"https:\/\/gsfsergi.ebyu.edu.tr\/index.php?rest_route=\/wp\/v2\/pages"}],"about":[{"href":"https:\/\/gsfsergi.ebyu.edu.tr\/index.php?rest_route=\/wp\/v2\/types\/page"}],"author":[{"embeddable":true,"href":"https:\/\/gsfsergi.ebyu.edu.tr\/index.php?rest_route=\/wp\/v2\/users\/9"}],"replies":[{"embeddable":true,"href":"https:\/\/gsfsergi.ebyu.edu.tr\/index.php?rest_route=%2Fwp%2Fv2%2Fcomments&post=2485"}],"version-history":[{"count":5,"href":"https:\/\/gsfsergi.ebyu.edu.tr\/index.php?rest_route=\/wp\/v2\/pages\/2485\/revisions"}],"predecessor-version":[{"id":3426,"href":"https:\/\/gsfsergi.ebyu.edu.tr\/index.php?rest_route=\/wp\/v2\/pages\/2485\/revisions\/3426"}],"wp:attachment":[{"href":"https:\/\/gsfsergi.ebyu.edu.tr\/index.php?rest_route=%2Fwp%2Fv2%2Fmedia&parent=2485"}],"curies":[{"name":"wp","href":"https:\/\/api.w.org\/{rel}","templated":true}]}}