{"id":2481,"date":"2020-12-12T18:53:43","date_gmt":"2020-12-12T15:53:43","guid":{"rendered":"https:\/\/gsfsergi.ebyu.edu.tr\/?page_id=2481"},"modified":"2020-12-15T12:38:17","modified_gmt":"2020-12-15T09:38:17","slug":"ozlem-gurpinar","status":"publish","type":"page","link":"https:\/\/gsfsergi.ebyu.edu.tr\/?page_id=2481","title":{"rendered":"\u00d6zlem G\u00fcrp\u0131nar"},"content":{"rendered":"<p>[et_pb_section fb_built=&#8221;1&#8243; _builder_version=&#8221;4.7.5&#8243; _module_preset=&#8221;default&#8221; background_color=&#8221;#000000&#8243;][et_pb_row column_structure=&#8221;1_2,1_2&#8243; _builder_version=&#8221;4.7.5&#8243; _module_preset=&#8221;default&#8221; background_color=&#8221;#000000&#8243;][et_pb_column type=&#8221;1_2&#8243; _builder_version=&#8221;4.6.6&#8243; _module_preset=&#8221;default&#8221;][et_pb_text _builder_version=&#8221;4.7.6&#8243; _module_preset=&#8221;default&#8221; hover_enabled=&#8221;0&#8243; sticky_enabled=&#8221;0&#8243;]<\/p>\n<p>&nbsp;<\/p>\n<p>&nbsp;<\/p>\n<p><span style=\"color: #ffffff; font-size: 14pt;\">Merhaba yabanc\u0131,<\/span><\/p>\n<p><span style=\"color: #ffffff; font-size: 14pt;\">Evet yabanc\u0131, nas\u0131l birden d\u00fcnyam\u0131za giri\u015f yapt\u0131n anlayamad\u0131k. Seninle birlikte hayat\u0131m\u0131zda mevcut olan ya\u015fant\u0131 mant\u0131\u011f\u0131n\u0131 ve \u00e7er\u00e7evesini ani olarak de\u011fi\u015ftirmek zorunda kald\u0131k. Covid-19 salg\u0131n\u0131 sonucunda yeni d\u00fcnya d\u00fczenimizi kurduk. Senden dolay\u0131 \u00f6zg\u00fcrl\u00fcklerimizden, geleneklerimizden, sevdiklerimizden, sa\u011fl\u0131\u011f\u0131m\u0131zdan daha sayamad\u0131\u011f\u0131m bir\u00e7ok \u015feyden yoksun kald\u0131k. \u00c7aresizlikler, bu yeni d\u00fcnyada ben benin \u00f6z beninde bilinmeyenlerinin ke\u015ffine ve art\u0131k benin kendi kendine yetebilecek s\u0131n\u0131rs\u0131zl\u0131klar\u0131n\u0131n bilincine varan yeni bir ben olmama sebep oldu. Herkes art\u0131k farkl\u0131 ki\u015fisel farkl\u0131l\u0131klara varan yeni bir bendi. Salg\u0131n, d\u00fcnyada insanlar\u0131n birebir ili\u015fkilerinde yabanc\u0131la\u015fmas\u0131na sebep olurken ortak hissiyat olarak evrensel duyarl\u0131l\u0131\u011f\u0131 ve empati yetene\u011fi geli\u015fmi\u015f olan k\u00fclt\u00fcrlere d\u00f6n\u00fc\u015fmemize sebep oldu. \u00c7\u00fcnk\u00fc, ger\u00e7ek empati duygusu ancak bireylerin veya toplumlar\u0131n ayn\u0131 hisleri ya\u015famas\u0131yla olu\u015fur. Bizler art\u0131k ayn\u0131 yabanc\u0131yla biriz. D\u00fcnyam\u0131zda bilginin \u015feffafl\u0131\u011f\u0131na ula\u015f\u0131lamama sorunu ve alg\u0131sal y\u00f6netim olarak kullan\u0131lan internet bilgi \u00e7a\u011f\u0131n\u0131n belirsizli\u011fi, karars\u0131zl\u0131\u011f\u0131 toplumu endi\u015fe ve korkuya y\u00f6neltti. Bu belirsizlik duygusu biti\u015f \u00e7izgisine varana kadar insanlarda \u00f6l\u00fcm korkusu ve kay\u0131p duygusu varl\u0131\u011f\u0131n\u0131 koruyacak gibi g\u00f6z\u00fck\u00fcyor.<\/span><br \/><span style=\"color: #ffffff; font-size: 14pt;\"> Bu pandemi yeni d\u00fcnyada, d\u00fcnyan\u0131n k\u00fcresel \u00e7apta dijitalle\u015fmesine ve k\u0131sa s\u00fcrede bir\u00e7ok verilere, t\u00fcketim ve \u00fcretim \u00fcr\u00fcnleri gibi \u015feylere sanal yollarla ula\u015f\u0131lmas\u0131na sebep oldu. Belki de de\u011fi\u015fen d\u00fczene en kolay dijitalle\u015fen d\u00fcnyan\u0131n yard\u0131m\u0131yla uyum sa\u011flad\u0131k. \u00d6te yandan yeni d\u00fcnya art\u0131k insano\u011flunun ve d\u00fcnyan\u0131n \u00f6z\u00fc olan tabiata d\u00f6n\u00fc\u015f\u00fc gibiydi. \u00d6zg\u00fcrl\u00fc\u011f\u00fcm\u00fcze kucak a\u00e7an yine do\u011fayd\u0131. Birdenbire kendimizi buldu\u011fumuz yer: Hobi bah\u00e7eleri, k\u00f6y evleri, k\u0131sacas\u0131 do\u011faya ait olan her yer oldu. \u00c7o\u011fumuz bu ya\u015fananlar\u0131 ifade etmek i\u00e7in kendimizi dijital sanat ortam\u0131nda bulduk. Sanal sergilerin zaman ve mek\u00e2n s\u0131n\u0131rs\u0131zl\u0131\u011f\u0131 sergilerin artmas\u0131na ve sanat\u00e7\u0131lar\u0131n daha \u00e7ok i\u015f \u00fcretmesine sebep olmu\u015fken sanat\u0131n ne kadar esnek bir yap\u0131ya, dijitalle\u015fmeye sahip oldu\u011funu g\u00f6rd\u00fck. Art\u0131k zaman\u0131m\u0131z\u0131n hastal\u0131\u011f\u0131na, s\u0131k\u0131nt\u0131lar\u0131na tan\u0131kl\u0131k edenlerden biri de sanatt\u0131r.<\/span><\/p>\n<p><span style=\"color: #ffffff; font-size: 14pt;\">G\u00f6r\u00fc\u015fmemek dile\u011fiyle yabanc\u0131&#8230;<\/span><\/p>\n<p><span style=\"color: #ffffff; font-size: 14pt;\">\u00d6zlem G\u00dcRPINAR<\/span><\/p>\n<p>&nbsp;<\/p>\n<p>[\/et_pb_text][\/et_pb_column][et_pb_column type=&#8221;1_2&#8243; _builder_version=&#8221;4.6.6&#8243; _module_preset=&#8221;default&#8221;][et_pb_image src=&#8221;https:\/\/gsfsergi.ebyu.edu.tr\/wp-content\/uploads\/2020\/12\/OzlemGurpinar.jpg&#8221; title_text=&#8221;\u00d6zlemG\u00fcrp\u0131nar&#8221; show_in_lightbox=&#8221;on&#8221; _builder_version=&#8221;4.7.6&#8243; _module_preset=&#8221;default&#8221; custom_padding=&#8221;81px|||||&#8221;][\/et_pb_image][et_pb_text _builder_version=&#8221;4.7.6&#8243; _module_preset=&#8221;default&#8221;]<\/p>\n<p><span style=\"color: #ffffff;\">\u00d6zlem G\u00fcrp\u0131nar<\/span><br \/><span style=\"color: #ffffff;\">\u201c\u0130simsiz\u201d<\/span><br \/><span style=\"color: #ffffff;\">2020<\/span><br \/><span style=\"color: #ffffff;\">21 cm x 50 cm\u00a0<\/span><br \/><span style=\"color: #ffffff;\">Pleksiglas, Silikon.<\/span><\/p>\n<p>[\/et_pb_text][et_pb_button button_url=&#8221;@ET-DC@eyJkeW5hbWljIjp0cnVlLCJjb250ZW50IjoicG9zdF9saW5rX3VybF9wYWdlIiwic2V0dGluZ3MiOnsicG9zdF9pZCI6IjI2NTEifX0=@&#8221; button_text=&#8221;\u00d6zlem G\u00fcrp\u0131nar Hakk\u0131nda&#8221; button_alignment=&#8221;left&#8221; _builder_version=&#8221;4.7.6&#8243; _dynamic_attributes=&#8221;button_url&#8221; _module_preset=&#8221;default&#8221; custom_button=&#8221;on&#8221; button_text_size=&#8221;24px&#8221; button_text_color=&#8221;#ffffff&#8221; button_bg_color=&#8221;#000000&#8243; button_border_width=&#8221;4px&#8221; button_border_color=&#8221;#000000&#8243; button_font=&#8221;Indie Flower||||||||&#8221; button_icon=&#8221;%%258%%&#8221; button_icon_color=&#8221;#ffffff&#8221; button_icon_placement=&#8221;left&#8221; button_on_hover=&#8221;off&#8221; custom_margin=&#8221;||-2px|||&#8221;][\/et_pb_button][et_pb_button button_url=&#8221;@ET-DC@eyJkeW5hbWljIjp0cnVlLCJjb250ZW50IjoicG9zdF9saW5rX3VybF9wYWdlIiwic2V0dGluZ3MiOnsicG9zdF9pZCI6IjYwNSJ9fQ==@&#8221; button_text=&#8221;Sergiye Geri D\u00f6n&#8221; button_alignment=&#8221;left&#8221; _builder_version=&#8221;4.7.5&#8243; _dynamic_attributes=&#8221;button_url&#8221; _module_preset=&#8221;default&#8221; custom_button=&#8221;on&#8221; button_text_size=&#8221;24px&#8221; button_text_color=&#8221;#ffffff&#8221; button_bg_color=&#8221;#000000&#8243; button_border_width=&#8221;4px&#8221; button_border_color=&#8221;#000000&#8243; button_font=&#8221;Indie Flower||||||||&#8221; button_icon=&#8221;%%41%%&#8221; button_icon_color=&#8221;#ffffff&#8221; button_icon_placement=&#8221;left&#8221; button_on_hover=&#8221;off&#8221;][\/et_pb_button][\/et_pb_column][\/et_pb_row][\/et_pb_section]<\/p>\n","protected":false},"excerpt":{"rendered":"<p>[et_pb_section fb_built=&#8221;1&#8243; _builder_version=&#8221;4.7.5&#8243; _module_preset=&#8221;default&#8221; background_color=&#8221;#000000&#8243;][et_pb_row column_structure=&#8221;1_2,1_2&#8243; _builder_version=&#8221;4.7.5&#8243; _module_preset=&#8221;default&#8221; background_color=&#8221;#000000&#8243;][et_pb_column type=&#8221;1_2&#8243; _builder_version=&#8221;4.6.6&#8243; _module_preset=&#8221;default&#8221;][et_pb_text _builder_version=&#8221;4.7.6&#8243; _module_preset=&#8221;default&#8221; hover_enabled=&#8221;0&#8243; sticky_enabled=&#8221;0&#8243;] &nbsp; &nbsp; Merhaba yabanc\u0131, Evet yabanc\u0131, nas\u0131l birden d\u00fcnyam\u0131za giri\u015f yapt\u0131n anlayamad\u0131k. Seninle birlikte hayat\u0131m\u0131zda mevcut olan ya\u015fant\u0131 mant\u0131\u011f\u0131n\u0131 ve \u00e7er\u00e7evesini ani olarak de\u011fi\u015ftirmek zorunda kald\u0131k. Covid-19 salg\u0131n\u0131 sonucunda yeni d\u00fcnya d\u00fczenimizi kurduk. Senden dolay\u0131 \u00f6zg\u00fcrl\u00fcklerimizden, geleneklerimizden, sevdiklerimizden, sa\u011fl\u0131\u011f\u0131m\u0131zdan [&hellip;]<\/p>\n","protected":false},"author":9,"featured_media":0,"parent":0,"menu_order":0,"comment_status":"closed","ping_status":"closed","template":"","meta":{"_et_pb_use_builder":"on","_et_pb_old_content":"","_et_gb_content_width":"","spay_email":""},"jetpack_sharing_enabled":true,"jetpack_likes_enabled":true,"_links":{"self":[{"href":"https:\/\/gsfsergi.ebyu.edu.tr\/index.php?rest_route=\/wp\/v2\/pages\/2481"}],"collection":[{"href":"https:\/\/gsfsergi.ebyu.edu.tr\/index.php?rest_route=\/wp\/v2\/pages"}],"about":[{"href":"https:\/\/gsfsergi.ebyu.edu.tr\/index.php?rest_route=\/wp\/v2\/types\/page"}],"author":[{"embeddable":true,"href":"https:\/\/gsfsergi.ebyu.edu.tr\/index.php?rest_route=\/wp\/v2\/users\/9"}],"replies":[{"embeddable":true,"href":"https:\/\/gsfsergi.ebyu.edu.tr\/index.php?rest_route=%2Fwp%2Fv2%2Fcomments&post=2481"}],"version-history":[{"count":4,"href":"https:\/\/gsfsergi.ebyu.edu.tr\/index.php?rest_route=\/wp\/v2\/pages\/2481\/revisions"}],"predecessor-version":[{"id":3414,"href":"https:\/\/gsfsergi.ebyu.edu.tr\/index.php?rest_route=\/wp\/v2\/pages\/2481\/revisions\/3414"}],"wp:attachment":[{"href":"https:\/\/gsfsergi.ebyu.edu.tr\/index.php?rest_route=%2Fwp%2Fv2%2Fmedia&parent=2481"}],"curies":[{"name":"wp","href":"https:\/\/api.w.org\/{rel}","templated":true}]}}