{"id":2478,"date":"2020-12-12T18:52:11","date_gmt":"2020-12-12T15:52:11","guid":{"rendered":"https:\/\/gsfsergi.ebyu.edu.tr\/?page_id=2478"},"modified":"2020-12-15T12:43:50","modified_gmt":"2020-12-15T09:43:50","slug":"selma-taskesen","status":"publish","type":"page","link":"https:\/\/gsfsergi.ebyu.edu.tr\/?page_id=2478","title":{"rendered":"Selma Ta\u015fkesen"},"content":{"rendered":"<p>[et_pb_section fb_built=&#8221;1&#8243; _builder_version=&#8221;4.7.5&#8243; _module_preset=&#8221;default&#8221; background_color=&#8221;#000000&#8243;][et_pb_row column_structure=&#8221;1_2,1_2&#8243; _builder_version=&#8221;4.7.5&#8243; _module_preset=&#8221;default&#8221; background_color=&#8221;#000000&#8243;][et_pb_column type=&#8221;1_2&#8243; _builder_version=&#8221;4.6.6&#8243; _module_preset=&#8221;default&#8221;][et_pb_text _builder_version=&#8221;4.7.6&#8243; _module_preset=&#8221;default&#8221; hover_enabled=&#8221;0&#8243; sticky_enabled=&#8221;0&#8243;]<\/p>\n<p>&nbsp;<\/p>\n<p>&nbsp;<\/p>\n<p><span style=\"color: #ffffff; font-size: 14pt;\">Merhaba D\u00fcnya<\/span><br \/><span style=\"color: #ffffff; font-size: 14pt;\"> Teknolojik geli\u015fmelerin hayat\u0131m\u0131za dahil oldu\u011fu ve ya\u015fant\u0131m\u0131z\u0131n bir\u00e7ok a\u00e7\u0131dan kolayla\u015ft\u0131\u011f\u0131n\u0131 d\u00fc\u015f\u00fcnd\u00fc\u011f\u00fcm\u00fcz \u015fu g\u00fcnlerde bizi derinden sarsan bir salg\u0131n ile kar\u015f\u0131 kar\u015f\u0131ya kald\u0131k. B\u00fct\u00fcn bu geli\u015fmelerin i\u00e7inde Covid 19 vir\u00fcs\u00fc ile b\u00fct\u00fcn hayat\u0131m\u0131z fel\u00e7 oldu ve hi\u00e7bir \u015fey yapamaz olduk. Maske, sosyal mesafe ve dezenfektan b\u00fct\u00fcn hayat\u0131m\u0131z\u0131n anahtar kelimeleri haline geldi. <\/span><br \/><span style=\"color: #ffffff; font-size: 14pt;\"> Asl\u0131nda hayat\u0131m\u0131z\u0131n i\u00e7inde bize ne kadar da basit gelen rutinler bizim i\u00e7in \u00e7ok k\u0131ymetliymi\u015f. \u00d6rne\u011fin; \u00f6zg\u00fcrce soka\u011fa \u00e7\u0131kmak, insanlar ile g\u00f6r\u00fc\u015f\u00fcp tokala\u015fmak, i\u015fe gitmek, okula gitmek, kuaf\u00f6rlerimiz, spor salonlar\u0131m\u0131z, al\u0131\u015fveri\u015flerimiz ve en \u00f6nemlisi \u00f6zg\u00fcrce, daralmadan nefes almak. Yani hayat\u0131m\u0131zdaki her \u015fey bir b\u00fct\u00fcn\u00fcn par\u00e7alar\u0131ym\u0131\u015f ve biz bir yapboz gibi onlardan olu\u015fuyormu\u015fuz. Kaybettiklerimizi geri kazanmaya \u00e7al\u0131\u015ft\u0131\u011f\u0131m\u0131z \u015fu s\u00fcre\u00e7te bir yandan ge\u00e7mi\u015fteki \u00f6zg\u00fcr g\u00fcnlerimize \u00f6zlem duyarken, di\u011fer taraftan gelece\u011fe umutla bakmal\u0131y\u0131z. \u00c7\u00fcnk\u00fc insan\u0131 ayakta tutan en b\u00fcy\u00fck duygulardan biri umuttur.<\/span><br \/><span style=\"color: #ffffff; font-size: 14pt;\"> Sevgili d\u00fcnya \u015fimdi yenilenme zaman\u0131, var g\u00fcc\u00fcm\u00fczle sava\u015f\u0131p b\u00fct\u00fcn k\u00f6t\u00fcl\u00fcklerden uzakla\u015fmak gerek, bu ba\u011flamda sanat\u0131n iyile\u015ftirici g\u00fcc\u00fcn\u00fc unutmamal\u0131y\u0131z. Rutinlerimizi ger\u00e7ekle\u015ftiremedi\u011fimiz \u015fu g\u00fcnlerde sana sesleniyorum \u201cSanata s\u0131\u011f\u0131n, sanatla renklen ve sanatla nefes al.\u201d<\/span><\/p>\n<p><span style=\"color: #ffffff; font-size: 14pt;\">Selma TA\u015eKESEN<\/span><\/p>\n<p>[\/et_pb_text][\/et_pb_column][et_pb_column type=&#8221;1_2&#8243; _builder_version=&#8221;4.6.6&#8243; _module_preset=&#8221;default&#8221;][et_pb_image src=&#8221;https:\/\/gsfsergi.ebyu.edu.tr\/wp-content\/uploads\/2020\/12\/SelmaTaskesen-scaled.jpg&#8221; title_text=&#8221;SelmaTa\u015fkesen&#8221; show_in_lightbox=&#8221;on&#8221; _builder_version=&#8221;4.7.6&#8243; _module_preset=&#8221;default&#8221; custom_padding=&#8221;81px|||||&#8221;][\/et_pb_image][et_pb_text _builder_version=&#8221;4.7.6&#8243; _module_preset=&#8221;default&#8221;]<\/p>\n<p><span style=\"color: #ffffff;\">Selma Ta\u015fkesen<\/span><br \/><span style=\"color: #ffffff;\">\u201cKompozisyon\u201d<\/span><br \/><span style=\"color: #ffffff;\">2020<\/span><br \/><span style=\"color: #ffffff;\">50 cm x 50 cm<\/span><br \/><span style=\"color: #ffffff;\">Tuval \u00fczerine Akrilik.<\/span><\/p>\n<p>[\/et_pb_text][et_pb_button button_url=&#8221;@ET-DC@eyJkeW5hbWljIjp0cnVlLCJjb250ZW50IjoicG9zdF9saW5rX3VybF9wYWdlIiwic2V0dGluZ3MiOnsicG9zdF9pZCI6IjI2NDcifX0=@&#8221; button_text=&#8221;Selma Ta\u015fkesen Hakk\u0131nda&#8221; button_alignment=&#8221;left&#8221; _builder_version=&#8221;4.7.6&#8243; _dynamic_attributes=&#8221;button_url&#8221; _module_preset=&#8221;default&#8221; custom_button=&#8221;on&#8221; button_text_size=&#8221;24px&#8221; button_text_color=&#8221;#ffffff&#8221; button_bg_color=&#8221;#000000&#8243; button_border_width=&#8221;4px&#8221; button_border_color=&#8221;#000000&#8243; button_font=&#8221;Indie Flower||||||||&#8221; button_icon=&#8221;%%258%%&#8221; button_icon_color=&#8221;#ffffff&#8221; button_icon_placement=&#8221;left&#8221; button_on_hover=&#8221;off&#8221; custom_margin=&#8221;||-2px|||&#8221;][\/et_pb_button][et_pb_button button_url=&#8221;@ET-DC@eyJkeW5hbWljIjp0cnVlLCJjb250ZW50IjoicG9zdF9saW5rX3VybF9wYWdlIiwic2V0dGluZ3MiOnsicG9zdF9pZCI6IjYwNSJ9fQ==@&#8221; button_text=&#8221;Sergiye Geri D\u00f6n&#8221; button_alignment=&#8221;left&#8221; _builder_version=&#8221;4.7.5&#8243; _dynamic_attributes=&#8221;button_url&#8221; _module_preset=&#8221;default&#8221; custom_button=&#8221;on&#8221; button_text_size=&#8221;24px&#8221; button_text_color=&#8221;#ffffff&#8221; button_bg_color=&#8221;#000000&#8243; button_border_width=&#8221;4px&#8221; button_border_color=&#8221;#000000&#8243; button_font=&#8221;Indie Flower||||||||&#8221; button_icon=&#8221;%%41%%&#8221; button_icon_color=&#8221;#ffffff&#8221; button_icon_placement=&#8221;left&#8221; button_on_hover=&#8221;off&#8221;][\/et_pb_button][\/et_pb_column][\/et_pb_row][\/et_pb_section]<\/p>\n","protected":false},"excerpt":{"rendered":"<p>[et_pb_section fb_built=&#8221;1&#8243; _builder_version=&#8221;4.7.5&#8243; _module_preset=&#8221;default&#8221; background_color=&#8221;#000000&#8243;][et_pb_row column_structure=&#8221;1_2,1_2&#8243; _builder_version=&#8221;4.7.5&#8243; _module_preset=&#8221;default&#8221; background_color=&#8221;#000000&#8243;][et_pb_column type=&#8221;1_2&#8243; _builder_version=&#8221;4.6.6&#8243; _module_preset=&#8221;default&#8221;][et_pb_text _builder_version=&#8221;4.7.6&#8243; _module_preset=&#8221;default&#8221; hover_enabled=&#8221;0&#8243; sticky_enabled=&#8221;0&#8243;] &nbsp; &nbsp; Merhaba D\u00fcnya Teknolojik geli\u015fmelerin hayat\u0131m\u0131za dahil oldu\u011fu ve ya\u015fant\u0131m\u0131z\u0131n bir\u00e7ok a\u00e7\u0131dan kolayla\u015ft\u0131\u011f\u0131n\u0131 d\u00fc\u015f\u00fcnd\u00fc\u011f\u00fcm\u00fcz \u015fu g\u00fcnlerde bizi derinden sarsan bir salg\u0131n ile kar\u015f\u0131 kar\u015f\u0131ya kald\u0131k. B\u00fct\u00fcn bu geli\u015fmelerin i\u00e7inde Covid 19 vir\u00fcs\u00fc ile b\u00fct\u00fcn hayat\u0131m\u0131z fel\u00e7 oldu ve [&hellip;]<\/p>\n","protected":false},"author":9,"featured_media":0,"parent":0,"menu_order":0,"comment_status":"closed","ping_status":"closed","template":"","meta":{"_et_pb_use_builder":"on","_et_pb_old_content":"","_et_gb_content_width":"","spay_email":""},"jetpack_sharing_enabled":true,"jetpack_likes_enabled":true,"_links":{"self":[{"href":"https:\/\/gsfsergi.ebyu.edu.tr\/index.php?rest_route=\/wp\/v2\/pages\/2478"}],"collection":[{"href":"https:\/\/gsfsergi.ebyu.edu.tr\/index.php?rest_route=\/wp\/v2\/pages"}],"about":[{"href":"https:\/\/gsfsergi.ebyu.edu.tr\/index.php?rest_route=\/wp\/v2\/types\/page"}],"author":[{"embeddable":true,"href":"https:\/\/gsfsergi.ebyu.edu.tr\/index.php?rest_route=\/wp\/v2\/users\/9"}],"replies":[{"embeddable":true,"href":"https:\/\/gsfsergi.ebyu.edu.tr\/index.php?rest_route=%2Fwp%2Fv2%2Fcomments&post=2478"}],"version-history":[{"count":4,"href":"https:\/\/gsfsergi.ebyu.edu.tr\/index.php?rest_route=\/wp\/v2\/pages\/2478\/revisions"}],"predecessor-version":[{"id":3423,"href":"https:\/\/gsfsergi.ebyu.edu.tr\/index.php?rest_route=\/wp\/v2\/pages\/2478\/revisions\/3423"}],"wp:attachment":[{"href":"https:\/\/gsfsergi.ebyu.edu.tr\/index.php?rest_route=%2Fwp%2Fv2%2Fmedia&parent=2478"}],"curies":[{"name":"wp","href":"https:\/\/api.w.org\/{rel}","templated":true}]}}