{"id":2474,"date":"2020-12-12T18:51:12","date_gmt":"2020-12-12T15:51:12","guid":{"rendered":"https:\/\/gsfsergi.ebyu.edu.tr\/?page_id=2474"},"modified":"2020-12-15T12:34:36","modified_gmt":"2020-12-15T09:34:36","slug":"orhan-taskesen","status":"publish","type":"page","link":"https:\/\/gsfsergi.ebyu.edu.tr\/?page_id=2474","title":{"rendered":"Orhan Ta\u015fkesen"},"content":{"rendered":"<p>[et_pb_section fb_built=&#8221;1&#8243; _builder_version=&#8221;4.7.5&#8243; _module_preset=&#8221;default&#8221; background_color=&#8221;#000000&#8243;][et_pb_row column_structure=&#8221;1_2,1_2&#8243; _builder_version=&#8221;4.7.5&#8243; _module_preset=&#8221;default&#8221; background_color=&#8221;#000000&#8243;][et_pb_column type=&#8221;1_2&#8243; _builder_version=&#8221;4.6.6&#8243; _module_preset=&#8221;default&#8221;][et_pb_text _builder_version=&#8221;4.7.6&#8243; _module_preset=&#8221;default&#8221;]<\/p>\n<p>&nbsp;<\/p>\n<p>&nbsp;<\/p>\n<p><span style=\"color: #ffffff; font-size: 14pt;\">G\u00dcNE DA\u0130R<\/span><\/p>\n<p><span style=\"color: #ffffff; font-size: 14pt;\">Asans\u00f6rde kalmak gibi ya\u015fad\u0131klar\u0131m\u0131z. Umudumuz birilerinin bir \u015fey yapaca\u011f\u0131na dair. Bug\u00fcn Biliyoruz ki insan\u0131n \u00fcretti\u011fi bilim ve teknoloji bu vir\u00fcs salg\u0131n\u0131n\u0131n\u00fcstesinden gelecek eski normalimize geri d\u00f6nece\u011fiz. Her ne kadar al\u0131\u015fkanl\u0131klar\u0131m\u0131z\u0131 de\u011fi\u015ftirdiysek \u00e7ok \u00e7abuk\u00f6zlenir oldu eski ya\u015fant\u0131lar\u0131m\u0131z. Hatta bazen hi\u00e7bir \u015feyin yerini tutmad\u0131\u011f\u0131n\u0131 d\u00fc\u015f\u00fcnerek ve b\u00fct\u00fcn riskleri alarak sar\u0131ld\u0131\u011f\u0131m\u0131z bile oluyor birbirimize. \u0130nsana ilahi bir \u00f6\u011freti gibi de d\u00fc\u015f\u00fcnebilirsiniz ya\u015fad\u0131klar\u0131m\u0131z\u0131. K\u0131ssadan hisse bir ders gibi, insana yarat\u0131lan her \u015feye sayg\u0131y\u0131 sevgiyi merhameti a\u015f\u0131lamad\u0131 m\u0131 sizce. \u015eaman \u00f6\u011fretisine g\u00f6re &#8220;Do\u011fada hi\u00e7bir \u015fey kendisi i\u00e7in ya\u015famaz.<\/span><br \/><span style=\"color: #ffffff; font-size: 14pt;\"> Nehirler kendi suyunu i\u00e7emez.<\/span><br \/><span style=\"color: #ffffff; font-size: 14pt;\"> A\u011fa\u00e7lar kendi meyvelerini yiyemez.<\/span><br \/><span style=\"color: #ffffff; font-size: 14pt;\"> G\u00fcne\u015f kendisi i\u00e7in \u0131s\u0131tmaz.<\/span><br \/><span style=\"color: #ffffff; font-size: 14pt;\"> Ay kendisi i\u00e7in parlamaz.<\/span><br \/><span style=\"color: #ffffff; font-size: 14pt;\"> \u00c7i\u00e7ekler kendileri i\u00e7in kokmaz.<\/span><br \/><span style=\"color: #ffffff; font-size: 14pt;\"> Toprak kendisi i\u00e7in do\u011furmaz.<\/span><br \/><span style=\"color: #ffffff; font-size: 14pt;\"> R\u00fczgar kendisi i\u00e7in esmez.<\/span><br \/><span style=\"color: #ffffff; font-size: 14pt;\"> Bulutlar kendi ya\u011fmurlar\u0131ndan \u0131slanmaz.<\/span><br \/><span style=\"color: #ffffff; font-size: 14pt;\"> &#8220;Do\u011fan\u0131n anayasas\u0131nda ilk madde \u015fudur:<\/span><br \/><span style=\"color: #ffffff; font-size: 14pt;\"> Her \u015fey birbiri i\u00e7in ya\u015far.<\/span><br \/><span style=\"color: #ffffff; font-size: 14pt;\"> Birbiri i\u00e7in ya\u015famak, do\u011fan\u0131n kanunudur. Belki de biz do\u011fan\u0131n bir par\u00e7as\u0131 oldu\u011fumuzu unuttuk. Belki de vir\u00fcs \u00f6nce kalbimize yerle\u015fti de haberimiz olmad\u0131. Umudumuz var yar\u0131n i\u00e7in. Elbette ki insan kurtaracak bedenini ve ruhunu k\u00f6t\u00fcl\u00fcklerden. Bilim bedene sanat ruha tesir edecek g\u00f6receksiniz. \u0130nsano\u011flu her \u015feye kadir. Birbirimizi hat\u0131rlaman\u0131n zaman\u0131 geldi sadece. Do\u011fa anayasas\u0131nda oldu\u011fu gibi; hepimiz birimiz, birimiz hepimiz i\u00e7in.<\/span><\/p>\n<p><span style=\"color: #ffffff;\"><span style=\"font-size: 14pt;\">ORHAN TA\u015eKESEN<\/span> <\/span><\/p>\n<p>[\/et_pb_text][\/et_pb_column][et_pb_column type=&#8221;1_2&#8243; _builder_version=&#8221;4.6.6&#8243; _module_preset=&#8221;default&#8221;][et_pb_image src=&#8221;https:\/\/gsfsergi.ebyu.edu.tr\/wp-content\/uploads\/2020\/12\/OrhanTaskesen-scaled.jpg&#8221; title_text=&#8221;OrhanTa\u015fkesen&#8221; show_in_lightbox=&#8221;on&#8221; _builder_version=&#8221;4.7.6&#8243; _module_preset=&#8221;default&#8221; custom_padding=&#8221;81px|||||&#8221;][\/et_pb_image][et_pb_text _builder_version=&#8221;4.7.6&#8243; _module_preset=&#8221;default&#8221;]<\/p>\n<p><span style=\"color: #ffffff;\">Orhan Ta\u015fkesen<\/span><br \/><span style=\"color: #ffffff;\">\u201cHayat A\u011fac\u0131-I\u201d<\/span><br \/><span style=\"color: #ffffff;\">\u201cTree of Life-I\u201d<\/span><br \/><span style=\"color: #ffffff;\">&#8230;&#8230;<\/span><br \/><span style=\"color: #ffffff;\">40 cm x 58 cm x 5,5 cm<\/span><br \/><span style=\"color: #ffffff;\">A\u011fa\u00e7 ve Bak\u0131r Heykel (Wood and Copper sculpture).<\/span><\/p>\n<p>[\/et_pb_text][et_pb_button button_url=&#8221;@ET-DC@eyJkeW5hbWljIjp0cnVlLCJjb250ZW50IjoicG9zdF9saW5rX3VybF9wYWdlIiwic2V0dGluZ3MiOnsicG9zdF9pZCI6IjI2NDIifX0=@&#8221; button_text=&#8221;Orhan Ta\u015fkesen Hakk\u0131nda&#8221; button_alignment=&#8221;left&#8221; _builder_version=&#8221;4.7.6&#8243; _dynamic_attributes=&#8221;button_url&#8221; _module_preset=&#8221;default&#8221; custom_button=&#8221;on&#8221; button_text_size=&#8221;24px&#8221; button_text_color=&#8221;#ffffff&#8221; button_bg_color=&#8221;#000000&#8243; button_border_width=&#8221;4px&#8221; button_border_color=&#8221;#000000&#8243; button_font=&#8221;Indie Flower||||||||&#8221; button_icon=&#8221;%%258%%&#8221; button_icon_color=&#8221;#ffffff&#8221; button_icon_placement=&#8221;left&#8221; button_on_hover=&#8221;off&#8221; custom_margin=&#8221;||-2px|||&#8221;][\/et_pb_button][et_pb_button button_url=&#8221;@ET-DC@eyJkeW5hbWljIjp0cnVlLCJjb250ZW50IjoicG9zdF9saW5rX3VybF9wYWdlIiwic2V0dGluZ3MiOnsicG9zdF9pZCI6IjYwNSJ9fQ==@&#8221; button_text=&#8221;Sergiye Geri D\u00f6n&#8221; button_alignment=&#8221;left&#8221; _builder_version=&#8221;4.7.5&#8243; _dynamic_attributes=&#8221;button_url&#8221; _module_preset=&#8221;default&#8221; custom_button=&#8221;on&#8221; button_text_size=&#8221;24px&#8221; button_text_color=&#8221;#ffffff&#8221; button_bg_color=&#8221;#000000&#8243; button_border_width=&#8221;4px&#8221; button_border_color=&#8221;#000000&#8243; button_font=&#8221;Indie Flower||||||||&#8221; button_icon=&#8221;%%41%%&#8221; button_icon_color=&#8221;#ffffff&#8221; button_icon_placement=&#8221;left&#8221; button_on_hover=&#8221;off&#8221;][\/et_pb_button][\/et_pb_column][\/et_pb_row][\/et_pb_section]<\/p>\n","protected":false},"excerpt":{"rendered":"<p>[et_pb_section fb_built=&#8221;1&#8243; _builder_version=&#8221;4.7.5&#8243; _module_preset=&#8221;default&#8221; background_color=&#8221;#000000&#8243;][et_pb_row column_structure=&#8221;1_2,1_2&#8243; _builder_version=&#8221;4.7.5&#8243; _module_preset=&#8221;default&#8221; background_color=&#8221;#000000&#8243;][et_pb_column type=&#8221;1_2&#8243; _builder_version=&#8221;4.6.6&#8243; _module_preset=&#8221;default&#8221;][et_pb_text _builder_version=&#8221;4.7.6&#8243; _module_preset=&#8221;default&#8221;] &nbsp; &nbsp; G\u00dcNE DA\u0130R Asans\u00f6rde kalmak gibi ya\u015fad\u0131klar\u0131m\u0131z. Umudumuz birilerinin bir \u015fey yapaca\u011f\u0131na dair. Bug\u00fcn Biliyoruz ki insan\u0131n \u00fcretti\u011fi bilim ve teknoloji bu vir\u00fcs salg\u0131n\u0131n\u0131n\u00fcstesinden gelecek eski normalimize geri d\u00f6nece\u011fiz. Her ne kadar al\u0131\u015fkanl\u0131klar\u0131m\u0131z\u0131 de\u011fi\u015ftirdiysek \u00e7ok \u00e7abuk\u00f6zlenir oldu eski ya\u015fant\u0131lar\u0131m\u0131z. Hatta [&hellip;]<\/p>\n","protected":false},"author":9,"featured_media":0,"parent":0,"menu_order":0,"comment_status":"closed","ping_status":"closed","template":"","meta":{"_et_pb_use_builder":"on","_et_pb_old_content":"","_et_gb_content_width":"","spay_email":""},"jetpack_sharing_enabled":true,"jetpack_likes_enabled":true,"_links":{"self":[{"href":"https:\/\/gsfsergi.ebyu.edu.tr\/index.php?rest_route=\/wp\/v2\/pages\/2474"}],"collection":[{"href":"https:\/\/gsfsergi.ebyu.edu.tr\/index.php?rest_route=\/wp\/v2\/pages"}],"about":[{"href":"https:\/\/gsfsergi.ebyu.edu.tr\/index.php?rest_route=\/wp\/v2\/types\/page"}],"author":[{"embeddable":true,"href":"https:\/\/gsfsergi.ebyu.edu.tr\/index.php?rest_route=\/wp\/v2\/users\/9"}],"replies":[{"embeddable":true,"href":"https:\/\/gsfsergi.ebyu.edu.tr\/index.php?rest_route=%2Fwp%2Fv2%2Fcomments&post=2474"}],"version-history":[{"count":5,"href":"https:\/\/gsfsergi.ebyu.edu.tr\/index.php?rest_route=\/wp\/v2\/pages\/2474\/revisions"}],"predecessor-version":[{"id":3406,"href":"https:\/\/gsfsergi.ebyu.edu.tr\/index.php?rest_route=\/wp\/v2\/pages\/2474\/revisions\/3406"}],"wp:attachment":[{"href":"https:\/\/gsfsergi.ebyu.edu.tr\/index.php?rest_route=%2Fwp%2Fv2%2Fmedia&parent=2474"}],"curies":[{"name":"wp","href":"https:\/\/api.w.org\/{rel}","templated":true}]}}