{"id":2455,"date":"2020-12-12T18:40:01","date_gmt":"2020-12-12T15:40:01","guid":{"rendered":"https:\/\/gsfsergi.ebyu.edu.tr\/?page_id=2455"},"modified":"2020-12-15T13:44:05","modified_gmt":"2020-12-15T10:44:05","slug":"ayca-alper-akcay","status":"publish","type":"page","link":"https:\/\/gsfsergi.ebyu.edu.tr\/?page_id=2455","title":{"rendered":"Ay\u00e7a Alper Ak\u00e7ay"},"content":{"rendered":"<p>[et_pb_section fb_built=&#8221;1&#8243; _builder_version=&#8221;4.7.5&#8243; _module_preset=&#8221;default&#8221; background_color=&#8221;#000000&#8243;][et_pb_row column_structure=&#8221;1_2,1_2&#8243; _builder_version=&#8221;4.7.5&#8243; _module_preset=&#8221;default&#8221; background_color=&#8221;#000000&#8243;][et_pb_column type=&#8221;1_2&#8243; _builder_version=&#8221;4.6.6&#8243; _module_preset=&#8221;default&#8221;][et_pb_text _builder_version=&#8221;4.7.6&#8243; _module_preset=&#8221;default&#8221; hover_enabled=&#8221;0&#8243; sticky_enabled=&#8221;0&#8243;]<\/p>\n<p>&nbsp;<\/p>\n<p>&nbsp;<\/p>\n<p><span style=\"color: #ffffff; font-size: 14pt;\">Covid-19 salg\u0131n\u0131 nedeniyle pandemi kavram\u0131yla tan\u0131\u015fan g\u00fcn\u00fcm\u00fcz d\u00fcnyas\u0131, yeni durumlara uyum sa\u011flamaya \u00e7al\u0131\u015fmak ile korkular\u0131n\u0131n etkisindeki ka\u00e7\u0131nma\/yok sayma davran\u0131\u015flar\u0131 aras\u0131nda ya\u015fam\u0131n\u0131 devam ettirmeye \u00e7al\u0131\u015fmaktad\u0131r. Bu s\u00fcre\u00e7 d\u00fcnya i\u00e7in yeni bir durum olsa da \u015fartlar\u0131n hen\u00fcz yeterince belirli olmay\u0131\u015f\u0131, bu durumun kal\u0131c\u0131 olup olmayaca\u011f\u0131n\u0131n net olarak s\u00f6ylenemeyi\u015fi sebebiyle \u201cYeni D\u00fcnya\u201d \u015feklindeki bir tan\u0131mlama\/etiketleme i\u00e7in hen\u00fcz erkendir. Elbette s\u00fcre\u00e7te ya\u015fanan her geli\u015fme d\u00fcnyay\u0131 yeni yollara s\u00fcr\u00fckleyebilir, ancak bunun tam tersi de olabilir. D\u00fcnya pandemi s\u00fcrecini atlat\u0131p, al\u0131\u015f\u0131lagelen d\u00fczenleriyle devam edebilir.<\/span><\/p>\n<p><span style=\"color: #ffffff; font-size: 14pt;\">Yine de \u015fu anda i\u00e7inde bulunulan yeni durum ba\u011flam\u0131nda d\u00fc\u015f\u00fcn\u00fcld\u00fc\u011f\u00fcnde, s\u0131n\u0131rl\u0131 s\u00fcre i\u00e7in ge\u00e7erli olacak olsa da&#8230;<\/span><\/p>\n<p><span style=\"font-size: 14pt; color: #ffffff;\">Yeni d\u00fcnyada \u201cBen\u201d, eski \u201cBen\u201dim.<\/span><br \/><span style=\"font-size: 14pt; color: #ffffff;\">Yeni d\u00fcnyada \u201cBiz\u201d, uzakla\u015farak yak\u0131nla\u015fmay\u0131 \u00f6\u011freniyoruz.<\/span><br \/><span style=\"font-size: 14pt; color: #ffffff;\">Yeni d\u00fcnyada \u201cD\u00fcnya\u201d, ayn\u0131 koca, ya\u015fl\u0131, karn\u0131 b\u00fcy\u00fck, obur d\u00fcnya olmaya devam ediyor.<\/span><br \/><span style=\"font-size: 14pt; color: #ffffff;\">Yeni d\u00fcnyada \u201cD\u00fcnyam\u0131z\u201d, eskiden yeniye bir transformasyon s\u00fcreci.<\/span><br \/><span style=\"font-size: 14pt; color: #ffffff;\">Yeni d\u00fcnyada \u201cSanat\u201d, insanl\u0131\u011f\u0131 besleyen hayat damarlar\u0131ndan biridir. <\/span><br \/><span style=\"font-size: 14pt; color: #ffffff;\">Yeni d\u00fcnyada \u201cSanat\u00e7\u0131\u201d, \u0131\u015f\u0131\u011f\u0131 aln\u0131nda ilk hisseden insand\u0131r (M. K. Atat\u00fcrk).<\/span><\/p>\n<p>[\/et_pb_text][\/et_pb_column][et_pb_column type=&#8221;1_2&#8243; _builder_version=&#8221;4.6.6&#8243; _module_preset=&#8221;default&#8221;][et_pb_image src=&#8221;https:\/\/gsfsergi.ebyu.edu.tr\/wp-content\/uploads\/2020\/12\/AycaAlperAkcay-scaled.jpg&#8221; title_text=&#8221;Ay\u00e7aAlperAk\u00e7ay&#8221; show_in_lightbox=&#8221;on&#8221; _builder_version=&#8221;4.7.6&#8243; _module_preset=&#8221;default&#8221; custom_padding=&#8221;81px|||||&#8221;][\/et_pb_image][et_pb_text _builder_version=&#8221;4.7.6&#8243; _module_preset=&#8221;default&#8221; hover_enabled=&#8221;0&#8243; sticky_enabled=&#8221;0&#8243;]<\/p>\n<p><span style=\"color: #ffffff;\">Ay\u00e7a Alper Ak\u00e7ay<\/span><br \/><span style=\"color: #ffffff;\"> \u201cisimsiz\u201d<\/span><br \/><span style=\"color: #ffffff;\"> 2016<\/span><br \/><span style=\"color: #ffffff;\">40 cm x 40 cm<\/span><br \/><span style=\"color: #ffffff;\">Tuval \u00fczerine kar\u0131\u015f\u0131k teknik.<\/span><\/p>\n<p>[\/et_pb_text][et_pb_button button_url=&#8221;@ET-DC@eyJkeW5hbWljIjp0cnVlLCJjb250ZW50IjoicG9zdF9saW5rX3VybF9wYWdlIiwic2V0dGluZ3MiOnsicG9zdF9pZCI6IjI2MjEifX0=@&#8221; button_text=&#8221;Ay\u00e7a Alper Ak\u00e7ay Hakk\u0131nda&#8221; button_alignment=&#8221;left&#8221; _builder_version=&#8221;4.7.6&#8243; _dynamic_attributes=&#8221;button_url&#8221; _module_preset=&#8221;default&#8221; custom_button=&#8221;on&#8221; button_text_size=&#8221;24px&#8221; button_text_color=&#8221;#ffffff&#8221; button_bg_color=&#8221;#000000&#8243; button_border_width=&#8221;4px&#8221; button_border_color=&#8221;#000000&#8243; button_font=&#8221;Indie Flower||||||||&#8221; button_icon=&#8221;%%258%%&#8221; button_icon_color=&#8221;#ffffff&#8221; button_icon_placement=&#8221;left&#8221; button_on_hover=&#8221;off&#8221; custom_margin=&#8221;||-2px|||&#8221;][\/et_pb_button][et_pb_button button_url=&#8221;@ET-DC@eyJkeW5hbWljIjp0cnVlLCJjb250ZW50IjoicG9zdF9saW5rX3VybF9wYWdlIiwic2V0dGluZ3MiOnsicG9zdF9pZCI6IjYwNSJ9fQ==@&#8221; button_text=&#8221;Sergiye Geri D\u00f6n&#8221; button_alignment=&#8221;left&#8221; _builder_version=&#8221;4.7.5&#8243; _dynamic_attributes=&#8221;button_url&#8221; _module_preset=&#8221;default&#8221; custom_button=&#8221;on&#8221; button_text_size=&#8221;24px&#8221; button_text_color=&#8221;#ffffff&#8221; button_bg_color=&#8221;#000000&#8243; button_border_width=&#8221;4px&#8221; button_border_color=&#8221;#000000&#8243; button_font=&#8221;Indie Flower||||||||&#8221; button_icon=&#8221;%%41%%&#8221; button_icon_color=&#8221;#ffffff&#8221; button_icon_placement=&#8221;left&#8221; button_on_hover=&#8221;off&#8221;][\/et_pb_button][\/et_pb_column][\/et_pb_row][\/et_pb_section]<\/p>\n","protected":false},"excerpt":{"rendered":"<p>[et_pb_section fb_built=&#8221;1&#8243; _builder_version=&#8221;4.7.5&#8243; _module_preset=&#8221;default&#8221; background_color=&#8221;#000000&#8243;][et_pb_row column_structure=&#8221;1_2,1_2&#8243; _builder_version=&#8221;4.7.5&#8243; _module_preset=&#8221;default&#8221; background_color=&#8221;#000000&#8243;][et_pb_column type=&#8221;1_2&#8243; _builder_version=&#8221;4.6.6&#8243; _module_preset=&#8221;default&#8221;][et_pb_text _builder_version=&#8221;4.7.6&#8243; _module_preset=&#8221;default&#8221; hover_enabled=&#8221;0&#8243; sticky_enabled=&#8221;0&#8243;] &nbsp; &nbsp; Covid-19 salg\u0131n\u0131 nedeniyle pandemi kavram\u0131yla tan\u0131\u015fan g\u00fcn\u00fcm\u00fcz d\u00fcnyas\u0131, yeni durumlara uyum sa\u011flamaya \u00e7al\u0131\u015fmak ile korkular\u0131n\u0131n etkisindeki ka\u00e7\u0131nma\/yok sayma davran\u0131\u015flar\u0131 aras\u0131nda ya\u015fam\u0131n\u0131 devam ettirmeye \u00e7al\u0131\u015fmaktad\u0131r. Bu s\u00fcre\u00e7 d\u00fcnya i\u00e7in yeni bir durum olsa da \u015fartlar\u0131n hen\u00fcz yeterince belirli [&hellip;]<\/p>\n","protected":false},"author":9,"featured_media":0,"parent":0,"menu_order":0,"comment_status":"closed","ping_status":"closed","template":"","meta":{"_et_pb_use_builder":"on","_et_pb_old_content":"","_et_gb_content_width":"","spay_email":""},"jetpack_sharing_enabled":true,"jetpack_likes_enabled":true,"_links":{"self":[{"href":"https:\/\/gsfsergi.ebyu.edu.tr\/index.php?rest_route=\/wp\/v2\/pages\/2455"}],"collection":[{"href":"https:\/\/gsfsergi.ebyu.edu.tr\/index.php?rest_route=\/wp\/v2\/pages"}],"about":[{"href":"https:\/\/gsfsergi.ebyu.edu.tr\/index.php?rest_route=\/wp\/v2\/types\/page"}],"author":[{"embeddable":true,"href":"https:\/\/gsfsergi.ebyu.edu.tr\/index.php?rest_route=\/wp\/v2\/users\/9"}],"replies":[{"embeddable":true,"href":"https:\/\/gsfsergi.ebyu.edu.tr\/index.php?rest_route=%2Fwp%2Fv2%2Fcomments&post=2455"}],"version-history":[{"count":6,"href":"https:\/\/gsfsergi.ebyu.edu.tr\/index.php?rest_route=\/wp\/v2\/pages\/2455\/revisions"}],"predecessor-version":[{"id":3475,"href":"https:\/\/gsfsergi.ebyu.edu.tr\/index.php?rest_route=\/wp\/v2\/pages\/2455\/revisions\/3475"}],"wp:attachment":[{"href":"https:\/\/gsfsergi.ebyu.edu.tr\/index.php?rest_route=%2Fwp%2Fv2%2Fmedia&parent=2455"}],"curies":[{"name":"wp","href":"https:\/\/api.w.org\/{rel}","templated":true}]}}