{"id":2440,"date":"2020-12-12T18:35:23","date_gmt":"2020-12-12T15:35:23","guid":{"rendered":"https:\/\/gsfsergi.ebyu.edu.tr\/?page_id=2440"},"modified":"2020-12-15T13:48:47","modified_gmt":"2020-12-15T10:48:47","slug":"devabil-kara-2","status":"publish","type":"page","link":"https:\/\/gsfsergi.ebyu.edu.tr\/?page_id=2440","title":{"rendered":"Devabil Kara"},"content":{"rendered":"<p>[et_pb_section fb_built=&#8221;1&#8243; _builder_version=&#8221;4.7.5&#8243; _module_preset=&#8221;default&#8221; background_color=&#8221;#000000&#8243;][et_pb_row column_structure=&#8221;1_2,1_2&#8243; _builder_version=&#8221;4.7.5&#8243; _module_preset=&#8221;default&#8221; background_color=&#8221;#000000&#8243;][et_pb_column type=&#8221;1_2&#8243; _builder_version=&#8221;4.6.6&#8243; _module_preset=&#8221;default&#8221;][et_pb_text _builder_version=&#8221;4.7.6&#8243; _module_preset=&#8221;default&#8221;]<\/p>\n<p>&nbsp;<\/p>\n<p>&nbsp;<\/p>\n<p><span style=\"color: #ffffff; font-size: 14pt;\">ANLAMIN \u00d6RG\u00dcTLENMES\u0130: D\u0130L KARMA\u015eASI<\/span><\/p>\n<p>&nbsp;<\/p>\n<p><span style=\"color: #ffffff; font-size: 14pt;\">Ya\u015fad\u0131\u011f\u0131m\u0131z nesnel d\u00fcnyay\u0131 tan\u0131mlama s\u00fcrecimiz duyumsama ile ba\u015flar, alg\u0131 boyutuna ta\u015f\u0131nmas\u0131, deneyimlerimiz, \u00f6n kabullerimiz ile \u015fekillenir, bir yarg\u0131ya d\u00f6n\u00fc\u015f\u00fcr ve sonunda dil\/s\u00f6z ile kar\u015f\u0131l\u0131k bulur. Dil bizi duyusal d\u00fcnyan\u0131n d\u0131\u015f\u0131na ta\u015f\u0131m\u0131\u015f olur. S\u00f6zc\u00fcklerle tan\u0131mlad\u0131\u011f\u0131m\u0131z g\u00f6r\u00fclen nesneler ile bu s\u00f6zc\u00fckler aras\u0131nda her zaman bir fark vard\u0131r. S\u00f6zc\u00fck maddeden daha g\u00fcvenilir hale gelir.<\/span><\/p>\n<p>&nbsp;<\/p>\n<p><span style=\"color: #ffffff; font-size: 14pt;\">Dil \u00f6rg\u00fctledi\u011fi anlamlarla sanat\u0131n deneysel var olu\u015funun \u00f6n\u00fcndedir. Kelimeler tek ba\u015flar\u0131na bize hayal kurma \u015fans\u0131 verirken kelimelerin olu\u015fturdu\u011fu \u00f6r\u00fcnt\u00fcler, bizi d\u00fc\u015f d\u00fcnyas\u0131n\u0131n d\u0131\u015f\u0131na \u00e7\u0131kar\u0131rlar. Kelimeler g\u00f6lgelerdir. G\u00f6lge varl\u0131\u011f\u0131n\u0131 bor\u00e7lu oldu\u011fu nesneden daha \u00e7ok yarat\u0131c\u0131l\u0131\u011f\u0131 tetikler.<\/span><\/p>\n<p><span style=\"color: #ffffff; font-size: 14pt;\">Sanat\u00e7\u0131 k\u00fclt\u00fcr ve do\u011fa aras\u0131ndaki ara b\u00f6lgede ya\u015far. K\u00fclt\u00fcrden t\u00fcretilmi\u015f dil ve do\u011fadan olu\u015fturdu\u011fu izlenimlerini hayal g\u00fcc\u00fc yard\u0131m\u0131yla yeni imgelerin olu\u015fumunu sa\u011flar. \u00a0\u00a0Ancak dil mevcut durumlar\u0131 tarif ederken ara durumlar\u0131 tarif edemez, hayal g\u00fcc\u00fcnden yoksun belirlenmi\u015f, kat\u0131la\u015ft\u0131r\u0131lm\u0131\u015f maddeleri verir. Maddeleri tan\u0131mlayan s\u00f6zc\u00fckler maddenin i\u00e7eri\u011fini tek d\u00fczele\u015ftirirken, i\u015f soyut kavramlara geldi\u011finde de s\u00f6z\u00fcn i\u00e7eri\u011fi dil bilimsel olarak m\u00fcmk\u00fcn oldu\u011funca s\u0131n\u0131rland\u0131r\u0131lm\u0131\u015f olsa da bireysel anlamda soyutun\/s\u00f6z\u00fcn s\u0131n\u0131rlar\u0131 belirsiz kal\u0131r.<\/span><\/p>\n<p>&nbsp;<\/p>\n<p><span style=\"color: #ffffff; font-size: 14pt;\">Bug\u00fcn ya\u015fan\u0131lan s\u00fcreci tarif etmeye \u00e7al\u0131\u015f\u0131rken olu\u015fan kaosun sorumlusu dilin esnek, b\u00fck\u00fclebilir soyut kavram kar\u015f\u0131l\u0131klar\u0131 ayn\u0131 \u00a0zamanda nesnelli\u011fi tan\u0131mlarken kat\u0131 ve d\u00fcz anlamlar olu\u015fturmas\u0131d\u0131r. Bu manifestoda dilsel ifadede kar\u015f\u0131l\u0131\u011f\u0131n\u0131 anlamlar d\u00fcnyas\u0131nda kurarak mesaj iletiliyor. Oysa, dilin malzemesi olan kelimeler anlamsal \u00f6r\u00fcnt\u00fc olu\u015fturacak \u015fekilde de\u011fil de rastlant\u0131yla yan yana gelirlerse okunurken bildik ortak anlamdan ziyade \u00f6r\u00fcnt\u00fcy\u00fc olu\u015fturan kelimelerin anlamlar\u0131na dikkat y\u00f6nelir. Bu yan yana gelme durumu d\u00fc\u015f d\u00fcnyam\u0131z\u0131 da harekete ge\u00e7irir ve yeni anlamlar ve ki\u015fisel \u00f6r\u00fcnt\u00fcler kurmam\u0131z\u0131 sa\u011flarlar. Bu duyusal izlenimlerimizde nesnelerin g\u00f6r\u00fcn\u00fcrl\u00fcklerinin azalt\u0131lm\u0131\u015f halleriyle hayal g\u00fcc\u00fcm\u00fcz\u00fcn sonsuz olanaklar\u0131n\u0131 devreye sokmam\u0131z gibidir.\u00a0 Alg\u0131 ve d\u00fc\u015f\u00fcnce s\u0131n\u0131rlar\u0131m\u0131z zorlan\u0131r. Al\u0131\u015f\u0131k oldu\u011fumuz anlamlar kaybolur ve yeni anlamlar \u00fcretmeye ba\u015flar\u0131z. Yarat\u0131c\u0131l\u0131\u011f\u0131m\u0131z tetikler. D\u00fcz yaz\u0131mla olu\u015fturulmu\u015f bir manifestonun ayn\u0131 kelimelerle yeniden bir b\u00fct\u00fcn olu\u015fturmas\u0131 var olan al\u0131\u015fkanl\u0131klar\u0131m\u0131z, ak\u0131lla kavrad\u0131\u011f\u0131m\u0131z anlamlar d\u00fcnyas\u0131n\u0131 sarsar. Yeniden \u00fcretilebilirlik kap\u0131lar\u0131n\u0131 a\u00e7arak var olan kal\u0131plara meydan okur.<\/span><\/p>\n<p>[\/et_pb_text][\/et_pb_column][et_pb_column type=&#8221;1_2&#8243; _builder_version=&#8221;4.6.6&#8243; _module_preset=&#8221;default&#8221;][et_pb_image src=&#8221;https:\/\/gsfsergi.ebyu.edu.tr\/wp-content\/uploads\/2020\/12\/Devabil-Kara-MANI\u0307FESTO-scaled.jpg&#8221; title_text=&#8221;Devabil Kara- MANI\u0307FESTO&#8221; _builder_version=&#8221;4.7.6&#8243; _module_preset=&#8221;default&#8221; custom_padding=&#8221;81px|||||&#8221; hover_enabled=&#8221;0&#8243; url=&#8221;https:\/\/gsfsergi.ebyu.edu.tr\/wp-content\/uploads\/2020\/12\/Devabil-Kara-MANI%CC%87FESTO-scaled.jpg&#8221; url_new_window=&#8221;on&#8221; sticky_enabled=&#8221;0&#8243;][\/et_pb_image][et_pb_text _builder_version=&#8221;4.7.6&#8243; _module_preset=&#8221;default&#8221;]<\/p>\n<p><span style=\"color: #000000;\">Devabil Kara<\/span><br \/><span style=\"color: #000000;\">\u201cManifesto\u201d<\/span><br \/><span style=\"color: #000000;\">2020<\/span><\/p>\n<p>[\/et_pb_text][et_pb_button button_url=&#8221;@ET-DC@eyJkeW5hbWljIjp0cnVlLCJjb250ZW50IjoicG9zdF9saW5rX3VybF9wYWdlIiwic2V0dGluZ3MiOnsicG9zdF9pZCI6IjI1OTYifX0=@&#8221; button_text=&#8221;Devabil Kara Hakk\u0131nda&#8221; button_alignment=&#8221;left&#8221; _builder_version=&#8221;4.7.6&#8243; _dynamic_attributes=&#8221;button_url&#8221; _module_preset=&#8221;default&#8221; custom_button=&#8221;on&#8221; button_text_size=&#8221;24px&#8221; button_text_color=&#8221;#ffffff&#8221; button_bg_color=&#8221;#000000&#8243; button_border_width=&#8221;4px&#8221; button_border_color=&#8221;#000000&#8243; button_font=&#8221;Indie Flower||||||||&#8221; button_icon=&#8221;%%258%%&#8221; button_icon_color=&#8221;#ffffff&#8221; button_icon_placement=&#8221;left&#8221; button_on_hover=&#8221;off&#8221; custom_margin=&#8221;||-2px|||&#8221;][\/et_pb_button][et_pb_button button_url=&#8221;@ET-DC@eyJkeW5hbWljIjp0cnVlLCJjb250ZW50IjoicG9zdF9saW5rX3VybF9wYWdlIiwic2V0dGluZ3MiOnsicG9zdF9pZCI6IjYwNSJ9fQ==@&#8221; button_text=&#8221;Sergiye Geri D\u00f6n&#8221; button_alignment=&#8221;left&#8221; _builder_version=&#8221;4.7.5&#8243; _dynamic_attributes=&#8221;button_url&#8221; _module_preset=&#8221;default&#8221; custom_button=&#8221;on&#8221; button_text_size=&#8221;24px&#8221; button_text_color=&#8221;#ffffff&#8221; button_bg_color=&#8221;#000000&#8243; button_border_width=&#8221;4px&#8221; button_border_color=&#8221;#000000&#8243; button_font=&#8221;Indie Flower||||||||&#8221; button_icon=&#8221;%%41%%&#8221; button_icon_color=&#8221;#ffffff&#8221; button_icon_placement=&#8221;left&#8221; button_on_hover=&#8221;off&#8221;][\/et_pb_button][\/et_pb_column][\/et_pb_row][\/et_pb_section]<\/p>\n","protected":false},"excerpt":{"rendered":"<p>[et_pb_section fb_built=&#8221;1&#8243; _builder_version=&#8221;4.7.5&#8243; _module_preset=&#8221;default&#8221; background_color=&#8221;#000000&#8243;][et_pb_row column_structure=&#8221;1_2,1_2&#8243; _builder_version=&#8221;4.7.5&#8243; _module_preset=&#8221;default&#8221; background_color=&#8221;#000000&#8243;][et_pb_column type=&#8221;1_2&#8243; _builder_version=&#8221;4.6.6&#8243; _module_preset=&#8221;default&#8221;][et_pb_text _builder_version=&#8221;4.7.6&#8243; _module_preset=&#8221;default&#8221;] &nbsp; &nbsp; ANLAMIN \u00d6RG\u00dcTLENMES\u0130: D\u0130L KARMA\u015eASI &nbsp; Ya\u015fad\u0131\u011f\u0131m\u0131z nesnel d\u00fcnyay\u0131 tan\u0131mlama s\u00fcrecimiz duyumsama ile ba\u015flar, alg\u0131 boyutuna ta\u015f\u0131nmas\u0131, deneyimlerimiz, \u00f6n kabullerimiz ile \u015fekillenir, bir yarg\u0131ya d\u00f6n\u00fc\u015f\u00fcr ve sonunda dil\/s\u00f6z ile kar\u015f\u0131l\u0131k bulur. Dil bizi duyusal d\u00fcnyan\u0131n d\u0131\u015f\u0131na ta\u015f\u0131m\u0131\u015f olur. S\u00f6zc\u00fcklerle tan\u0131mlad\u0131\u011f\u0131m\u0131z [&hellip;]<\/p>\n","protected":false},"author":9,"featured_media":0,"parent":0,"menu_order":0,"comment_status":"closed","ping_status":"closed","template":"","meta":{"_et_pb_use_builder":"on","_et_pb_old_content":"","_et_gb_content_width":"","spay_email":""},"jetpack_sharing_enabled":true,"jetpack_likes_enabled":true,"_links":{"self":[{"href":"https:\/\/gsfsergi.ebyu.edu.tr\/index.php?rest_route=\/wp\/v2\/pages\/2440"}],"collection":[{"href":"https:\/\/gsfsergi.ebyu.edu.tr\/index.php?rest_route=\/wp\/v2\/pages"}],"about":[{"href":"https:\/\/gsfsergi.ebyu.edu.tr\/index.php?rest_route=\/wp\/v2\/types\/page"}],"author":[{"embeddable":true,"href":"https:\/\/gsfsergi.ebyu.edu.tr\/index.php?rest_route=\/wp\/v2\/users\/9"}],"replies":[{"embeddable":true,"href":"https:\/\/gsfsergi.ebyu.edu.tr\/index.php?rest_route=%2Fwp%2Fv2%2Fcomments&post=2440"}],"version-history":[{"count":7,"href":"https:\/\/gsfsergi.ebyu.edu.tr\/index.php?rest_route=\/wp\/v2\/pages\/2440\/revisions"}],"predecessor-version":[{"id":3481,"href":"https:\/\/gsfsergi.ebyu.edu.tr\/index.php?rest_route=\/wp\/v2\/pages\/2440\/revisions\/3481"}],"wp:attachment":[{"href":"https:\/\/gsfsergi.ebyu.edu.tr\/index.php?rest_route=%2Fwp%2Fv2%2Fmedia&parent=2440"}],"curies":[{"name":"wp","href":"https:\/\/api.w.org\/{rel}","templated":true}]}}