{"id":2436,"date":"2020-12-12T18:34:22","date_gmt":"2020-12-12T15:34:22","guid":{"rendered":"https:\/\/gsfsergi.ebyu.edu.tr\/?page_id=2436"},"modified":"2020-12-15T12:16:28","modified_gmt":"2020-12-15T09:16:28","slug":"melik-iskender-2","status":"publish","type":"page","link":"https:\/\/gsfsergi.ebyu.edu.tr\/?page_id=2436","title":{"rendered":"Melik \u0130skender"},"content":{"rendered":"<p>[et_pb_section fb_built=&#8221;1&#8243; _builder_version=&#8221;4.7.5&#8243; _module_preset=&#8221;default&#8221; background_color=&#8221;#000000&#8243;][et_pb_row column_structure=&#8221;1_2,1_2&#8243; _builder_version=&#8221;4.7.5&#8243; _module_preset=&#8221;default&#8221; background_color=&#8221;#000000&#8243;][et_pb_column type=&#8221;1_2&#8243; _builder_version=&#8221;4.6.6&#8243; _module_preset=&#8221;default&#8221;][et_pb_text _builder_version=&#8221;4.7.6&#8243; _module_preset=&#8221;default&#8221;]<\/p>\n<p>&nbsp;<\/p>\n<p>&nbsp;<\/p>\n<p><span style=\"font-size: 14pt; color: #ffffff;\">Yeni veya D\u00fcnya<\/span><\/p>\n<p><span style=\"font-size: 14pt; color: #ffffff;\">\u0130nsanl\u0131k tarihi s\u00fcresince yerkabu\u011fu hareketleri, sava\u015flar, salg\u0131n hastal\u0131klar gibi \u00e7e\u015fitli nedenlerden dolay\u0131 kitlesel \u00f6l\u00fcmler hep var oldu. Soyk\u0131r\u0131mlar, belli bir toplulu\u011fu imha edercesine katledilirken insanlar\u0131n toplu mezarlara, bilinmeyenin veya sakl\u0131 kalan\u0131n \u00fczerinin toprakla kapat\u0131lmas\u0131d\u0131r. Ne yaz\u0131k ki \u00f6l\u00fcmler ve insani olmayan, \u00e7aresiz olan bir\u00e7ok \u015fey ya\u015fan\u0131yor. Bir b\u00f6lgede yan yana insanlar\u0131n \u00f6lmesiyle farkl\u0131 b\u00f6lgelerde ayn\u0131 anda insanlar\u0131n \u00f6lmeleri farkl\u0131 gibi g\u00f6r\u00fcnse, toplu mezarlar olu\u015fturmasa da toplu \u00f6l\u00fcmler hakikatini de\u011fi\u015ftirmez. <\/span><br \/><span style=\"font-size: 14pt; color: #ffffff;\">Yeni d\u00fcnya d\u00fczeni, alg\u0131 sistemimizi de etkiliyor. Bilimin h\u0131zla ilerlemesi, uzay yolculuklar\u0131, ileti\u015fim a\u011flar\u0131 ve teknolojiyi takip etmek zorla\u015f\u0131yor. \u00dc\u00e7 boyutlu ekran g\u00f6r\u00fcnt\u00fclerine al\u0131\u015fmaya \u00e7al\u0131\u015f\u0131rken hologramlarla tan\u0131\u015f\u0131yoruz. Bir taraftan komlo teorilerine kulak kabart\u0131rken, di\u011fer taraftan kar\u015f\u0131 komplo teorileriyle bilincimiz iyice karma\u015f\u0131k bir hal al\u0131yor. Elbette ki \u00e7evreyi ve d\u00fcnyay\u0131 g\u00f6zlerken kendimizi iyi y\u00f6netmeli, karma\u015f\u0131kl\u0131klar\u0131 \u00f6nce kendi i\u00e7imizde \u00e7\u00f6zmeliyiz. Mesela yan\u0131 bas\u0131m\u0131zdaki G\u00fcrcistan&#8217;a, yavru vatan K\u0131br\u0131s\u2019\u0131 g\u00f6zlerken ayn\u0131 zamanda en uzaklara da bakal\u0131m. Nerede a\u00e7\u0131k veriyor, nerede hata yap\u0131l\u0131yor konusunu \u015f\u00f6yle bir g\u00f6zden ge\u00e7irirsek durumu daha a\u00e7\u0131k bir \u015fekilde anlayabiliriz. <\/span><br \/><span style=\"font-size: 14pt; color: #ffffff;\">Sistemler ve kafa kar\u0131\u015f\u0131kl\u0131klar\u0131 s\u00fcr\u00fcp s\u00fcre\u00e7 belirsizli\u011fini b\u00fcsb\u00fct\u00fcn s\u00fcrd\u00fcr\u00fcrken binlerce insan ayn\u0131 anda ya\u015famlar\u0131n\u0131 yitirmekte. Basit\u00e7e d\u00fc\u015f\u00fcnd\u00fc\u011f\u00fcm\u00fczde sadece 3 hafta t\u00fcm d\u00fcnya izole olsa, 3 hafta d\u00fcnyan\u0131n tamam\u0131na soka\u011fa \u00e7\u0131kma yasa\u011f\u0131 konulsa, \u00dclkelerin, \u015eehirlerin ileti\u015fimi kopar\u0131lsa, insanlar\u0131 sa\u011fl\u0131kl\u0131 olmayanlar d\u0131\u015f\u0131nda soka\u011fa \u00e7\u0131kmalar\u0131na, bir ba\u015fkas\u0131yla ileti\u015fim kurmalar\u0131na kesinlikle izin verilmese, Kurtar\u0131lm\u0131\u015f \u015fehirler tek tek kontrol alt\u0131na al\u0131narak \u00e7o\u011falt\u0131lsa, s\u00fcre\u00e7 b\u00f6yle kat\u0131 ve kontroll\u00fc olarak ilerlese, bu s\u00fcre\u00e7 yerel de\u011fil evrensel olarak y\u00f6netilse, pandemi bu kadar yay\u0131l\u0131r m\u0131yd\u0131? <\/span><br \/><span style=\"font-size: 14pt; color: #ffffff;\">B\u00fct\u00fcn bunlar\u0131n ad\u0131 ise krizdir. Peki, kriz nedir? Kapitalizm her on y\u0131lda bir kriz \u00fcretir. Krizler evrensel \u00f6l\u00e7\u00fcde sars\u0131c\u0131 oldu\u011funda sanat tarihinde de k\u00f6kl\u00fc de\u011fi\u015fiklikler olur. \u0130leti\u015fimde olunan dostlar, tan\u0131d\u0131klar farkl\u0131 b\u00f6lge veya farkl\u0131 \u00fclkelerde ya\u015fayanlar aras\u0131nda takip edilen yerli yabanc\u0131 yazar ve sanat\u00e7\u0131larla bu pandemi s\u00fcrecinde kar\u015f\u0131l\u0131kl\u0131 bilgi al\u0131\u015fveri\u015finde bulunuluyor, az da olsa ortak online sanatsal \u00e7al\u0131\u015fmalar toplant\u0131lar yap\u0131l\u0131yor. Bu ileti\u015fim a\u011f\u0131nda konu mutlaka pandemiyi de kaps\u0131yor. Sessizce kendi i\u00e7ine \u00e7ekilen insanlar gibi sanat\u00e7\u0131 ve kuramc\u0131lar da olup biteni kavramaya, bolca d\u00fc\u015f\u00fcnmeye zaman buldu. Bu sessiz bekleyi\u015f s\u00fcrerken gelece\u011fe y\u00f6nelik bir\u00e7ok kararlar al\u0131nd\u0131. Sanat\u00e7\u0131lar veya kuramc\u0131lar da uzunca bir s\u00fcreden beri sessizce beklerken d\u00fcnyaya damgas\u0131n\u0131 vuracak olan yeni ak\u0131m veya ak\u0131mlar\u0131n pusuda yatt\u0131\u011f\u0131 d\u00fc\u015f\u00fcn\u00fclebilir.<\/span><\/p>\n<p>&nbsp;<\/p>\n<p>[\/et_pb_text][\/et_pb_column][et_pb_column type=&#8221;1_2&#8243; _builder_version=&#8221;4.6.6&#8243; _module_preset=&#8221;default&#8221;][et_pb_text _builder_version=&#8221;4.7.6&#8243; _module_preset=&#8221;default&#8221; background_color=&#8221;#000000&#8243;]<\/p>\n<p>&nbsp;<\/p>\n<p>&nbsp;<\/p>\n<p><iframe src=\"\/\/www.youtube.com\/embed\/ChoSFIz0eyA\" width=\"560\" height=\"314\" allowfullscreen=\"allowfullscreen\"><\/iframe><\/p>\n<p>[\/et_pb_text][et_pb_text _builder_version=&#8221;4.7.6&#8243; _module_preset=&#8221;default&#8221; hover_enabled=&#8221;0&#8243; sticky_enabled=&#8221;0&#8243;]<\/p>\n<p><span style=\"color: #ffffff;\">\u00a0 \u00a0 \u00a0 \u00a0 \u00a0 \u00a0 \u00a0Melik \u0130skender<\/span><br \/><span style=\"color: #ffffff;\">\u00a0 \u00a0 \u00a0 \u00a0 \u00a0 \u00a0 \u00a0<\/span><span style=\"color: #ffffff;\">&#8220;Yan\u0131lsama&#8221;<\/span><br \/><span style=\"color: #ffffff;\">\u00a0 \u00a0 \u00a0 \u00a0 \u00a0 \u00a0 \u00a02020<\/span><\/p>\n<p>[\/et_pb_text][et_pb_button button_url=&#8221;@ET-DC@eyJkeW5hbWljIjp0cnVlLCJjb250ZW50IjoicG9zdF9saW5rX3VybF9wYWdlIiwic2V0dGluZ3MiOnsicG9zdF9pZCI6IjI1OTIifX0=@&#8221; button_text=&#8221;Melik \u0130skender Hakk\u0131nda&#8221; button_alignment=&#8221;left&#8221; _builder_version=&#8221;4.7.6&#8243; _dynamic_attributes=&#8221;button_url&#8221; _module_preset=&#8221;default&#8221; custom_button=&#8221;on&#8221; button_text_size=&#8221;24px&#8221; button_text_color=&#8221;#ffffff&#8221; button_bg_color=&#8221;#000000&#8243; button_border_width=&#8221;4px&#8221; button_border_color=&#8221;#000000&#8243; button_font=&#8221;Indie Flower||||||||&#8221; button_icon=&#8221;%%258%%&#8221; button_icon_color=&#8221;#ffffff&#8221; button_icon_placement=&#8221;left&#8221; button_on_hover=&#8221;off&#8221; custom_margin=&#8221;||-2px|||&#8221;][\/et_pb_button][et_pb_button button_url=&#8221;@ET-DC@eyJkeW5hbWljIjp0cnVlLCJjb250ZW50IjoicG9zdF9saW5rX3VybF9wYWdlIiwic2V0dGluZ3MiOnsicG9zdF9pZCI6IjYwNSJ9fQ==@&#8221; button_text=&#8221;Sergiye Geri D\u00f6n&#8221; button_alignment=&#8221;left&#8221; _builder_version=&#8221;4.7.5&#8243; _dynamic_attributes=&#8221;button_url&#8221; _module_preset=&#8221;default&#8221; custom_button=&#8221;on&#8221; button_text_size=&#8221;24px&#8221; button_text_color=&#8221;#ffffff&#8221; button_bg_color=&#8221;#000000&#8243; button_border_width=&#8221;4px&#8221; button_border_color=&#8221;#000000&#8243; button_font=&#8221;Indie Flower||||||||&#8221; button_icon=&#8221;%%41%%&#8221; button_icon_color=&#8221;#ffffff&#8221; button_icon_placement=&#8221;left&#8221; button_on_hover=&#8221;off&#8221;][\/et_pb_button][\/et_pb_column][\/et_pb_row][\/et_pb_section]<\/p>\n","protected":false},"excerpt":{"rendered":"<p>[et_pb_section fb_built=&#8221;1&#8243; _builder_version=&#8221;4.7.5&#8243; _module_preset=&#8221;default&#8221; background_color=&#8221;#000000&#8243;][et_pb_row column_structure=&#8221;1_2,1_2&#8243; _builder_version=&#8221;4.7.5&#8243; _module_preset=&#8221;default&#8221; background_color=&#8221;#000000&#8243;][et_pb_column type=&#8221;1_2&#8243; _builder_version=&#8221;4.6.6&#8243; _module_preset=&#8221;default&#8221;][et_pb_text _builder_version=&#8221;4.7.6&#8243; _module_preset=&#8221;default&#8221;] &nbsp; &nbsp; Yeni veya D\u00fcnya \u0130nsanl\u0131k tarihi s\u00fcresince yerkabu\u011fu hareketleri, sava\u015flar, salg\u0131n hastal\u0131klar gibi \u00e7e\u015fitli nedenlerden dolay\u0131 kitlesel \u00f6l\u00fcmler hep var oldu. Soyk\u0131r\u0131mlar, belli bir toplulu\u011fu imha edercesine katledilirken insanlar\u0131n toplu mezarlara, bilinmeyenin veya sakl\u0131 kalan\u0131n \u00fczerinin toprakla kapat\u0131lmas\u0131d\u0131r. Ne yaz\u0131k [&hellip;]<\/p>\n","protected":false},"author":9,"featured_media":0,"parent":0,"menu_order":0,"comment_status":"closed","ping_status":"closed","template":"","meta":{"_et_pb_use_builder":"on","_et_pb_old_content":"","_et_gb_content_width":"","spay_email":""},"jetpack_sharing_enabled":true,"jetpack_likes_enabled":true,"_links":{"self":[{"href":"https:\/\/gsfsergi.ebyu.edu.tr\/index.php?rest_route=\/wp\/v2\/pages\/2436"}],"collection":[{"href":"https:\/\/gsfsergi.ebyu.edu.tr\/index.php?rest_route=\/wp\/v2\/pages"}],"about":[{"href":"https:\/\/gsfsergi.ebyu.edu.tr\/index.php?rest_route=\/wp\/v2\/types\/page"}],"author":[{"embeddable":true,"href":"https:\/\/gsfsergi.ebyu.edu.tr\/index.php?rest_route=\/wp\/v2\/users\/9"}],"replies":[{"embeddable":true,"href":"https:\/\/gsfsergi.ebyu.edu.tr\/index.php?rest_route=%2Fwp%2Fv2%2Fcomments&post=2436"}],"version-history":[{"count":7,"href":"https:\/\/gsfsergi.ebyu.edu.tr\/index.php?rest_route=\/wp\/v2\/pages\/2436\/revisions"}],"predecessor-version":[{"id":3375,"href":"https:\/\/gsfsergi.ebyu.edu.tr\/index.php?rest_route=\/wp\/v2\/pages\/2436\/revisions\/3375"}],"wp:attachment":[{"href":"https:\/\/gsfsergi.ebyu.edu.tr\/index.php?rest_route=%2Fwp%2Fv2%2Fmedia&parent=2436"}],"curies":[{"name":"wp","href":"https:\/\/api.w.org\/{rel}","templated":true}]}}