{"id":2433,"date":"2020-12-12T18:33:10","date_gmt":"2020-12-12T15:33:10","guid":{"rendered":"https:\/\/gsfsergi.ebyu.edu.tr\/?page_id=2433"},"modified":"2020-12-15T12:01:20","modified_gmt":"2020-12-15T09:01:20","slug":"hatice-dogan","status":"publish","type":"page","link":"https:\/\/gsfsergi.ebyu.edu.tr\/?page_id=2433","title":{"rendered":"Hatice Do\u011fan"},"content":{"rendered":"<p>[et_pb_section fb_built=&#8221;1&#8243; _builder_version=&#8221;4.7.5&#8243; _module_preset=&#8221;default&#8221; background_color=&#8221;#000000&#8243;][et_pb_row column_structure=&#8221;1_2,1_2&#8243; _builder_version=&#8221;4.7.5&#8243; _module_preset=&#8221;default&#8221; background_color=&#8221;#000000&#8243;][et_pb_column type=&#8221;1_2&#8243; _builder_version=&#8221;4.6.6&#8243; _module_preset=&#8221;default&#8221;][et_pb_text _builder_version=&#8221;4.7.6&#8243; _module_preset=&#8221;default&#8221; hover_enabled=&#8221;0&#8243; sticky_enabled=&#8221;0&#8243;]<\/p>\n<p><span style=\"font-size: 14pt; color: #ffffff;\">YEN\u0130(k) B\u0130R\u00a0 D\u00dcNYA<\/span><\/p>\n<p><span style=\"color: #ffffff; font-size: 14pt;\">Hatice Do\u011fan<\/span><\/p>\n<p><span style=\"color: #ffffff; font-size: 14pt;\">\u00a0 Birdenbire kendimizi i\u00e7inde ve ayn\u0131 anda d\u0131\u015f\u0131nda buldu\u011fumuz bu \u201cyeni\u201d d\u00fcnya bizim bildi\u011fimiz d\u00fcnya de\u011fil. Dokunman\u0131n yasak oldu\u011fu bir d\u00fcnya. Dokunman\u0131n korkun\u00e7 oldu\u011fu. Sana \u00e7ok yak\u0131n olan art\u0131k olabildi\u011fince uzak: \u201cl\u00fctfen bana yakla\u015fma!\u201d\u2026. Birbirimize yakla\u015fman\u0131n yeni yollar\u0131n\u0131 arad\u0131\u011f\u0131m\u0131z bir d\u00fcnya. Sadece bir ekrandan d\u00fcnyaya bakabildi\u011fimiz ve sadece ekrana dokunabildi\u011fimiz bir d\u00fcnya.<\/span><\/p>\n<p><span style=\"color: #ffffff; font-size: 14pt;\">\u00a0 \u00a0\u00a0Buras\u0131, i\u00e7inde g\u00fcvende hissedemedi\u011fimiz, kendimizle ve hayatla ilgili b\u00fct\u00fcn \u00f6n kabullerimizi, inan\u00e7lar\u0131m\u0131z\u0131, beklentilerimizi bo\u015fa \u00e7\u0131karan, sarsan bir yer art\u0131k. Bu \u201cyer\u201d baz\u0131 insanlar i\u00e7in varolu\u015flar\u0131ndan beri b\u00f6yle tedirgin ediciydi. Hep d\u0131\u015f\u0131nda b\u0131rak\u0131ld\u0131klar\u0131, kabullenilmedikleri, bir \u201cvir\u00fcs\u201d gibi, korunulmak i\u00e7in uzak durulmas\u0131 gereken bir beden haline getirildikleri yerdi. \u00a0Salg\u0131ndan \u00f6nce dokunabiliyor muyduk O\u2019na? Bizim gibi olmayana, yabanc\u0131 olana, d\u0131\u015far\u0131dan olana, her an bize bula\u015fabilecek, zarar verebilecek olana, yakla\u015fabiliyor muyduk? \u00a0D\u0131\u015far\u0131dan gelen \u201cdi\u011ferine\u201d kar\u015f\u0131 kap\u0131lar\u0131m\u0131z\u0131 a\u00e7abiliyor muyduk?<\/span><\/p>\n<p><span style=\"color: #ffffff; font-size: 14pt;\">Ben \u2018ben\u2019den olmayan\u0131, d\u0131\u015far\u0131dan bana geleni reddederim, sistemimden uzakla\u015ft\u0131r\u0131r\u0131m. O\u2019nu d\u0131\u015farda b\u0131rakman\u0131n yeni yollar\u0131n\u0131 bulurum. \u00c7\u00fcnk\u00fc O\u2019na kar\u015f\u0131 ba\u011f\u0131\u015f\u0131kl\u0131k kazanmal\u0131y\u0131m. B\u00f6ylece y\u00fcz\u00fcn\u00fc kapat\u0131r\u0131m, O\u2019nu o yapan \u015feyi, ifadesini yok ederim, yaln\u0131zca g\u00f6zleri g\u00f6r\u00fcn\u00fcr kal\u0131r bana ama yaln\u0131zca g\u00f6zlerine bakamam. G\u00f6zlerine bakabilsem belki benden \u00e7ok uzak, \u00e7ok ba\u015fka olmad\u0131\u011f\u0131n\u0131 g\u00f6rebilirdim.<\/span><\/p>\n<p><span style=\"color: #ffffff; font-size: 14pt;\">\u00a0 \u015eimdi bu yeni d\u00fcnyada, ben, di\u011ferinin g\u00f6zlerine bakabiliyorum. Bakabilece\u011fim tek yer oldu\u011fu i\u00e7in. Ve birinin sadece g\u00f6zlerine bakabilmenin garip bir yak\u0131nl\u0131\u011f\u0131, herkesi e\u015fitleyen bir yan\u0131 var.<\/span><\/p>\n<p><span style=\"color: #ffffff; font-size: 14pt;\">\u00a0\u00a0 \u015eimdi art\u0131k hayatta kalmak derdine d\u00fc\u015ft\u00fc\u011f\u00fcm bu yeni ve yenilmi\u015f d\u00fcnyada, d\u0131\u015f\u0131mda kalan herkese bu yak\u0131nl\u0131kla ve bu e\u015fitlikle bakabilmeliyim. \u00c7\u00fcnk\u00fc kendi var olu\u015funun sonuna yak\u0131n olma, yok olma korkusunun da herkesi birle\u015ftiren, e\u015fitleyen bir yan\u0131 var.<\/span><\/p>\n<p>[\/et_pb_text][\/et_pb_column][et_pb_column type=&#8221;1_2&#8243; _builder_version=&#8221;4.6.6&#8243; _module_preset=&#8221;default&#8221;][et_pb_image src=&#8221;https:\/\/gsfsergi.ebyu.edu.tr\/wp-content\/uploads\/2020\/12\/HaticeDog\u0306an-scaled.jpg&#8221; title_text=&#8221;HaticeDog\u0306an&#8221; show_in_lightbox=&#8221;on&#8221; _builder_version=&#8221;4.7.6&#8243; _module_preset=&#8221;default&#8221; custom_padding=&#8221;81px|||||&#8221;][\/et_pb_image][et_pb_text _builder_version=&#8221;4.7.6&#8243; _module_preset=&#8221;default&#8221;]<\/p>\n<p><span style=\"color: #ffffff;\">Hatice Do\u011fan<\/span><br \/><span style=\"color: #ffffff;\">\u201cYeni(k) D\u00fcnya\u201d<\/span><br \/><span style=\"color: #ffffff;\">2020<\/span><br \/><span style=\"color: #ffffff;\">30 cm x 24 cm<\/span><br \/><span style=\"color: #ffffff;\">Kar\u0131\u015f\u0131k Malzeme.<\/span><\/p>\n<p>[\/et_pb_text][et_pb_button button_url=&#8221;@ET-DC@eyJkeW5hbWljIjp0cnVlLCJjb250ZW50IjoicG9zdF9saW5rX3VybF9wYWdlIiwic2V0dGluZ3MiOnsicG9zdF9pZCI6IjI1ODgifX0=@&#8221; button_text=&#8221;Hatice Do\u011fan Hakk\u0131nda&#8221; button_alignment=&#8221;left&#8221; _builder_version=&#8221;4.7.6&#8243; _dynamic_attributes=&#8221;button_url&#8221; _module_preset=&#8221;default&#8221; custom_button=&#8221;on&#8221; button_text_size=&#8221;24px&#8221; button_text_color=&#8221;#ffffff&#8221; button_bg_color=&#8221;#000000&#8243; button_border_width=&#8221;4px&#8221; button_border_color=&#8221;#000000&#8243; button_font=&#8221;Indie Flower||||||||&#8221; button_icon=&#8221;%%258%%&#8221; button_icon_color=&#8221;#ffffff&#8221; button_icon_placement=&#8221;left&#8221; button_on_hover=&#8221;off&#8221; custom_margin=&#8221;||-2px|||&#8221;][\/et_pb_button][et_pb_button button_url=&#8221;@ET-DC@eyJkeW5hbWljIjp0cnVlLCJjb250ZW50IjoicG9zdF9saW5rX3VybF9wYWdlIiwic2V0dGluZ3MiOnsicG9zdF9pZCI6IjYwNSJ9fQ==@&#8221; button_text=&#8221;Sergiye Geri D\u00f6n&#8221; button_alignment=&#8221;left&#8221; _builder_version=&#8221;4.7.6&#8243; _dynamic_attributes=&#8221;button_url&#8221; _module_preset=&#8221;default&#8221; custom_button=&#8221;on&#8221; button_text_size=&#8221;24px&#8221; button_text_color=&#8221;#ffffff&#8221; button_bg_color=&#8221;#000000&#8243; button_border_width=&#8221;4px&#8221; button_border_color=&#8221;#000000&#8243; button_font=&#8221;Indie Flower||||||||&#8221; button_icon=&#8221;%%41%%&#8221; button_icon_color=&#8221;#ffffff&#8221; button_icon_placement=&#8221;left&#8221; button_on_hover=&#8221;off&#8221;][\/et_pb_button][\/et_pb_column][\/et_pb_row][\/et_pb_section]<\/p>\n","protected":false},"excerpt":{"rendered":"<p>[et_pb_section fb_built=&#8221;1&#8243; _builder_version=&#8221;4.7.5&#8243; _module_preset=&#8221;default&#8221; background_color=&#8221;#000000&#8243;][et_pb_row column_structure=&#8221;1_2,1_2&#8243; _builder_version=&#8221;4.7.5&#8243; _module_preset=&#8221;default&#8221; background_color=&#8221;#000000&#8243;][et_pb_column type=&#8221;1_2&#8243; _builder_version=&#8221;4.6.6&#8243; _module_preset=&#8221;default&#8221;][et_pb_text _builder_version=&#8221;4.7.6&#8243; _module_preset=&#8221;default&#8221; hover_enabled=&#8221;0&#8243; sticky_enabled=&#8221;0&#8243;] YEN\u0130(k) B\u0130R\u00a0 D\u00dcNYA Hatice Do\u011fan \u00a0 Birdenbire kendimizi i\u00e7inde ve ayn\u0131 anda d\u0131\u015f\u0131nda buldu\u011fumuz bu \u201cyeni\u201d d\u00fcnya bizim bildi\u011fimiz d\u00fcnya de\u011fil. Dokunman\u0131n yasak oldu\u011fu bir d\u00fcnya. Dokunman\u0131n korkun\u00e7 oldu\u011fu. Sana \u00e7ok yak\u0131n olan art\u0131k olabildi\u011fince uzak: \u201cl\u00fctfen bana yakla\u015fma!\u201d\u2026. [&hellip;]<\/p>\n","protected":false},"author":9,"featured_media":0,"parent":0,"menu_order":0,"comment_status":"closed","ping_status":"closed","template":"","meta":{"_et_pb_use_builder":"on","_et_pb_old_content":"","_et_gb_content_width":"","spay_email":""},"jetpack_sharing_enabled":true,"jetpack_likes_enabled":true,"_links":{"self":[{"href":"https:\/\/gsfsergi.ebyu.edu.tr\/index.php?rest_route=\/wp\/v2\/pages\/2433"}],"collection":[{"href":"https:\/\/gsfsergi.ebyu.edu.tr\/index.php?rest_route=\/wp\/v2\/pages"}],"about":[{"href":"https:\/\/gsfsergi.ebyu.edu.tr\/index.php?rest_route=\/wp\/v2\/types\/page"}],"author":[{"embeddable":true,"href":"https:\/\/gsfsergi.ebyu.edu.tr\/index.php?rest_route=\/wp\/v2\/users\/9"}],"replies":[{"embeddable":true,"href":"https:\/\/gsfsergi.ebyu.edu.tr\/index.php?rest_route=%2Fwp%2Fv2%2Fcomments&post=2433"}],"version-history":[{"count":4,"href":"https:\/\/gsfsergi.ebyu.edu.tr\/index.php?rest_route=\/wp\/v2\/pages\/2433\/revisions"}],"predecessor-version":[{"id":3363,"href":"https:\/\/gsfsergi.ebyu.edu.tr\/index.php?rest_route=\/wp\/v2\/pages\/2433\/revisions\/3363"}],"wp:attachment":[{"href":"https:\/\/gsfsergi.ebyu.edu.tr\/index.php?rest_route=%2Fwp%2Fv2%2Fmedia&parent=2433"}],"curies":[{"name":"wp","href":"https:\/\/api.w.org\/{rel}","templated":true}]}}