{"id":2429,"date":"2020-12-12T18:32:04","date_gmt":"2020-12-12T15:32:04","guid":{"rendered":"https:\/\/gsfsergi.ebyu.edu.tr\/?page_id=2429"},"modified":"2020-12-15T11:44:18","modified_gmt":"2020-12-15T08:44:18","slug":"gulgin-altug-taskanal","status":"publish","type":"page","link":"https:\/\/gsfsergi.ebyu.edu.tr\/?page_id=2429","title":{"rendered":"G\u00fclgin Altu\u011f Ta\u015fkanal"},"content":{"rendered":"<p>[et_pb_section fb_built=&#8221;1&#8243; _builder_version=&#8221;4.7.5&#8243; _module_preset=&#8221;default&#8221; background_color=&#8221;#000000&#8243;][et_pb_row column_structure=&#8221;1_2,1_2&#8243; _builder_version=&#8221;4.7.5&#8243; _module_preset=&#8221;default&#8221; background_color=&#8221;#000000&#8243;][et_pb_column type=&#8221;1_2&#8243; _builder_version=&#8221;4.6.6&#8243; _module_preset=&#8221;default&#8221;][et_pb_text _builder_version=&#8221;4.7.6&#8243; _module_preset=&#8221;default&#8221; hover_enabled=&#8221;0&#8243; sticky_enabled=&#8221;0&#8243;]<\/p>\n<p>&nbsp;<\/p>\n<p>&nbsp;<\/p>\n<p><span style=\"color: #ffffff; font-size: 14pt;\">\u00c7OKTUK AZALDIK, VARDIK YOK OLDUK, AZ MIYDIK? \u00c7OK MUYDUK? VAR MIYDIK? YOK MUYDUK?<\/span><\/p>\n<p><span style=\"color: #ffffff; font-size: 14pt;\">\u00d6l\u00fcmle ya\u015fam aras\u0131ndaki o ince \u00e7izgiyi bu kadar net hissedebildi\u011fim bir zaman dilimi i\u00e7erisinde yaln\u0131zca ayakta kalmak \u00e7abas\u0131ndan \u00f6te bir ba\u015fkas\u0131na zarar verebilecek olman\u0131n a\u011f\u0131r sorumlulu\u011fu ile gecenin bir yar\u0131s\u0131nda uyan\u0131yorum. YALNIZIM\u2026 Derin bir \u00fcrperti yay\u0131l\u0131yor i\u00e7ime. G\u00f6z\u00fcm\u00fc kapat\u0131p kald\u0131\u011f\u0131m yerden devam etmeye \u00e7al\u0131\u015f\u0131yorum. Filmlerde g\u00f6rd\u00fc\u011f\u00fcm anons sesleri y\u00fckseliyor \u201cDikkat dikkat salg\u0131n tehlikesi devam etmektedir\u201d\u2026 Herkesin y\u00fcz\u00fcnde maske var. \u0130nsanlar birbirlerine belli bir mesafeden fazla yakla\u015fam\u0131yor. Uzaktan izliyorum. \u0130nsanlar\u0131n y\u00fczlerini g\u00f6rememek beni endi\u015felendiriyor. Giderek G\u00fcven Duygum sars\u0131l\u0131yor. Kendimi g\u00fcvende hissetti\u011fim tek yer olan evime gitmek istiyorum. Hayat\u0131m\u0131n b\u00fcy\u00fck k\u0131sm\u0131n\u0131 ge\u00e7irdi\u011fim D\u00fcnya ayn\u0131 d\u00fcnya de\u011fil. Asl\u0131nda ne kadar haz\u0131rl\u0131ks\u0131z oldu\u011fumu fark ediyorum. Bu yenid\u00fcnya benzeri g\u00f6r\u00fclmemi\u015f bir bi\u00e7imde mesafeli bir ya\u015fama zorlarken sanat birbirimizle olan ba\u011flar\u0131m\u0131z\u0131 hat\u0131rlatabilir mi? Sanat\u0131n iyile\u015ftirici G\u00fcc\u00fc var m\u0131d\u0131r? \u0130\u00e7imdeki b\u00fcy\u00fck bo\u015flu\u011fu sanat doldurabilir mi? sanat bu adaptasyon s\u00fcrecine tan\u0131kl\u0131k edebilir mi? Binlerce soru, korku ve heyecanla g\u00f6zlerimi a\u00e7\u0131yorum. Ve say\u0131klamaya ba\u015fl\u0131yorum. \u00c7oktuk azald\u0131k, vard\u0131k yok olduk, az m\u0131yd\u0131k? \u00c7ok muyduk? Var m\u0131yd\u0131k? Yok muyduk?<\/span><\/p>\n<p><span style=\"color: #ffffff;\"><span style=\"font-size: 14pt;\">G\u00fclgin ALTU\u011e<\/span> <\/span><\/p>\n<p>[\/et_pb_text][\/et_pb_column][et_pb_column type=&#8221;1_2&#8243; _builder_version=&#8221;4.6.6&#8243; _module_preset=&#8221;default&#8221;][et_pb_image src=&#8221;https:\/\/gsfsergi.ebyu.edu.tr\/wp-content\/uploads\/2020\/12\/GulginAltugTaskanal.jpeg&#8221; title_text=&#8221;G\u00fclginAltu\u011fTa\u015fkanal&#8221; show_in_lightbox=&#8221;on&#8221; _builder_version=&#8221;4.7.6&#8243; _module_preset=&#8221;default&#8221; custom_padding=&#8221;81px|||||&#8221;][\/et_pb_image][et_pb_text _builder_version=&#8221;4.7.6&#8243; _module_preset=&#8221;default&#8221;]<\/p>\n<p><span style=\"color: #ffffff;\">G\u00fclgin Altu\u011f Ta\u015fkanal<\/span><br \/><span style=\"color: #ffffff;\">\u201c203\u201d<\/span><br \/><span style=\"color: #ffffff;\">2020<\/span><br \/><span style=\"color: #ffffff;\">50 cm x 70 cm<\/span><br \/><span style=\"color: #ffffff;\">Pleksiglas \u00fczerine ya\u011fl\u0131boya.<\/span><\/p>\n<p>[\/et_pb_text][et_pb_button button_url=&#8221;@ET-DC@eyJkeW5hbWljIjp0cnVlLCJjb250ZW50IjoicG9zdF9saW5rX3VybF9wYWdlIiwic2V0dGluZ3MiOnsicG9zdF9pZCI6IjI1ODQifX0=@&#8221; button_text=&#8221;G\u00fclgin Altu\u011f Ta\u015fkanal Hakk\u0131nda&#8221; button_alignment=&#8221;left&#8221; _builder_version=&#8221;4.7.6&#8243; _dynamic_attributes=&#8221;button_url&#8221; _module_preset=&#8221;default&#8221; custom_button=&#8221;on&#8221; button_text_size=&#8221;24px&#8221; button_text_color=&#8221;#ffffff&#8221; button_bg_color=&#8221;#000000&#8243; button_border_width=&#8221;4px&#8221; button_border_color=&#8221;#000000&#8243; button_font=&#8221;Indie Flower||||||||&#8221; button_icon=&#8221;%%258%%&#8221; button_icon_color=&#8221;#ffffff&#8221; button_icon_placement=&#8221;left&#8221; button_on_hover=&#8221;off&#8221; custom_margin=&#8221;||-2px|||&#8221;][\/et_pb_button][et_pb_button button_url=&#8221;@ET-DC@eyJkeW5hbWljIjp0cnVlLCJjb250ZW50IjoicG9zdF9saW5rX3VybF9wYWdlIiwic2V0dGluZ3MiOnsicG9zdF9pZCI6IjYwNSJ9fQ==@&#8221; button_text=&#8221;Sergiye Geri D\u00f6n&#8221; button_alignment=&#8221;left&#8221; _builder_version=&#8221;4.7.5&#8243; _dynamic_attributes=&#8221;button_url&#8221; _module_preset=&#8221;default&#8221; custom_button=&#8221;on&#8221; button_text_size=&#8221;24px&#8221; button_text_color=&#8221;#ffffff&#8221; button_bg_color=&#8221;#000000&#8243; button_border_width=&#8221;4px&#8221; button_border_color=&#8221;#000000&#8243; button_font=&#8221;Indie Flower||||||||&#8221; button_icon=&#8221;%%41%%&#8221; button_icon_color=&#8221;#ffffff&#8221; button_icon_placement=&#8221;left&#8221; button_on_hover=&#8221;off&#8221;][\/et_pb_button][\/et_pb_column][\/et_pb_row][\/et_pb_section]<\/p>\n","protected":false},"excerpt":{"rendered":"<p>[et_pb_section fb_built=&#8221;1&#8243; _builder_version=&#8221;4.7.5&#8243; _module_preset=&#8221;default&#8221; background_color=&#8221;#000000&#8243;][et_pb_row column_structure=&#8221;1_2,1_2&#8243; _builder_version=&#8221;4.7.5&#8243; _module_preset=&#8221;default&#8221; background_color=&#8221;#000000&#8243;][et_pb_column type=&#8221;1_2&#8243; _builder_version=&#8221;4.6.6&#8243; _module_preset=&#8221;default&#8221;][et_pb_text _builder_version=&#8221;4.7.6&#8243; _module_preset=&#8221;default&#8221; hover_enabled=&#8221;0&#8243; sticky_enabled=&#8221;0&#8243;] &nbsp; &nbsp; \u00c7OKTUK AZALDIK, VARDIK YOK OLDUK, AZ MIYDIK? \u00c7OK MUYDUK? VAR MIYDIK? YOK MUYDUK? \u00d6l\u00fcmle ya\u015fam aras\u0131ndaki o ince \u00e7izgiyi bu kadar net hissedebildi\u011fim bir zaman dilimi i\u00e7erisinde yaln\u0131zca ayakta kalmak \u00e7abas\u0131ndan \u00f6te bir ba\u015fkas\u0131na zarar verebilecek olman\u0131n [&hellip;]<\/p>\n","protected":false},"author":9,"featured_media":0,"parent":0,"menu_order":0,"comment_status":"closed","ping_status":"closed","template":"","meta":{"_et_pb_use_builder":"on","_et_pb_old_content":"","_et_gb_content_width":"","spay_email":""},"jetpack_sharing_enabled":true,"jetpack_likes_enabled":true,"_links":{"self":[{"href":"https:\/\/gsfsergi.ebyu.edu.tr\/index.php?rest_route=\/wp\/v2\/pages\/2429"}],"collection":[{"href":"https:\/\/gsfsergi.ebyu.edu.tr\/index.php?rest_route=\/wp\/v2\/pages"}],"about":[{"href":"https:\/\/gsfsergi.ebyu.edu.tr\/index.php?rest_route=\/wp\/v2\/types\/page"}],"author":[{"embeddable":true,"href":"https:\/\/gsfsergi.ebyu.edu.tr\/index.php?rest_route=\/wp\/v2\/users\/9"}],"replies":[{"embeddable":true,"href":"https:\/\/gsfsergi.ebyu.edu.tr\/index.php?rest_route=%2Fwp%2Fv2%2Fcomments&post=2429"}],"version-history":[{"count":5,"href":"https:\/\/gsfsergi.ebyu.edu.tr\/index.php?rest_route=\/wp\/v2\/pages\/2429\/revisions"}],"predecessor-version":[{"id":3341,"href":"https:\/\/gsfsergi.ebyu.edu.tr\/index.php?rest_route=\/wp\/v2\/pages\/2429\/revisions\/3341"}],"wp:attachment":[{"href":"https:\/\/gsfsergi.ebyu.edu.tr\/index.php?rest_route=%2Fwp%2Fv2%2Fmedia&parent=2429"}],"curies":[{"name":"wp","href":"https:\/\/api.w.org\/{rel}","templated":true}]}}