{"id":2425,"date":"2020-12-12T18:30:30","date_gmt":"2020-12-12T15:30:30","guid":{"rendered":"https:\/\/gsfsergi.ebyu.edu.tr\/?page_id=2425"},"modified":"2020-12-16T13:48:06","modified_gmt":"2020-12-16T10:48:06","slug":"alev-felek","status":"publish","type":"page","link":"https:\/\/gsfsergi.ebyu.edu.tr\/?page_id=2425","title":{"rendered":"Alev Karakuzu"},"content":{"rendered":"<p>[et_pb_section fb_built=&#8221;1&#8243; _builder_version=&#8221;4.7.5&#8243; _module_preset=&#8221;default&#8221; background_color=&#8221;#000000&#8243;][et_pb_row column_structure=&#8221;1_2,1_2&#8243; _builder_version=&#8221;4.7.5&#8243; _module_preset=&#8221;default&#8221; background_color=&#8221;#000000&#8243;][et_pb_column type=&#8221;1_2&#8243; _builder_version=&#8221;4.6.6&#8243; _module_preset=&#8221;default&#8221;][et_pb_text _builder_version=&#8221;4.7.6&#8243; _module_preset=&#8221;default&#8221; hover_enabled=&#8221;0&#8243; sticky_enabled=&#8221;0&#8243;]<\/p>\n<p>&nbsp;<\/p>\n<p>&nbsp;<\/p>\n<p><span style=\"font-size: 14pt; color: #ffffff;\">Merhaba Yeni D\u00fcnya<\/span><\/p>\n<p><span style=\"font-size: 14pt; color: #ffffff;\">Y\u0131llard\u0131r var olan d\u00fcnya ne kadar da yorgun d\u00fc\u015ft\u00fcn. Neler g\u00f6rd\u00fcn ve ne insanlarla tan\u0131\u015ft\u0131n sen asl\u0131nda y\u0131llard\u0131r yorgundun ama bu son direni\u015fin hi\u00e7 bu kadar etkili olmam\u0131\u015ft\u0131. Evet covit 19 dan bahsediyorum. Hani \u015fu milyonlarca insan\u0131n etkilemesi ve neredeyse b\u00fct\u00fcn \u00fclkelerdeki insanlar\u0131 evlerine kapatan( do\u011fru deyimle evlerine hapseden desek daha yerinde olacak ). Bu salg\u0131n neden ba\u015flad\u0131 diye soracak olursan \u00fczerinde ya\u015fayan milyarlarca insan\u0131n yiyecek aray\u0131\u015f\u0131 ve do\u011faya olan tahribat, sen zaten b\u00fct\u00fcn olan\u0131 biteni biliyorsun. As\u0131l meseleye gelelim bundan sonra ne olaca\u011f\u0131. Bilinmezlik&#8230;\u00a0 Bencillik, daha \u00e7ok i\u00e7imize d\u00f6nmek, sadele\u015fmek ama bir yandan yaln\u0131z kalman\u0131n verdi\u011fi acemili\u011fi ya\u015famak. B\u00fct\u00fcn o hayat ko\u015fu\u015fturmas\u0131n\u0131n bir an olsa bile durmas\u0131, do\u011faya verdi\u011fimiz tahribat\u0131n biz evlerimizdeyken do\u011fan\u0131n geri almas\u0131\u2026 Sanal olarak her \u015feye ula\u015fman\u0131n verdi\u011fi doyumsuz haz, her \u015feyin h\u0131zl\u0131 ve imkanl\u0131 olmas\u0131, teknolojinin bu fiber h\u0131za do\u011fru evrilmesi, hayat\u0131n salg\u0131ndan dolay\u0131 yava\u015flamas\u0131 ama teknolojiden dolay\u0131 da h\u0131zlanmas\u0131 biz insanlar \u00fczerinde inan\u0131lmaz bir paradoks i\u00e7inde olmas\u0131na sebep oluyor. Bir yandan yava\u015flamay\u0131 \u00f6\u011frenirken bir yandan da h\u0131z\u0131 ve sab\u0131rs\u0131zl\u0131\u011f\u0131 \u00f6\u011frenir olduk. Yeni d\u00fcnya ile olu\u015fan sanatsal ba\u011flamdaki de\u011fi\u015fiklik sanat\u0131n da ula\u015f\u0131labilirli\u011fi ad\u0131na b\u00fcy\u00fck fark yaratt\u0131.\u00a0 Sanal ortamda sanal galeri mant\u0131\u011f\u0131n\u0131 \u00f6\u011frenir olduk. Hatta\u00a0 uygular\u00a0 olduk. Sanat kendine sanal ula\u015f\u0131labilirlikte en uygun yeri bulma aray\u0131\u015f\u0131 i\u00e7erisinde. Peki\u00a0 yeni d\u00fcnya simgesel bir d\u00fczenin somutla\u015fmas\u0131 m\u0131d\u0131r yoksa ayk\u0131r\u0131l\u0131\u011f\u0131 m\u0131d\u0131r? Ya simgesel d\u00fczenin kendisi o sanal evrenin tam da tarihsel kar\u015f\u0131l\u0131\u011f\u0131ysa\u2026 Bu fark\u0131 olu\u015fturan ve\u00a0 bunlara sebep olan bizlerin yeni yaratt\u0131\u011f\u0131 sanal\u00a0 evren mi?\u00a0 Sorular ve sorunlar i\u00e7erisinde kayboldu\u011fumuz yeni d\u00fcnyaya\u00a0 bizler sebep olduk.<\/span><\/p>\n<p><span style=\"font-size: 14pt; color: #ffffff;\">2020<\/span><\/p>\n<p><span style=\"font-size: 14pt; color: #ffffff;\">Alev\u00a0 Karakuzu<\/span><\/p>\n<p>[\/et_pb_text][\/et_pb_column][et_pb_column type=&#8221;1_2&#8243; _builder_version=&#8221;4.6.6&#8243; _module_preset=&#8221;default&#8221;][et_pb_image src=&#8221;https:\/\/gsfsergi.ebyu.edu.tr\/wp-content\/uploads\/2020\/12\/Alev-Karakuzu-eser-scaled.jpg&#8221; title_text=&#8221;Alev Karakuzu-eser&#8221; show_in_lightbox=&#8221;on&#8221; _builder_version=&#8221;4.7.6&#8243; _module_preset=&#8221;default&#8221; custom_padding=&#8221;81px|||||&#8221;][\/et_pb_image][et_pb_text _builder_version=&#8221;4.7.6&#8243; _module_preset=&#8221;default&#8221;]<\/p>\n<p><span style=\"color: #ffffff;\">Alev Karakuzu<\/span><br \/><span style=\"color: #ffffff;\"> \u201c\u0130simsiz\u201d<\/span><br \/><span style=\"color: #ffffff;\"> 2020<\/span><br \/><span style=\"color: #ffffff;\"> 20 cm x 20 cm x 15 cm<\/span><br \/><span style=\"color: #ffffff;\"> Kar\u0131\u015f teknik, cam.<\/span><\/p>\n<p>[\/et_pb_text][et_pb_button button_url=&#8221;@ET-DC@eyJkeW5hbWljIjp0cnVlLCJjb250ZW50IjoicG9zdF9saW5rX3VybF9wYWdlIiwic2V0dGluZ3MiOnsicG9zdF9pZCI6IjI1NzkifX0=@&#8221; button_text=&#8221;Alev Karakuzu Hakk\u0131nda&#8221; button_alignment=&#8221;left&#8221; _builder_version=&#8221;4.7.6&#8243; _dynamic_attributes=&#8221;button_url&#8221; _module_preset=&#8221;default&#8221; custom_button=&#8221;on&#8221; button_text_size=&#8221;24px&#8221; button_text_color=&#8221;#ffffff&#8221; button_bg_color=&#8221;#000000&#8243; button_border_width=&#8221;4px&#8221; button_border_color=&#8221;#000000&#8243; button_font=&#8221;Indie Flower||||||||&#8221; button_icon=&#8221;%%258%%&#8221; button_icon_color=&#8221;#ffffff&#8221; button_icon_placement=&#8221;left&#8221; button_on_hover=&#8221;off&#8221; custom_margin=&#8221;||-2px|||&#8221;][\/et_pb_button][et_pb_button button_url=&#8221;@ET-DC@eyJkeW5hbWljIjp0cnVlLCJjb250ZW50IjoicG9zdF9saW5rX3VybF9wYWdlIiwic2V0dGluZ3MiOnsicG9zdF9pZCI6IjYwNSJ9fQ==@&#8221; button_text=&#8221;Sergiye Geri D\u00f6n&#8221; button_alignment=&#8221;left&#8221; _builder_version=&#8221;4.7.5&#8243; _dynamic_attributes=&#8221;button_url&#8221; _module_preset=&#8221;default&#8221; custom_button=&#8221;on&#8221; button_text_size=&#8221;24px&#8221; button_text_color=&#8221;#ffffff&#8221; button_bg_color=&#8221;#000000&#8243; button_border_width=&#8221;4px&#8221; button_border_color=&#8221;#000000&#8243; button_font=&#8221;Indie Flower||||||||&#8221; button_icon=&#8221;%%41%%&#8221; button_icon_color=&#8221;#ffffff&#8221; button_icon_placement=&#8221;left&#8221; button_on_hover=&#8221;off&#8221;][\/et_pb_button][\/et_pb_column][\/et_pb_row][\/et_pb_section]<\/p>\n","protected":false},"excerpt":{"rendered":"<p>[et_pb_section fb_built=&#8221;1&#8243; _builder_version=&#8221;4.7.5&#8243; _module_preset=&#8221;default&#8221; background_color=&#8221;#000000&#8243;][et_pb_row column_structure=&#8221;1_2,1_2&#8243; _builder_version=&#8221;4.7.5&#8243; _module_preset=&#8221;default&#8221; background_color=&#8221;#000000&#8243;][et_pb_column type=&#8221;1_2&#8243; _builder_version=&#8221;4.6.6&#8243; _module_preset=&#8221;default&#8221;][et_pb_text _builder_version=&#8221;4.7.6&#8243; _module_preset=&#8221;default&#8221; hover_enabled=&#8221;0&#8243; sticky_enabled=&#8221;0&#8243;] &nbsp; &nbsp; Merhaba Yeni D\u00fcnya Y\u0131llard\u0131r var olan d\u00fcnya ne kadar da yorgun d\u00fc\u015ft\u00fcn. Neler g\u00f6rd\u00fcn ve ne insanlarla tan\u0131\u015ft\u0131n sen asl\u0131nda y\u0131llard\u0131r yorgundun ama bu son direni\u015fin hi\u00e7 bu kadar etkili olmam\u0131\u015ft\u0131. Evet covit 19 dan bahsediyorum. Hani [&hellip;]<\/p>\n","protected":false},"author":9,"featured_media":0,"parent":0,"menu_order":0,"comment_status":"closed","ping_status":"closed","template":"","meta":{"_et_pb_use_builder":"on","_et_pb_old_content":"","_et_gb_content_width":"","spay_email":""},"jetpack_sharing_enabled":true,"jetpack_likes_enabled":true,"_links":{"self":[{"href":"https:\/\/gsfsergi.ebyu.edu.tr\/index.php?rest_route=\/wp\/v2\/pages\/2425"}],"collection":[{"href":"https:\/\/gsfsergi.ebyu.edu.tr\/index.php?rest_route=\/wp\/v2\/pages"}],"about":[{"href":"https:\/\/gsfsergi.ebyu.edu.tr\/index.php?rest_route=\/wp\/v2\/types\/page"}],"author":[{"embeddable":true,"href":"https:\/\/gsfsergi.ebyu.edu.tr\/index.php?rest_route=\/wp\/v2\/users\/9"}],"replies":[{"embeddable":true,"href":"https:\/\/gsfsergi.ebyu.edu.tr\/index.php?rest_route=%2Fwp%2Fv2%2Fcomments&post=2425"}],"version-history":[{"count":10,"href":"https:\/\/gsfsergi.ebyu.edu.tr\/index.php?rest_route=\/wp\/v2\/pages\/2425\/revisions"}],"predecessor-version":[{"id":3582,"href":"https:\/\/gsfsergi.ebyu.edu.tr\/index.php?rest_route=\/wp\/v2\/pages\/2425\/revisions\/3582"}],"wp:attachment":[{"href":"https:\/\/gsfsergi.ebyu.edu.tr\/index.php?rest_route=%2Fwp%2Fv2%2Fmedia&parent=2425"}],"curies":[{"name":"wp","href":"https:\/\/api.w.org\/{rel}","templated":true}]}}