{"id":2421,"date":"2020-12-12T18:29:24","date_gmt":"2020-12-12T15:29:24","guid":{"rendered":"https:\/\/gsfsergi.ebyu.edu.tr\/?page_id=2421"},"modified":"2020-12-15T14:17:08","modified_gmt":"2020-12-15T11:17:08","slug":"elif-oz","status":"publish","type":"page","link":"https:\/\/gsfsergi.ebyu.edu.tr\/?page_id=2421","title":{"rendered":"Elif \u00d6z"},"content":{"rendered":"<p>[et_pb_section fb_built=&#8221;1&#8243; _builder_version=&#8221;4.7.5&#8243; _module_preset=&#8221;default&#8221; background_color=&#8221;#000000&#8243;][et_pb_row column_structure=&#8221;1_2,1_2&#8243; _builder_version=&#8221;4.7.5&#8243; _module_preset=&#8221;default&#8221; background_color=&#8221;#000000&#8243;][et_pb_column type=&#8221;1_2&#8243; _builder_version=&#8221;4.6.6&#8243; _module_preset=&#8221;default&#8221;][et_pb_text _builder_version=&#8221;4.7.6&#8243; _module_preset=&#8221;default&#8221; hover_enabled=&#8221;0&#8243; sticky_enabled=&#8221;0&#8243;]<\/p>\n<p><span style=\"font-size: 14pt; color: #ffffff;\">Evim\u2019e<\/span><\/p>\n<p><span style=\"font-size: 14pt; color: #ffffff;\">Duy beni! <\/span><br \/><span style=\"font-size: 14pt; color: #ffffff;\">G\u00fczel haberler veremiyecekmi\u015fsin gibi duruyorsun.<\/span><br \/><span style=\"font-size: 14pt; color: #ffffff;\">\u0130\u00e7inde bar\u0131nd\u0131rd\u0131\u011f\u0131n aniden gelen nefesinle; ruh \u00fcfledi\u011fin kavak a\u011fa\u00e7lar\u0131nda ki h\u0131\u015f\u0131rt\u0131ya, bin bir ta\u015fa de\u011fen su yolunun umursamaz hayat bak\u0131\u015f\u0131na, dallar\u0131n da \u00f6ten ku\u015flar\u0131na veda vaktinin geldi\u011fini s\u00f6yleme! <\/span><br \/><span style=\"font-size: 14pt; color: #ffffff;\">Kolay de\u011fil! Biliyorum. <\/span><br \/><span style=\"font-size: 14pt; color: #ffffff;\">K\u00f6r yada sa\u011f\u0131r oldu\u011fumu sanma! <\/span><br \/><span style=\"font-size: 14pt; color: #ffffff;\">Bedenimde ki en \u00fcst makamdan bak\u0131yorum sana, oradan dinliyorum seni. <\/span><br \/><span style=\"font-size: 14pt; color: #ffffff;\">Senden geldim ben, d\u00f6n\u00fc\u015f yolum&#8230; <\/span><br \/><span style=\"font-size: 14pt; color: #ffffff;\">Kuca\u011f\u0131na uzand\u0131\u011f\u0131m ve giderek \u00e7\u00fcr\u00fcyen bedenimle b\u00fct\u00fcnle\u015fti\u011fin and\u0131r. <\/span><br \/><span style=\"font-size: 14pt; color: #ffffff;\">Unutma ki biz tek par\u00e7ay\u0131z, ald\u0131\u011f\u0131m\u0131z soluk birbirine ba\u011fl\u0131. <\/span><br \/><span style=\"font-size: 14pt; color: #ffffff;\">Ben b\u0131rakmam seni peki; ya sen, sen b\u0131rakacak m\u0131s\u0131n beni! <\/span><br \/><span style=\"font-size: 14pt; color: #ffffff;\">Sana yak\u0131\u015fan cevab\u0131 yine suskunlu\u011funla bana \u00f6\u011fretiyorsun. <\/span><br \/><span style=\"font-size: 14pt; color: #ffffff;\">Peki; g\u00f6n\u00fcl dilin olay\u0131m. <\/span><br \/><span style=\"font-size: 14pt; color: #ffffff;\">Bu ya\u015fam\u0131n ab-\u0131 hayat\u0131ndan vazge\u00e7tim diyorsun, gitgide par\u00e7alanarak sarard\u0131\u011f\u0131n\u0131 s\u00f6yl\u00fcyorsun. <\/span><br \/><span style=\"font-size: 14pt; color: #ffffff;\">Anla\u015f\u0131lan can suyunu alm\u0131\u015flar elinden&#8230; <\/span><br \/><span style=\"font-size: 14pt; color: #ffffff;\">T\u00fcm savunmas\u0131zl\u0131\u011f\u0131na ra\u011fmen her k\u00f6\u015feni s\u0131n\u0131rlara ay\u0131rm\u0131\u015flar.<\/span><br \/><span style=\"font-size: 14pt; color: #ffffff;\">K\u00f6klerindeki zay\u0131flayan dallar\u0131ndan, g\u00f6ky\u00fcz\u00fcne sa\u00e7t\u0131\u011f\u0131n o masum mavinin solan renginden, damarlar\u0131n olan nehirlerinin kurulu\u011fundan tahakkuk ediyorsun. <\/span><br \/><span style=\"font-size: 14pt; color: #ffffff;\">Tamam. <\/span><br \/><span style=\"font-size: 14pt; color: #ffffff;\">Ya\u015fam denen bu alemde; d\u00f6ng\u00fcn\u00fcn idame etmeyece\u011fini, savurganl\u0131klar\u0131n giderek artaca\u011f\u0131n\u0131 s\u00f6yl\u00fcyorsun. <\/span><br \/><span style=\"font-size: 14pt; color: #ffffff;\">Biliyor musun? Hakl\u0131s\u0131n. <\/span><br \/><span style=\"font-size: 14pt; color: #ffffff;\">Verdi\u011fin ya\u015fam sevincini g\u00f6rm\u00fcyorlar. <\/span><br \/><span style=\"font-size: 14pt; color: #ffffff;\">Hayatlar\u0131n\u0131n sana ba\u011fl\u0131 oldu\u011funu bilmiyorlar. <\/span><br \/><span style=\"font-size: 14pt; color: #ffffff;\">\u0130zin vermiyorlar yine yeniden \u00e7i\u00e7ek a\u00e7mana, yelinle g\u00fczel \u015fark\u0131lar s\u00f6ylemene&#8230; <\/span><br \/><span style=\"font-size: 14pt; color: #ffffff;\">Ne yaz\u0131k ki dostum olan sana&#8230; <\/span><br \/><span style=\"font-size: 14pt; color: #ffffff;\">Benim de i\u00e7inde yer ald\u0131\u011f\u0131m insanl\u0131k zarar vermeye devam ediyor. B\u0131rak bizi, biz hakkettik fazlas\u0131yla<\/span><br \/><span style=\"font-size: 14pt; color: #ffffff;\">Belli ki; Hayat dedi\u011fimiz lokomotifin, duman\u0131n\u0131n t\u00fctmemesinin zaman\u0131 geldi. Ben en az\u0131ndan kendi ad\u0131ma \u00f6z\u00fcr diliyorum. <\/span><br \/><span style=\"font-size: 14pt; color: #ffffff;\">\u00d6Z\u00dcR D\u0130LER\u0130M<\/span><br \/><span style=\"font-size: 14pt; color: #ffffff;\">Ama; sen yine de affetme.<\/span><\/p>\n<p><span style=\"font-size: 14pt; color: #ffffff;\">2020_\u267e\ufe0f<\/span><br \/><span style=\"font-size: 14pt; color: #ffffff;\">Elif \u00d6z<\/span><\/p>\n<p>[\/et_pb_text][\/et_pb_column][et_pb_column type=&#8221;1_2&#8243; _builder_version=&#8221;4.6.6&#8243; _module_preset=&#8221;default&#8221;][et_pb_image src=&#8221;https:\/\/gsfsergi.ebyu.edu.tr\/wp-content\/uploads\/2020\/12\/Elif-Oz-Eser.jpg&#8221; title_text=&#8221;Elif \u00d6z-Eser&#8221; show_in_lightbox=&#8221;on&#8221; _builder_version=&#8221;4.7.6&#8243; _module_preset=&#8221;default&#8221; custom_padding=&#8221;81px|||||&#8221; hover_enabled=&#8221;0&#8243; sticky_enabled=&#8221;0&#8243;][\/et_pb_image][et_pb_text _builder_version=&#8221;4.7.6&#8243; _module_preset=&#8221;default&#8221; hover_enabled=&#8221;0&#8243; sticky_enabled=&#8221;0&#8243;]<\/p>\n<p><span style=\"color: #ffffff;\">Elif \u00d6z<\/span><br \/><span style=\"color: #ffffff;\">\u201cisimsiz\u201d<\/span><br \/><span style=\"color: #ffffff;\">2020<\/span><br \/><span style=\"color: #ffffff;\">61,5 cm x 18 cm<\/span><br \/><span style=\"color: #ffffff;\">Panel \u00fczerine kar\u0131\u015f\u0131k teknik.<\/span><\/p>\n<p>[\/et_pb_text][et_pb_button button_url=&#8221;@ET-DC@eyJkeW5hbWljIjp0cnVlLCJjb250ZW50IjoicG9zdF9saW5rX3VybF9wYWdlIiwic2V0dGluZ3MiOnsicG9zdF9pZCI6IjI1NzUifX0=@&#8221; button_text=&#8221;Elif \u00d6z Hakk\u0131nda&#8221; button_alignment=&#8221;left&#8221; _builder_version=&#8221;4.7.6&#8243; _dynamic_attributes=&#8221;button_url&#8221; _module_preset=&#8221;default&#8221; custom_button=&#8221;on&#8221; button_text_size=&#8221;24px&#8221; button_text_color=&#8221;#ffffff&#8221; button_bg_color=&#8221;#000000&#8243; button_border_width=&#8221;4px&#8221; button_border_color=&#8221;#000000&#8243; button_font=&#8221;Indie Flower||||||||&#8221; button_icon=&#8221;%%258%%&#8221; button_icon_color=&#8221;#ffffff&#8221; button_icon_placement=&#8221;left&#8221; button_on_hover=&#8221;off&#8221; custom_margin=&#8221;||-2px|||&#8221; hover_enabled=&#8221;0&#8243; sticky_enabled=&#8221;0&#8243;][\/et_pb_button][et_pb_button button_url=&#8221;@ET-DC@eyJkeW5hbWljIjp0cnVlLCJjb250ZW50IjoicG9zdF9saW5rX3VybF9wYWdlIiwic2V0dGluZ3MiOnsicG9zdF9pZCI6IjYwNSJ9fQ==@&#8221; button_text=&#8221;Sergiye Geri D\u00f6n&#8221; button_alignment=&#8221;left&#8221; _builder_version=&#8221;4.7.5&#8243; _dynamic_attributes=&#8221;button_url&#8221; _module_preset=&#8221;default&#8221; custom_button=&#8221;on&#8221; button_text_size=&#8221;24px&#8221; button_text_color=&#8221;#ffffff&#8221; button_bg_color=&#8221;#000000&#8243; button_border_width=&#8221;4px&#8221; button_border_color=&#8221;#000000&#8243; button_font=&#8221;Indie Flower||||||||&#8221; button_icon=&#8221;%%41%%&#8221; button_icon_color=&#8221;#ffffff&#8221; button_icon_placement=&#8221;left&#8221; button_on_hover=&#8221;off&#8221;][\/et_pb_button][\/et_pb_column][\/et_pb_row][\/et_pb_section]<\/p>\n","protected":false},"excerpt":{"rendered":"<p>[et_pb_section fb_built=&#8221;1&#8243; _builder_version=&#8221;4.7.5&#8243; _module_preset=&#8221;default&#8221; background_color=&#8221;#000000&#8243;][et_pb_row column_structure=&#8221;1_2,1_2&#8243; _builder_version=&#8221;4.7.5&#8243; _module_preset=&#8221;default&#8221; background_color=&#8221;#000000&#8243;][et_pb_column type=&#8221;1_2&#8243; _builder_version=&#8221;4.6.6&#8243; _module_preset=&#8221;default&#8221;][et_pb_text _builder_version=&#8221;4.7.6&#8243; _module_preset=&#8221;default&#8221; hover_enabled=&#8221;0&#8243; sticky_enabled=&#8221;0&#8243;] Evim\u2019e Duy beni! G\u00fczel haberler veremiyecekmi\u015fsin gibi duruyorsun.\u0130\u00e7inde bar\u0131nd\u0131rd\u0131\u011f\u0131n aniden gelen nefesinle; ruh \u00fcfledi\u011fin kavak a\u011fa\u00e7lar\u0131nda ki h\u0131\u015f\u0131rt\u0131ya, bin bir ta\u015fa de\u011fen su yolunun umursamaz hayat bak\u0131\u015f\u0131na, dallar\u0131n da \u00f6ten ku\u015flar\u0131na veda vaktinin geldi\u011fini s\u00f6yleme! Kolay de\u011fil! Biliyorum. K\u00f6r [&hellip;]<\/p>\n","protected":false},"author":9,"featured_media":0,"parent":0,"menu_order":0,"comment_status":"closed","ping_status":"closed","template":"","meta":{"_et_pb_use_builder":"on","_et_pb_old_content":"","_et_gb_content_width":"","spay_email":""},"jetpack_sharing_enabled":true,"jetpack_likes_enabled":true,"_links":{"self":[{"href":"https:\/\/gsfsergi.ebyu.edu.tr\/index.php?rest_route=\/wp\/v2\/pages\/2421"}],"collection":[{"href":"https:\/\/gsfsergi.ebyu.edu.tr\/index.php?rest_route=\/wp\/v2\/pages"}],"about":[{"href":"https:\/\/gsfsergi.ebyu.edu.tr\/index.php?rest_route=\/wp\/v2\/types\/page"}],"author":[{"embeddable":true,"href":"https:\/\/gsfsergi.ebyu.edu.tr\/index.php?rest_route=\/wp\/v2\/users\/9"}],"replies":[{"embeddable":true,"href":"https:\/\/gsfsergi.ebyu.edu.tr\/index.php?rest_route=%2Fwp%2Fv2%2Fcomments&post=2421"}],"version-history":[{"count":3,"href":"https:\/\/gsfsergi.ebyu.edu.tr\/index.php?rest_route=\/wp\/v2\/pages\/2421\/revisions"}],"predecessor-version":[{"id":3503,"href":"https:\/\/gsfsergi.ebyu.edu.tr\/index.php?rest_route=\/wp\/v2\/pages\/2421\/revisions\/3503"}],"wp:attachment":[{"href":"https:\/\/gsfsergi.ebyu.edu.tr\/index.php?rest_route=%2Fwp%2Fv2%2Fmedia&parent=2421"}],"curies":[{"name":"wp","href":"https:\/\/api.w.org\/{rel}","templated":true}]}}