{"id":2417,"date":"2020-12-12T18:28:12","date_gmt":"2020-12-12T15:28:12","guid":{"rendered":"https:\/\/gsfsergi.ebyu.edu.tr\/?page_id=2417"},"modified":"2020-12-16T15:14:45","modified_gmt":"2020-12-16T12:14:45","slug":"ebru-arslan","status":"publish","type":"page","link":"https:\/\/gsfsergi.ebyu.edu.tr\/?page_id=2417","title":{"rendered":"Ebru Arslan"},"content":{"rendered":"<p>[et_pb_section fb_built=&#8221;1&#8243; _builder_version=&#8221;4.7.5&#8243; _module_preset=&#8221;default&#8221; background_color=&#8221;#000000&#8243;][et_pb_row column_structure=&#8221;1_2,1_2&#8243; _builder_version=&#8221;4.7.5&#8243; _module_preset=&#8221;default&#8221; background_color=&#8221;#000000&#8243;][et_pb_column type=&#8221;1_2&#8243; _builder_version=&#8221;4.6.6&#8243; _module_preset=&#8221;default&#8221;][et_pb_text _builder_version=&#8221;4.7.6&#8243; _module_preset=&#8221;default&#8221;]<\/p>\n<p>&nbsp;<\/p>\n<p>&nbsp;<\/p>\n<p><span style=\"font-size: 14pt; color: #ffffff;\"><strong>Yeni D\u00fcnya\u2019da G\u00fcncelle\u015fen Bi\u00e7imler<\/strong><\/span><\/p>\n<p><span style=\"font-size: 14pt; color: #ffffff;\">Zaman sanalda h\u0131zl\u0131, ger\u00e7ekte yava\u015f ilerliyor. \u0130zolasyon gereklili\u011fi, bizleri teknolojik ara\u00e7 ve gere\u00e7lerin yard\u0131m\u0131yla sanal ortamda eskisinden daha fazla vakit ge\u00e7irmeye, sosyal ya\u015famlar\u0131m\u0131z\u0131 burada s\u00fcrd\u00fcrmeye y\u00f6nlendirmektedir. Al\u0131\u015fk\u0131n oldu\u011fumuz canl\u0131-cans\u0131z t\u00fcm bi\u00e7imler Yeni D\u00fcnya\u2019da g\u00fcncelle\u015fiyor.<\/span><\/p>\n<p><span style=\"font-size: 14pt; color: #ffffff;\">Ger\u00e7ek hayatta k\u00f6r olan g\u00f6zler, sanal d\u00fcnyada yeniden g\u00f6rmeye ba\u015fl\u0131yor. K\u00f6rl\u00fck bizim bildi\u011fimiz anlam\u0131yla g\u00f6rme duyusunun yitirildi\u011fi k\u00f6rl\u00fck anlam\u0131nda de\u011fil, sanal d\u00fcnyan\u0131n deneyimlenmesiyle yeni bak\u0131\u015f kazanarak ger\u00e7ek hayatta bir daha g\u00f6remeyecek olmakt\u0131r. Bizleri yeni ya\u015fam bi\u00e7imleriyle y\u00fczle\u015fmeye y\u00f6nelten ve \u00e7oklu ortamlar\u0131 (multi-medya) bir araya toplama yetisine sahip olan Yeni D\u00fcnya\u2019 da neler olup bitti\u011finin fark\u0131na varamadan \u00fc\u00e7 boyut yan\u0131lsamas\u0131n\u0131n en derinlerinde ilerler g\u00f6z\u00fcm\u00fcz.<\/span><\/p>\n<p><span style=\"font-size: 14pt; color: #ffffff;\">Salg\u0131n\u0131n uyar\u0131 niteli\u011findeki etkileri sonucu; ya\u015famlar\u0131m\u0131zda ve d\u00fc\u015f\u00fcnce sistemlerimizde radikal de\u011fi\u015fimlere zorland\u0131\u011f\u0131m\u0131zdan, sosyal ve psikolojik motivasyonlar\u0131m\u0131z\u0131 a\u00e7\u0131\u011fa \u00e7\u0131karan sanat da bu radikal de\u011fi\u015fimin bir par\u00e7as\u0131 olarak varl\u0131\u011f\u0131n\u0131 s\u00fcrd\u00fcr\u00fcr. D\u00f6nemin toplumsal de\u011fi\u015fim taleplerinin yans\u0131mas\u0131 olarak; fiziksel galeri mek\u00e2nlar\u0131 sanal galeri mek\u00e2nlar\u0131na ta\u015f\u0131nm\u0131\u015ft\u0131r. Galeri mek\u00e2nlar\u0131, beyaz ve penceresiz duvarlar\u0131yla d\u0131\u015far\u0131dan s\u0131zan \u0131\u015f\u0131\u011f\u0131 bile reddederek kendini d\u0131\u015f d\u00fcnyadan soyutlarken; sanal galeriler d\u0131\u015f d\u00fcnyadan tamamen farkl\u0131 bir boyutta kendi galerisini olu\u015fturur. Yeni D\u00fcnya\u2019da g\u00fcncelle\u015fen bi\u00e7imleriyle sanat eserleri, sergilendikleri sanal bo\u015flu\u011fun s\u0131n\u0131rlar\u0131nda dola\u015farak, ger\u00e7ek ya da hiperger\u00e7ek yan\u0131lsamas\u0131nda izleyiciyle bulu\u015fur. Peki, hem zaman hem de mek\u00e2n s\u0131n\u0131rs\u0131zl\u0131\u011f\u0131yla, d\u00fcnyan\u0131n her yerinden farkl\u0131 k\u00fclt\u00fcrlere sahip say\u0131s\u0131z izleyicinin s\u0131\u011fabildi\u011fi, sanal bo\u015flukta eserleri gezinebildi\u011fi bu mek\u00e2n bize eski deneyimlerimizi ya\u015fatabiliyor mu?<\/span><\/p>\n<p>&nbsp;<\/p>\n<p><span style=\"font-size: 14pt; color: #ffffff;\"><strong>\u00a0\u00a0\u00a0\u00a0\u00a0\u00a0\u00a0\u00a0\u00a0\u00a0\u00a0\u00a0\u00a0\u00a0\u00a0\u00a0\u00a0\u00a0\u00a0\u00a0\u00a0\u00a0\u00a0\u00a0\u00a0\u00a0\u00a0\u00a0\u00a0\u00a0\u00a0\u00a0\u00a0\u00a0\u00a0\u00a0\u00a0\u00a0\u00a0\u00a0\u00a0\u00a0 Ebru Arslan<\/strong><\/span><\/p>\n<p>[\/et_pb_text][\/et_pb_column][et_pb_column type=&#8221;1_2&#8243; _builder_version=&#8221;4.6.6&#8243; _module_preset=&#8221;default&#8221;][et_pb_image src=&#8221;https:\/\/gsfsergi.ebyu.edu.tr\/wp-content\/uploads\/2020\/12\/Ebru-Arslan-Eser-scaled.jpg&#8221; title_text=&#8221;Ebru Arslan- Eser&#8221; show_in_lightbox=&#8221;on&#8221; _builder_version=&#8221;4.7.6&#8243; _module_preset=&#8221;default&#8221; custom_padding=&#8221;81px|||||&#8221;][\/et_pb_image][et_pb_text _builder_version=&#8221;4.7.6&#8243; _module_preset=&#8221;default&#8221;]<\/p>\n<p><span style=\"color: #ffffff;\">Ebru Arslan<\/span><br \/><span style=\"color: #ffffff;\">\u201c\u0130\u00e7eriyi ve \u0130\u00e7eri\u011fi G\u00f6rmek\u201d<\/span><br \/><span style=\"color: #ffffff;\">2020<\/span><br \/><span style=\"color: #ffffff;\">170 cm x 140 cm<\/span><br \/><span style=\"color: #ffffff;\">K\u00e2\u011f\u0131t \u00fczerine kuru boya.<\/span><\/p>\n<p>[\/et_pb_text][et_pb_text _builder_version=&#8221;4.7.6&#8243; _module_preset=&#8221;default&#8221;]<\/p>\n<p style=\"text-align: center;\"><iframe src=\"\/\/www.youtube.com\/embed\/e3AvE-MBEI0\" width=\"560\" height=\"314\" allowfullscreen=\"allowfullscreen\"><\/iframe><\/p>\n<p>[\/et_pb_text][et_pb_text _builder_version=&#8221;4.7.6&#8243; _module_preset=&#8221;default&#8221;]<\/p>\n<p><span style=\"color: #ffffff;\">Ebru Arslan<\/span><br \/><span style=\"color: #ffffff;\">\u201c\u0130\u00e7eriyi ve \u0130\u00e7eri\u011fi G\u00f6rmek\u201d<\/span><br \/><span style=\"color: #ffffff;\">2020<\/span><br \/><span style=\"color: #ffffff;\">V\u0130deo<\/span><\/p>\n<p>[\/et_pb_text][et_pb_button button_url=&#8221;@ET-DC@eyJkeW5hbWljIjp0cnVlLCJjb250ZW50IjoicG9zdF9saW5rX3VybF9wYWdlIiwic2V0dGluZ3MiOnsicG9zdF9pZCI6IjI1NzEifX0=@&#8221; button_text=&#8221;Ebru Arslan Hakk\u0131nda&#8221; button_alignment=&#8221;left&#8221; _builder_version=&#8221;4.7.6&#8243; _dynamic_attributes=&#8221;button_url&#8221; _module_preset=&#8221;default&#8221; custom_button=&#8221;on&#8221; button_text_size=&#8221;24px&#8221; button_text_color=&#8221;#ffffff&#8221; button_bg_color=&#8221;#000000&#8243; button_border_width=&#8221;4px&#8221; button_border_color=&#8221;#000000&#8243; button_font=&#8221;Indie Flower||||||||&#8221; button_icon=&#8221;%%258%%&#8221; button_icon_color=&#8221;#ffffff&#8221; button_icon_placement=&#8221;left&#8221; button_on_hover=&#8221;off&#8221; custom_margin=&#8221;||-2px|||&#8221;][\/et_pb_button][et_pb_button button_url=&#8221;@ET-DC@eyJkeW5hbWljIjp0cnVlLCJjb250ZW50IjoicG9zdF9saW5rX3VybF9wYWdlIiwic2V0dGluZ3MiOnsicG9zdF9pZCI6IjYwNSJ9fQ==@&#8221; button_text=&#8221;Sergiye Geri D\u00f6n&#8221; button_alignment=&#8221;left&#8221; _builder_version=&#8221;4.7.5&#8243; _dynamic_attributes=&#8221;button_url&#8221; _module_preset=&#8221;default&#8221; custom_button=&#8221;on&#8221; button_text_size=&#8221;24px&#8221; button_text_color=&#8221;#ffffff&#8221; button_bg_color=&#8221;#000000&#8243; button_border_width=&#8221;4px&#8221; button_border_color=&#8221;#000000&#8243; button_font=&#8221;Indie Flower||||||||&#8221; button_icon=&#8221;%%41%%&#8221; button_icon_color=&#8221;#ffffff&#8221; button_icon_placement=&#8221;left&#8221; button_on_hover=&#8221;off&#8221;][\/et_pb_button][\/et_pb_column][\/et_pb_row][\/et_pb_section]<\/p>\n","protected":false},"excerpt":{"rendered":"<p>[et_pb_section fb_built=&#8221;1&#8243; _builder_version=&#8221;4.7.5&#8243; _module_preset=&#8221;default&#8221; background_color=&#8221;#000000&#8243;][et_pb_row column_structure=&#8221;1_2,1_2&#8243; _builder_version=&#8221;4.7.5&#8243; _module_preset=&#8221;default&#8221; background_color=&#8221;#000000&#8243;][et_pb_column type=&#8221;1_2&#8243; _builder_version=&#8221;4.6.6&#8243; _module_preset=&#8221;default&#8221;][et_pb_text _builder_version=&#8221;4.7.6&#8243; _module_preset=&#8221;default&#8221;] &nbsp; &nbsp; Yeni D\u00fcnya\u2019da G\u00fcncelle\u015fen Bi\u00e7imler Zaman sanalda h\u0131zl\u0131, ger\u00e7ekte yava\u015f ilerliyor. \u0130zolasyon gereklili\u011fi, bizleri teknolojik ara\u00e7 ve gere\u00e7lerin yard\u0131m\u0131yla sanal ortamda eskisinden daha fazla vakit ge\u00e7irmeye, sosyal ya\u015famlar\u0131m\u0131z\u0131 burada s\u00fcrd\u00fcrmeye y\u00f6nlendirmektedir. Al\u0131\u015fk\u0131n oldu\u011fumuz canl\u0131-cans\u0131z t\u00fcm bi\u00e7imler Yeni D\u00fcnya\u2019da g\u00fcncelle\u015fiyor. Ger\u00e7ek [&hellip;]<\/p>\n","protected":false},"author":9,"featured_media":0,"parent":0,"menu_order":0,"comment_status":"closed","ping_status":"closed","template":"","meta":{"_et_pb_use_builder":"on","_et_pb_old_content":"","_et_gb_content_width":"","spay_email":""},"jetpack_sharing_enabled":true,"jetpack_likes_enabled":true,"_links":{"self":[{"href":"https:\/\/gsfsergi.ebyu.edu.tr\/index.php?rest_route=\/wp\/v2\/pages\/2417"}],"collection":[{"href":"https:\/\/gsfsergi.ebyu.edu.tr\/index.php?rest_route=\/wp\/v2\/pages"}],"about":[{"href":"https:\/\/gsfsergi.ebyu.edu.tr\/index.php?rest_route=\/wp\/v2\/types\/page"}],"author":[{"embeddable":true,"href":"https:\/\/gsfsergi.ebyu.edu.tr\/index.php?rest_route=\/wp\/v2\/users\/9"}],"replies":[{"embeddable":true,"href":"https:\/\/gsfsergi.ebyu.edu.tr\/index.php?rest_route=%2Fwp%2Fv2%2Fcomments&post=2417"}],"version-history":[{"count":5,"href":"https:\/\/gsfsergi.ebyu.edu.tr\/index.php?rest_route=\/wp\/v2\/pages\/2417\/revisions"}],"predecessor-version":[{"id":3587,"href":"https:\/\/gsfsergi.ebyu.edu.tr\/index.php?rest_route=\/wp\/v2\/pages\/2417\/revisions\/3587"}],"wp:attachment":[{"href":"https:\/\/gsfsergi.ebyu.edu.tr\/index.php?rest_route=%2Fwp%2Fv2%2Fmedia&parent=2417"}],"curies":[{"name":"wp","href":"https:\/\/api.w.org\/{rel}","templated":true}]}}