{"id":2413,"date":"2020-12-12T18:27:02","date_gmt":"2020-12-12T15:27:02","guid":{"rendered":"https:\/\/gsfsergi.ebyu.edu.tr\/?page_id=2413"},"modified":"2020-12-16T13:00:48","modified_gmt":"2020-12-16T10:00:48","slug":"hatice-tok","status":"publish","type":"page","link":"https:\/\/gsfsergi.ebyu.edu.tr\/?page_id=2413","title":{"rendered":"Hatice Tok"},"content":{"rendered":"<p>[et_pb_section fb_built=&#8221;1&#8243; _builder_version=&#8221;4.7.5&#8243; _module_preset=&#8221;default&#8221; background_color=&#8221;#000000&#8243;][et_pb_row column_structure=&#8221;1_2,1_2&#8243; _builder_version=&#8221;4.7.5&#8243; _module_preset=&#8221;default&#8221; background_color=&#8221;#000000&#8243;][et_pb_column type=&#8221;1_2&#8243; _builder_version=&#8221;4.6.6&#8243; _module_preset=&#8221;default&#8221;][et_pb_text _builder_version=&#8221;4.7.6&#8243; _module_preset=&#8221;default&#8221; hover_enabled=&#8221;0&#8243; sticky_enabled=&#8221;0&#8243;]<\/p>\n<p>&nbsp;<\/p>\n<p>&nbsp;<\/p>\n<p><span style=\"color: #ffffff; font-size: 14pt;\"><strong>Yeni D\u00fcnya\u2019m<\/strong><\/span><\/p>\n<p><span style=\"color: #ffffff; font-size: 14pt;\">Her \u015feyi Tanr\u0131\u2019ya d\u00f6n\u00fck ya\u015famaktan bahsediyorum\u2026 Tanr\u0131; bizim minik ili\u015fkilerimizin de aras\u0131nda gizli olan\u2026 Biricikli\u011fimizde de\u011fil! Sonra bo\u011fulmaya ba\u015flamak geliyor \u00e7\u00fcnk\u00fc\u2026 Korku denizine atlamak. Sevecen bir anne g\u00fcl\u00fc\u015f\u00fc olmadan var olmak. Bo\u011fuluyorum! Karabasanlar \u00fcst\u00fcmde\u2026 \u00c7ay i\u00e7meyi her zamanki kadar \u00e7ok seviyorum. Ama; bizim ailede insan\u0131n d\u00fc\u015febilece\u011fi en bedbaht durum, \u00e7ay i\u00e7ecek kimsenin olmamas\u0131d\u0131r. S\u00f6z\u00fcm ona karde\u015fim \u00e7ay sevmez. Bo\u011fuluyorum. Bilmedi\u011fim bir \u015fehir, bilmedi\u011fim sokaklar. Her yan\u0131 g\u00f6z\u00fcn\u00fc dikmi\u015f \u00fcst\u00fcme. Anksiyeteyi de ilk kez deneyimliyorum b\u00f6ylece\u2026 K\u00f6pekler. G\u00f6zler. Kom\u015fular. Teknolojik cihazlar. Mezhepler. Kap\u0131 t\u0131k\u0131rt\u0131s\u0131. Arkamdan biri aniden kolumdan yakalad\u0131 m\u0131? G\u00fcne\u015f batt\u0131 m\u0131 bu \u015fehirde? Sabah oldu mu? Ko\u015f \u00e7abuk yine uyanamad\u0131n. Uykunun kollar\u0131na teslim olas\u0131 geliyor insan\u0131n. Bo\u011fuluyorum. Sanat beni kurtarmak zorunda\u2026 Kirchner\u2019i kurtaramam\u0131\u015f ama beni kurtarmak zorunda\u2026 Ama anksiyetem ba\u015flad\u0131\u011f\u0131ndan beri hi\u00e7bir \u015feye g\u00fcvenemedi\u011fimden, sanata da g\u00fcvenemiyorum. Kafamda bir Tanr\u0131\u2019yla bir de sanatla bo\u011fu\u015fup duruyorum. \u0130kisi de kurtar\u0131c\u0131m. Ama nefes alamamaya devam ediyorum. Bo-\u011fu-lu-yo-rum.<\/span><\/p>\n<p><span style=\"color: #ffffff; font-size: 14pt;\">Yeni D\u00fcnya, evet, asl\u0131nda yeni olmayan ama bizim hen\u00fcz fark etti\u011fimiz\u2026 \u015eimdi ise anlams\u0131z geliyor. Yeni D\u00fcnya bir vir\u00fcs de\u011fil. Yeni D\u00fcnya benim g\u00f6remedi\u011fim her \u015fey. Asl\u0131nda vir\u00fcs\u00fcn g\u00f6rmemi sa\u011flad\u0131\u011f\u0131 \u015fey\u2026 Bo\u011fuluyorum! Sonra fark ediyorum. Bizimkilerin \u00e7ay i\u00e7meye birine ihtiya\u00e7 duymas\u0131, kar\u015f\u0131dakinin de \u00e7ay i\u00e7mesini zorunlu k\u0131lm\u0131yormu\u015f. Mesele masada kar\u015f\u0131nda birinin oturmas\u0131ym\u0131\u015f. Bizim karde\u015f de masa da oturmay\u0131 sevmez. Nedir bu? 80 santimlik mesafe i\u00e7inde bir mek\u00e2na ihtiyac\u0131m\u0131z? Ama ben \u00e7ay i\u00e7erken yine de orada otursunlar istiyorum. \u015eimdi bo\u011fulmuyorum. Sonra vir\u00fcs var. Unutup, unutup yeniden hat\u0131rl\u0131yorum s\u00fcrekli\u2026 Koronavir\u00fcs var\u2026yok\u2026 var. Var. Korkulacak bir \u015fey de\u011fil de masan\u0131n kar\u015f\u0131s\u0131na \u015fimdilik kimse oturmamal\u0131. Zor \u015fey bu ya\u015famak da bu kadar korkunun aras\u0131nda\u2026 Ama korkmuyorum. Velinimetimiz internette arat\u0131yorum: Covid-19. Bilimsel makaleler, vakalar, \u00f6l\u00fcmler\u2026 Protein haritalar\u0131\u2026 Bunlar tam benlik. Psiko-co\u011frafya. Bilmedi\u011fim bir boyutta var olan mekanlar\u0131n haritalar\u0131. Zaten neyi biliyoruz ki? Korku bu bilmemek duygusundan do\u011fuyor, kesin! Ama pek g\u00fczeller. Korkmuyorum. Bo\u011fulmuyorum. \u0130nsanlar ger\u00e7ekten bo\u011fulurken ay\u0131p kal\u0131yor benim bo\u011fulmalar\u0131m. Toplumun ahlak\u0131 ne muhkem bir \u015fey, insan\u0131 canland\u0131r\u0131yor. Tanr\u0131\u2019ya yeniden biraz k\u00fcs\u00fcp, sanat\u0131n bu versiyonuna al\u0131\u015ft\u0131\u011f\u0131m Yeni D\u00fcnya! Bo\u011fulmuyorum. Sanat her zaman bizi ayakta tutan. Sanat, \u00f6teki. Sanat, masan\u0131n kar\u015f\u0131s\u0131nda ki! Ve \u015fimdi bile metrelik mesafenin i\u00e7inde oturmaya hakk\u0131 olan tek \u015fey.<\/span><\/p>\n<p>&nbsp;<\/p>\n<p><span style=\"color: #ffffff; font-size: 14pt;\">\u015eubat 2020-Aral\u0131k 2020<\/span><\/p>\n<p><span style=\"color: #ffffff; font-size: 14pt;\">Hatice TOK<\/span><\/p>\n<p>[\/et_pb_text][\/et_pb_column][et_pb_column type=&#8221;1_2&#8243; _builder_version=&#8221;4.6.6&#8243; _module_preset=&#8221;default&#8221;][et_pb_image src=&#8221;https:\/\/gsfsergi.ebyu.edu.tr\/wp-content\/uploads\/2020\/12\/Hatice-TOK-Psiko-cog\u0306rafya-20-scaled.jpg&#8221; title_text=&#8221;Hatice TOK- Psiko-cog\u0306rafya 20&#8243; show_in_lightbox=&#8221;on&#8221; _builder_version=&#8221;4.7.6&#8243; _module_preset=&#8221;default&#8221; custom_padding=&#8221;81px|||||&#8221; hover_enabled=&#8221;0&#8243; sticky_enabled=&#8221;0&#8243;][\/et_pb_image][et_pb_text _builder_version=&#8221;4.7.6&#8243; _module_preset=&#8221;default&#8221; hover_enabled=&#8221;0&#8243; sticky_enabled=&#8221;0&#8243;]<\/p>\n<p><span style=\"color: #ffffff;\">Hatice Tok<\/span><br \/><span style=\"color: #ffffff;\">\u201cPsiko-Co\u011frafya\u201d<\/span><br \/><span style=\"color: #ffffff;\">2020<\/span><br \/><span style=\"color: #ffffff;\">80 cm x 100 cm<\/span><br \/><span style=\"color: #ffffff;\">Pleksiglas \u00fczerine folyo bask\u0131 ve guaj boya.<\/span><\/p>\n<p>[\/et_pb_text][et_pb_button button_url=&#8221;@ET-DC@eyJkeW5hbWljIjp0cnVlLCJjb250ZW50IjoicG9zdF9saW5rX3VybF9wYWdlIiwic2V0dGluZ3MiOnsicG9zdF9pZCI6IjI1NjgifX0=@&#8221; button_text=&#8221;Hatice Tok Hakk\u0131nda&#8221; button_alignment=&#8221;left&#8221; _builder_version=&#8221;4.7.6&#8243; _dynamic_attributes=&#8221;button_url&#8221; _module_preset=&#8221;default&#8221; custom_button=&#8221;on&#8221; button_text_size=&#8221;24px&#8221; button_text_color=&#8221;#ffffff&#8221; button_bg_color=&#8221;#000000&#8243; button_border_width=&#8221;4px&#8221; button_border_color=&#8221;#000000&#8243; button_font=&#8221;Indie Flower||||||||&#8221; button_icon=&#8221;%%258%%&#8221; button_icon_color=&#8221;#ffffff&#8221; button_icon_placement=&#8221;left&#8221; button_on_hover=&#8221;off&#8221; custom_margin=&#8221;||-2px|||&#8221; hover_enabled=&#8221;0&#8243; sticky_enabled=&#8221;0&#8243;][\/et_pb_button][et_pb_button button_url=&#8221;@ET-DC@eyJkeW5hbWljIjp0cnVlLCJjb250ZW50IjoicG9zdF9saW5rX3VybF9wYWdlIiwic2V0dGluZ3MiOnsicG9zdF9pZCI6IjYwNSJ9fQ==@&#8221; button_text=&#8221;Sergiye Geri D\u00f6n&#8221; button_alignment=&#8221;left&#8221; _builder_version=&#8221;4.7.5&#8243; _dynamic_attributes=&#8221;button_url&#8221; _module_preset=&#8221;default&#8221; custom_button=&#8221;on&#8221; button_text_size=&#8221;24px&#8221; button_text_color=&#8221;#ffffff&#8221; button_bg_color=&#8221;#000000&#8243; button_border_width=&#8221;4px&#8221; button_border_color=&#8221;#000000&#8243; button_font=&#8221;Indie Flower||||||||&#8221; button_icon=&#8221;%%41%%&#8221; button_icon_color=&#8221;#ffffff&#8221; button_icon_placement=&#8221;left&#8221; button_on_hover=&#8221;off&#8221;][\/et_pb_button][\/et_pb_column][\/et_pb_row][\/et_pb_section]<\/p>\n","protected":false},"excerpt":{"rendered":"<p>[et_pb_section fb_built=&#8221;1&#8243; _builder_version=&#8221;4.7.5&#8243; _module_preset=&#8221;default&#8221; background_color=&#8221;#000000&#8243;][et_pb_row column_structure=&#8221;1_2,1_2&#8243; _builder_version=&#8221;4.7.5&#8243; _module_preset=&#8221;default&#8221; background_color=&#8221;#000000&#8243;][et_pb_column type=&#8221;1_2&#8243; _builder_version=&#8221;4.6.6&#8243; _module_preset=&#8221;default&#8221;][et_pb_text _builder_version=&#8221;4.7.6&#8243; _module_preset=&#8221;default&#8221; hover_enabled=&#8221;0&#8243; sticky_enabled=&#8221;0&#8243;] &nbsp; &nbsp; Yeni D\u00fcnya\u2019m Her \u015feyi Tanr\u0131\u2019ya d\u00f6n\u00fck ya\u015famaktan bahsediyorum\u2026 Tanr\u0131; bizim minik ili\u015fkilerimizin de aras\u0131nda gizli olan\u2026 Biricikli\u011fimizde de\u011fil! Sonra bo\u011fulmaya ba\u015flamak geliyor \u00e7\u00fcnk\u00fc\u2026 Korku denizine atlamak. Sevecen bir anne g\u00fcl\u00fc\u015f\u00fc olmadan var olmak. Bo\u011fuluyorum! Karabasanlar \u00fcst\u00fcmde\u2026 \u00c7ay [&hellip;]<\/p>\n","protected":false},"author":9,"featured_media":0,"parent":0,"menu_order":0,"comment_status":"closed","ping_status":"closed","template":"","meta":{"_et_pb_use_builder":"on","_et_pb_old_content":"","_et_gb_content_width":"","spay_email":""},"jetpack_sharing_enabled":true,"jetpack_likes_enabled":true,"_links":{"self":[{"href":"https:\/\/gsfsergi.ebyu.edu.tr\/index.php?rest_route=\/wp\/v2\/pages\/2413"}],"collection":[{"href":"https:\/\/gsfsergi.ebyu.edu.tr\/index.php?rest_route=\/wp\/v2\/pages"}],"about":[{"href":"https:\/\/gsfsergi.ebyu.edu.tr\/index.php?rest_route=\/wp\/v2\/types\/page"}],"author":[{"embeddable":true,"href":"https:\/\/gsfsergi.ebyu.edu.tr\/index.php?rest_route=\/wp\/v2\/users\/9"}],"replies":[{"embeddable":true,"href":"https:\/\/gsfsergi.ebyu.edu.tr\/index.php?rest_route=%2Fwp%2Fv2%2Fcomments&post=2413"}],"version-history":[{"count":3,"href":"https:\/\/gsfsergi.ebyu.edu.tr\/index.php?rest_route=\/wp\/v2\/pages\/2413\/revisions"}],"predecessor-version":[{"id":3567,"href":"https:\/\/gsfsergi.ebyu.edu.tr\/index.php?rest_route=\/wp\/v2\/pages\/2413\/revisions\/3567"}],"wp:attachment":[{"href":"https:\/\/gsfsergi.ebyu.edu.tr\/index.php?rest_route=%2Fwp%2Fv2%2Fmedia&parent=2413"}],"curies":[{"name":"wp","href":"https:\/\/api.w.org\/{rel}","templated":true}]}}