{"id":2405,"date":"2020-12-12T18:23:39","date_gmt":"2020-12-12T15:23:39","guid":{"rendered":"https:\/\/gsfsergi.ebyu.edu.tr\/?page_id=2405"},"modified":"2020-12-17T17:08:54","modified_gmt":"2020-12-17T14:08:54","slug":"mehmet-kavukcu-2","status":"publish","type":"page","link":"https:\/\/gsfsergi.ebyu.edu.tr\/?page_id=2405","title":{"rendered":"Mehmet Kavukcu"},"content":{"rendered":"<p>[et_pb_section fb_built=&#8221;1&#8243; _builder_version=&#8221;4.7.5&#8243; _module_preset=&#8221;default&#8221; background_color=&#8221;#000000&#8243;][et_pb_row column_structure=&#8221;1_2,1_2&#8243; _builder_version=&#8221;4.7.5&#8243; _module_preset=&#8221;default&#8221; background_color=&#8221;#000000&#8243;][et_pb_column type=&#8221;1_2&#8243; _builder_version=&#8221;4.6.6&#8243; _module_preset=&#8221;default&#8221;][et_pb_text _builder_version=&#8221;4.7.6&#8243; _module_preset=&#8221;default&#8221; hover_enabled=&#8221;0&#8243; sticky_enabled=&#8221;0&#8243;]<\/p>\n<p>&nbsp;<\/p>\n<p>&nbsp;<\/p>\n<p><span style=\"color: #ffffff; font-size: 18pt;\">&#8230; \u2192<\/span><\/p>\n<p><span style=\"color: #ffffff; font-size: 14pt;\">Okul \u00f6ncesi y\u0131llar\u0131md\u0131, k\u00e2\u011f\u0131t \u00fczerine bir nokta, \u00e7izgi\u2026 Ve do\u011faya ait bir nesnenin y\u00fczeyde\u00a0 v\u00fccut bulmas\u0131; bir evin, \u00a0kuru bir a\u011fac\u0131n,\u00a0 karl\u0131 da\u011flar\u0131n, bu da\u011flardan gelerek insan\u0131 ve do\u011fay\u0131 besleyen bir \u0131rma\u011f\u0131n\u2026<\/span><\/p>\n<p><span style=\"color: #ffffff; font-size: 14pt;\">Belki de bu kuru a\u011fa\u00e7 \u00fczerinden, \u00a0bacas\u0131 t\u00fcten evin i\u00e7inden gelece\u011fimi kuruyordum.<\/span><\/p>\n<p><span style=\"color: #ffffff; font-size: 14pt;\">\u0130lkokul y\u0131llar\u0131mda \u00e7izgilerim s\u0131n\u0131f s\u0131n\u0131f gezdirilirdi; annem, mimar babam ressam olacaks\u0131n diyerek\u2026 Bu durum bir yandan hayat\u0131ma y\u00f6n \u00e7izerken, \u00f6te yandan gelece\u011fime bir ipotek miydi? Akademiye ba\u015flamadan k\u0131sa bir s\u00fcre \u00f6ncesi \u0130n\u015faat b\u00f6l\u00fcm\u00fcnde lisans tamamlama d\u00fc\u015f\u00fcncesi vard\u0131 ama\u2026 Bir de akademiye uzanan akl\u0131m ve duygular\u0131m.<\/span><\/p>\n<p><span style=\"color: #ffffff; font-size: 14pt;\">Gelecek hep bir umuttu onlarda. Annem ve babamda&#8230;<\/span><\/p>\n<p><span style=\"color: #ffffff; font-size: 14pt;\">Beni \u00e7izgiyle ve boyayla bir nesneye, bir d\u00fc\u015f\u00fcnceye ula\u015fmay\u0131, onu yeniden olu\u015fturmay\u0131, ke\u015ffetmek fikriyle bulu\u015fturduklar\u0131 ve tan\u0131\u015ft\u0131rd\u0131klar\u0131 ilk g\u00fcnlerden bug\u00fcne onlar da hi\u00e7 eksik olmayan ve ya\u015famlar\u0131n\u0131, duygular\u0131n\u0131, d\u00fc\u015f\u00fcncelerini, ideallerini saran bir G\u00f6kku\u015fa\u011f\u0131 vard\u0131.<\/span><\/p>\n<p><span style=\"color: #ffffff; font-size: 14pt;\">G\u00f6kku\u015fa\u011f\u0131 umuttu, idealdi, gelecekti. Belki de ebediyetti\u2026<\/span><\/p>\n<p><span style=\"color: #ffffff; font-size: 14pt;\">Ben de kendi g\u00f6kku\u015fa\u011f\u0131m\u0131 ar\u0131yorum, ya da ar\u0131yordum.<\/span><\/p>\n<p><span style=\"color: #ffffff; font-size: 14pt;\">Duygular\u0131mdan, d\u00fc\u015f\u00fcncelerimden hayat\u0131 ve olaylar\u0131 okumamdan m\u00fcte\u015fekkil bir g\u00f6kku\u015fa\u011f\u0131\u2026\u00d6nce bir atmosfer olu\u015fmal\u0131yd\u0131 tabii ki.<\/span><\/p>\n<p><span style=\"color: #ffffff; font-size: 14pt;\">Sonra ya\u011fmur ve g\u00fcne\u015f \u0131\u015f\u0131klar\u0131 derken\u00a0 g\u00f6kku\u015fa\u011f\u0131\u2026<\/span><\/p>\n<p><span style=\"color: #ffffff; font-size: 14pt;\">Gelece\u011fe uzanan, hayallerimi, umutlar\u0131m\u0131 ku\u015fatan bir g\u00f6kku\u015fa\u011f\u0131\u2026<\/span><\/p>\n<p><span style=\"color: #ffffff; font-size: 14pt;\">Performanslar\u0131m\u0131, yerle\u015ftirmelerimi de\u2026<\/span><\/p>\n<p><span style=\"color: #ffffff; font-size: 14pt;\">\u00c7izgilerimi anlamland\u0131ran, bana yeni hayaller kurduran bir g\u00f6kku\u015fa\u011f\u0131 olmal\u0131.<\/span><\/p>\n<p><span style=\"color: #ffffff; font-size: 14pt;\">Ailemi, e\u015fimi, k\u0131z\u0131m\u0131\u2026<\/span><\/p>\n<p><span style=\"color: #ffffff; font-size: 14pt;\">Annemi, babam\u0131, karde\u015flerimi,<\/span><\/p>\n<p><span style=\"color: #ffffff; font-size: 14pt;\">B\u00fcy\u00fcklerimi,<\/span><\/p>\n<p><span style=\"color: #ffffff; font-size: 14pt;\">Dostlar\u0131m\u0131, arkada\u015flar\u0131m\u0131,<\/span><\/p>\n<p><span style=\"color: #ffffff; font-size: 14pt;\">\u00d6\u011frencilerimi,<\/span><\/p>\n<p><span style=\"color: #ffffff; font-size: 14pt;\">Beni gelece\u011fe haz\u0131rlayan hocalar\u0131m\u0131 da saran\u2026<\/span><\/p>\n<p><span style=\"color: #ffffff; font-size: 14pt;\">\u0130nsan kendi akl\u0131yla, kalbiyle, duygular\u0131yla ve davran\u0131\u015f bi\u00e7imleriyle kendi evrenin \u015feklini olu\u015fturur.<\/span><\/p>\n<p><span style=\"color: #ffffff; font-size: 14pt;\">Ya aleyhte,<\/span><\/p>\n<p><span style=\"color: #ffffff; font-size: 14pt;\">Ya da lehte\u2026<\/span><\/p>\n<p><span style=\"color: #ffffff; font-size: 14pt;\">Ak\u0131l ve duygu do\u011fru kullan\u0131lmazsa ge\u00e7mi\u015fin hayallerini,umutlar\u0131n\u0131 gelece\u011fin korkular\u0131na, endi\u015felerine d\u00f6n\u00fc\u015ft\u00fcren i\u015fkence aletine d\u00f6ner diyordu bir d\u00fc\u015f\u00fcnce adam\u0131.<\/span><\/p>\n<p><span style=\"color: #ffffff; font-size: 14pt;\">D\u00fcn bizim elimizden \u00e7\u0131kt\u0131 gitti.<\/span><\/p>\n<p><span style=\"color: #ffffff; font-size: 14pt;\">Yar\u0131na\u00a0 ise sahip de\u011filiz.<\/span><\/p>\n<p><span style=\"color: #ffffff; font-size: 14pt;\">\u00d6yle ise ger\u00e7ek bu g\u00fcnd\u00fcr, hatta o anlard\u0131r diyebiliriz.<\/span><\/p>\n<p><span style=\"color: #ffffff; font-size: 14pt;\">Her an\u0131 ger\u00e7ek bir \u00f6m\u00fcr bilmek, herkese yeni bir evrenin,\u00a0 kendi d\u00fcnyas\u0131n\u0131n,\u00a0 \u00e2leminin kap\u0131s\u0131 olarak alg\u0131lamak, bir sonraki ad\u0131m\u0131m\u0131z\u0131, gelece\u011fimizi i\u00e7inde bar\u0131nd\u0131ran bir ya\u015fam dile\u011fiyle o an\u0131 ya\u015famak gerekmez mi?<\/span><\/p>\n<p><span style=\"color: #ffffff; font-size: 14pt;\">Kendi evrenimiz bizim\u00a0 duygu, d\u00fc\u015f\u00fcnce ve ya\u015fam bi\u00e7imimize g\u00f6re v\u00fccut bulur, bir dil kazan\u0131r elbette\u2026<\/span><\/p>\n<p><span style=\"color: #ffffff; font-size: 14pt;\">Sahip oldu\u011fumuz alg\u0131 ve davran\u0131\u015f bi\u00e7imlerimiz hangi renk veya \u00e7izgi ise ya\u015fam\u0131m\u0131z ona g\u00f6re \u015fekillenir.<\/span><\/p>\n<p><span style=\"color: #ffffff; font-size: 14pt;\">Siyah ise siyaht\u0131r.<\/span><\/p>\n<p><span style=\"color: #ffffff; font-size: 14pt;\">K\u0131rm\u0131z\u0131 ise k\u0131rm\u0131z\u0131d\u0131r.<\/span><\/p>\n<p><span style=\"color: #ffffff; font-size: 14pt;\">Ge\u00e7mi\u015f ve gelecek zaman, ancak insan\u0131n ayd\u0131nlanmas\u0131 ile \u0131\u015f\u0131klan\u0131r ve hayat bulur.<\/span><\/p>\n<p><span style=\"color: #ffffff; font-size: 14pt;\">Bug\u00fcnlerde ise umutla birlikte umutsuzlu\u011fun, ya\u015fama sevinciyle beraber endi\u015fenin, korkunun, \u00f6l\u00fcms\u00fczl\u00fck arzusunun ya da sonsuzluk aray\u0131\u015f\u0131n\u0131n yan\u0131 s\u0131ra yok olu\u015fun verdi\u011fi bir ruh hali sarm\u0131\u015f her \u015feyi adeta.<\/span><\/p>\n<p><span style=\"color: #ffffff; font-size: 14pt;\">Kendimin, e\u015fimin, k\u0131z\u0131m\u0131n, annemin, babam\u0131n, yak\u0131nlar\u0131m\u0131n, dostlar\u0131m\u0131n, \u00f6\u011frencilerimin umut aray\u0131\u015f\u0131n\u0131 korkudan, endi\u015feden, karamsarl\u0131ktan, ayd\u0131nl\u0131\u011fa; \u015fiddetin ve karanl\u0131\u011f\u0131n zulmetinden, bahar\u0131n uyan\u0131\u015f\u0131na \u00e7evirmek\u2026Herkesin kendi g\u00f6kku\u015fa\u011f\u0131n\u0131 &#8211; umudunu olu\u015fturmak ad\u0131na\u2026<\/span><\/p>\n<p><span style=\"color: #ffffff; font-size: 14pt;\">Umuda, umutlar\u0131m\u0131za v\u00fccut vermek\u2026<\/span><\/p>\n<p><span style=\"color: #ffffff; font-size: 14pt;\">Her t\u00fcrl\u00fc yok edici vir\u00fcse kar\u015f\u0131\u2026<\/span><\/p>\n<p><span style=\"color: #ffffff; font-size: 14pt;\">\u0130ster covid-19\u2026<\/span><\/p>\n<p><span style=\"color: #ffffff; font-size: 14pt;\">\u0130ster \u015fiddet ve ter\u00f6r<\/span><\/p>\n<p><span style=\"color: #ffffff; font-size: 14pt;\">\u0130ster umutsuzluk<\/span><\/p>\n<p><span style=\"color: #ffffff; font-size: 14pt;\">\u0130ster felaketler olsun.<\/span><\/p>\n<p><span style=\"color: #ffffff; font-size: 14pt;\">Ama her t\u00fcrl\u00fc yok olu\u015fa ve yok edili\u015fe kar\u015f\u0131<\/span><\/p>\n<p><span style=\"color: #ffffff; font-size: 14pt;\">Umut.<\/span><\/p>\n<p><span style=\"color: #ffffff; font-size: 14pt;\">Umut ad\u0131na.<\/span><\/p>\n<p><span style=\"color: #ffffff; font-size: 14pt;\">Bir \u00e7izgi, bir renk, bir bi\u00e7im, bir ses\u2026<\/span><\/p>\n<p><span style=\"color: #ffffff; font-size: 14pt;\">Ya da bir \u00e7\u0131\u011fl\u0131k \u2026<\/span><\/p>\n<p>&nbsp;<\/p>\n<p>&nbsp;<\/p>\n<p>[\/et_pb_text][\/et_pb_column][et_pb_column type=&#8221;1_2&#8243; _builder_version=&#8221;4.6.6&#8243; _module_preset=&#8221;default&#8221;][et_pb_image src=&#8221;https:\/\/gsfsergi.ebyu.edu.tr\/wp-content\/uploads\/2020\/12\/Mehmetkavukcu_dort.jpeg&#8221; title_text=&#8221;Mehmetkavukcu_dort&#8221; show_in_lightbox=&#8221;on&#8221; _builder_version=&#8221;4.7.6&#8243; _module_preset=&#8221;default&#8221; custom_padding=&#8221;81px|||||&#8221;][\/et_pb_image][et_pb_text _builder_version=&#8221;4.7.6&#8243; _module_preset=&#8221;default&#8221;]<\/p>\n<p><span style=\"color: #ffffff;\">Mehmet Kavukcu<\/span><br \/><span style=\"color: #ffffff;\"> \u201c&#8230;\u201d<\/span><br \/><span style=\"color: #ffffff;\"> 2020<\/span><br \/><span style=\"color: #ffffff;\"> Dijital foto\u011fraf d\u00fczenleme..<\/span><\/p>\n<p>[\/et_pb_text][et_pb_text _builder_version=&#8221;4.7.6&#8243; _module_preset=&#8221;default&#8221;]<\/p>\n<p><iframe src=\"\/\/www.youtube.com\/embed\/oKRMyaUqpgs\" width=\"560\" height=\"314\" allowfullscreen=\"allowfullscreen\"><\/iframe><\/p>\n<p>[\/et_pb_text][et_pb_text _builder_version=&#8221;4.7.6&#8243; _module_preset=&#8221;default&#8221;]<\/p>\n<p><span style=\"color: #ffffff;\">Mehmet Kavukcu<\/span><br \/><span style=\"color: #ffffff;\"> \u201c&#8230;\u201d<\/span><br \/><span style=\"color: #ffffff;\"> 2020<\/span><br \/><span style=\"color: #ffffff;\"> Performans<\/span><\/p>\n<p>[\/et_pb_text][et_pb_button button_url=&#8221;@ET-DC@eyJkeW5hbWljIjp0cnVlLCJjb250ZW50IjoicG9zdF9saW5rX3VybF9wYWdlIiwic2V0dGluZ3MiOnsicG9zdF9pZCI6IjI1NjAifX0=@&#8221; button_text=&#8221;Mehmet Kavukcu Hakk\u0131nda&#8221; button_alignment=&#8221;left&#8221; _builder_version=&#8221;4.7.6&#8243; _dynamic_attributes=&#8221;button_url&#8221; _module_preset=&#8221;default&#8221; custom_button=&#8221;on&#8221; button_text_size=&#8221;24px&#8221; button_text_color=&#8221;#ffffff&#8221; button_bg_color=&#8221;#000000&#8243; button_border_width=&#8221;4px&#8221; button_border_color=&#8221;#000000&#8243; button_font=&#8221;Indie Flower||||||||&#8221; button_icon=&#8221;%%258%%&#8221; button_icon_color=&#8221;#ffffff&#8221; button_icon_placement=&#8221;left&#8221; button_on_hover=&#8221;off&#8221; custom_margin=&#8221;||-2px|||&#8221;][\/et_pb_button][et_pb_button button_url=&#8221;@ET-DC@eyJkeW5hbWljIjp0cnVlLCJjb250ZW50IjoicG9zdF9saW5rX3VybF9wYWdlIiwic2V0dGluZ3MiOnsicG9zdF9pZCI6IjYwNSJ9fQ==@&#8221; button_text=&#8221;Sergiye Geri D\u00f6n&#8221; button_alignment=&#8221;left&#8221; _builder_version=&#8221;4.7.5&#8243; _dynamic_attributes=&#8221;button_url&#8221; _module_preset=&#8221;default&#8221; custom_button=&#8221;on&#8221; button_text_size=&#8221;24px&#8221; button_text_color=&#8221;#ffffff&#8221; button_bg_color=&#8221;#000000&#8243; button_border_width=&#8221;4px&#8221; button_border_color=&#8221;#000000&#8243; button_font=&#8221;Indie Flower||||||||&#8221; button_icon=&#8221;%%41%%&#8221; button_icon_color=&#8221;#ffffff&#8221; button_icon_placement=&#8221;left&#8221; button_on_hover=&#8221;off&#8221;][\/et_pb_button][\/et_pb_column][\/et_pb_row][\/et_pb_section]<\/p>\n","protected":false},"excerpt":{"rendered":"<p>[et_pb_section fb_built=&#8221;1&#8243; _builder_version=&#8221;4.7.5&#8243; _module_preset=&#8221;default&#8221; background_color=&#8221;#000000&#8243;][et_pb_row column_structure=&#8221;1_2,1_2&#8243; _builder_version=&#8221;4.7.5&#8243; _module_preset=&#8221;default&#8221; background_color=&#8221;#000000&#8243;][et_pb_column type=&#8221;1_2&#8243; _builder_version=&#8221;4.6.6&#8243; _module_preset=&#8221;default&#8221;][et_pb_text _builder_version=&#8221;4.7.6&#8243; _module_preset=&#8221;default&#8221; hover_enabled=&#8221;0&#8243; sticky_enabled=&#8221;0&#8243;] &nbsp; &nbsp; &#8230; \u2192 Okul \u00f6ncesi y\u0131llar\u0131md\u0131, k\u00e2\u011f\u0131t \u00fczerine bir nokta, \u00e7izgi\u2026 Ve do\u011faya ait bir nesnenin y\u00fczeyde\u00a0 v\u00fccut bulmas\u0131; bir evin, \u00a0kuru bir a\u011fac\u0131n,\u00a0 karl\u0131 da\u011flar\u0131n, bu da\u011flardan gelerek insan\u0131 ve do\u011fay\u0131 besleyen bir \u0131rma\u011f\u0131n\u2026 Belki de bu [&hellip;]<\/p>\n","protected":false},"author":9,"featured_media":0,"parent":0,"menu_order":0,"comment_status":"closed","ping_status":"closed","template":"","meta":{"_et_pb_use_builder":"on","_et_pb_old_content":"","_et_gb_content_width":"","spay_email":""},"jetpack_sharing_enabled":true,"jetpack_likes_enabled":true,"_links":{"self":[{"href":"https:\/\/gsfsergi.ebyu.edu.tr\/index.php?rest_route=\/wp\/v2\/pages\/2405"}],"collection":[{"href":"https:\/\/gsfsergi.ebyu.edu.tr\/index.php?rest_route=\/wp\/v2\/pages"}],"about":[{"href":"https:\/\/gsfsergi.ebyu.edu.tr\/index.php?rest_route=\/wp\/v2\/types\/page"}],"author":[{"embeddable":true,"href":"https:\/\/gsfsergi.ebyu.edu.tr\/index.php?rest_route=\/wp\/v2\/users\/9"}],"replies":[{"embeddable":true,"href":"https:\/\/gsfsergi.ebyu.edu.tr\/index.php?rest_route=%2Fwp%2Fv2%2Fcomments&post=2405"}],"version-history":[{"count":12,"href":"https:\/\/gsfsergi.ebyu.edu.tr\/index.php?rest_route=\/wp\/v2\/pages\/2405\/revisions"}],"predecessor-version":[{"id":3892,"href":"https:\/\/gsfsergi.ebyu.edu.tr\/index.php?rest_route=\/wp\/v2\/pages\/2405\/revisions\/3892"}],"wp:attachment":[{"href":"https:\/\/gsfsergi.ebyu.edu.tr\/index.php?rest_route=%2Fwp%2Fv2%2Fmedia&parent=2405"}],"curies":[{"name":"wp","href":"https:\/\/api.w.org\/{rel}","templated":true}]}}