{"id":2400,"date":"2020-12-13T16:09:51","date_gmt":"2020-12-13T13:09:51","guid":{"rendered":"https:\/\/gsfsergi.ebyu.edu.tr\/?page_id=2400"},"modified":"2020-12-17T12:16:51","modified_gmt":"2020-12-17T09:16:51","slug":"evren-kavukcu","status":"publish","type":"page","link":"https:\/\/gsfsergi.ebyu.edu.tr\/?page_id=2400","title":{"rendered":"Evren Kavukcu"},"content":{"rendered":"<p>[et_pb_section fb_built=&#8221;1&#8243; _builder_version=&#8221;4.7.5&#8243; _module_preset=&#8221;default&#8221; background_color=&#8221;#000000&#8243;][et_pb_row column_structure=&#8221;1_2,1_2&#8243; _builder_version=&#8221;4.7.5&#8243; _module_preset=&#8221;default&#8221; background_color=&#8221;#000000&#8243;][et_pb_column type=&#8221;1_2&#8243; _builder_version=&#8221;4.6.6&#8243; _module_preset=&#8221;default&#8221;][et_pb_text _builder_version=&#8221;4.7.6&#8243; _module_preset=&#8221;default&#8221;]<\/p>\n<p>&nbsp;<\/p>\n<p>&nbsp;<\/p>\n<p><span style=\"color: #ffffff; font-size: 14pt;\">YEN\u0130 ne g\u00fczel bir kelime\u2026 YEN\u0130, ba\u015flang\u0131\u00e7, heyecan, mutluluk\u2026 Peki, Yeni Ben? Yeni D\u00fcnya?<\/span><\/p>\n<p><span style=\"color: #ffffff; font-size: 14pt;\">T\u00fcm d\u00fcnya bu sene yeni bir\u00e7ok \u015feyle tan\u0131\u015ft\u0131. Yeni D\u00fcnya, Yeni normalle\u015fme, Yeni bir vir\u00fcs Covid. Bu yeniler i\u00e7inde biz neler deneyimledik? Irk, din, cinsiyet ay\u0131rmadan herkes \u00fcst\u00fcne d\u00fc\u015fen deneyimi ya\u015fad\u0131; kendiyle hesapla\u015fmas\u0131, d\u00fcnyayla hesapla\u015fmas\u0131. Belki de her zaman sormam\u0131z gereken sorular\u0131m\u0131z var: Ben kimim? Ne yapmal\u0131y\u0131m? Ne istiyorum? Bu sene i\u00e7erisinde bu sorular\u0131 ne kadar sorar oldum kendime (bilir misiniz) ? Bu s\u00fcre\u00e7te daha da \u00f6ne \u00e7\u0131kt\u0131lar. \u015eimdilerde d\u00fcnyada g\u00f6remedi\u011fimiz vir\u00fcs, benim kendimle hesapla\u015fmam\u0131 sa\u011flad\u0131. Ben, Biz nas\u0131l bir zamana tan\u0131kl\u0131k ediyoruz? Ben i\u00e7inde sanat\u00e7\u0131 kimli\u011fi, anne, e\u011fitimci ve en \u00f6nemlisi d\u00fcnya \u00fczerinde ya\u015fayan bir birey olarak bu s\u00fcreci, her \u015feyi \u00e7\u00f6z\u00fcmlemeye \u00e7al\u0131\u015f\u0131yorum. G\u00fcn i\u00e7erisinde hepsi olmak \u00e7ok yorucu. \u00d6zellikle de kendini koruma alt\u0131nda hissetti\u011fin bir mek\u00e2n olan evin; art\u0131k ya\u015fam alan\u0131n, \u00f6zelin, i\u015f yerin, ofisin, at\u00f6lyen, dersli\u011fin, s\u0131n\u0131f\u0131n, \u00e7ocu\u011fun, okulun oldu. Bir\u00e7ok ya\u015fam bi\u00e7iminin yer de\u011fi\u015ftirdi\u011fi ya da e\u015f zamanl\u0131 bir durumun olu\u015ftu\u011fu bir ger\u00e7eklikten s\u00f6z ediyorum. Yani yeni bir durum, yeni bir benin i\u00e7inde \u015fekillendi\u011fi bir hayat olgusu\u2026<\/span><\/p>\n<p><span style=\"color: #ffffff; font-size: 14pt;\">Sanat\u00e7\u0131n\u0131n yap\u0131t yarat\u0131m\u0131, sanal d\u00fcnyada Yeni D\u00fcnya bak\u0131\u015f\u0131n\u0131 belki de en ilkel yarat\u0131mdan biri olan mektupla de\u011ferlendirmek. Bir y\u00f6n\u00fcyle \u00e7\u00f6z\u00fcmleme aray\u0131\u015f\u0131n\u0131 ortak aramak s\u00f6z konusudur. Biz sanat\u00e7\u0131lar\u0131n mesajlar\u0131 Yeni D\u00fcnya\u2019y\u0131 g\u00f6rme ve alg\u0131lama bi\u00e7imlerindeki farkl\u0131l\u0131klar\u0131, d\u00fcnya \u00fczerinde ya\u015fayan birey olarak bak\u0131\u015f a\u00e7\u0131lar\u0131n\u0131n mesaja d\u00f6n\u00fc\u015fm\u00fc\u015f hali olarak de\u011ferlendirebiliriz. D\u00fcnya\u2019da t\u00fcm bu olanlara, bu zamana (\u00e7a\u011fa) tan\u0131kl\u0131k eden bizler, sanat\u00e7\u0131lar olarak eserlerimiz ile mesaj vermekteyiz. Salg\u0131n s\u00fcrecini anlatan ustalar\u0131 nas\u0131l anlar oldum \u015fimdilerde. O salg\u0131n zamanlar\u0131n\u0131n etkisini yans\u0131tanlar\u0131; Pieter Brueghel, Paulus Furst, Edvard Munch, Arnold B\u00f6cklin, Egon Schiele gibi\u2026 Salg\u0131n ve salg\u0131nlar\u0131n insanlar \u00fczerindeki etkilerini nas\u0131l da g\u00fc\u00e7l\u00fc ve sars\u0131c\u0131 anlatm\u0131\u015flar. Ancak \u00e7a\u011f de\u011fi\u015fti art\u0131k. YEN\u0130 D\u00fcnya, YEN\u0130 Ben, YEN\u0130 Biz sorgulamas\u0131 i\u00e7inde farkl\u0131 a\u00e7\u0131l\u0131mlar ve deneyimler.<\/span><\/p>\n<p><span style=\"color: #ffffff; font-size: 14pt;\">Sanat\u00e7\u0131lar olarak eski normallerin yerine YEN\u0130 normalle\u015fmeyi sorgulamaktay\u0131z. Sergiler, s\u00f6yle\u015filer, m\u00fcze gezileri, hepsi online ta\u015f\u0131nd\u0131. Daha geni\u015f kitlelere ula\u015ft\u0131. \u00c7ok uzaklar yak\u0131n olmaya ba\u015flad\u0131. Louvre art\u0131k bir t\u0131k kadar yak\u0131n. MoMA hemen burada, evlerimizin i\u00e7inde. Sanat\u0131n etkisi, sanat\u00e7\u0131n\u0131n ifadesi, cam ekranlarda izlenmekte, kendini izletmekte, s\u00f6z\u00fcn\u00fc s\u00f6ylemekte oldu\u011fu bir YEN\u0130 d\u00f6nemi ya\u015f\u0131yoruz.<\/span><\/p>\n<p><span style=\"color: #ffffff; font-size: 14pt;\">Biz d\u00fcnya \u00fczerinde ya\u015fayan insanlar, sanat\u00e7\u0131lar olarak YEN\u0130 D\u00dcNYA\u2019ya mesaj\u0131m\u0131z var: <\/span><\/p>\n<p><span style=\"color: #ffffff; font-size: 14pt;\">MERHABA!!!<\/span><\/p>\n<p><span style=\"font-size: 14pt; color: #ffffff;\">Yeni D\u00fcnyaya MERHABA!<\/span><\/p>\n<p><span style=\"font-size: 14pt; color: #ffffff;\">Yeni Nesiller i\u00e7in MERHABA!<\/span><\/p>\n<p><span style=\"font-size: 14pt; color: #ffffff;\">\u00c7ocuklar\u0131m\u0131z i\u00e7in MERHABA!<\/span><\/p>\n<p><span style=\"font-size: 14pt; color: #ffffff;\">\u00c7ocu\u011fum i\u00e7in MERHABA!<\/span><\/p>\n<p><span style=\"color: #ffffff; font-size: 14pt;\">Ben Esma idil, Anneme ve Babama merhaba, B\u00fcy\u00fcklerime Merhaba, Gelece\u011fime Merhaba,<\/span><\/p>\n<p><span style=\"color: #ffffff; font-size: 14pt;\">Hayallerime Merhaba&#8230;<\/span><\/p>\n<p>&nbsp;<\/p>\n<p>[\/et_pb_text][et_pb_image src=&#8221;https:\/\/gsfsergi.ebyu.edu.tr\/wp-content\/uploads\/2020\/12\/EsmaIdil-rotated.jpeg&#8221; title_text=&#8221;Esma\u0130dil&#8221; show_in_lightbox=&#8221;on&#8221; _builder_version=&#8221;4.7.6&#8243; _module_preset=&#8221;default&#8221; background_color=&#8221;#000000&#8243;][\/et_pb_image][et_pb_image src=&#8221;https:\/\/gsfsergi.ebyu.edu.tr\/wp-content\/uploads\/2020\/12\/EsmaIdil1-rotated.jpeg&#8221; title_text=&#8221;Esma\u0130dil1&#8243; show_in_lightbox=&#8221;on&#8221; _builder_version=&#8221;4.7.6&#8243; _module_preset=&#8221;default&#8221; background_color=&#8221;#000000&#8243;][\/et_pb_image][\/et_pb_column][et_pb_column type=&#8221;1_2&#8243; _builder_version=&#8221;4.6.6&#8243; _module_preset=&#8221;default&#8221;][et_pb_image src=&#8221;https:\/\/gsfsergi.ebyu.edu.tr\/wp-content\/uploads\/2020\/12\/EvrenKavukcu-scaled.jpg&#8221; title_text=&#8221;EvrenKavukcu&#8221; url=&#8221;https:\/\/gsfsergi.ebyu.edu.tr\/wp-content\/uploads\/2020\/12\/EvrenKavukcu-scaled.jpg&#8221; url_new_window=&#8221;on&#8221; _builder_version=&#8221;4.7.6&#8243; _module_preset=&#8221;default&#8221; custom_padding=&#8221;81px|||||&#8221;][\/et_pb_image][et_pb_text _builder_version=&#8221;4.7.6&#8243; _module_preset=&#8221;default&#8221;]<\/p>\n<p><span style=\"color: #ffffff;\">Evren Kavukcu<\/span><br \/><span style=\"color: #ffffff;\">\u201cG\u00fcnl\u00fckler\u201d<\/span><br \/><span style=\"color: #ffffff;\">\u201cDiaries\u201d<\/span><br \/><span style=\"color: #ffffff;\">2020<\/span><br \/><span style=\"color: #ffffff;\">33 cm x 45 cm (10 cm x 10 cm +10 adet)<\/span><br \/><span style=\"color: #ffffff;\">Dijital Bask\u0131<\/span><\/p>\n<p>[\/et_pb_text][et_pb_button button_url=&#8221;@ET-DC@eyJkeW5hbWljIjp0cnVlLCJjb250ZW50IjoicG9zdF9saW5rX3VybF9wYWdlIiwic2V0dGluZ3MiOnsicG9zdF9pZCI6IjI1NTYifX0=@&#8221; button_text=&#8221;Evren Kavukcu Hakk\u0131nda&#8221; button_alignment=&#8221;left&#8221; _builder_version=&#8221;4.7.6&#8243; _dynamic_attributes=&#8221;button_url&#8221; _module_preset=&#8221;default&#8221; custom_button=&#8221;on&#8221; button_text_size=&#8221;24px&#8221; button_text_color=&#8221;#ffffff&#8221; button_bg_color=&#8221;#000000&#8243; button_border_width=&#8221;4px&#8221; button_border_color=&#8221;#000000&#8243; button_font=&#8221;Indie Flower||||||||&#8221; button_icon=&#8221;%%258%%&#8221; button_icon_color=&#8221;#ffffff&#8221; button_icon_placement=&#8221;left&#8221; button_on_hover=&#8221;off&#8221; custom_margin=&#8221;||-2px|||&#8221;][\/et_pb_button][et_pb_button button_url=&#8221;@ET-DC@eyJkeW5hbWljIjp0cnVlLCJjb250ZW50IjoicG9zdF9saW5rX3VybF9wYWdlIiwic2V0dGluZ3MiOnsicG9zdF9pZCI6IjYwNSJ9fQ==@&#8221; button_text=&#8221;Sergiye Geri D\u00f6n&#8221; button_alignment=&#8221;left&#8221; _builder_version=&#8221;4.7.6&#8243; _dynamic_attributes=&#8221;button_url&#8221; _module_preset=&#8221;default&#8221; custom_button=&#8221;on&#8221; button_text_size=&#8221;24px&#8221; button_text_color=&#8221;#ffffff&#8221; button_bg_color=&#8221;#000000&#8243; button_border_width=&#8221;4px&#8221; button_border_color=&#8221;#000000&#8243; button_font=&#8221;Indie Flower||||||||&#8221; button_icon=&#8221;%%41%%&#8221; button_icon_color=&#8221;#ffffff&#8221; button_icon_placement=&#8221;left&#8221; button_on_hover=&#8221;off&#8221;][\/et_pb_button][\/et_pb_column][\/et_pb_row][\/et_pb_section]<\/p>\n","protected":false},"excerpt":{"rendered":"<p>[et_pb_section fb_built=&#8221;1&#8243; _builder_version=&#8221;4.7.5&#8243; _module_preset=&#8221;default&#8221; background_color=&#8221;#000000&#8243;][et_pb_row column_structure=&#8221;1_2,1_2&#8243; _builder_version=&#8221;4.7.5&#8243; _module_preset=&#8221;default&#8221; background_color=&#8221;#000000&#8243;][et_pb_column type=&#8221;1_2&#8243; _builder_version=&#8221;4.6.6&#8243; _module_preset=&#8221;default&#8221;][et_pb_text _builder_version=&#8221;4.7.6&#8243; _module_preset=&#8221;default&#8221;] &nbsp; &nbsp; YEN\u0130 ne g\u00fczel bir kelime\u2026 YEN\u0130, ba\u015flang\u0131\u00e7, heyecan, mutluluk\u2026 Peki, Yeni Ben? Yeni D\u00fcnya? T\u00fcm d\u00fcnya bu sene yeni bir\u00e7ok \u015feyle tan\u0131\u015ft\u0131. Yeni D\u00fcnya, Yeni normalle\u015fme, Yeni bir vir\u00fcs Covid. Bu yeniler i\u00e7inde biz neler deneyimledik? Irk, din, cinsiyet [&hellip;]<\/p>\n","protected":false},"author":9,"featured_media":0,"parent":0,"menu_order":0,"comment_status":"closed","ping_status":"closed","template":"","meta":{"_et_pb_use_builder":"on","_et_pb_old_content":"","_et_gb_content_width":"","spay_email":""},"jetpack_sharing_enabled":true,"jetpack_likes_enabled":true,"_links":{"self":[{"href":"https:\/\/gsfsergi.ebyu.edu.tr\/index.php?rest_route=\/wp\/v2\/pages\/2400"}],"collection":[{"href":"https:\/\/gsfsergi.ebyu.edu.tr\/index.php?rest_route=\/wp\/v2\/pages"}],"about":[{"href":"https:\/\/gsfsergi.ebyu.edu.tr\/index.php?rest_route=\/wp\/v2\/types\/page"}],"author":[{"embeddable":true,"href":"https:\/\/gsfsergi.ebyu.edu.tr\/index.php?rest_route=\/wp\/v2\/users\/9"}],"replies":[{"embeddable":true,"href":"https:\/\/gsfsergi.ebyu.edu.tr\/index.php?rest_route=%2Fwp%2Fv2%2Fcomments&post=2400"}],"version-history":[{"count":15,"href":"https:\/\/gsfsergi.ebyu.edu.tr\/index.php?rest_route=\/wp\/v2\/pages\/2400\/revisions"}],"predecessor-version":[{"id":3646,"href":"https:\/\/gsfsergi.ebyu.edu.tr\/index.php?rest_route=\/wp\/v2\/pages\/2400\/revisions\/3646"}],"wp:attachment":[{"href":"https:\/\/gsfsergi.ebyu.edu.tr\/index.php?rest_route=%2Fwp%2Fv2%2Fmedia&parent=2400"}],"curies":[{"name":"wp","href":"https:\/\/api.w.org\/{rel}","templated":true}]}}