{"id":2303,"date":"2020-12-11T20:54:11","date_gmt":"2020-12-11T17:54:11","guid":{"rendered":"https:\/\/gsfsergi.ebyu.edu.tr\/?page_id=2303"},"modified":"2021-03-02T10:12:33","modified_gmt":"2021-03-02T07:12:33","slug":"kurator-2","status":"publish","type":"page","link":"https:\/\/gsfsergi.ebyu.edu.tr\/?page_id=2303","title":{"rendered":"K\u00fcrat\u00f6r-Yeni D\u00fcnyaya&#8230;"},"content":{"rendered":"<p>[et_pb_section fb_built=&#8221;1&#8243; _builder_version=&#8221;4.7.5&#8243; _module_preset=&#8221;default&#8221; background_color=&#8221;#000000&#8243;][et_pb_row column_structure=&#8221;1_2,1_2&#8243; _builder_version=&#8221;4.7.5&#8243; _module_preset=&#8221;default&#8221; background_color=&#8221;#000000&#8243;][et_pb_column type=&#8221;1_2&#8243; _builder_version=&#8221;4.7.5&#8243; _module_preset=&#8221;default&#8221;][et_pb_image src=&#8221;https:\/\/gsfsergi.ebyu.edu.tr\/wp-content\/uploads\/2020\/12\/KuratorFoto.jpg&#8221; title_text=&#8221;K\u00fcrat\u00f6rFoto&#8221; align=&#8221;center&#8221; _builder_version=&#8221;4.7.6&#8243; _module_preset=&#8221;default&#8221; background_color=&#8221;#000000&#8243; custom_padding=&#8221;41px|||||&#8221;][\/et_pb_image][\/et_pb_column][et_pb_column type=&#8221;1_2&#8243; _builder_version=&#8221;4.7.5&#8243; _module_preset=&#8221;default&#8221;][et_pb_text _builder_version=&#8221;4.7.6&#8243; _module_preset=&#8221;default&#8221; background_color=&#8221;#000000&#8243;]<\/p>\n<p>&nbsp;<\/p>\n<p><span style=\"font-size: 18pt; color: #ffffff;\">\u200bYeni D\u00fcnya\u2019ya<\/span><\/p>\n<p><span style=\"font-size: 14pt; color: #ffffff;\">Sanat\u0131n ilkel toplumlardan bug\u00fcne toplumsal i\u015flevi yakalama, onu d\u00f6n\u00fc\u015ft\u00fcrme i\u015flevini belki de en net hissetti\u011fimiz y\u0131l 2020\u2026 Etraf\u0131m\u0131z\u0131 aniden ku\u015fatan Covid-19 vir\u00fcs\u00fc ile sars\u0131ld\u0131\u011f\u0131m\u0131z, sanat\u0131n ve sanat\u00e7\u0131n\u0131n kendi \u00fczerine kapanan bu d\u00fcnya ile sosyal, ekonomik ve psikolojik anlamda \u00e7at\u0131\u015fmalar\u0131na tan\u0131k oldu\u011fumuz bir d\u00fcnyaya g\u00f6zlerimizi a\u00e7t\u0131k. Yeni bir d\u00fcnya, bu d\u00fcnya\u2026 Aldous Huxley\u2019in Cesur Yeni D\u00fcnya\u2019s\u0131ndaki gibi teknoloji ve bilim y\u00f6n\u00fcnden geli\u015fmi\u015f, ona muhta\u00e7; ancak geleneksel de\u011ferlerden vazge\u00e7ilmi\u015f bir d\u00fcnya, Yeni D\u00fcnya. Ancak Huxley\u2019in Cesur Yeni D\u00fcnya\u2019s\u0131n\u0131n distopik nesnelli\u011fini yaratan da sanattan, edebiyattan, felsefeden, k\u00fclt\u00fcrel \u00e7e\u015fitlilikten vazge\u00e7ilmesiyken bizler, kendi Yeni D\u00fcnyam\u0131zda zorunlu olarak baz\u0131 k\u00fclt\u00fcrel de\u011ferlerden vazge\u00e7sek bile sanattan asla y\u00fcz \u00e7evirmeyerek, cesur ve dik durarak sanat\u0131 Yeni D\u00fcnya\u2019da s\u00fcrekli yeniden \u00fcretime sokmay\u0131 ama\u00e7lamaktay\u0131z. <\/span><br \/><span style=\"font-size: 14pt; color: #ffffff;\">18.12.2020-20.02.2021 tarihleri aras\u0131nda gsfsergi.ebyu.edu.tr adresinde eri\u015fime a\u00e7\u0131k olacak olan online \u201cYeni D\u00fcnya\u2019ya\u201d sergimiz de tam olarak bu noktadan hareketle olu\u015fturuldu. Bir\u00e7ok eserin yer alaca\u011f\u0131 disiplinler aras\u0131 sergimizi, sanat\u00e7\u0131lar\u0131n g\u00f6zlerinden Yeni D\u00fcnya\u2019ya bakmak ve bu d\u00fcnyan\u0131n alg\u0131lan\u0131\u015f\u0131na y\u00f6nelik kolektif bir dilin yarat\u0131l\u0131p yarat\u0131lamayaca\u011f\u0131n\u0131 sorgulamak fikriyle bir araya getirdik. <\/span><br \/><span style=\"font-size: 14pt; color: #ffffff;\">Yeni D\u00fcnya alg\u0131s\u0131yla \u00fcrettikleri eserleri istedi\u011fimiz sergimiz i\u00e7in, sanat\u00e7\u0131lar\u0131n her biri taraf\u0131ndan ayr\u0131 ayr\u0131 \u00fcretilen bireysel imgeler, biraz da distopik bir g\u00f6r\u00fcn\u00fcm\u00fc olan 2020 d\u00fcnyas\u0131n\u0131n ba\u011flam\u0131n\u0131 yeniden ele almaktad\u0131r. Sanat\u00e7\u0131lardan Yeni D\u00fcnya\u2019ya mesajlar\u0131n\u0131 g\u00f6ndermelerini istedi\u011fimiz sergimizde, dilin g\u00fcc\u00fcn\u00fc imgenin g\u00fcc\u00fc ile birlikte sunmak istedi\u011fimizden, eserler ve mesajlar\u0131 birlikte sergilemeyi tercih ettik. <\/span><br \/><span style=\"font-size: 14pt; color: #ffffff;\">\u0130\u00e7inden ge\u00e7ti\u011fimiz bu zor d\u00f6nemin hissettirdi\u011fi ve d\u00fc\u015f\u00fcnd\u00fcrd\u00fc\u011f\u00fc baz\u0131 fikirleri sanat\u00e7\u0131 mesajlar\u0131 sayesinde eserlerle beraber izleyebilmek alternatifi sunarak, imgenin alg\u0131s\u0131n\u0131 mesaja indirgemek gibi bir d\u00fc\u015f\u00fcncemiz olmad\u0131. Ancak sergimizin kavramsal \u00e7er\u00e7evesini Yeni D\u00fcnya\u2019ya y\u00f6nelik alg\u0131lar ve bu d\u00fcnyaya s\u00f6ylenmek istenilenlerin if\u015fas\u0131 fikrinden \u00e7\u0131kard\u0131\u011f\u0131m\u0131z i\u00e7in eser ve mesaj\u0131n b\u00fct\u00fcnle\u015fik bir okuma ile kendi ba\u011flamlar\u0131n\u0131 bulaca\u011f\u0131n\u0131 \u00fcmit ediyorum. \u0130maj\u0131n ve dilin g\u00fcc\u00fcn\u00fc beraber ele almak ve aralar\u0131nda ki ba\u011fdan hareket ederek vir\u00fcsle d\u00f6n\u00fc\u015fmekte olan d\u00fcnyam\u0131za ili\u015fkin \u00e7\u00f6z\u00fcmlemeler \u00fcretebilmek ilk hedefimiz oldu.<\/span><br \/><span style=\"font-size: 14pt; color: #ffffff;\">Teknolojinin de etraf\u0131m\u0131z\u0131 ku\u015fatan ve belki de g\u00f6rmezden geldi\u011fimiz ger\u00e7e\u011fiyle bir kez daha Yeni D\u00fcnya\u2019da y\u00fczle\u015ftik. Hayat\u0131m\u0131zdaki bir\u00e7ok unsur internet ve teknolojiye muhta\u00e7 birer eyleme d\u00f6n\u00fc\u015ft\u00fc. Eserle ger\u00e7ek mek\u00e2nda do\u011frudan etkile\u015fimin yerini tutmayaca\u011f\u0131n\u0131 d\u00fc\u015f\u00fcnsek bile s\u00fcrecin gerekliliklerine y\u00f6nelik d\u00f6n\u00fc\u015f\u00fcm\u00fcm\u00fcz sayesinde sergi mek\u00e2n\u0131n\u0131n s\u0131n\u0131rlar\u0131n\u0131 da olduk\u00e7a geni\u015fletebildi\u011fimizi g\u00f6rd\u00fck. \u00c7a\u011fda\u015f T\u00fcrk Sanat\u0131n\u0131n \u00f6nemli isimleri ve gen\u00e7 sanat\u00e7\u0131lar\u0131 bir araya getirdi\u011fimiz sergimizi de bu s\u0131n\u0131rlar\u0131 olmayan mek\u00e2nda a\u011f\u0131rl\u0131yoruz. <\/span><br \/><span style=\"font-size: 14pt; color: #ffffff;\">Kat\u0131l\u0131m g\u00f6steren b\u00fct\u00fcn sanat\u00e7\u0131lara, bize gereken b\u00fct\u00fcn deste\u011fi sa\u011flayan Erzincan Binali Y\u0131ld\u0131r\u0131m \u00dcniversitesi Rekt\u00f6r\u00fc Say\u0131n Prof. Dr. Ak\u0131n Levent ve Atat\u00fcrk \u00dcniversitesi Rekt\u00f6r\u00fc Say\u0131n Prof. Dr. \u00d6mer \u00c7omakl\u0131\u2019ya ve destek veren ekibime sonsuz te\u015fekk\u00fcrlerimi sunuyorum. Serginin, dilin ve imgenin birlikteli\u011fi ile \u00e7\u00f6z\u00fcmlemeye \u00e7al\u0131\u015ft\u0131\u011f\u0131m\u0131z 2020 d\u00fcnyas\u0131na y\u00f6nelik, do\u011fru ve g\u00fc\u00e7l\u00fc \u00e7\u00f6z\u00fcmlemeler g\u00f6sterebilmesini ve daha geni\u015f kapsaml\u0131 sanat etkinliklerine evirilmesini umut ediyorum.<\/span><\/p>\n<p><span style=\"font-size: 14pt; color: #ffffff;\">K\u00fcrat\u00f6r<\/span><br \/><span style=\"font-size: 14pt; color: #ffffff;\">Evren Kavukcu<\/span><\/p>\n<p>[\/et_pb_text][\/et_pb_column][\/et_pb_row][\/et_pb_section]<\/p>\n","protected":false},"excerpt":{"rendered":"<p>[et_pb_section fb_built=&#8221;1&#8243; _builder_version=&#8221;4.7.5&#8243; _module_preset=&#8221;default&#8221; background_color=&#8221;#000000&#8243;][et_pb_row column_structure=&#8221;1_2,1_2&#8243; _builder_version=&#8221;4.7.5&#8243; _module_preset=&#8221;default&#8221; background_color=&#8221;#000000&#8243;][et_pb_column type=&#8221;1_2&#8243; _builder_version=&#8221;4.7.5&#8243; _module_preset=&#8221;default&#8221;][et_pb_image src=&#8221;https:\/\/gsfsergi.ebyu.edu.tr\/wp-content\/uploads\/2020\/12\/KuratorFoto.jpg&#8221; title_text=&#8221;K\u00fcrat\u00f6rFoto&#8221; align=&#8221;center&#8221; _builder_version=&#8221;4.7.6&#8243; _module_preset=&#8221;default&#8221; background_color=&#8221;#000000&#8243; custom_padding=&#8221;41px|||||&#8221;][\/et_pb_image][\/et_pb_column][et_pb_column type=&#8221;1_2&#8243; _builder_version=&#8221;4.7.5&#8243; _module_preset=&#8221;default&#8221;][et_pb_text _builder_version=&#8221;4.7.6&#8243; _module_preset=&#8221;default&#8221; background_color=&#8221;#000000&#8243;] &nbsp; \u200bYeni D\u00fcnya\u2019ya Sanat\u0131n ilkel toplumlardan bug\u00fcne toplumsal i\u015flevi yakalama, onu d\u00f6n\u00fc\u015ft\u00fcrme i\u015flevini belki de en net hissetti\u011fimiz y\u0131l 2020\u2026 Etraf\u0131m\u0131z\u0131 aniden ku\u015fatan Covid-19 vir\u00fcs\u00fc ile sars\u0131ld\u0131\u011f\u0131m\u0131z, sanat\u0131n ve sanat\u00e7\u0131n\u0131n [&hellip;]<\/p>\n","protected":false},"author":9,"featured_media":0,"parent":0,"menu_order":0,"comment_status":"closed","ping_status":"closed","template":"","meta":{"_et_pb_use_builder":"on","_et_pb_old_content":"","_et_gb_content_width":"","spay_email":""},"jetpack_sharing_enabled":true,"jetpack_likes_enabled":true,"_links":{"self":[{"href":"https:\/\/gsfsergi.ebyu.edu.tr\/index.php?rest_route=\/wp\/v2\/pages\/2303"}],"collection":[{"href":"https:\/\/gsfsergi.ebyu.edu.tr\/index.php?rest_route=\/wp\/v2\/pages"}],"about":[{"href":"https:\/\/gsfsergi.ebyu.edu.tr\/index.php?rest_route=\/wp\/v2\/types\/page"}],"author":[{"embeddable":true,"href":"https:\/\/gsfsergi.ebyu.edu.tr\/index.php?rest_route=\/wp\/v2\/users\/9"}],"replies":[{"embeddable":true,"href":"https:\/\/gsfsergi.ebyu.edu.tr\/index.php?rest_route=%2Fwp%2Fv2%2Fcomments&post=2303"}],"version-history":[{"count":14,"href":"https:\/\/gsfsergi.ebyu.edu.tr\/index.php?rest_route=\/wp\/v2\/pages\/2303\/revisions"}],"predecessor-version":[{"id":4321,"href":"https:\/\/gsfsergi.ebyu.edu.tr\/index.php?rest_route=\/wp\/v2\/pages\/2303\/revisions\/4321"}],"wp:attachment":[{"href":"https:\/\/gsfsergi.ebyu.edu.tr\/index.php?rest_route=%2Fwp%2Fv2%2Fmedia&parent=2303"}],"curies":[{"name":"wp","href":"https:\/\/api.w.org\/{rel}","templated":true}]}}