{"id":2143,"date":"2020-12-10T15:54:19","date_gmt":"2020-12-10T12:54:19","guid":{"rendered":"https:\/\/gsfsergi.ebyu.edu.tr\/?page_id=2143"},"modified":"2020-12-17T15:49:21","modified_gmt":"2020-12-17T12:49:21","slug":"yeni-sergi-kisi","status":"publish","type":"page","link":"https:\/\/gsfsergi.ebyu.edu.tr\/?page_id=2143","title":{"rendered":"Alpaslan Akp\u0131nar Hakk\u0131nda"},"content":{"rendered":"<p>[et_pb_section fb_built=&#8221;1&#8243; _builder_version=&#8221;4.7.5&#8243; _module_preset=&#8221;default&#8221; background_color=&#8221;#000000&#8243;][et_pb_row column_structure=&#8221;1_2,1_2&#8243; _builder_version=&#8221;4.7.5&#8243; _module_preset=&#8221;default&#8221; background_color=&#8221;#000000&#8243;][et_pb_column type=&#8221;1_2&#8243; _builder_version=&#8221;4.7.5&#8243; _module_preset=&#8221;default&#8221;][et_pb_button button_url=&#8221;@ET-DC@eyJkeW5hbWljIjp0cnVlLCJjb250ZW50IjoicG9zdF9saW5rX3VybF9wYWdlIiwic2V0dGluZ3MiOnsicG9zdF9pZCI6IjIxMDEifX0=@&#8221; button_text=&#8221;Mektup ve Esere Geri D\u00f6n&#8221; _builder_version=&#8221;4.7.5&#8243; _dynamic_attributes=&#8221;button_url&#8221; _module_preset=&#8221;default&#8221; custom_button=&#8221;on&#8221; button_bg_color=&#8221;#000000&#8243; button_border_color=&#8221;#000000&#8243; button_font=&#8221;Indie Flower||||||||&#8221; button_icon=&#8221;%%41%%&#8221; button_icon_color=&#8221;#ffffff&#8221; button_icon_placement=&#8221;left&#8221; button_on_hover=&#8221;off&#8221;][\/et_pb_button][et_pb_text _builder_version=&#8221;4.7.6&#8243; _module_preset=&#8221;default&#8221; background_color=&#8221;#000000&#8243;]<\/p>\n<p><span style=\"color: #ffffff; font-size: 18pt;\">Alpaslan Akp\u0131nar,<\/span><\/p>\n<p><span style=\"color: #ffffff; font-size: 14pt;\">1979\u2019da Erzincan\u2019da do\u011fdu. Atat\u00fcrk \u00dcniversitesi G\u00fczel Sanatlar Fak\u00fcltesinde 2009-2013 y\u0131llar\u0131 aras\u0131nda Prof. Mehmed Kavukcu At\u00f6lyesi\u2019nden fak\u00fclte birincisi olarak lisans mezuniyetini ald\u0131. <\/span><\/p>\n<p><span style=\"color: #ffffff; font-size: 14pt;\"> 2013-2015 y\u0131llar\u0131 aras\u0131nda Atat\u00fcrk \u00dcniversitesi Sosyal Bilimler Enstit\u00fcs\u00fcnde Sanat Kuram\u0131 ve Ele\u015ftiri alan\u0131nda Y\u00fcksek Lisans\u0131n\u0131 Tamamlad\u0131. 2015-2019 y\u0131llar\u0131 aras\u0131nda Atat\u00fcrk \u00dcniversritesi G\u00fczel Sanatlar Enstit\u00fcs\u00fc Resim Ana Sanat Dal\u0131\u2019nda Sanatta Yeterli\u011fini ald\u0131. <\/span><\/p>\n<p><span style=\"color: #ffffff; font-size: 14pt;\">2019 y\u0131l\u0131nda Erzincan Binali Y\u0131ld\u0131r\u0131m \u00dcniversitesi G\u00fczel Sanatlar Fak\u00fcltesi Resim B\u00f6l\u00fcm\u00fcne Dr. \u00d6\u011fr. \u00dcyesi olarak atand\u0131. Halen ayn\u0131 \u00fcniversitede g\u00f6rev yapan Alpaslan Akp\u0131nar ayn\u0131 zamanda Dekan Yard\u0131mc\u0131l\u0131\u011f\u0131 g\u00f6revini de s\u00fcrd\u00fcrmektedir.<\/span><\/p>\n<p>&nbsp;<\/p>\n<p>[\/et_pb_text][\/et_pb_column][et_pb_column type=&#8221;1_2&#8243; _builder_version=&#8221;4.7.5&#8243; _module_preset=&#8221;default&#8221;][et_pb_image src=&#8221;https:\/\/gsfsergi.ebyu.edu.tr\/wp-content\/uploads\/2020\/12\/A94EE04B6AC64CBD99FFB669668C3C71.jpg&#8221; title_text=&#8221;A94EE04B6AC64CBD99FFB669668C3C71&#8243; align=&#8221;center&#8221; _builder_version=&#8221;4.7.6&#8243; _module_preset=&#8221;default&#8221; hover_enabled=&#8221;0&#8243; sticky_enabled=&#8221;0&#8243;][\/et_pb_image][\/et_pb_column][\/et_pb_row][\/et_pb_section]<\/p>\n","protected":false},"excerpt":{"rendered":"<p>[et_pb_section fb_built=&#8221;1&#8243; _builder_version=&#8221;4.7.5&#8243; _module_preset=&#8221;default&#8221; background_color=&#8221;#000000&#8243;][et_pb_row column_structure=&#8221;1_2,1_2&#8243; _builder_version=&#8221;4.7.5&#8243; _module_preset=&#8221;default&#8221; background_color=&#8221;#000000&#8243;][et_pb_column type=&#8221;1_2&#8243; _builder_version=&#8221;4.7.5&#8243; _module_preset=&#8221;default&#8221;][et_pb_button button_url=&#8221;@ET-DC@eyJkeW5hbWljIjp0cnVlLCJjb250ZW50IjoicG9zdF9saW5rX3VybF9wYWdlIiwic2V0dGluZ3MiOnsicG9zdF9pZCI6IjIxMDEifX0=@&#8221; button_text=&#8221;Mektup ve Esere Geri D\u00f6n&#8221; _builder_version=&#8221;4.7.5&#8243; _dynamic_attributes=&#8221;button_url&#8221; _module_preset=&#8221;default&#8221; custom_button=&#8221;on&#8221; button_bg_color=&#8221;#000000&#8243; button_border_color=&#8221;#000000&#8243; button_font=&#8221;Indie Flower||||||||&#8221; button_icon=&#8221;%%41%%&#8221; button_icon_color=&#8221;#ffffff&#8221; button_icon_placement=&#8221;left&#8221; button_on_hover=&#8221;off&#8221;][\/et_pb_button][et_pb_text _builder_version=&#8221;4.7.6&#8243; _module_preset=&#8221;default&#8221; background_color=&#8221;#000000&#8243;] Alpaslan Akp\u0131nar, 1979\u2019da Erzincan\u2019da do\u011fdu. Atat\u00fcrk \u00dcniversitesi G\u00fczel Sanatlar Fak\u00fcltesinde 2009-2013 y\u0131llar\u0131 aras\u0131nda Prof. Mehmed Kavukcu At\u00f6lyesi\u2019nden fak\u00fclte birincisi olarak lisans mezuniyetini [&hellip;]<\/p>\n","protected":false},"author":9,"featured_media":0,"parent":0,"menu_order":0,"comment_status":"closed","ping_status":"closed","template":"","meta":{"_et_pb_use_builder":"on","_et_pb_old_content":"","_et_gb_content_width":"","spay_email":""},"jetpack_sharing_enabled":true,"jetpack_likes_enabled":true,"_links":{"self":[{"href":"https:\/\/gsfsergi.ebyu.edu.tr\/index.php?rest_route=\/wp\/v2\/pages\/2143"}],"collection":[{"href":"https:\/\/gsfsergi.ebyu.edu.tr\/index.php?rest_route=\/wp\/v2\/pages"}],"about":[{"href":"https:\/\/gsfsergi.ebyu.edu.tr\/index.php?rest_route=\/wp\/v2\/types\/page"}],"author":[{"embeddable":true,"href":"https:\/\/gsfsergi.ebyu.edu.tr\/index.php?rest_route=\/wp\/v2\/users\/9"}],"replies":[{"embeddable":true,"href":"https:\/\/gsfsergi.ebyu.edu.tr\/index.php?rest_route=%2Fwp%2Fv2%2Fcomments&post=2143"}],"version-history":[{"count":31,"href":"https:\/\/gsfsergi.ebyu.edu.tr\/index.php?rest_route=\/wp\/v2\/pages\/2143\/revisions"}],"predecessor-version":[{"id":3830,"href":"https:\/\/gsfsergi.ebyu.edu.tr\/index.php?rest_route=\/wp\/v2\/pages\/2143\/revisions\/3830"}],"wp:attachment":[{"href":"https:\/\/gsfsergi.ebyu.edu.tr\/index.php?rest_route=%2Fwp%2Fv2%2Fmedia&parent=2143"}],"curies":[{"name":"wp","href":"https:\/\/api.w.org\/{rel}","templated":true}]}}