{"id":1629,"date":"2020-06-08T12:07:37","date_gmt":"2020-06-08T09:07:37","guid":{"rendered":"https:\/\/gsfsergi.ebyu.edu.tr\/?page_id=1629"},"modified":"2020-06-08T13:06:38","modified_gmt":"2020-06-08T10:06:38","slug":"adem-genc","status":"publish","type":"page","link":"https:\/\/gsfsergi.ebyu.edu.tr\/?page_id=1629","title":{"rendered":"Adem Gen\u00e7"},"content":{"rendered":"<p>[et_pb_section fb_built=&#8221;1&#8243; _builder_version=&#8221;4.4.8&#8243;][et_pb_row column_structure=&#8221;1_2,1_2&#8243; _builder_version=&#8221;4.4.8&#8243;][et_pb_column type=&#8221;1_2&#8243; _builder_version=&#8221;4.4.8&#8243;][et_pb_image src=&#8221;https:\/\/gsfsergi.ebyu.edu.tr\/wp-content\/uploads\/2020\/06\/Adem_Genc_p.jpg&#8221; title_text=&#8221;Adem_Genc_p&#8221; align=&#8221;right&#8221; _builder_version=&#8221;4.4.8&#8243; hover_enabled=&#8221;0&#8243; custom_padding=&#8221;60px||||false|false&#8221;][\/et_pb_image][\/et_pb_column][et_pb_column type=&#8221;1_2&#8243; _builder_version=&#8221;4.4.8&#8243;][et_pb_text _builder_version=&#8221;4.4.8&#8243; hover_enabled=&#8221;0&#8243; custom_padding=&#8221;60px||60px||false|false&#8221;]<\/p>\n<p style=\"text-align: left\">1965\u2019te, Ankara Gazi E\u011fitim Enstit\u00fcs\u00fc Resim-\u0130\u015f B\u00f6l\u00fcm\u00fc\u2019nden mezun oldu. Adana-Haruniye ve Rize\u2019de Resim \u00d6\u011fretmenli\u011fi yapt\u0131. 1969\u2019da girdi\u011fi yar\u0131\u015fmal\u0131 s\u0131navlarda ba\u015far\u0131l\u0131 g\u00f6r\u00fclerek devlet bursu ile, \u0130ngiltere\u2019ye g\u00f6nderildi. 1969-1971 y\u0131llar\u0131 aras\u0131nda Bournemouth College of Art\u2019ta desen ve grav\u00fcr at\u00f6lyelerine devam etti. 1971\u2019de, Londra St. Martin\u2019s School of Art\u2019\u0131n \u201cAdvanced Painting\u201d program\u0131na kabul edildi. 1974\u2019te uzmanl\u0131k \u00f6\u011frenimini tamamlad\u0131. 1974\u2019te T\u00fcrkiye\u2019ye d\u00f6n\u00fcnce, Samsun E\u011fitim Enstit\u00fcs\u00fc\u2019ne atand\u0131. Daha sonra, 1978\u2019de, Ege \u00dcniversitesi\u2019nde Asistan oldu. Ege \u00dcniversitesiG\u00fczel Sanatlar ve Mimarl\u0131k Fak\u00fcltesi ile Edebiyat Fak\u00fcltesi\u2019nde Bat\u0131 Sanat\u0131 derslerine girdi. Doktora derecesini Dokuz Eyl\u00fcl \u00dcniversitesi G\u00fczel Sanatlar Fak\u00fcltesi\u2019nde tamamlad\u0131. 1991-92 \u00f6\u011fretim y\u0131l\u0131nda Kaliforniya Devlet \u00dcniversitesi \/ Chico\u2019da Fulbright Post Doktora \u00f6\u011fretim \u00fcyesi olarak g\u00f6rev yapt\u0131. 1992\u2019de Profes\u00f6r oldu. Sanat\u00e7\u0131, yurt d\u0131\u015f\u0131nda ve \u00fclkemizde \u00e7ok say\u0131da ki\u015fisel sergi a\u00e7t\u0131, grup etkinliklerinde yer ald\u0131. 1989 ve 1990 Uluslararas\u0131 \u0130stanbul Bienallerine, 1995\u2019te Huston International Festival\u2019a ve 2005\u2019te, de The Second Beijing International Art Biennale\u2019e \u00e7a\u011fr\u0131l\u0131 sanat\u00e7\u0131 olarak kat\u0131ld\u0131. Ayn\u0131 bienal kapsam\u0131nda, PRC\u2019nin Hefei kentinde d\u00fczenlenen akademik seminerde \u201cSocial Function of Abstract Painting\u201d konulu bildirisini sundu. Gen\u00e7\u2019in resimleri, Almanya\u2019da (Deutschbank Koleksiyonu), ABD, \u0130ngiltere, Avustralya, Slovenya, Romanya, \u0130svi\u00e7re, Rusya Federasyonu, G\u00fcney Kore ve PRC\u2018da sergilenip \u00e7e\u015fitli koleksiyonlara girmi\u015f bulunmaktad\u0131r. Sanat\u00e7\u0131n\u0131n \u201cDada \/ Entropi ve Nedensizlik A\u00c7ISINDAN Dadac\u0131 Sanat hareketlerinin \u00c7\u00f6z\u00fcmlenmesine \u0130li\u015fkin Bir Y\u00f6ntem Ara\u015ft\u0131rmas\u0131\u201d konulu yay\u0131mlanm\u0131\u015f Doktora Tezi, G\u00f6rsel Alg\u0131lama \/ Sanatta Yarat\u0131c\u0131 S\u00fcre\u00e7\u201d isimli ortak kitab\u0131 ve \u00e7ok say\u0131da bildiri ve makalesi bulunmaktad\u0131r. Sanat\u0131 hakk\u0131nda ayr\u0131ca, \u015fair ve ele\u015ftirmen Ahmet Oktay taraf\u0131ndan yaz\u0131lm\u0131\u015f bulunan Adem Gen\u00e7 \/ Post Dada Pop S\u00fcrecinde Yeni Soyut Yakla\u015f\u0131mlar ( Adem Gen\u00e7 \/ The New Abtract Approaches Dur\u0131ng Post Dada and Pop Period ) isimli kapsaml\u0131 kaynak\u00e7asal bir kitab\u0131 da Bilim Sanat Galerisi Yay\u0131nlar\u0131 taraf\u0131ndan yay\u0131mlanm\u0131\u015ft\u0131r. Adem Gen\u00e7, 1980 ile 1996 y\u0131llar\u0131 aras\u0131nda girdi\u011fi yar\u0131\u015fmal\u0131 sergilerde, ba\u015fta, 1984 \u201c\u0130n\u00f6n\u00fc Vakf\u0131 Resim Yar\u0131\u015fmas\u0131 Birincilik \u00d6d\u00fcl\u00fc\u201d olmak \u00fczere 13 \u00f6d\u00fcl alm\u0131\u015f; sanat\u00e7\u0131ya ayr\u0131ca, 2000 y\u0131l\u0131nda \u201cAnkara Sanat Kurumu \u00d6d\u00fcl\u00fc\u201d ve 2009 Y\u0131l\u0131nda \u201cSedat Simavi \u00d6d\u00fcl\u00fc\u201d verilmi\u015ftir. Prof. Dr. Adem Gen\u00e7, 1999 y\u0131l\u0131ndan bu yana, Beykent \u00dcniversitesi G\u00fczel Sanatlar Fak\u00fcltesi\u2019nde g\u00f6rev yapmakta ve halen \u0130stanbul-Maslak\u2019taki At\u00f6lyesinde \u00e7al\u0131\u015fmaktad\u0131r.<\/p>\n<p>[\/et_pb_text][\/et_pb_column][\/et_pb_row][\/et_pb_section]<\/p>\n","protected":false},"excerpt":{"rendered":"<p>[et_pb_section fb_built=&#8221;1&#8243; _builder_version=&#8221;4.4.8&#8243;][et_pb_row column_structure=&#8221;1_2,1_2&#8243; _builder_version=&#8221;4.4.8&#8243;][et_pb_column type=&#8221;1_2&#8243; _builder_version=&#8221;4.4.8&#8243;][et_pb_image src=&#8221;https:\/\/gsfsergi.ebyu.edu.tr\/wp-content\/uploads\/2020\/06\/Adem_Genc_p.jpg&#8221; title_text=&#8221;Adem_Genc_p&#8221; align=&#8221;right&#8221; _builder_version=&#8221;4.4.8&#8243; hover_enabled=&#8221;0&#8243; custom_padding=&#8221;60px||||false|false&#8221;][\/et_pb_image][\/et_pb_column][et_pb_column type=&#8221;1_2&#8243; _builder_version=&#8221;4.4.8&#8243;][et_pb_text _builder_version=&#8221;4.4.8&#8243; hover_enabled=&#8221;0&#8243; custom_padding=&#8221;60px||60px||false|false&#8221;] 1965\u2019te, Ankara Gazi E\u011fitim Enstit\u00fcs\u00fc Resim-\u0130\u015f B\u00f6l\u00fcm\u00fc\u2019nden mezun oldu. Adana-Haruniye ve Rize\u2019de Resim \u00d6\u011fretmenli\u011fi yapt\u0131. 1969\u2019da girdi\u011fi yar\u0131\u015fmal\u0131 s\u0131navlarda ba\u015far\u0131l\u0131 g\u00f6r\u00fclerek devlet bursu ile, \u0130ngiltere\u2019ye g\u00f6nderildi. 1969-1971 y\u0131llar\u0131 aras\u0131nda Bournemouth College of Art\u2019ta desen ve grav\u00fcr at\u00f6lyelerine [&hellip;]<\/p>\n","protected":false},"author":9,"featured_media":0,"parent":0,"menu_order":0,"comment_status":"closed","ping_status":"closed","template":"","meta":{"_et_pb_use_builder":"on","_et_pb_old_content":"","_et_gb_content_width":"","spay_email":""},"jetpack_sharing_enabled":true,"jetpack_likes_enabled":true,"_links":{"self":[{"href":"https:\/\/gsfsergi.ebyu.edu.tr\/index.php?rest_route=\/wp\/v2\/pages\/1629"}],"collection":[{"href":"https:\/\/gsfsergi.ebyu.edu.tr\/index.php?rest_route=\/wp\/v2\/pages"}],"about":[{"href":"https:\/\/gsfsergi.ebyu.edu.tr\/index.php?rest_route=\/wp\/v2\/types\/page"}],"author":[{"embeddable":true,"href":"https:\/\/gsfsergi.ebyu.edu.tr\/index.php?rest_route=\/wp\/v2\/users\/9"}],"replies":[{"embeddable":true,"href":"https:\/\/gsfsergi.ebyu.edu.tr\/index.php?rest_route=%2Fwp%2Fv2%2Fcomments&post=1629"}],"version-history":[{"count":3,"href":"https:\/\/gsfsergi.ebyu.edu.tr\/index.php?rest_route=\/wp\/v2\/pages\/1629\/revisions"}],"predecessor-version":[{"id":1639,"href":"https:\/\/gsfsergi.ebyu.edu.tr\/index.php?rest_route=\/wp\/v2\/pages\/1629\/revisions\/1639"}],"wp:attachment":[{"href":"https:\/\/gsfsergi.ebyu.edu.tr\/index.php?rest_route=%2Fwp%2Fv2%2Fmedia&parent=1629"}],"curies":[{"name":"wp","href":"https:\/\/api.w.org\/{rel}","templated":true}]}}