{"id":1402,"date":"2020-06-05T13:10:21","date_gmt":"2020-06-05T10:10:21","guid":{"rendered":"https:\/\/gsfsergi.ebyu.edu.tr\/?page_id=1402"},"modified":"2020-06-05T14:56:54","modified_gmt":"2020-06-05T11:56:54","slug":"mustafa-ata","status":"publish","type":"page","link":"https:\/\/gsfsergi.ebyu.edu.tr\/?page_id=1402","title":{"rendered":"Mustafa Ata"},"content":{"rendered":"<p>[et_pb_section fb_built=&#8221;1&#8243; _builder_version=&#8221;4.4.8&#8243;][et_pb_row column_structure=&#8221;1_2,1_2&#8243; _builder_version=&#8221;4.4.8&#8243;][et_pb_column type=&#8221;1_2&#8243; _builder_version=&#8221;4.4.8&#8243;][et_pb_image src=&#8221;https:\/\/gsfsergi.ebyu.edu.tr\/wp-content\/uploads\/2020\/06\/Mustafa_Ata.jpg&#8221; title_text=&#8221;Mustafa_Ata&#8221; align=&#8221;right&#8221; _builder_version=&#8221;4.4.8&#8243; hover_enabled=&#8221;0&#8243; custom_padding=&#8221;60px||||false|false&#8221;][\/et_pb_image][\/et_pb_column][et_pb_column type=&#8221;1_2&#8243; _builder_version=&#8221;4.4.8&#8243;][et_pb_text _builder_version=&#8221;4.4.8&#8243; hover_enabled=&#8221;0&#8243; custom_padding=&#8221;60px||60px||false|false&#8221;]<\/p>\n<table id=\"lebrizArtist_bio_tblBio\" class=\" alignleft\" border=\"0\" cellspacing=\"3\" cellpadding=\"1\">\n<tbody>\n<tr>\n<td id=\"lebrizArtist_bio_lblBio\" class=\"textStd_M\" align=\"left\" valign=\"top\">Mart 1945\u2019te Trabzon\u2019da do\u011fdu.1957-1961 y\u0131llar\u0131 aras\u0131nda Trabzon Kanuni Ortaokulu\u2019nda ,1961-1964 y\u0131llar\u0131 aras\u0131nda Trabzon Lisesi\u2019nde e\u011fitim g\u00f6rd\u00fc.\u0130lk resim derslerini Devlet G\u00fczel Sanatlar Akademisi Y\u00fcksek Resim b\u00f6l\u00fcm\u00fcnden mezun resim \u00f6\u011fretmeni Temel Z\u00fcht\u00fc Ellezo\u011flu\u2019ndan bu y\u0131llarda ald\u0131.1966-1967 \u00f6\u011frenim d\u00f6neminde Devlet G\u00fczel Sanatlar Akademisi Y\u00fcksek Resim b\u00f6l\u00fcm\u00fcne girdi.<br \/>Adnan \u00c7oker at\u00f6lyesinde e\u011fitim g\u00f6rd\u00fc ve 1971\u2019de ayn\u0131 at\u00f6lyeden mezun oldu.D\u00f6nemin hocalar\u0131ndan ba\u015fta at\u00f6lye hocas\u0131 Adnan \u00c7oker olmak \u00fczere,Cevat Dereli,Sabri Berkel,\u015eefik Bursal\u0131,Kemal Bilensoy ve Kenan Yontu\u00e7\u2019tan e\u011fitim ald\u0131.Akademi ve \u00f6zel yar\u0131\u015fmalarda elde etti\u011fi ba\u015far\u0131lar\u0131yla dikkat \u00e7ekti.Ya\u015fad\u0131\u011f\u0131 d\u00f6nemin ve ge\u00e7mi\u015fin toplumsal olaylar\u0131yla yak\u0131ndan ilgilendi ve bu i\u00e7erikte ba\u015fyap\u0131t olabilecek eserler \u00fcretti.1972\u2019 de Devlet G\u00fczel Sanatlar Akademisi Y\u00fcksek Resim b\u00f6l\u00fcm\u00fc Adnan \u00c7oker at\u00f6lyesine asistan oldu.Ayn\u0131 y\u0131l Salih Urall\u0131\u2019yla birlikte \u201cResim Teknolojisi\u201d ders hocal\u0131\u011f\u0131n\u0131 da \u00fcstlendi.1971-1991 y\u0131llar\u0131 aras\u0131nda avrupadaki sanat merkezlerinde ara\u015ft\u0131rmalarda bulundu.<br \/>1978\u2019de \u201cSentetik Plastik Malzemeler,Bi\u00e7imlendirme Y\u00f6ntemleri,Sanatta Kullan\u0131m\u0131\u201d adl\u0131 kitab\u0131yla sanatta yeterlilik ald\u0131.Bug\u00fcne kadar pek \u00e7ok \u00f6d\u00fcle,yurd\u0131\u015f\u0131nda kat\u0131ld\u0131\u011f\u0131 karma sergi ve bienallere,yurt i\u00e7inde ger\u00e7ekle\u015ftirdi\u011fi 36 ki\u015fisel sergi ve say\u0131s\u0131z gurup sergisine imza att\u0131.Eserleri, yurt i\u00e7inde ve yurt d\u0131\u015f\u0131nda \u00f6zel koleksiyon,m\u00fcze ,devlet ve resmi kurulu\u015flarda bulunuyor . Aral\u0131k 2013\u2019te yay\u0131nlanan kapsaml\u0131 bir kitapla e\u015f zamanl\u0131 olarak ilk retrospektif sergisini Mustafa Kemal Merkezi,Be\u015fikta\u015f \u00e7a\u011fda\u015f\u2019ta a\u00e7an sanat\u00e7\u0131;ba\u015flang\u0131\u00e7ta bi\u00e7imi ( fig\u00fcr\u00fc) baz alarak an\u0131tsalla\u015ft\u0131rd\u0131\u011f\u0131 oylumlu kompozisyonlar\u0131,zamanla renk tercih edilerek bas\u0131k modleyle tariflemi\u015f,renk-\u015feritleri olarak adland\u0131r\u0131labilecek kendine \u00f6zg\u00fc bir yap\u0131 ve kavram\u0131n yarat\u0131c\u0131l\u0131\u011f\u0131n\u0131 \u00fcstlenmi\u015ftir.Ba\u015flang\u0131\u00e7tan bug\u00fcne sanat\u0131nda ge\u00e7irdi\u011fi evrelerde ula\u015ft\u0131\u011f\u0131 yal\u0131nl\u0131k ve renkle bi\u00e7im aras\u0131nda kurdu\u011fu ili\u015fkide olu\u015fturdu\u011fu jest\u00fcel kaligrafik \u00f6rg\u00fc onun bug\u00fcnk\u00fc \u00f6zg\u00fcn yap\u0131s\u0131n\u0131 olu\u015fturur.Sanat\u00e7\u0131 \u00e7al\u0131\u015fmalar\u0131n\u0131 \u0130stanbul \u015eilede\u2019ki An\u0131t At\u00f6lye\u2019de s\u00fcrd\u00fcr\u00fcyor.<\/p>\n<p>Not;Yukar\u0131da Mustafa Ata\u2019ya ait k\u0131salt\u0131lm\u0131\u015f \u00f6zge\u00e7mi\u015f yaz\u0131s\u0131 ,sanal, yaz\u0131l\u0131, s\u00f6zsel veya g\u00f6rsel bas\u0131nda ancak sanat\u00e7\u0131n\u0131n izniyle kullan\u0131labilir.<strong>Dan\u0131\u015fmanl\u0131k Yapt\u0131\u011f\u0131 TV Dizileri<\/strong><\/p>\n<p>1988 &#8220;Sanayi-i Nefise Mektebinden G\u00fczel Sanatlar Akademisine&#8221;<br \/>1994 &#8220;T\u00fcrk Resminde Kad\u0131n&#8221;<\/p>\n<p>Ankara, \u0130zmir, \u0130stanbul Resim ve Heykel m\u00fczelerinde, Yurti\u00e7i-Yurtd\u0131\u015f\u0131 \u00d6zel ve Resmi koleksiyon \u00e7ok say\u0131da yap\u0131tlar\u0131 bulunmaktad\u0131r.<br \/>Sanat\u00e7\u0131 \u00e7al\u0131\u015fmalar\u0131n\u0131 \u0130stanbul \u015eile&#8217;deki at\u00f6lyesinde s\u00fcrd\u00fcrmektedir.<\/p>\n<\/td>\n<\/tr>\n<tr>\n<td id=\"lebrizArtist_bio_tdAwards\" colspan=\"2\" align=\"center\">\n<table id=\"lebrizArtist_bio_titAwards_tblMain\" border=\"0\" cellspacing=\"0\" cellpadding=\"0\">\n<tbody>\n<tr id=\"lebrizArtist_bio_titAwards_trTitle\">\n<td id=\"lebrizArtist_bio_titAwards_tdTitleLeft\" class=\"textStd_M\" align=\"left\">\u00d6d\u00fcller<\/td>\n<td id=\"lebrizArtist_bio_titAwards_tdTitleCenter\" class=\"textStd_M\" align=\"center\">\u00a0<\/td>\n<td id=\"lebrizArtist_bio_titAwards_tdTitleRight\" class=\"textStd_M\" align=\"right\">\u00a0<\/td>\n<\/tr>\n<tr id=\"lebrizArtist_bio_titAwards_trTitleUnderline\">\n<td class=\"titleUnderline\" colspan=\"3\">\u00a0<\/td>\n<\/tr>\n<tr id=\"lebrizArtist_bio_titAwards_trSpacer\"><\/tr>\n<\/tbody>\n<\/table>\n<table id=\"lebrizArtist_bio_dlstAwards\" border=\"0\" cellspacing=\"0\">\n<tbody>\n<tr>\n<td align=\"left\">\n<table id=\"lebrizArtist_bio_dlstAwards_ctl00_tblAward\" border=\"0\" cellspacing=\"2\" cellpadding=\"2\">\n<tbody>\n<tr>\n<td id=\"lebrizArtist_bio_dlstAwards_ctl00_tdDate\" class=\"textStd_M\" align=\"right\" valign=\"top\">2013<\/td>\n<td id=\"lebrizArtist_bio_dlstAwards_ctl00_tdAward\" class=\"textStd_M\" align=\"left\" valign=\"top\">T\u00fcyap Sanat Fuar\u0131 Onur \u00d6d\u00fcl\u00fc<\/td>\n<\/tr>\n<\/tbody>\n<\/table>\n<\/td>\n<\/tr>\n<tr>\n<td align=\"left\">\n<table id=\"lebrizArtist_bio_dlstAwards_ctl01_tblAward\" border=\"0\" cellspacing=\"2\" cellpadding=\"2\">\n<tbody>\n<tr>\n<td id=\"lebrizArtist_bio_dlstAwards_ctl01_tdDate\" class=\"textStd_M\" align=\"right\" valign=\"top\">2008<\/td>\n<td id=\"lebrizArtist_bio_dlstAwards_ctl01_tdAward\" class=\"textStd_M\" align=\"left\" valign=\"top\">Trabzon Uluslararas\u0131 K\u00fclt\u00fcr ve Sanat \u015eenli\u011fi Plastik Sanatlar \u00d6d\u00fcl\u00fc<\/td>\n<\/tr>\n<\/tbody>\n<\/table>\n<\/td>\n<\/tr>\n<tr>\n<td align=\"left\">\n<table id=\"lebrizArtist_bio_dlstAwards_ctl02_tblAward\" border=\"0\" cellspacing=\"2\" cellpadding=\"2\">\n<tbody>\n<tr>\n<td id=\"lebrizArtist_bio_dlstAwards_ctl02_tdDate\" class=\"textStd_M\" align=\"right\" valign=\"top\">1996<\/td>\n<td id=\"lebrizArtist_bio_dlstAwards_ctl02_tdAward\" class=\"textStd_M\" align=\"left\" valign=\"top\">T\u00fcrkiye Gazeteciler Cemiyeti Sedat Simavi G\u00f6rsel Sanatlar \u00d6d\u00fcl\u00fc<\/td>\n<\/tr>\n<\/tbody>\n<\/table>\n<\/td>\n<\/tr>\n<tr>\n<td align=\"left\">\n<table id=\"lebrizArtist_bio_dlstAwards_ctl03_tblAward\" border=\"0\" cellspacing=\"2\" cellpadding=\"2\">\n<tbody>\n<tr>\n<td id=\"lebrizArtist_bio_dlstAwards_ctl03_tdDate\" class=\"textStd_M\" align=\"right\" valign=\"top\">1987<\/td>\n<td id=\"lebrizArtist_bio_dlstAwards_ctl03_tdAward\" class=\"textStd_M\" align=\"left\" valign=\"top\">6. \u0130stanbul Sanat Bayram\u0131 Yeni E\u011filimler Sergisi Ba\u015far\u0131 \u00d6d\u00fcl\u00fc<\/td>\n<\/tr>\n<\/tbody>\n<\/table>\n<\/td>\n<\/tr>\n<tr>\n<td align=\"left\">\n<table id=\"lebrizArtist_bio_dlstAwards_ctl04_tblAward\" border=\"0\" cellspacing=\"2\" cellpadding=\"2\">\n<tbody>\n<tr>\n<td id=\"lebrizArtist_bio_dlstAwards_ctl04_tdDate\" class=\"textStd_M\" align=\"right\" valign=\"top\">1986<\/td>\n<td id=\"lebrizArtist_bio_dlstAwards_ctl04_tdAward\" class=\"textStd_M\" align=\"left\" valign=\"top\">TPAO Atat\u00fcrk 5. Resim Yar\u0131\u015fmas\u0131, Mansiyon<\/td>\n<\/tr>\n<\/tbody>\n<\/table>\n<\/td>\n<\/tr>\n<tr>\n<td align=\"left\">\n<table id=\"lebrizArtist_bio_dlstAwards_ctl05_tblAward\" border=\"0\" cellspacing=\"2\" cellpadding=\"2\">\n<tbody>\n<tr>\n<td id=\"lebrizArtist_bio_dlstAwards_ctl05_tdDate\" class=\"textStd_M\" align=\"right\" valign=\"top\">1986<\/td>\n<td id=\"lebrizArtist_bio_dlstAwards_ctl05_tdAward\" class=\"textStd_M\" align=\"left\" valign=\"top\">20. DYO Resim Sergisi, Mansiyon<\/td>\n<\/tr>\n<\/tbody>\n<\/table>\n<\/td>\n<\/tr>\n<tr>\n<td align=\"left\">\n<table id=\"lebrizArtist_bio_dlstAwards_ctl06_tblAward\" border=\"0\" cellspacing=\"2\" cellpadding=\"2\">\n<tbody>\n<tr>\n<td id=\"lebrizArtist_bio_dlstAwards_ctl06_tdDate\" class=\"textStd_M\" align=\"right\" valign=\"top\">1986<\/td>\n<td id=\"lebrizArtist_bio_dlstAwards_ctl06_tdAward\" class=\"textStd_M\" align=\"left\" valign=\"top\">G\u00fcn\u00fcm\u00fcz Sanat\u00e7\u0131lar\u0131 7. \u0130stanbul Sergisi Ba\u015far\u0131 \u00d6d\u00fcl\u00fc<\/td>\n<\/tr>\n<\/tbody>\n<\/table>\n<\/td>\n<\/tr>\n<tr>\n<td align=\"left\">\n<table id=\"lebrizArtist_bio_dlstAwards_ctl07_tblAward\" border=\"0\" cellspacing=\"2\" cellpadding=\"2\">\n<tbody>\n<tr>\n<td id=\"lebrizArtist_bio_dlstAwards_ctl07_tdDate\" class=\"textStd_M\" align=\"right\" valign=\"top\">1984<\/td>\n<td id=\"lebrizArtist_bio_dlstAwards_ctl07_tdAward\" class=\"textStd_M\" align=\"left\" valign=\"top\">\u0130n\u00f6n\u00fc Vakf\u0131 Resim Yar\u0131\u015fmas\u0131, Mansiyon<\/td>\n<\/tr>\n<\/tbody>\n<\/table>\n<\/td>\n<\/tr>\n<tr>\n<td align=\"left\">\n<table id=\"lebrizArtist_bio_dlstAwards_ctl08_tblAward\" border=\"0\" cellspacing=\"2\" cellpadding=\"2\">\n<tbody>\n<tr>\n<td id=\"lebrizArtist_bio_dlstAwards_ctl08_tdDate\" class=\"textStd_M\" align=\"right\" valign=\"top\">1983<\/td>\n<td id=\"lebrizArtist_bio_dlstAwards_ctl08_tdAward\" class=\"textStd_M\" align=\"left\" valign=\"top\">G\u00fcn\u00fcm\u00fcz Sanat\u00e7\u0131lar\u0131 4. \u0130stanbul Sergisi Ba\u015far\u0131 \u00d6d\u00fcl\u00fc<\/td>\n<\/tr>\n<\/tbody>\n<\/table>\n<\/td>\n<\/tr>\n<tr>\n<td align=\"left\">\n<table id=\"lebrizArtist_bio_dlstAwards_ctl09_tblAward\" border=\"0\" cellspacing=\"2\" cellpadding=\"2\">\n<tbody>\n<tr>\n<td id=\"lebrizArtist_bio_dlstAwards_ctl09_tdDate\" class=\"textStd_M\" align=\"right\" valign=\"top\">1980<\/td>\n<td id=\"lebrizArtist_bio_dlstAwards_ctl09_tdAward\" class=\"textStd_M\" align=\"left\" valign=\"top\">14. DYO Resim Sergisi Ba\u015far\u0131 \u00d6d\u00fcl\u00fc<\/td>\n<\/tr>\n<\/tbody>\n<\/table>\n<\/td>\n<\/tr>\n<tr>\n<td align=\"left\">\n<table id=\"lebrizArtist_bio_dlstAwards_ctl10_tblAward\" border=\"0\" cellspacing=\"2\" cellpadding=\"2\">\n<tbody>\n<tr>\n<td id=\"lebrizArtist_bio_dlstAwards_ctl10_tdDate\" class=\"textStd_M\" align=\"right\" valign=\"top\">1979<\/td>\n<td id=\"lebrizArtist_bio_dlstAwards_ctl10_tdAward\" class=\"textStd_M\" align=\"left\" valign=\"top\">2. \u0130stanbul Sanat Bayram\u0131 Yeni E\u011filimler Sergisi, Ba\u015far\u0131 \u00d6d\u00fcl\u00fc<\/td>\n<\/tr>\n<\/tbody>\n<\/table>\n<\/td>\n<\/tr>\n<tr>\n<td align=\"left\">\n<table id=\"lebrizArtist_bio_dlstAwards_ctl11_tblAward\" border=\"0\" cellspacing=\"2\" cellpadding=\"2\">\n<tbody>\n<tr>\n<td id=\"lebrizArtist_bio_dlstAwards_ctl11_tdDate\" class=\"textStd_M\" align=\"right\" valign=\"top\">1979<\/td>\n<td id=\"lebrizArtist_bio_dlstAwards_ctl11_tdAward\" class=\"textStd_M\" align=\"left\" valign=\"top\">G\u00f6rsel Sanat\u00e7\u0131lar Derne\u011fi Ba\u015far\u0131 \u00d6d\u00fcl\u00fc<\/td>\n<\/tr>\n<\/tbody>\n<\/table>\n<\/td>\n<\/tr>\n<tr>\n<td align=\"left\">\n<table id=\"lebrizArtist_bio_dlstAwards_ctl12_tblAward\" border=\"0\" cellspacing=\"2\" cellpadding=\"2\">\n<tbody>\n<tr>\n<td id=\"lebrizArtist_bio_dlstAwards_ctl12_tdDate\" class=\"textStd_M\" align=\"right\" valign=\"top\">1976<\/td>\n<td id=\"lebrizArtist_bio_dlstAwards_ctl12_tdAward\" class=\"textStd_M\" align=\"left\" valign=\"top\">Yar\u0131mca K\u00fclt\u00fcr ve Sanat \u015eenli\u011fi 3. \u00d6d\u00fcl<\/td>\n<\/tr>\n<\/tbody>\n<\/table>\n<\/td>\n<\/tr>\n<tr>\n<td align=\"left\">\n<table id=\"lebrizArtist_bio_dlstAwards_ctl13_tblAward\" border=\"0\" cellspacing=\"2\" cellpadding=\"2\">\n<tbody>\n<tr>\n<td id=\"lebrizArtist_bio_dlstAwards_ctl13_tdDate\" class=\"textStd_M\" align=\"right\" valign=\"top\">1969<\/td>\n<td id=\"lebrizArtist_bio_dlstAwards_ctl13_tdAward\" class=\"textStd_M\" align=\"left\" valign=\"top\">Ahmet Andi\u00e7en Sanat \u00d6d\u00fclleri Yar\u0131\u015fmas\u0131 2. \u00d6d\u00fcl<\/td>\n<\/tr>\n<\/tbody>\n<\/table>\n<\/td>\n<\/tr>\n<\/tbody>\n<\/table>\n<\/td>\n<\/tr>\n<\/tbody>\n<\/table>\n<p>[\/et_pb_text][\/et_pb_column][\/et_pb_row][\/et_pb_section]<\/p>\n","protected":false},"excerpt":{"rendered":"<p>[et_pb_section fb_built=&#8221;1&#8243; _builder_version=&#8221;4.4.8&#8243;][et_pb_row column_structure=&#8221;1_2,1_2&#8243; _builder_version=&#8221;4.4.8&#8243;][et_pb_column type=&#8221;1_2&#8243; _builder_version=&#8221;4.4.8&#8243;][et_pb_image src=&#8221;https:\/\/gsfsergi.ebyu.edu.tr\/wp-content\/uploads\/2020\/06\/Mustafa_Ata.jpg&#8221; title_text=&#8221;Mustafa_Ata&#8221; align=&#8221;right&#8221; _builder_version=&#8221;4.4.8&#8243; hover_enabled=&#8221;0&#8243; custom_padding=&#8221;60px||||false|false&#8221;][\/et_pb_image][\/et_pb_column][et_pb_column type=&#8221;1_2&#8243; _builder_version=&#8221;4.4.8&#8243;][et_pb_text _builder_version=&#8221;4.4.8&#8243; hover_enabled=&#8221;0&#8243; custom_padding=&#8221;60px||60px||false|false&#8221;] Mart 1945\u2019te Trabzon\u2019da do\u011fdu.1957-1961 y\u0131llar\u0131 aras\u0131nda Trabzon Kanuni Ortaokulu\u2019nda ,1961-1964 y\u0131llar\u0131 aras\u0131nda Trabzon Lisesi\u2019nde e\u011fitim g\u00f6rd\u00fc.\u0130lk resim derslerini Devlet G\u00fczel Sanatlar Akademisi Y\u00fcksek Resim b\u00f6l\u00fcm\u00fcnden mezun resim \u00f6\u011fretmeni Temel Z\u00fcht\u00fc Ellezo\u011flu\u2019ndan bu y\u0131llarda ald\u0131.1966-1967 \u00f6\u011frenim d\u00f6neminde Devlet [&hellip;]<\/p>\n","protected":false},"author":9,"featured_media":0,"parent":0,"menu_order":0,"comment_status":"closed","ping_status":"closed","template":"","meta":{"_et_pb_use_builder":"on","_et_pb_old_content":"","_et_gb_content_width":"","spay_email":""},"jetpack_sharing_enabled":true,"jetpack_likes_enabled":true,"_links":{"self":[{"href":"https:\/\/gsfsergi.ebyu.edu.tr\/index.php?rest_route=\/wp\/v2\/pages\/1402"}],"collection":[{"href":"https:\/\/gsfsergi.ebyu.edu.tr\/index.php?rest_route=\/wp\/v2\/pages"}],"about":[{"href":"https:\/\/gsfsergi.ebyu.edu.tr\/index.php?rest_route=\/wp\/v2\/types\/page"}],"author":[{"embeddable":true,"href":"https:\/\/gsfsergi.ebyu.edu.tr\/index.php?rest_route=\/wp\/v2\/users\/9"}],"replies":[{"embeddable":true,"href":"https:\/\/gsfsergi.ebyu.edu.tr\/index.php?rest_route=%2Fwp%2Fv2%2Fcomments&post=1402"}],"version-history":[{"count":3,"href":"https:\/\/gsfsergi.ebyu.edu.tr\/index.php?rest_route=\/wp\/v2\/pages\/1402\/revisions"}],"predecessor-version":[{"id":1474,"href":"https:\/\/gsfsergi.ebyu.edu.tr\/index.php?rest_route=\/wp\/v2\/pages\/1402\/revisions\/1474"}],"wp:attachment":[{"href":"https:\/\/gsfsergi.ebyu.edu.tr\/index.php?rest_route=%2Fwp%2Fv2%2Fmedia&parent=1402"}],"curies":[{"name":"wp","href":"https:\/\/api.w.org\/{rel}","templated":true}]}}