{"id":1378,"date":"2020-06-05T09:51:13","date_gmt":"2020-06-05T06:51:13","guid":{"rendered":"https:\/\/gsfsergi.ebyu.edu.tr\/?page_id=1378"},"modified":"2020-06-05T14:48:47","modified_gmt":"2020-06-05T11:48:47","slug":"fikret-hasimov","status":"publish","type":"page","link":"https:\/\/gsfsergi.ebyu.edu.tr\/?page_id=1378","title":{"rendered":"Fikret Ha\u015fimov"},"content":{"rendered":"<p>[et_pb_section fb_built=&#8221;1&#8243; _builder_version=&#8221;4.4.8&#8243;][et_pb_row column_structure=&#8221;1_2,1_2&#8243; _builder_version=&#8221;4.4.8&#8243;][et_pb_column type=&#8221;1_2&#8243; _builder_version=&#8221;4.4.8&#8243;][et_pb_image src=&#8221;https:\/\/gsfsergi.ebyu.edu.tr\/wp-content\/uploads\/2020\/06\/Fikret_Hasimov.jpg&#8221; title_text=&#8221;Fikret_Hasimov&#8221; align=&#8221;right&#8221; _builder_version=&#8221;4.4.8&#8243; hover_enabled=&#8221;0&#8243; custom_padding=&#8221;60px||||false|false&#8221;][\/et_pb_image][\/et_pb_column][et_pb_column type=&#8221;1_2&#8243; _builder_version=&#8221;4.4.8&#8243;][et_pb_text _builder_version=&#8221;4.4.8&#8243; hover_enabled=&#8221;0&#8243; custom_padding=&#8221;60px||60px||false|false&#8221;]<\/p>\n<p style=\"text-align: left\"><strong>1974, Lisans<\/strong>, S.T. Petersburg G\u00fczel Sanatlar Akademisi;<\/p>\n<p style=\"text-align: left\"><strong>1976, Y. Lisans<\/strong>, S.T. Petersburg G\u00fczel Sanatlar Akademisi;<\/p>\n<p style=\"text-align: left\"><strong>1980, Doktora<\/strong>, Bak\u00fc G\u00fczel Sanatlar \u00dcniversitesi;<\/p>\n<ul style=\"text-align: left\">\n<li>Palet Dostlu\u011fu Sergisi, Prag-Bak\u00fc, UH. Hradi\u015fte, \u00c7ekoslovakya, 1982;<\/li>\n<li>Grup Sergisi, Bak\u00fc, Azerbaycan, 1983;<\/li>\n<li>Grup Sergisi, Moskova, Rusya, 1985;<\/li>\n<li>Grup Sergisi, Prag, \u00c7ek Cumhuriyeti, 1986<\/li>\n<li>Santa Monica Sanat Galerisi, California, Los Angeles, Amerika Birle\u015fik Devletleri,1987;<\/li>\n<li>Kafkasya Ressamlar Bienali, Tiflis, G\u00fcrcistan, 1987;<\/li>\n<li>Grup Sergisi, Nitsa, Nant, Fransa, Berlin, Almanya, Dubai, Birle\u015fik Arap Emirlikleri,1987;<\/li>\n<li>Uluslar aras\u0131 6. T\u00fcrk D\u00fcnyas\u0131 Resim Sergisi, Ankara, T\u00fcrkiye, 2003;<\/li>\n<li>T\u00fcrk D\u00fcnyas\u0131 Karma Resim Sergisi, Ankara, T\u00fcrkiye, 2005;<\/li>\n<li>Uluslar aras\u0131 10. T\u00fcrk D\u00fcnyas\u0131 Resim Sergisi, Ceyhan, T\u00fcrkiye, 2008;<\/li>\n<li>T\u00fcrkiye\u2019de Ya\u015fayan Azerbaycanl\u0131 Ressamlar\u0131n G\u00f6z\u00fcyle \u201cYaral\u0131 Karaba\u011f\u201d, \u0130stanbul, T\u00fcrkiye, 2008;<\/li>\n<li>Uluslararas\u0131 Bask\u0131 Resim Sergisi, Erzincan, T\u00fcrkiye, 2009;<\/li>\n<li>Azerbaycan \u00c7a\u011fda\u015f Sanatlar M\u00fczesi Daimi Koleksiyon, Bak\u00fc, Azerbaycan, 2009;<\/li>\n<li>Mu\u011fla \u00dcniversitesi G\u00fczel Sanatlar ve Tasar\u0131m Fak\u00fclteleri \u00d6\u011fretim Elemanlar\u0131 Sergisi, Mu\u011fla, T\u00fcrkiye, 2009;<\/li>\n<li>\u201c2011\u2019e Do\u011fru Uluslar aras\u0131 Sanat Bulu\u015fmas\u0131\u201d Sergisi, Erzurum, T\u00fcrkiye, 2009;<\/li>\n<li>B\u00fcy\u00fck Bulu\u015fma 22 Ocak-22 \u015eubat I\u015f\u0131k \u00dcniversitesi G\u00fczel Sanatlar Fak\u00fcltesi Galeri, I\u015f\u0131k, \u0130stanbul, 2010;<\/li>\n<\/ul>\n<p>&nbsp;<\/p>\n<p style=\"text-align: left\"><strong>&#8211;<\/strong>\u00a0 Ressam\u0131n eserleri T\u00fcrkiye, Fransa, Rusya, Amerika Birle\u015fik Devletleri, Almanya, Hollanda, \u00c7ekoslovakya \u00fclkelerinin koleksiyonlar\u0131nda bulunmaktad\u0131r.<\/p>\n<p style=\"text-align: left\"><strong>&#8211;<\/strong> Azerbaycan Cumhurba\u015fkan\u0131 Haydar Aliyev\u2019in ferman\u0131 ile Ressam Fikret Ha\u015fimov\u2019a \u201cEmektar Ressam\u201d unvan\u0131 verilmi\u015ftir, 30 May\u0131s 2002.<\/p>\n<p>[\/et_pb_text][\/et_pb_column][\/et_pb_row][\/et_pb_section]<\/p>\n","protected":false},"excerpt":{"rendered":"<p>[et_pb_section fb_built=&#8221;1&#8243; _builder_version=&#8221;4.4.8&#8243;][et_pb_row column_structure=&#8221;1_2,1_2&#8243; _builder_version=&#8221;4.4.8&#8243;][et_pb_column type=&#8221;1_2&#8243; _builder_version=&#8221;4.4.8&#8243;][et_pb_image src=&#8221;https:\/\/gsfsergi.ebyu.edu.tr\/wp-content\/uploads\/2020\/06\/Fikret_Hasimov.jpg&#8221; title_text=&#8221;Fikret_Hasimov&#8221; align=&#8221;right&#8221; _builder_version=&#8221;4.4.8&#8243; hover_enabled=&#8221;0&#8243; custom_padding=&#8221;60px||||false|false&#8221;][\/et_pb_image][\/et_pb_column][et_pb_column type=&#8221;1_2&#8243; _builder_version=&#8221;4.4.8&#8243;][et_pb_text _builder_version=&#8221;4.4.8&#8243; hover_enabled=&#8221;0&#8243; custom_padding=&#8221;60px||60px||false|false&#8221;] 1974, Lisans, S.T. Petersburg G\u00fczel Sanatlar Akademisi; 1976, Y. Lisans, S.T. Petersburg G\u00fczel Sanatlar Akademisi; 1980, Doktora, Bak\u00fc G\u00fczel Sanatlar \u00dcniversitesi; Palet Dostlu\u011fu Sergisi, Prag-Bak\u00fc, UH. Hradi\u015fte, \u00c7ekoslovakya, 1982; Grup Sergisi, Bak\u00fc, Azerbaycan, 1983; Grup Sergisi, Moskova, [&hellip;]<\/p>\n","protected":false},"author":9,"featured_media":0,"parent":0,"menu_order":0,"comment_status":"closed","ping_status":"closed","template":"","meta":{"_et_pb_use_builder":"on","_et_pb_old_content":"","_et_gb_content_width":"","spay_email":""},"jetpack_sharing_enabled":true,"jetpack_likes_enabled":true,"_links":{"self":[{"href":"https:\/\/gsfsergi.ebyu.edu.tr\/index.php?rest_route=\/wp\/v2\/pages\/1378"}],"collection":[{"href":"https:\/\/gsfsergi.ebyu.edu.tr\/index.php?rest_route=\/wp\/v2\/pages"}],"about":[{"href":"https:\/\/gsfsergi.ebyu.edu.tr\/index.php?rest_route=\/wp\/v2\/types\/page"}],"author":[{"embeddable":true,"href":"https:\/\/gsfsergi.ebyu.edu.tr\/index.php?rest_route=\/wp\/v2\/users\/9"}],"replies":[{"embeddable":true,"href":"https:\/\/gsfsergi.ebyu.edu.tr\/index.php?rest_route=%2Fwp%2Fv2%2Fcomments&post=1378"}],"version-history":[{"count":4,"href":"https:\/\/gsfsergi.ebyu.edu.tr\/index.php?rest_route=\/wp\/v2\/pages\/1378\/revisions"}],"predecessor-version":[{"id":1460,"href":"https:\/\/gsfsergi.ebyu.edu.tr\/index.php?rest_route=\/wp\/v2\/pages\/1378\/revisions\/1460"}],"wp:attachment":[{"href":"https:\/\/gsfsergi.ebyu.edu.tr\/index.php?rest_route=%2Fwp%2Fv2%2Fmedia&parent=1378"}],"curies":[{"name":"wp","href":"https:\/\/api.w.org\/{rel}","templated":true}]}}