{"id":1198,"date":"2020-06-03T15:34:17","date_gmt":"2020-06-03T12:34:17","guid":{"rendered":"https:\/\/gsfsergi.ebyu.edu.tr\/?page_id=1198"},"modified":"2020-06-05T14:52:18","modified_gmt":"2020-06-05T11:52:18","slug":"husnu-dokak","status":"publish","type":"page","link":"https:\/\/gsfsergi.ebyu.edu.tr\/?page_id=1198","title":{"rendered":"H\u00fcsn\u00fc Dokak"},"content":{"rendered":"<p>[et_pb_section fb_built=&#8221;1&#8243; _builder_version=&#8221;4.4.7&#8243;][et_pb_row column_structure=&#8221;1_2,1_2&#8243; _builder_version=&#8221;4.4.7&#8243;][et_pb_column type=&#8221;1_2&#8243; _builder_version=&#8221;4.4.7&#8243;][et_pb_image src=&#8221;https:\/\/gsfsergi.ebyu.edu.tr\/wp-content\/uploads\/2020\/06\/Husnu_Dokak.jpg&#8221; title_text=&#8221;SONY DSC&#8221; align=&#8221;right&#8221; _builder_version=&#8221;4.4.8&#8243; hover_enabled=&#8221;0&#8243; custom_padding=&#8221;60px||||false|false&#8221;][\/et_pb_image][\/et_pb_column][et_pb_column type=&#8221;1_2&#8243; _builder_version=&#8221;4.4.7&#8243;][et_pb_text _builder_version=&#8221;4.4.8&#8243; hover_enabled=&#8221;0&#8243; custom_padding=&#8221;60px||60px||false|false&#8221;]<\/p>\n<p style=\"text-align: left\">Gazi \u00dcniversitesi E\u011fitim Fak\u00fcltesi Resim-\u0130\u015f B\u00f6l\u00fcm\u00fc\u2019n\u00fc 1982 y\u0131l\u0131nda bitirdi. Hacettepe Universitesi G\u00fczel Sanatlar Fak\u00fcltesi Resim B\u00f6l\u00fcm\u00fcnde 1989 y\u0131l\u0131nda y\u00fcksek lisanas, 1994 y\u0131l\u0131nda ise sanattta yeterlik egitimin tamamlad\u0131. 1992 y\u0131l\u0131nda Uluslararas\u0131 Salzburg Yaz Akademisinde Litografi at\u00f6lyesine devam etti. Hacettepe \u00dcniversitesi G\u00fczel Sanatlar Fak\u00fcltesi Resim B\u00f6l\u00fcm\u00fcnde s\u0131ras\u0131 ile,1988 y\u0131l\u0131nda arast\u0131rma gorevlisi, 1995 y\u0131l\u0131nda yard\u0131mc\u0131 do\u00e7ent, 1997 y\u0131l\u0131nda do\u00e7ent, 2003 y\u0131l\u0131nda ise profes\u00f6r oldu. 52. ve 54. Devlet Bask\u0131 Resim yar\u0131\u015fmalar\u0131nda \u00f6d\u00fcl ald\u0131.\u00a0 22 ki\u015fisel sergi a\u00e7t\u0131. \u00c7ok say\u0131da ulusal ve uluslararas\u0131 karma sergiye kat\u0131ld\u0131. 2011 y\u0131l\u0131nda USA \/ North Carolina State University\u2019de misafir \u00f6\u011fretim \u00fcyesi olarak ders verdi.<\/p>\n<p style=\"text-align: left\">2006 \u2013 2010 y\u0131llar\u0131 aras\u0131nda H.\u00dc G\u00fczel Sanatlar Fak\u00fcltesinde Dekanl\u0131k g\u00f6revinde bulundu.<\/p>\n<p style=\"text-align: left\">\n<p style=\"text-align: left\">Halen Ayn\u0131 fak\u00fcltede \u00f6\u011fretim \u00fcyesi ve Hacettepe Sanat M\u00fczesi M\u00fcd\u00fcr\u00fc olarak akademik \u00e7al\u0131\u015fmalar\u0131n\u0131 s\u00fcrd\u00fcrmektedir.<\/p>\n<p>[\/et_pb_text][\/et_pb_column][\/et_pb_row][\/et_pb_section]<\/p>\n","protected":false},"excerpt":{"rendered":"<p>[et_pb_section fb_built=&#8221;1&#8243; _builder_version=&#8221;4.4.7&#8243;][et_pb_row column_structure=&#8221;1_2,1_2&#8243; _builder_version=&#8221;4.4.7&#8243;][et_pb_column type=&#8221;1_2&#8243; _builder_version=&#8221;4.4.7&#8243;][et_pb_image src=&#8221;https:\/\/gsfsergi.ebyu.edu.tr\/wp-content\/uploads\/2020\/06\/Husnu_Dokak.jpg&#8221; title_text=&#8221;SONY DSC&#8221; align=&#8221;right&#8221; _builder_version=&#8221;4.4.8&#8243; hover_enabled=&#8221;0&#8243; custom_padding=&#8221;60px||||false|false&#8221;][\/et_pb_image][\/et_pb_column][et_pb_column type=&#8221;1_2&#8243; _builder_version=&#8221;4.4.7&#8243;][et_pb_text _builder_version=&#8221;4.4.8&#8243; hover_enabled=&#8221;0&#8243; custom_padding=&#8221;60px||60px||false|false&#8221;] Gazi \u00dcniversitesi E\u011fitim Fak\u00fcltesi Resim-\u0130\u015f B\u00f6l\u00fcm\u00fc\u2019n\u00fc 1982 y\u0131l\u0131nda bitirdi. Hacettepe Universitesi G\u00fczel Sanatlar Fak\u00fcltesi Resim B\u00f6l\u00fcm\u00fcnde 1989 y\u0131l\u0131nda y\u00fcksek lisanas, 1994 y\u0131l\u0131nda ise sanattta yeterlik egitimin tamamlad\u0131. 1992 y\u0131l\u0131nda Uluslararas\u0131 Salzburg Yaz Akademisinde Litografi at\u00f6lyesine devam [&hellip;]<\/p>\n","protected":false},"author":9,"featured_media":0,"parent":0,"menu_order":0,"comment_status":"closed","ping_status":"closed","template":"","meta":{"_et_pb_use_builder":"on","_et_pb_old_content":"","_et_gb_content_width":"","spay_email":""},"jetpack_sharing_enabled":true,"jetpack_likes_enabled":true,"_links":{"self":[{"href":"https:\/\/gsfsergi.ebyu.edu.tr\/index.php?rest_route=\/wp\/v2\/pages\/1198"}],"collection":[{"href":"https:\/\/gsfsergi.ebyu.edu.tr\/index.php?rest_route=\/wp\/v2\/pages"}],"about":[{"href":"https:\/\/gsfsergi.ebyu.edu.tr\/index.php?rest_route=\/wp\/v2\/types\/page"}],"author":[{"embeddable":true,"href":"https:\/\/gsfsergi.ebyu.edu.tr\/index.php?rest_route=\/wp\/v2\/users\/9"}],"replies":[{"embeddable":true,"href":"https:\/\/gsfsergi.ebyu.edu.tr\/index.php?rest_route=%2Fwp%2Fv2%2Fcomments&post=1198"}],"version-history":[{"count":5,"href":"https:\/\/gsfsergi.ebyu.edu.tr\/index.php?rest_route=\/wp\/v2\/pages\/1198\/revisions"}],"predecessor-version":[{"id":1466,"href":"https:\/\/gsfsergi.ebyu.edu.tr\/index.php?rest_route=\/wp\/v2\/pages\/1198\/revisions\/1466"}],"wp:attachment":[{"href":"https:\/\/gsfsergi.ebyu.edu.tr\/index.php?rest_route=%2Fwp%2Fv2%2Fmedia&parent=1198"}],"curies":[{"name":"wp","href":"https:\/\/api.w.org\/{rel}","templated":true}]}}