{"id":1189,"date":"2020-06-02T16:40:59","date_gmt":"2020-06-02T13:40:59","guid":{"rendered":"https:\/\/gsfsergi.ebyu.edu.tr\/?page_id=1189"},"modified":"2020-06-05T14:55:04","modified_gmt":"2020-06-05T11:55:04","slug":"otomatik-taslak-3","status":"publish","type":"page","link":"https:\/\/gsfsergi.ebyu.edu.tr\/?page_id=1189","title":{"rendered":"Mehmet Y\u0131lmaz"},"content":{"rendered":"<p>[et_pb_section fb_built=&#8221;1&#8243; _builder_version=&#8221;4.4.7&#8243;][et_pb_row column_structure=&#8221;1_2,1_2&#8243; _builder_version=&#8221;4.4.7&#8243;][et_pb_column type=&#8221;1_2&#8243; _builder_version=&#8221;4.4.7&#8243;][et_pb_image src=&#8221;https:\/\/gsfsergi.ebyu.edu.tr\/wp-content\/uploads\/2020\/06\/indir.jpg&#8221; title_text=&#8221;indir&#8221; align=&#8221;right&#8221; _builder_version=&#8221;4.4.8&#8243; hover_enabled=&#8221;0&#8243; custom_padding=&#8221;60px||||false|false&#8221;][\/et_pb_image][\/et_pb_column][et_pb_column type=&#8221;1_2&#8243; _builder_version=&#8221;4.4.7&#8243;][et_pb_text _builder_version=&#8221;4.4.8&#8243; hover_enabled=&#8221;0&#8243; custom_padding=&#8221;60px||60px||false|false&#8221;]<\/p>\n<p style=\"text-align: left\">d. Mersin,1963<\/p>\n<p style=\"text-align: left\">1987\u2019de Gazi \u00dcniversitesi Resim-\u0130\u015f E\u011fitimi B\u00f6l\u00fcm\u00fc\u2019nden mezun oldu. Hacettepe \u00dcniversitesi Resim Anasanat Dal\u0131nda Y\u00fcksek Lisans (1989) ve Sanatta Yeterlik dereceleri ald\u0131 (1993). 1990-2003 aras\u0131nda ODT\u00dc G\u00fczel Sanatlar ve M\u00fczik B\u00f6l\u00fcm\u00fc\u2019nde Resim, Heykel ve \u00c7a\u011fda\u015f Sanat dersleri verdi. 2003\u2019te Mersin \u00dcniversitesi G\u00fczel Sanatlar Fak\u00fcltesi Resim B\u00f6l\u00fcm\u00fc\u2019ne atand\u0131, 2004\u2019te Profes\u00f6r oldu. 2006\u2019da Gazi \u00dcniversitesi G\u00fczel Sanatlar Fak\u00fcltesi\u2019nde \u00e7al\u0131\u015fmaya ba\u015flad\u0131.<\/p>\n<p style=\"text-align: left\">Halen Gazi \u00dcniversitesi\u2019nde \u00f6\u011fretim \u00fcyesi ve yar\u0131 zamanl\u0131 olarak ODT\u00dc G\u00fczel Sanatlar ve M\u00fczik B\u00f6l\u00fcm\u00fc\u2019nde ders vermektedir.<\/p>\n<p>[\/et_pb_text][\/et_pb_column][\/et_pb_row][\/et_pb_section]<\/p>\n","protected":false},"excerpt":{"rendered":"<p>[et_pb_section fb_built=&#8221;1&#8243; _builder_version=&#8221;4.4.7&#8243;][et_pb_row column_structure=&#8221;1_2,1_2&#8243; _builder_version=&#8221;4.4.7&#8243;][et_pb_column type=&#8221;1_2&#8243; _builder_version=&#8221;4.4.7&#8243;][et_pb_image src=&#8221;https:\/\/gsfsergi.ebyu.edu.tr\/wp-content\/uploads\/2020\/06\/indir.jpg&#8221; title_text=&#8221;indir&#8221; align=&#8221;right&#8221; _builder_version=&#8221;4.4.8&#8243; hover_enabled=&#8221;0&#8243; custom_padding=&#8221;60px||||false|false&#8221;][\/et_pb_image][\/et_pb_column][et_pb_column type=&#8221;1_2&#8243; _builder_version=&#8221;4.4.7&#8243;][et_pb_text _builder_version=&#8221;4.4.8&#8243; hover_enabled=&#8221;0&#8243; custom_padding=&#8221;60px||60px||false|false&#8221;] d. Mersin,1963 1987\u2019de Gazi \u00dcniversitesi Resim-\u0130\u015f E\u011fitimi B\u00f6l\u00fcm\u00fc\u2019nden mezun oldu. Hacettepe \u00dcniversitesi Resim Anasanat Dal\u0131nda Y\u00fcksek Lisans (1989) ve Sanatta Yeterlik dereceleri ald\u0131 (1993). 1990-2003 aras\u0131nda ODT\u00dc G\u00fczel Sanatlar ve M\u00fczik B\u00f6l\u00fcm\u00fc\u2019nde Resim, Heykel ve \u00c7a\u011fda\u015f Sanat [&hellip;]<\/p>\n","protected":false},"author":9,"featured_media":0,"parent":0,"menu_order":0,"comment_status":"closed","ping_status":"closed","template":"","meta":{"_et_pb_use_builder":"on","_et_pb_old_content":"","_et_gb_content_width":"","spay_email":""},"jetpack_sharing_enabled":true,"jetpack_likes_enabled":true,"_links":{"self":[{"href":"https:\/\/gsfsergi.ebyu.edu.tr\/index.php?rest_route=\/wp\/v2\/pages\/1189"}],"collection":[{"href":"https:\/\/gsfsergi.ebyu.edu.tr\/index.php?rest_route=\/wp\/v2\/pages"}],"about":[{"href":"https:\/\/gsfsergi.ebyu.edu.tr\/index.php?rest_route=\/wp\/v2\/types\/page"}],"author":[{"embeddable":true,"href":"https:\/\/gsfsergi.ebyu.edu.tr\/index.php?rest_route=\/wp\/v2\/users\/9"}],"replies":[{"embeddable":true,"href":"https:\/\/gsfsergi.ebyu.edu.tr\/index.php?rest_route=%2Fwp%2Fv2%2Fcomments&post=1189"}],"version-history":[{"count":5,"href":"https:\/\/gsfsergi.ebyu.edu.tr\/index.php?rest_route=\/wp\/v2\/pages\/1189\/revisions"}],"predecessor-version":[{"id":1471,"href":"https:\/\/gsfsergi.ebyu.edu.tr\/index.php?rest_route=\/wp\/v2\/pages\/1189\/revisions\/1471"}],"wp:attachment":[{"href":"https:\/\/gsfsergi.ebyu.edu.tr\/index.php?rest_route=%2Fwp%2Fv2%2Fmedia&parent=1189"}],"curies":[{"name":"wp","href":"https:\/\/api.w.org\/{rel}","templated":true}]}}