{"id":1183,"date":"2020-06-02T16:37:54","date_gmt":"2020-06-02T13:37:54","guid":{"rendered":"https:\/\/gsfsergi.ebyu.edu.tr\/?page_id=1183"},"modified":"2020-06-05T14:43:52","modified_gmt":"2020-06-05T11:43:52","slug":"balkan-naci-islimyeli","status":"publish","type":"page","link":"https:\/\/gsfsergi.ebyu.edu.tr\/?page_id=1183","title":{"rendered":"Balkan Naci \u0130slimyeli"},"content":{"rendered":"<p>[et_pb_section fb_built=&#8221;1&#8243; _builder_version=&#8221;4.4.7&#8243;][et_pb_row column_structure=&#8221;1_2,1_2&#8243; _builder_version=&#8221;4.4.7&#8243;][et_pb_column type=&#8221;1_2&#8243; _builder_version=&#8221;4.4.7&#8243;][et_pb_image src=&#8221;https:\/\/gsfsergi.ebyu.edu.tr\/wp-content\/uploads\/2020\/06\/imageHandler.jpg&#8221; title_text=&#8221;imageHandler&#8221; align=&#8221;right&#8221; _builder_version=&#8221;4.4.8&#8243; hover_enabled=&#8221;0&#8243; custom_padding=&#8221;60px||||false|false&#8221;][\/et_pb_image][\/et_pb_column][et_pb_column type=&#8221;1_2&#8243; _builder_version=&#8221;4.4.7&#8243;][et_pb_text _builder_version=&#8221;4.4.8&#8243; hover_enabled=&#8221;0&#8243; custom_padding=&#8221;60px||60px||false|false&#8221;]<\/p>\n<p style=\"text-align: left\">20. 09. 1947<br \/>Adapazar\u0131\u2019nda do\u011fdu<\/p>\n<p>1967<br \/>Devlet Tatbiki G\u00fczel Sanatlar Y\u00fcksek Okulu\u00a0resim b\u00f6l\u00fcm\u00fcne girdi<\/p>\n<p>1972<br \/>Ayn\u0131 kurumdan birincilikle mezun oldu.<\/p>\n<p>1973<br \/>Kuruma asistan olarak kabul edildi.<\/p>\n<p>1975<br \/>Avusturya\u00a0 H\u00fck\u00fcmeti bursu ile\u00a0 Salzburg da litografi\u00a0 \u00e7al\u0131\u015fmalar\u0131 yapt\u0131.<\/p>\n<p>1977<br \/>\u2018G\u00f6rsel Sanatlarda Anlat\u0131m \u00d6\u011fesi olarak\u00a0 Kurgu\u2019 konulu tezini verdi.<\/p>\n<p>1980-82<br \/>\u0130talyan H\u00fck\u00fcmetinin bursu ile Floransa G\u00fczel\u00a0 Sanatlar Akademisi resim b\u00f6l\u00fcm\u00fcnde \u00e7al\u0131\u015fmalar\u00a0 yapt\u0131.<\/p>\n<p>1983<br \/>Sanatta yeterlilik diplomas\u0131 ald\u0131.<\/p>\n<p>1986<br \/>Resim b\u00f6l\u00fcm\u00fc Do\u00e7enti oldu<\/p>\n<p>1989<br \/>Newyork\u2019ta \u00e7a\u011fda\u015f sanat \u00fczerine \u00e7al\u0131\u015fmalar yapt\u0131.<\/p>\n<p>1990<br \/>N.Y.U. Hagop Kevorkian Yak\u0131ndo\u011fu Merkezi\u2019nin\u00a0 davetiyle bu \u00fcniversitede \u00e7al\u0131\u015fmalar\u00a0 yapt\u0131.<\/p>\n<p>1991<br \/>Fulbright bursunu kazanarak N.Y.U G\u00fczel Sanatlar\u00a0 Fak\u00fcltesinde \u00e7al\u0131\u015fmalar\u0131n\u0131 s\u00fcrd\u00fcrd\u00fc.<\/p>\n<p>1995<br \/>A.B.D.\u00a0 Hartford Trinity Kolejinin davetiyle bu\u00a0\u00a0 \u00fcniversitede konuk sanat\u00e7\u0131 olarak \u00e7al\u0131\u015ft\u0131.<\/p>\n<p>1996<br \/>Profes\u00f6rl\u00fc\u011fe y\u00fckseltildi.<\/p>\n<p>1996-2003<br \/>\u00c7e\u015fitli \u00fclkelerden ald\u0131\u011f\u0131 davetlerle k\u0131sa d\u00f6nemli\u00a0 \u00e7al\u0131\u015fmalar ger\u00e7ekle\u015ftirdi.<\/p>\n<p>\u2018Su\u00e7\u2019, \u2018S\u00f6z\u2019 ,\u2018Suret\u2019 , \u2018D\u00e9j\u00e0 vu\u2019 ve \u2018Matah\u2019 adl\u0131\u00a0 be\u015f sanat kitab\u0131 haz\u0131rlad\u0131.<br \/>Dost, Olu\u015fum, Yaz\u0131, G\u00f6steri, Argos, Kitapl\u0131k gibi\u00a0 dergilerde \u015fiir ve \u00f6yk\u00fcleri yay\u0131nland\u0131.<br \/>Sinemada sanat y\u00f6netmeni olarak \u00e7al\u0131\u015ft\u0131.<br \/>\u00c7e\u015fitli televizyon k\u00fclt\u00fcr dizilerinde dan\u0131\u015fman olarak \u00e7al\u0131\u015ft\u0131.<br \/>Yirminin \u00fczerinde Y\u00fcksek Lisans ve Doktora tezi\u00a0 y\u00f6netti.<br \/>Marmara \u00dcniversitesi\u2019nde Balkan Naci \u0130slimyeli\u00a0 at\u00f6lyesini y\u00f6netti.<br \/>Maltepe \u00dcniversitesi \u0130leti\u015fim Fak\u00fcltesi\u2019nde \u2018Sanat ve\u00a0 Tasar\u0131m\u2019, \u2018\u0130leti\u015fim ve \u00c7a\u011fda\u015f Sanat\u2019, \u2018G\u00f6rsel\u00a0\u00a0 \u00c7\u00f6z\u00fcmleme Y\u00f6ntemleri\u2019, \u2018Deneysel Sanat At\u00f6lyesi\u2019, &#8216;G\u00f6rsel G\u00f6sterge\u00a0 Bilim\u2019 konulu, uygulamal\u0131 dersler verdi.<br \/>Bilgi \u00dcniversitesi\u2019nde Resim At\u00f6lyesi y\u00f6netti<br \/>I\u015f\u0131k \u00dcniversitesi\u00a0G\u00f6rsel Sanatlar B\u00f6l\u00fcm\u00fc Resim At\u00f6lyesinde\u00a0\u00f6\u011fretim \u00fcyeli\u011fine devam etmektedir.<\/p>\n<p>[\/et_pb_text][\/et_pb_column][\/et_pb_row][\/et_pb_section]<\/p>\n","protected":false},"excerpt":{"rendered":"<p>[et_pb_section fb_built=&#8221;1&#8243; _builder_version=&#8221;4.4.7&#8243;][et_pb_row column_structure=&#8221;1_2,1_2&#8243; _builder_version=&#8221;4.4.7&#8243;][et_pb_column type=&#8221;1_2&#8243; _builder_version=&#8221;4.4.7&#8243;][et_pb_image src=&#8221;https:\/\/gsfsergi.ebyu.edu.tr\/wp-content\/uploads\/2020\/06\/imageHandler.jpg&#8221; title_text=&#8221;imageHandler&#8221; align=&#8221;right&#8221; _builder_version=&#8221;4.4.8&#8243; hover_enabled=&#8221;0&#8243; custom_padding=&#8221;60px||||false|false&#8221;][\/et_pb_image][\/et_pb_column][et_pb_column type=&#8221;1_2&#8243; _builder_version=&#8221;4.4.7&#8243;][et_pb_text _builder_version=&#8221;4.4.8&#8243; hover_enabled=&#8221;0&#8243; custom_padding=&#8221;60px||60px||false|false&#8221;] 20. 09. 1947Adapazar\u0131\u2019nda do\u011fdu 1967Devlet Tatbiki G\u00fczel Sanatlar Y\u00fcksek Okulu\u00a0resim b\u00f6l\u00fcm\u00fcne girdi 1972Ayn\u0131 kurumdan birincilikle mezun oldu. 1973Kuruma asistan olarak kabul edildi. 1975Avusturya\u00a0 H\u00fck\u00fcmeti bursu ile\u00a0 Salzburg da litografi\u00a0 \u00e7al\u0131\u015fmalar\u0131 yapt\u0131. 1977\u2018G\u00f6rsel Sanatlarda Anlat\u0131m \u00d6\u011fesi olarak\u00a0 Kurgu\u2019 [&hellip;]<\/p>\n","protected":false},"author":9,"featured_media":0,"parent":0,"menu_order":0,"comment_status":"closed","ping_status":"closed","template":"","meta":{"_et_pb_use_builder":"on","_et_pb_old_content":"","_et_gb_content_width":"","spay_email":""},"jetpack_sharing_enabled":true,"jetpack_likes_enabled":true,"_links":{"self":[{"href":"https:\/\/gsfsergi.ebyu.edu.tr\/index.php?rest_route=\/wp\/v2\/pages\/1183"}],"collection":[{"href":"https:\/\/gsfsergi.ebyu.edu.tr\/index.php?rest_route=\/wp\/v2\/pages"}],"about":[{"href":"https:\/\/gsfsergi.ebyu.edu.tr\/index.php?rest_route=\/wp\/v2\/types\/page"}],"author":[{"embeddable":true,"href":"https:\/\/gsfsergi.ebyu.edu.tr\/index.php?rest_route=\/wp\/v2\/users\/9"}],"replies":[{"embeddable":true,"href":"https:\/\/gsfsergi.ebyu.edu.tr\/index.php?rest_route=%2Fwp%2Fv2%2Fcomments&post=1183"}],"version-history":[{"count":3,"href":"https:\/\/gsfsergi.ebyu.edu.tr\/index.php?rest_route=\/wp\/v2\/pages\/1183\/revisions"}],"predecessor-version":[{"id":1451,"href":"https:\/\/gsfsergi.ebyu.edu.tr\/index.php?rest_route=\/wp\/v2\/pages\/1183\/revisions\/1451"}],"wp:attachment":[{"href":"https:\/\/gsfsergi.ebyu.edu.tr\/index.php?rest_route=%2Fwp%2Fv2%2Fmedia&parent=1183"}],"curies":[{"name":"wp","href":"https:\/\/api.w.org\/{rel}","templated":true}]}}