{"id":1072,"date":"2020-05-25T18:34:13","date_gmt":"2020-05-25T15:34:13","guid":{"rendered":"https:\/\/gsfsergi.ebyu.edu.tr\/?page_id=1072"},"modified":"2020-06-05T14:49:31","modified_gmt":"2020-06-05T11:49:31","slug":"genco-gulan","status":"publish","type":"page","link":"https:\/\/gsfsergi.ebyu.edu.tr\/?page_id=1072","title":{"rendered":"Genco G\u00fclan"},"content":{"rendered":"<p>[et_pb_section fb_built=&#8221;1&#8243; _builder_version=&#8221;4.4.7&#8243;][et_pb_row column_structure=&#8221;1_2,1_2&#8243; _builder_version=&#8221;4.4.7&#8243;][et_pb_column type=&#8221;1_2&#8243; _builder_version=&#8221;4.4.7&#8243;][et_pb_image src=&#8221;https:\/\/gsfsergi.ebyu.edu.tr\/wp-content\/uploads\/2020\/05\/genco_gulan.jpg&#8221; title_text=&#8221;genco_gulan&#8221; align=&#8221;right&#8221; _builder_version=&#8221;4.4.8&#8243; hover_enabled=&#8221;0&#8243; custom_padding=&#8221;60px||||false|false&#8221;][\/et_pb_image][\/et_pb_column][et_pb_column type=&#8221;1_2&#8243; _builder_version=&#8221;4.4.7&#8243;][et_pb_text _builder_version=&#8221;4.4.8&#8243; hover_enabled=&#8221;0&#8243; custom_padding=&#8221;60px||60px||false|false&#8221;]<\/p>\n<p style=\"text-align: left\">Genco G\u00fclan 1969 y\u0131l\u0131nda \u0130stanbul\u2019da do\u011fmu\u015f, Bo\u011fazi\u00e7i \u00dcniversitesi\u2019nde Siyaset Bilimi ve Sanat okumu\u015f, \u201cyeni medya\u201d alan\u0131ndaki y\u00fcksek lisans derecesini New York\u2019ta New School \u00dcniversitesi\u2019nden alm\u0131\u015f bir sanat\u00e7\u0131d\u0131r. Yurt i\u00e7inde ve yurt d\u0131\u015f\u0131nda bir\u00e7ok \u00f6nemli sergide eserleri sergilenmi\u015f olup ayn\u0131 zamanda Web Bienal 2003\u2019\u00fcn sanat direkt\u00f6rl\u00fc\u011f\u00fcnde ve Selanik Balkan Bienali\u2019nin dan\u0131\u015fma kurulunda, Kosmopolis 2004\u2019\u00fcn y\u00f6netim kurulu \u00fcyeli\u011finde ve Alternative Museum, New York\u2019un dan\u0131\u015fman\u0131 olarak g\u00f6rev alm\u0131\u015ft\u0131r. K\u00f6ln ve New York Institute of Technology gibi \u00dcniversitelerde seminerler vermi\u015f olan sanat\u00e7\u0131ya ili\u015fkin at\u0131flar Newsweek, Herald Tribune, NY Arts, Art in America, Art News, Das Kunst, Beaux Arts, Me Naiset ve Idomene\u00e9 gibi yay\u0131nlarda yer alm\u0131\u015ft\u0131r. Halen Mimar Sinan ve Bo\u011fazi\u00e7i \u00dcniversitesi\u2019nde \u00f6\u011fretim g\u00f6revlisi olarak da \u00e7al\u0131\u015fmaktad\u0131r. Son olarak\u00a0Conceptual Colors (Kavramsal Renkler) adl\u0131 kitab\u0131n\u0131 yay\u0131nlam\u0131\u015ft\u0131r.<\/p>\n<p>[\/et_pb_text][\/et_pb_column][\/et_pb_row][\/et_pb_section]<\/p>\n","protected":false},"excerpt":{"rendered":"<p>[et_pb_section fb_built=&#8221;1&#8243; _builder_version=&#8221;4.4.7&#8243;][et_pb_row column_structure=&#8221;1_2,1_2&#8243; _builder_version=&#8221;4.4.7&#8243;][et_pb_column type=&#8221;1_2&#8243; _builder_version=&#8221;4.4.7&#8243;][et_pb_image src=&#8221;https:\/\/gsfsergi.ebyu.edu.tr\/wp-content\/uploads\/2020\/05\/genco_gulan.jpg&#8221; title_text=&#8221;genco_gulan&#8221; align=&#8221;right&#8221; _builder_version=&#8221;4.4.8&#8243; hover_enabled=&#8221;0&#8243; custom_padding=&#8221;60px||||false|false&#8221;][\/et_pb_image][\/et_pb_column][et_pb_column type=&#8221;1_2&#8243; _builder_version=&#8221;4.4.7&#8243;][et_pb_text _builder_version=&#8221;4.4.8&#8243; hover_enabled=&#8221;0&#8243; custom_padding=&#8221;60px||60px||false|false&#8221;] Genco G\u00fclan 1969 y\u0131l\u0131nda \u0130stanbul\u2019da do\u011fmu\u015f, Bo\u011fazi\u00e7i \u00dcniversitesi\u2019nde Siyaset Bilimi ve Sanat okumu\u015f, \u201cyeni medya\u201d alan\u0131ndaki y\u00fcksek lisans derecesini New York\u2019ta New School \u00dcniversitesi\u2019nden alm\u0131\u015f bir sanat\u00e7\u0131d\u0131r. Yurt i\u00e7inde ve yurt d\u0131\u015f\u0131nda bir\u00e7ok \u00f6nemli sergide eserleri sergilenmi\u015f [&hellip;]<\/p>\n","protected":false},"author":9,"featured_media":0,"parent":0,"menu_order":0,"comment_status":"closed","ping_status":"closed","template":"","meta":{"_et_pb_use_builder":"on","_et_pb_old_content":"","_et_gb_content_width":"","spay_email":""},"jetpack_sharing_enabled":true,"jetpack_likes_enabled":true,"_links":{"self":[{"href":"https:\/\/gsfsergi.ebyu.edu.tr\/index.php?rest_route=\/wp\/v2\/pages\/1072"}],"collection":[{"href":"https:\/\/gsfsergi.ebyu.edu.tr\/index.php?rest_route=\/wp\/v2\/pages"}],"about":[{"href":"https:\/\/gsfsergi.ebyu.edu.tr\/index.php?rest_route=\/wp\/v2\/types\/page"}],"author":[{"embeddable":true,"href":"https:\/\/gsfsergi.ebyu.edu.tr\/index.php?rest_route=\/wp\/v2\/users\/9"}],"replies":[{"embeddable":true,"href":"https:\/\/gsfsergi.ebyu.edu.tr\/index.php?rest_route=%2Fwp%2Fv2%2Fcomments&post=1072"}],"version-history":[{"count":3,"href":"https:\/\/gsfsergi.ebyu.edu.tr\/index.php?rest_route=\/wp\/v2\/pages\/1072\/revisions"}],"predecessor-version":[{"id":1461,"href":"https:\/\/gsfsergi.ebyu.edu.tr\/index.php?rest_route=\/wp\/v2\/pages\/1072\/revisions\/1461"}],"wp:attachment":[{"href":"https:\/\/gsfsergi.ebyu.edu.tr\/index.php?rest_route=%2Fwp%2Fv2%2Fmedia&parent=1072"}],"curies":[{"name":"wp","href":"https:\/\/api.w.org\/{rel}","templated":true}]}}